{"id":114,"date":"2021-01-15T15:07:30","date_gmt":"2021-01-15T13:07:30","guid":{"rendered":"https:\/\/monikkoperheet.fi\/etela-karjala\/?page_id=114"},"modified":"2025-09-15T17:15:14","modified_gmt":"2025-09-15T14:15:14","slug":"tapahtumat","status":"publish","type":"page","link":"https:\/\/monikkoperheet.fi\/etela-karjala\/tapahtumat\/","title":{"rendered":"Tapahtumat"},"content":{"rendered":"\n<h4 class=\"wp-block-heading\">Etel\u00e4-Karjalan Monikkoperheet ry:n tapahtumat<\/h4>\n\n\n\n<div style=\"height:20px\" aria-hidden=\"true\" class=\"wp-block-spacer\"><\/div>\n\n\n\n<p>Yhdistys j\u00e4rjest\u00e4\u00e4 vuoden aikana erilaisia tapahtumia mahdollisuuksien mukaan. Tapahtumista ilmoitetaan j\u00e4senille aina s\u00e4hk\u00f6postitse, joten muistathan pit\u00e4\u00e4 yhteystietosi ajantasalla ja tarvittaessa ilmoittaa muutoksista meille. Perinteeksi on jo muodostunut kaksostenp\u00e4iv\u00e4n (2.2.) vietto joko kyseisen\u00e4 p\u00e4iv\u00e4n\u00e4 tai sen l\u00e4hettyvill\u00e4. <\/p>\n\n\n\n<p>Kuulisimme my\u00f6s mielell\u00e4mme millaista toimintaa te j\u00e4senet toivoisitte.<\/p>\n\n\n\n<p>Tiedustele tulevia tapahtumia ja anna toiveitasi s\u00e4hk\u00f6postitse <strong><a href=\"mailto:info.ekmonikot@gmail.com\">info.ekmonikot@gmail.com<\/a><\/strong> <br>Seuraa my\u00f6s tapahtumailmoittelua  <a href=\"https:\/\/www.facebook.com\/Etel%C3%A4-Karjalan-Monikkoperheet-ry-314060018633525\" target=\"_blank\" rel=\"noopener\" title=\"\">Facebook-sivuiltamme<\/a>.<\/p>\n\n\n\n<hr class=\"wp-block-separator has-css-opacity\" \/>\n\n\n\n<h4 class=\"wp-block-heading\">Tulevat tapahtumat<\/h4>\n\n\n\n<p>Yhdistyksemme tapahtumista tiedotamme s\u00e4hk\u00f6postilla sek\u00e4 Facebook-sivullamme. K\u00e4yt\u00e4mme my\u00f6s Instagramia: @<a href=\"https:\/\/www.instagram.com\/etelakarjalanmonikkoperheet\/\" title=\"\">etelakarjalanmonikkoperheet<\/a><\/p>\n\n\n\n<p><\/p>\n\n\n\n<hr class=\"wp-block-separator has-css-opacity\" \/>\n\n\n\n<h4 class=\"wp-block-heading\"><strong>M<\/strong>onikkotapaamiset<\/h4>\n\n\n\n<div style=\"height:20px\" aria-hidden=\"true\" class=\"wp-block-spacer\"><\/div>\n\n\n\n<p><strong>Imatra<\/strong><\/p>\n\n\n\n<p>Imatran kuukausittaiset monikkotapaamiset ovat t\u00e4ll\u00e4 hetkell\u00e4 tauolla. Jos kaipaat tapaamisia, ota yhteytt\u00e4 <a href=\"mailto:info.ekmonikot@gmail.com\">info.ekmonikot@gmail.com<\/a>. <\/p>\n\n\n\n<p><strong>Lappeenranta<\/strong><\/p>\n\n\n\n<p><\/p>\n\n\n\n<p><\/p>\n\n\n\n<p>Lappeenrannassa Koulukatu 12A -rakennuksessa on kuukausittain monikkotapaaminen. L\u00f6yd\u00e4t p\u00e4iv\u00e4m\u00e4\u00e4r\u00e4t Facebookista yhdistyksen sivuilta.<\/p>\n\n\n\n<p>Mik\u00e4li kaipaat enemm\u00e4n vertaistapaamisia, niin kerro siit\u00e4 meille. Olet my\u00f6s tervetullut vet\u00e4m\u00e4\u00e4n tapaamisia, kaipaamme lis\u00e4\u00e4 k\u00e4sipareja!<\/p>\n\n\n\n<p><\/p>\n","protected":false},"excerpt":{"rendered":"<p>Etel\u00e4-Karjalan Monikkoperheet ry:n tapahtumat Yhdistys j\u00e4rjest\u00e4\u00e4 vuoden aikana erilaisia tapahtumia mahdollisuuksien mukaan. Tapahtumista ilmoitetaan j\u00e4senille aina s\u00e4hk\u00f6postitse, joten muistathan pit\u00e4\u00e4 yhteystietosi ajantasalla ja tarvittaessa ilmoittaa muutoksista meille. Perinteeksi on jo muodostunut kaksostenp\u00e4iv\u00e4n (2.2.) vietto joko kyseisen\u00e4 p\u00e4iv\u00e4n\u00e4 tai sen l\u00e4hettyvill\u00e4. Kuulisimme my\u00f6s mielell\u00e4mme millaista toimintaa te j\u00e4senet toivoisitte. Tiedustele tulevia tapahtumia ja anna toiveitasi s\u00e4hk\u00f6postitse [&hellip;]<\/p>\n","protected":false},"author":2,"featured_media":0,"parent":0,"menu_order":0,"comment_status":"closed","ping_status":"closed","template":"","meta":{"_acf_changed":false,"footnotes":""},"class_list":["post-114","page","type-page","status-publish","hentry"],"acf":[],"aioseo_notices":[],"_links":{"self":[{"href":"https:\/\/monikkoperheet.fi\/etela-karjala\/wp-json\/wp\/v2\/pages\/114","targetHints":{"allow":["GET"]}}],"collection":[{"href":"https:\/\/monikkoperheet.fi\/etela-karjala\/wp-json\/wp\/v2\/pages"}],"about":[{"href":"https:\/\/monikkoperheet.fi\/etela-karjala\/wp-json\/wp\/v2\/types\/page"}],"author":[{"embeddable":true,"href":"https:\/\/monikkoperheet.fi\/etela-karjala\/wp-json\/wp\/v2\/users\/2"}],"replies":[{"embeddable":true,"href":"https:\/\/monikkoperheet.fi\/etela-karjala\/wp-json\/wp\/v2\/comments?post=114"}],"version-history":[{"count":12,"href":"https:\/\/monikkoperheet.fi\/etela-karjala\/wp-json\/wp\/v2\/pages\/114\/revisions"}],"predecessor-version":[{"id":280,"href":"https:\/\/monikkoperheet.fi\/etela-karjala\/wp-json\/wp\/v2\/pages\/114\/revisions\/280"}],"wp:attachment":[{"href":"https:\/\/monikkoperheet.fi\/etela-karjala\/wp-json\/wp\/v2\/media?parent=114"}],"curies":[{"name":"wp","href":"https:\/\/api.w.org\/{rel}","templated":true}]}}