{"id":125,"date":"2021-01-20T13:11:23","date_gmt":"2021-01-20T11:11:23","guid":{"rendered":"https:\/\/monikkoperheet.fi\/etela-karjala\/?page_id=125"},"modified":"2021-02-05T14:02:31","modified_gmt":"2021-02-05T12:02:31","slug":"tietosuojaseloste","status":"publish","type":"page","link":"https:\/\/monikkoperheet.fi\/etela-karjala\/tietosuojaseloste\/","title":{"rendered":"Tietosuojaseloste"},"content":{"rendered":"\n<h4 class=\"wp-block-heading\">Etel\u00e4-Karjalan Monikkoperheet ry:n tietosuojaseloste<\/h4>\n\n\n\n<p>Laatimisp\u00e4iv\u00e4m\u00e4\u00e4r\u00e4 23\/05\/2018<\/p>\n\n\n\n<p><strong>1. Rekis<\/strong><strong>terin nimi<\/strong>. J\u00e4senrekisteri, monikkoperhevalmennukseen osallistuneet rekisteri, tapahtumiin ilmoittautuneet\/osallistuneet rekisteri<\/p>\n\n\n\n<p><strong>2. Yhteystiedot rekisteri\u00e4 koskevissa asioissa.<\/strong> Etel\u00e4-Karjalan Monikkoperheet ry:n hallituksen j\u00e4senet, joihin saa yhteyden s\u00e4hk\u00f6postitse info.ekmonikot@gmail.com. Kuluvan vuoden hallituksen j\u00e4senten nimet l\u00f6ytyv\u00e4t yhdistyksen nettisivuilta<a href=\"https:\/\/www.suomenmonikkoperheet.fi\/ry\/etela-karjalan-monikkoperheet-ry\/\"> <\/a>osoitteesta <a href=\"https:\/\/monikkoperheet.fi\/etela-karjala\/yhteystiedot\/\" data-type=\"page\" data-id=\"99\">monikkoperheet.fi\/etela-karjala<\/a><\/p>\n\n\n\n<p><strong>3. Rekisterin nimi<\/strong>. J\u00e4senrekisteri, monikkoperhevalmennukseen osallistuneet rekisteri, tapahtumiin ilmoittautuneet\/osallistuneet rekisteri<\/p>\n\n\n\n<p><strong>4. Henkil\u00f6tietojen k\u00e4sittelyn tarkoitus.<\/strong> J\u00e4senrekisteri: J\u00e4senpostin l\u00e4hett\u00e4minen postitse ja s\u00e4hk\u00f6postitse, tapahtumista ja toiminnasta tiedottaminen, tapahtumien suunnitteluun ja soveltuvien tapahtumien kohdentamiseen j\u00e4senperheille (perheiss\u00e4 olevien lasten syntym\u00e4vuoden mukaan).Tapahtumiin ilmoittautuneet\/osallistuneet rekisteri: &nbsp;Tiedot ker\u00e4t\u00e4\u00e4n tapahtumian suunnittelun vuoksi. Tapahtumiin osallistuvilta ker\u00e4t\u00e4\u00e4n nimen lis\u00e4ksi ik\u00e4 ja sukupuoli, koska olemme saaneet avustusta STEA:lta ja toiminnasta raportoinnissa avustuksen my\u00f6nt\u00e4j\u00e4 ker\u00e4\u00e4 n\u00e4m\u00e4 tiedot. Monikkoperhevalmennukseen osallistuneet rekisteri: Tiedottaminen.<\/p>\n\n\n\n<p><strong>5. Rekisterin tietosis\u00e4lt\u00f6. <\/strong>J\u00e4senrekisteriin ker\u00e4\u00e4mme perheen vanhempien nimet, postiosoitteen, puhelinnumeron, s\u00e4hk\u00f6postiosoitteen sek\u00e4 yhdistykseen liittymisvuoden. Monikkolasten syntym\u00e4vuosi tai laskettu aika kirjataan mik\u00e4li perhe on sen ilmoittanut meille. Tapahtumiin ilmoittatuneet\/osallistuneet listoihin kirjaamme osallistujien nimen, sukupuolen ja i\u00e4n ja ruoka-aineallergiat sek\u00e4 muut perheen itse ilmoittamat tiedot. Monikkoperhevalmennuksiin osallistujat rekisteriin kirjataan osallistujien nimi ja yhteystiedot ja mahdollisesti odottajan laskettu aika.<\/p>\n\n\n\n<p><strong>6. S\u00e4\u00e4nn\u00f6n mukaiset tietol\u00e4hteet <\/strong>J\u00e4senrekisteriin tulevat tiedot saadaan perheilt\u00e4 itselt\u00e4\u00e4n joko s\u00e4hk\u00f6postitse, internetsivujemme tai kattoj\u00e4rjest\u00f6n <a href=\"https:\/\/www.monikkoperheet.fi\/\" data-type=\"URL\" data-id=\"https:\/\/www.monikkoperheet.fi\/\">www.monikkoperheet.fi<\/a> sivuston j\u00e4seneksi liittymislomakkeen kautta. My\u00f6s muihin rekistereihin tulevat tiedot saamme ilmoittajilta itselt\u00e4\u00e4n.<\/p>\n\n\n\n<p><strong>7. Tietojen s\u00e4\u00e4nn\u00f6n mukaiset luovutukset. <\/strong>J\u00e4rjest\u00e4ess\u00e4mme tapahtumia yhteisty\u00f6ss\u00e4 esim. oppilaitoksen kanssa, luovutamme yhteisty\u00f6kumppanille osallistujalistan tapahtuman suunnittelemista varten. Esim. ohjelman suunnittelu tietyn kokoiselle osallistuja m\u00e4\u00e4r\u00e4lle ja tietyn ik\u00e4isille lapsille. Tietoja ei muutoin luovuteta ulkopuolisille tahoille. Tietoja ei luovuteta suoramainontaan eik\u00e4 edes j\u00e4senetuliikeyhteisty\u00f6kumppaneille. S\u00e4ilyt\u00e4mme tietoja Google Drive pilvipalvelussa.<\/p>\n\n\n\n<p><strong>8. Tietojen siirto EU:n tai ETA:n <\/strong><strong>ulkopuolelle<\/strong>. Emme luovuta tietoja EU:n tai ETA:n ulkopuolelle. S\u00e4ilyt\u00e4mme tietoja Google Drive pilvipalvelussa.<\/p>\n\n\n\n<p><strong>9. Rekisterin suojauksen periaatteet. <\/strong>Kaikkia rekistereit\u00e4 s\u00e4ilytet\u00e4\u00e4n Google Drive pilvipalvelussa. Palveluun kirjautuakseen tarvitsee salasanan. Salasana on vain hallituksen j\u00e4senten tiedossa. Tapahtumaan osallistujien rekisteri saattaa olla paperiversiona tapahtuman j\u00e4rjest\u00e4j\u00e4ll\u00e4, paperiversio h\u00e4vitet\u00e4\u00e4n tapahtuman\/ toimintakaudesta raportoinnin j\u00e4lkeen.<\/p>\n\n\n\n<p><strong>10. Tarkastusoikeus <\/strong>Jokaisella on oikeus tarkistaa j\u00e4senrekisteriin talletetut tiedot. Pyynt\u00f6 tulee tehd\u00e4 s\u00e4hk\u00f6postitse osoitteeseen info.ekmonikot@gmail.com. Tietopyynt\u00f6\u00f6n vastataan maksimissaan kuukauden kuluessa. Pyynn\u00f6n esitt\u00e4j\u00e4n tulee pyydett\u00e4ess\u00e4 pysty\u00e4 vahvistamaan henkil\u00f6llisyytens\u00e4 yhdistykselle.<\/p>\n\n\n\n<p><strong>11. Oikeus vaatia tiedon korjaamista <\/strong>Jokaisella on oikeus vaatia esim. j\u00e4senrekisteriss\u00e4 olevan virheellisen henkil\u00f6tiedon korjaamista. Pyynt\u00f6 tulee esitt\u00e4\u00e4 s\u00e4hk\u00f6postiosoitteeseen info.ekmonikot@gmail.com.<\/p>\n\n\n\n<p><strong>12. Muut henkil\u00f6tietojen k\u00e4sittelyyn liittyv\u00e4t oikeudet<\/strong> Rekister\u00f6idyll\u00e4 on oikeus kielt\u00e4\u00e4 rekisterinpit\u00e4j\u00e4\u00e4 k\u00e4sittelem\u00e4st\u00e4 h\u00e4nt\u00e4 itse\u00e4\u00e4n koskevia tietoja suoramainontaa, et\u00e4myynti\u00e4 ja muuta suoramarkkinointia sek\u00e4 markkina- ja mielipidetutkimusta varten. Rekister\u00f6idyn oikeuksista on s\u00e4\u00e4detty my\u00f6s Yhdistyslaissa. (J\u00e4senluettelo 11\u00a7 ). Emme luovuta tietoja yll\u00e4mainittuihin tarkoituksiin.<\/p>\n","protected":false},"excerpt":{"rendered":"<p>Etel\u00e4-Karjalan Monikkoperheet ry:n tietosuojaseloste Laatimisp\u00e4iv\u00e4m\u00e4\u00e4r\u00e4 23\/05\/2018 1. Rekisterin nimi. J\u00e4senrekisteri, monikkoperhevalmennukseen osallistuneet rekisteri, tapahtumiin ilmoittautuneet\/osallistuneet rekisteri 2. Yhteystiedot rekisteri\u00e4 koskevissa asioissa. Etel\u00e4-Karjalan Monikkoperheet ry:n hallituksen j\u00e4senet, joihin saa yhteyden s\u00e4hk\u00f6postitse info.ekmonikot@gmail.com. Kuluvan vuoden hallituksen j\u00e4senten nimet l\u00f6ytyv\u00e4t yhdistyksen nettisivuilta osoitteesta monikkoperheet.fi\/etela-karjala 3. Rekisterin nimi. J\u00e4senrekisteri, monikkoperhevalmennukseen osallistuneet rekisteri, tapahtumiin ilmoittautuneet\/osallistuneet rekisteri 4. Henkil\u00f6tietojen k\u00e4sittelyn tarkoitus. [&hellip;]<\/p>\n","protected":false},"author":2,"featured_media":0,"parent":0,"menu_order":0,"comment_status":"closed","ping_status":"closed","template":"","meta":{"_acf_changed":false,"footnotes":""},"class_list":["post-125","page","type-page","status-publish","hentry"],"acf":[],"aioseo_notices":[],"_links":{"self":[{"href":"https:\/\/monikkoperheet.fi\/etela-karjala\/wp-json\/wp\/v2\/pages\/125","targetHints":{"allow":["GET"]}}],"collection":[{"href":"https:\/\/monikkoperheet.fi\/etela-karjala\/wp-json\/wp\/v2\/pages"}],"about":[{"href":"https:\/\/monikkoperheet.fi\/etela-karjala\/wp-json\/wp\/v2\/types\/page"}],"author":[{"embeddable":true,"href":"https:\/\/monikkoperheet.fi\/etela-karjala\/wp-json\/wp\/v2\/users\/2"}],"replies":[{"embeddable":true,"href":"https:\/\/monikkoperheet.fi\/etela-karjala\/wp-json\/wp\/v2\/comments?post=125"}],"version-history":[{"count":3,"href":"https:\/\/monikkoperheet.fi\/etela-karjala\/wp-json\/wp\/v2\/pages\/125\/revisions"}],"predecessor-version":[{"id":172,"href":"https:\/\/monikkoperheet.fi\/etela-karjala\/wp-json\/wp\/v2\/pages\/125\/revisions\/172"}],"wp:attachment":[{"href":"https:\/\/monikkoperheet.fi\/etela-karjala\/wp-json\/wp\/v2\/media?parent=125"}],"curies":[{"name":"wp","href":"https:\/\/api.w.org\/{rel}","templated":true}]}}