{"id":67,"date":"2021-01-12T07:47:44","date_gmt":"2021-01-12T05:47:44","guid":{"rendered":"https:\/\/monikkoperheet.fi\/paijat-hameen-monikkoperheet\/?page_id=67"},"modified":"2025-12-09T08:27:14","modified_gmt":"2025-12-09T06:27:14","slug":"jaseneksi","status":"publish","type":"page","link":"https:\/\/monikkoperheet.fi\/etela-karjala\/jaseneksi\/","title":{"rendered":"J\u00e4seneksi"},"content":{"rendered":"\n<h4 class=\"wp-block-heading\"><strong>Tietoa j\u00e4senyydest\u00e4<\/strong><\/h4>\n\n\n\n<p>Tervetuloa mukaan Etel\u00e4-Karjalan Monikkoperheet ry:n toimintaan!<br>Etel\u00e4-Karjalan Monikkoperheet ry:n j\u00e4senmaksu on <strong>25\u20ac<\/strong>\/vuosi.<\/p>\n\n\n\n<p>J\u00e4seneksi haluava henkil\u00f6\/perhe liittyy j\u00e4seneksi omalla alueellaan toimivaan monikkoperheyhdistykseen. J\u00e4senen\u00e4 p\u00e4\u00e4set mukaan alueyhdistyksen toimintaan sek\u00e4 tapahtumiin.<\/p>\n\n\n\n<p>Tule mukaan! <\/p>\n\n\n\n<h4 class=\"wp-block-heading\">Liittymislomake<\/h4>\n\n\n\n<p>Liity j\u00e4seneksi t\u00e4ytt\u00e4m\u00e4ll\u00e4 alla oleva liittymislomake. Lomakkeen l\u00e4hett\u00e4misen j\u00e4lkeen otamme sinuun yhteytt\u00e4 s\u00e4hk\u00f6postitse noin viikon kuluessa ja kerromme j\u00e4senmaksun maksutiedot.<br>Mik\u00e4li yhteydenottoa ei jostain syyst\u00e4 kuulu, voit olla yhteyksiss\u00e4 meihin p\u00e4in s\u00e4hk\u00f6postitse <a href=\"mailto:info.ekmonikot@gmail.com\">info.ekmonikot@gmail.com<\/a><\/p>\n\n\n\n<div class=\"wp-block-buttons is-layout-flex wp-block-buttons-is-layout-flex\">\n<div class=\"wp-block-button\"><a class=\"wp-block-button__link wp-element-button\" href=\"https:\/\/monikkoperheet.fi\/jaseneksi\/liittymislomake\/\">T\u00e4yt\u00e4 liittymislomake<\/a><\/div>\n<\/div>\n\n\n\n<hr class=\"wp-block-separator has-alpha-channel-opacity\"\/>\n\n\n\n<h4 class=\"wp-block-heading\">J\u00e4senetuja saatavilla ymp\u00e4ri Suomen<\/h4>\n\n\n\n<p>Koko Suomen etuliikkeet l\u00f6yd\u00e4t p\u00e4\u00e4sivuston, Suomen Monikkoperheet ry:n sivulta&nbsp;<a href=\"https:\/\/monikkoperheet.fi\/jaseneksi\/jasenetuliikkeet\/\">J\u00e4senetuliikkeet<\/a><\/p>\n\n\n\n<hr class=\"wp-block-separator has-alpha-channel-opacity\"\/>\n\n\n\n<p><strong>J\u00e4senedut saat k\u00e4ytt\u00f6\u00f6si, kun maksat yhdistyksen j\u00e4senmaksun ja saat sitten itsellesi k\u00e4ytt\u00f6\u00f6n j\u00e4senkortin (pdf-tiedosto s\u00e4hk\u00f6postiisi).<\/strong><\/p>\n","protected":false},"excerpt":{"rendered":"<p>Tietoa j\u00e4senyydest\u00e4 Tervetuloa mukaan Etel\u00e4-Karjalan Monikkoperheet ry:n toimintaan!Etel\u00e4-Karjalan Monikkoperheet ry:n j\u00e4senmaksu on 25\u20ac\/vuosi. J\u00e4seneksi haluava henkil\u00f6\/perhe liittyy j\u00e4seneksi omalla alueellaan toimivaan monikkoperheyhdistykseen. J\u00e4senen\u00e4 p\u00e4\u00e4set mukaan alueyhdistyksen toimintaan sek\u00e4 tapahtumiin. Tule mukaan! Liittymislomake Liity j\u00e4seneksi t\u00e4ytt\u00e4m\u00e4ll\u00e4 alla oleva liittymislomake. Lomakkeen l\u00e4hett\u00e4misen j\u00e4lkeen otamme sinuun yhteytt\u00e4 s\u00e4hk\u00f6postitse noin viikon kuluessa ja kerromme j\u00e4senmaksun maksutiedot.Mik\u00e4li yhteydenottoa ei jostain [&hellip;]<\/p>\n","protected":false},"author":1,"featured_media":0,"parent":0,"menu_order":0,"comment_status":"closed","ping_status":"closed","template":"","meta":{"_acf_changed":false,"footnotes":""},"class_list":["post-67","page","type-page","status-publish","hentry"],"acf":[],"aioseo_notices":[],"_links":{"self":[{"href":"https:\/\/monikkoperheet.fi\/etela-karjala\/wp-json\/wp\/v2\/pages\/67","targetHints":{"allow":["GET"]}}],"collection":[{"href":"https:\/\/monikkoperheet.fi\/etela-karjala\/wp-json\/wp\/v2\/pages"}],"about":[{"href":"https:\/\/monikkoperheet.fi\/etela-karjala\/wp-json\/wp\/v2\/types\/page"}],"author":[{"embeddable":true,"href":"https:\/\/monikkoperheet.fi\/etela-karjala\/wp-json\/wp\/v2\/users\/1"}],"replies":[{"embeddable":true,"href":"https:\/\/monikkoperheet.fi\/etela-karjala\/wp-json\/wp\/v2\/comments?post=67"}],"version-history":[{"count":7,"href":"https:\/\/monikkoperheet.fi\/etela-karjala\/wp-json\/wp\/v2\/pages\/67\/revisions"}],"predecessor-version":[{"id":284,"href":"https:\/\/monikkoperheet.fi\/etela-karjala\/wp-json\/wp\/v2\/pages\/67\/revisions\/284"}],"wp:attachment":[{"href":"https:\/\/monikkoperheet.fi\/etela-karjala\/wp-json\/wp\/v2\/media?parent=67"}],"curies":[{"name":"wp","href":"https:\/\/api.w.org\/{rel}","templated":true}]}}