{"id":112,"date":"2021-01-15T15:07:03","date_gmt":"2021-01-15T13:07:03","guid":{"rendered":"https:\/\/monikkoperheet.fi\/etela-pohjanmaa\/?page_id=112"},"modified":"2023-09-28T13:10:34","modified_gmt":"2023-09-28T10:10:34","slug":"monikkoperhevalmennus","status":"publish","type":"page","link":"https:\/\/monikkoperheet.fi\/etela-pohjanmaa\/monikkoperhevalmennus\/","title":{"rendered":"Monikkoperhevalmennus"},"content":{"rendered":"\n<div style=\"height:20px\" aria-hidden=\"true\" class=\"wp-block-spacer\"><\/div>\n\n\n\n<h4 class=\"wp-block-heading\">Etel\u00e4-Pohjanmaan Monikkoperheet ry:n perhevalmennus<\/h4>\n\n\n\n<div style=\"height:20px\" aria-hidden=\"true\" class=\"wp-block-spacer\"><\/div>\n\n\n\n<p>T\u00e4ll\u00e4 hetkell\u00e4 toiminta-alueellamme ei j\u00e4rjestet\u00e4 monikkoperhevalmennustoimintaa. <\/p>\n\n\n\n<p>Yhteydenotot: <a href=\"mailto:epmonikkoperheet@gmail.com\">epmonikkoperheet@gmail.com<\/a><\/p>\n","protected":false},"excerpt":{"rendered":"<p>Etel\u00e4-Pohjanmaan Monikkoperheet ry:n perhevalmennus T\u00e4ll\u00e4 hetkell\u00e4 toiminta-alueellamme ei j\u00e4rjestet\u00e4 monikkoperhevalmennustoimintaa. Yhteydenotot: epmonikkoperheet@gmail.com<\/p>\n","protected":false},"author":2,"featured_media":0,"parent":0,"menu_order":0,"comment_status":"closed","ping_status":"closed","template":"","meta":{"_acf_changed":false,"footnotes":""},"class_list":["post-112","page","type-page","status-publish","hentry"],"acf":[],"aioseo_notices":[],"_links":{"self":[{"href":"https:\/\/monikkoperheet.fi\/etela-pohjanmaa\/wp-json\/wp\/v2\/pages\/112","targetHints":{"allow":["GET"]}}],"collection":[{"href":"https:\/\/monikkoperheet.fi\/etela-pohjanmaa\/wp-json\/wp\/v2\/pages"}],"about":[{"href":"https:\/\/monikkoperheet.fi\/etela-pohjanmaa\/wp-json\/wp\/v2\/types\/page"}],"author":[{"embeddable":true,"href":"https:\/\/monikkoperheet.fi\/etela-pohjanmaa\/wp-json\/wp\/v2\/users\/2"}],"replies":[{"embeddable":true,"href":"https:\/\/monikkoperheet.fi\/etela-pohjanmaa\/wp-json\/wp\/v2\/comments?post=112"}],"version-history":[{"count":8,"href":"https:\/\/monikkoperheet.fi\/etela-pohjanmaa\/wp-json\/wp\/v2\/pages\/112\/revisions"}],"predecessor-version":[{"id":234,"href":"https:\/\/monikkoperheet.fi\/etela-pohjanmaa\/wp-json\/wp\/v2\/pages\/112\/revisions\/234"}],"wp:attachment":[{"href":"https:\/\/monikkoperheet.fi\/etela-pohjanmaa\/wp-json\/wp\/v2\/media?parent=112"}],"curies":[{"name":"wp","href":"https:\/\/api.w.org\/{rel}","templated":true}]}}