{"id":114,"date":"2021-01-15T15:07:30","date_gmt":"2021-01-15T13:07:30","guid":{"rendered":"https:\/\/monikkoperheet.fi\/etela-pohjanmaa\/?page_id=114"},"modified":"2025-12-10T08:04:22","modified_gmt":"2025-12-10T06:04:22","slug":"tapahtumat","status":"publish","type":"page","link":"https:\/\/monikkoperheet.fi\/etela-pohjanmaa\/tapahtumat\/","title":{"rendered":"Tapahtumat"},"content":{"rendered":"\n<h4 class=\"wp-block-heading\">Etel\u00e4-Pohjanmaan Monikkoperheet ry:n tapahtumat<\/h4>\n\n\n\n<div style=\"height:20px\" aria-hidden=\"true\" class=\"wp-block-spacer\"><\/div>\n\n\n\n<p>J\u00e4rjest\u00e4mme tapahtumia  koko perheelle sek\u00e4 monikkovanhemmille. Yhdistyksell\u00e4 on my\u00f6s monikkokahvilatapaamisia mm. MLL:n talossa Kivirikossa. <\/p>\n\n\n\n<p>Ilmoitamme tapahtumistamme <a href=\"https:\/\/www.facebook.com\/etelapohjanmaanmonikkoperheet\" target=\"_blank\" rel=\"noopener\" title=\"Facebookissa\">Facebookissa<\/a> ja <a href=\"https:\/\/www.instagram.com\/epmonikkoperheetry\/\" target=\"_blank\" rel=\"noopener\" title=\"Instagramissa\">Instagramissa<\/a>. <\/p>\n\n\n\n<p><strong>Tule mukaan!<\/strong><\/p>\n\n\n\n<hr class=\"wp-block-separator has-css-opacity\"\/>\n","protected":false},"excerpt":{"rendered":"<p>Etel\u00e4-Pohjanmaan Monikkoperheet ry:n tapahtumat J\u00e4rjest\u00e4mme tapahtumia koko perheelle sek\u00e4 monikkovanhemmille. Yhdistyksell\u00e4 on my\u00f6s monikkokahvilatapaamisia mm. MLL:n talossa Kivirikossa. Ilmoitamme tapahtumistamme Facebookissa ja Instagramissa. Tule mukaan!<\/p>\n","protected":false},"author":2,"featured_media":0,"parent":0,"menu_order":0,"comment_status":"closed","ping_status":"closed","template":"","meta":{"_acf_changed":false,"footnotes":""},"class_list":["post-114","page","type-page","status-publish","hentry"],"acf":[],"aioseo_notices":[],"_links":{"self":[{"href":"https:\/\/monikkoperheet.fi\/etela-pohjanmaa\/wp-json\/wp\/v2\/pages\/114","targetHints":{"allow":["GET"]}}],"collection":[{"href":"https:\/\/monikkoperheet.fi\/etela-pohjanmaa\/wp-json\/wp\/v2\/pages"}],"about":[{"href":"https:\/\/monikkoperheet.fi\/etela-pohjanmaa\/wp-json\/wp\/v2\/types\/page"}],"author":[{"embeddable":true,"href":"https:\/\/monikkoperheet.fi\/etela-pohjanmaa\/wp-json\/wp\/v2\/users\/2"}],"replies":[{"embeddable":true,"href":"https:\/\/monikkoperheet.fi\/etela-pohjanmaa\/wp-json\/wp\/v2\/comments?post=114"}],"version-history":[{"count":13,"href":"https:\/\/monikkoperheet.fi\/etela-pohjanmaa\/wp-json\/wp\/v2\/pages\/114\/revisions"}],"predecessor-version":[{"id":285,"href":"https:\/\/monikkoperheet.fi\/etela-pohjanmaa\/wp-json\/wp\/v2\/pages\/114\/revisions\/285"}],"wp:attachment":[{"href":"https:\/\/monikkoperheet.fi\/etela-pohjanmaa\/wp-json\/wp\/v2\/media?parent=114"}],"curies":[{"name":"wp","href":"https:\/\/api.w.org\/{rel}","templated":true}]}}