{"id":2,"date":"2020-11-12T12:41:50","date_gmt":"2020-11-12T10:41:50","guid":{"rendered":"https:\/\/monikkoperheet.fi\/paijat-hameen-monikkoperheet\/?page_id=2"},"modified":"2025-12-09T08:10:02","modified_gmt":"2025-12-09T06:10:02","slug":"esimerkkisivu","status":"publish","type":"page","link":"https:\/\/monikkoperheet.fi\/etela-pohjanmaa\/","title":{"rendered":"Etusivu"},"content":{"rendered":"\n<div style=\"height:20px\" aria-hidden=\"true\" class=\"wp-block-spacer\"><\/div>\n\n\n\n<div class=\"wp-block-columns is-layout-flex wp-container-core-columns-is-layout-9d6595d7 wp-block-columns-is-layout-flex\">\n<div class=\"wp-block-column is-layout-flow wp-block-column-is-layout-flow\"><div class=\"wp-block-image is-resized\">\n<figure class=\"aligncenter size-large\"><img loading=\"lazy\" decoding=\"async\" width=\"513\" height=\"516\" src=\"https:\/\/monikkoperheet.fi\/etela-pohjanmaa\/wp-content\/uploads\/sites\/8\/2021\/02\/Etela-Pohjanmaan-Monikkoperheet-logo.jpg\" alt=\"Etel\u00e4-Pohjanmaan Monikkoperheet ry logo\" class=\"wp-image-152\" style=\"width:386px;height:auto\" srcset=\"https:\/\/monikkoperheet.fi\/etela-pohjanmaa\/wp-content\/uploads\/sites\/8\/2021\/02\/Etela-Pohjanmaan-Monikkoperheet-logo.jpg 513w, https:\/\/monikkoperheet.fi\/etela-pohjanmaa\/wp-content\/uploads\/sites\/8\/2021\/02\/Etela-Pohjanmaan-Monikkoperheet-logo-298x300.jpg 298w, https:\/\/monikkoperheet.fi\/etela-pohjanmaa\/wp-content\/uploads\/sites\/8\/2021\/02\/Etela-Pohjanmaan-Monikkoperheet-logo-150x150.jpg 150w, https:\/\/monikkoperheet.fi\/etela-pohjanmaa\/wp-content\/uploads\/sites\/8\/2021\/02\/Etela-Pohjanmaan-Monikkoperheet-logo-160x160.jpg 160w\" sizes=\"auto, (max-width: 513px) 100vw, 513px\" \/><\/figure>\n<\/div><\/div>\n\n\n\n<div class=\"wp-block-column is-layout-flow wp-block-column-is-layout-flow\"><div class=\"wp-block-image\">\n<figure class=\"aligncenter size-large\"><img loading=\"lazy\" decoding=\"async\" width=\"100\" height=\"95\" src=\"https:\/\/monikkoperheet.fi\/paijat-hameen-monikkoperheet\/wp-content\/uploads\/sites\/2\/2021\/01\/jaseneksi.png\" alt=\"\" class=\"wp-image-61\"\/><\/figure>\n<\/div>\n\n\n<h4 class=\"wp-block-heading has-text-align-center\">Liity j\u00e4seneksi<\/h4>\n\n\n\n<p class=\"has-text-align-center\">34 euron j\u00e4senmaksulla saat j\u00e4senetuja,<br>tapahtumia sek\u00e4 vertaistukea.<\/p>\n\n\n\n<div class=\"wp-block-buttons is-content-justification-center is-layout-flex wp-container-core-buttons-is-layout-16018d1d wp-block-buttons-is-layout-flex\">\n<div class=\"wp-block-button\"><a class=\"wp-block-button__link wp-element-button\" href=\"https:\/\/monikkoperheet.fi\/etela-pohjanmaa\/jaseneksi\/\">Haluan j\u00e4seneksi!<\/a><\/div>\n<\/div>\n<\/div>\n\n\n\n<div class=\"wp-block-column is-layout-flow wp-block-column-is-layout-flow\"><div class=\"wp-block-image\">\n<figure class=\"aligncenter size-large\"><img loading=\"lazy\" decoding=\"async\" width=\"88\" height=\"95\" src=\"https:\/\/monikkoperheet.fi\/paijat-hameen-monikkoperheet\/wp-content\/uploads\/sites\/2\/2021\/01\/otayhteytta.png\" alt=\"\" class=\"wp-image-62\"\/><\/figure>\n<\/div>\n\n\n<h4 class=\"wp-block-heading has-text-align-center\">Ota yhteytt\u00e4<\/h4>\n\n\n\n<p class=\"has-text-align-center\">Ota meihin yhteytt\u00e4 ja kysy lis\u00e4\u00e4 <strong><a href=\"mailto:epmonikkoperheet@gmail.com\">epmonikkoperheet@gmail.com<\/a><\/strong><\/p>\n\n\n\n<div class=\"wp-block-buttons is-content-justification-center is-layout-flex wp-container-core-buttons-is-layout-16018d1d wp-block-buttons-is-layout-flex\">\n<div class=\"wp-block-button\"><a class=\"wp-block-button__link wp-element-button\" href=\"https:\/\/monikkoperheet.fi\/etela-pohjanmaa\/yhteystiedot\/\">Yhteystietoihin<\/a><\/div>\n<\/div>\n<\/div>\n<\/div>\n","protected":false},"excerpt":{"rendered":"<p>Liity j\u00e4seneksi 34 euron j\u00e4senmaksulla saat j\u00e4senetuja,tapahtumia sek\u00e4 vertaistukea. Ota yhteytt\u00e4 Ota meihin yhteytt\u00e4 ja kysy lis\u00e4\u00e4 epmonikkoperheet@gmail.com<\/p>\n","protected":false},"author":1,"featured_media":200,"parent":0,"menu_order":0,"comment_status":"closed","ping_status":"open","template":"templates\/frontpage.php","meta":{"_acf_changed":false,"footnotes":""},"class_list":["post-2","page","type-page","status-publish","has-post-thumbnail","hentry"],"acf":[],"aioseo_notices":[],"_links":{"self":[{"href":"https:\/\/monikkoperheet.fi\/etela-pohjanmaa\/wp-json\/wp\/v2\/pages\/2","targetHints":{"allow":["GET"]}}],"collection":[{"href":"https:\/\/monikkoperheet.fi\/etela-pohjanmaa\/wp-json\/wp\/v2\/pages"}],"about":[{"href":"https:\/\/monikkoperheet.fi\/etela-pohjanmaa\/wp-json\/wp\/v2\/types\/page"}],"author":[{"embeddable":true,"href":"https:\/\/monikkoperheet.fi\/etela-pohjanmaa\/wp-json\/wp\/v2\/users\/1"}],"replies":[{"embeddable":true,"href":"https:\/\/monikkoperheet.fi\/etela-pohjanmaa\/wp-json\/wp\/v2\/comments?post=2"}],"version-history":[{"count":30,"href":"https:\/\/monikkoperheet.fi\/etela-pohjanmaa\/wp-json\/wp\/v2\/pages\/2\/revisions"}],"predecessor-version":[{"id":280,"href":"https:\/\/monikkoperheet.fi\/etela-pohjanmaa\/wp-json\/wp\/v2\/pages\/2\/revisions\/280"}],"wp:featuredmedia":[{"embeddable":true,"href":"https:\/\/monikkoperheet.fi\/etela-pohjanmaa\/wp-json\/wp\/v2\/media\/200"}],"wp:attachment":[{"href":"https:\/\/monikkoperheet.fi\/etela-pohjanmaa\/wp-json\/wp\/v2\/media?parent=2"}],"curies":[{"name":"wp","href":"https:\/\/api.w.org\/{rel}","templated":true}]}}