{"id":112,"date":"2021-01-15T15:07:03","date_gmt":"2021-01-15T13:07:03","guid":{"rendered":"https:\/\/monikkoperheet.fi\/hyvinkaa\/?page_id=112"},"modified":"2026-02-13T13:58:33","modified_gmt":"2026-02-13T11:58:33","slug":"monikkoperhevalmennus","status":"publish","type":"page","link":"https:\/\/monikkoperheet.fi\/hyvinkaa\/monikkoperhevalmennus\/","title":{"rendered":"Monikkoperhevalmennus"},"content":{"rendered":"\n<h3 class=\"wp-block-heading\">Yhdistyksemme toiminta-alueella j\u00e4rjestet\u00e4\u00e4n monikkoperhevalmennusta.<\/h3>\n\n\n\n<p>Valmennus on kaksiosainen ja osallistua voit niin paikan p\u00e4\u00e4ll\u00e4 kuin et\u00e4n\u00e4.<\/p>\n\n\n\n<p>Ensimm\u00e4isen kerran aiheena on raskaus ja synnytys. Paikalla on monikkoperhevalmentajien\/ -vanhempien lis\u00e4ksi k\u00e4til\u00f6.<br>Ensimm\u00e4inen kerta pidet\u00e4\u00e4n 9.4.2026 klo 18-19.30.<\/p>\n\n\n\n<p>Toisen kerran aiheena on imetys ja pikkuvauva-arki. Toiselle kerralle voit osallistua my\u00f6s pienten vauvojen kanssa. Paikalla on monikkoperhevalmentajien\/ -vanhempien lis\u00e4ksi imetysohjausta\u00a0<a href=\"https:\/\/www.instagram.com\/sylihetki\/\">@sylihetki<\/a><br>Toinen kerta pidet\u00e4\u00e4n 16.4.2026 klo 18-19.30.<\/p>\n\n\n\n<p>Paikkana Hyvink\u00e4\u00e4n Onnensilta, Kankurinkatu 4-6 rappu A7, 05800 Hyvink\u00e4\u00e4<\/p>\n\n\n\n<p>Ilmoittautuminen avautuu maaliskuussa.<\/p>\n\n\n\n<p>Tervetuloa!<\/p>\n\n\n\n<p>Katso my\u00f6s: Suomen monikkoperheet ry j\u00e4rjest\u00e4\u00e4 valtakunnallista monikkoperhevalmennuksia et\u00e4yhteyksin. Katso tarkemmat tiedot, <a href=\"https:\/\/monikkoperheet.fi\/toiminta\/perhevalmennus\/\" target=\"_blank\" rel=\"noopener\" title=\"\">https:\/\/monikkoperheet.fi\/toiminta\/perhevalmennus\/<\/a><\/p>\n\n\n\n<figure class=\"wp-block-gallery has-nested-images columns-default is-cropped wp-block-gallery-1 is-layout-flex wp-block-gallery-is-layout-flex\"><\/figure>\n","protected":false},"excerpt":{"rendered":"<p>Yhdistyksemme toiminta-alueella j\u00e4rjestet\u00e4\u00e4n monikkoperhevalmennusta. Valmennus on kaksiosainen ja osallistua voit niin paikan p\u00e4\u00e4ll\u00e4 kuin et\u00e4n\u00e4. Ensimm\u00e4isen kerran aiheena on raskaus ja synnytys. Paikalla on monikkoperhevalmentajien\/ -vanhempien lis\u00e4ksi k\u00e4til\u00f6.Ensimm\u00e4inen kerta pidet\u00e4\u00e4n 9.4.2026 klo 18-19.30. Toisen kerran aiheena on imetys ja pikkuvauva-arki. Toiselle kerralle voit osallistua my\u00f6s pienten vauvojen kanssa. Paikalla on monikkoperhevalmentajien\/ -vanhempien lis\u00e4ksi imetysohjausta\u00a0@sylihetkiToinen kerta [&hellip;]<\/p>\n","protected":false},"author":2,"featured_media":0,"parent":0,"menu_order":0,"comment_status":"closed","ping_status":"closed","template":"templates\/page-narrow.php","meta":{"_acf_changed":false,"footnotes":""},"class_list":["post-112","page","type-page","status-publish","hentry"],"acf":[],"aioseo_notices":[],"_links":{"self":[{"href":"https:\/\/monikkoperheet.fi\/hyvinkaa\/wp-json\/wp\/v2\/pages\/112","targetHints":{"allow":["GET"]}}],"collection":[{"href":"https:\/\/monikkoperheet.fi\/hyvinkaa\/wp-json\/wp\/v2\/pages"}],"about":[{"href":"https:\/\/monikkoperheet.fi\/hyvinkaa\/wp-json\/wp\/v2\/types\/page"}],"author":[{"embeddable":true,"href":"https:\/\/monikkoperheet.fi\/hyvinkaa\/wp-json\/wp\/v2\/users\/2"}],"replies":[{"embeddable":true,"href":"https:\/\/monikkoperheet.fi\/hyvinkaa\/wp-json\/wp\/v2\/comments?post=112"}],"version-history":[{"count":34,"href":"https:\/\/monikkoperheet.fi\/hyvinkaa\/wp-json\/wp\/v2\/pages\/112\/revisions"}],"predecessor-version":[{"id":645,"href":"https:\/\/monikkoperheet.fi\/hyvinkaa\/wp-json\/wp\/v2\/pages\/112\/revisions\/645"}],"wp:attachment":[{"href":"https:\/\/monikkoperheet.fi\/hyvinkaa\/wp-json\/wp\/v2\/media?parent=112"}],"curies":[{"name":"wp","href":"https:\/\/api.w.org\/{rel}","templated":true}]}}