{"id":114,"date":"2021-01-15T15:07:30","date_gmt":"2021-01-15T13:07:30","guid":{"rendered":"https:\/\/monikkoperheet.fi\/hyvinkaa\/?page_id=114"},"modified":"2026-04-22T13:06:52","modified_gmt":"2026-04-22T10:06:52","slug":"tapahtumat","status":"publish","type":"page","link":"https:\/\/monikkoperheet.fi\/hyvinkaa\/tapahtumat\/","title":{"rendered":"Tapahtumat"},"content":{"rendered":"\n<h2 class=\"wp-block-heading\">Hyvink\u00e4\u00e4n Seudun Monikkoperheet ry:n tapahtumat<\/h2>\n\n\n\n<p>Yhdistyksess\u00e4mme tapahtuu monenlaista vuoden aikana.&nbsp;J\u00e4rjest\u00e4mme muun muassa erilaisia tapaamisia, kirpputoreja, monikkoperhevalmennuksia sek\u00e4 koko perheen retki\u00e4 ja perhetapahtumia.<\/p>\n\n\n\n<p>Mink\u00e4laista toimintaa sin\u00e4 toivoisit yhdistyksemme j\u00e4rjest\u00e4v\u00e4n?&nbsp;Ota rohkeasti yhteytt\u00e4 hallitukseen ja kerro ideasi. Yhdistyksen vapaaehtoiset tavoitat s\u00e4hk\u00f6postitse hyvinkaanmonikot@gmail.com.<br>Olet my\u00f6s tervetullut mukaan j\u00e4rjestelyihin \u2013 yhdistyksemme toimii vapaaehtoisvoimin.<\/p>\n\n\n\n<p>Ilmoitamme tapahtumista my\u00f6s <a href=\"https:\/\/www.instagram.com\/hyvinkaanseudunmonikot\/\" title=\"\">Instagramissa<\/a> ja <a href=\"https:\/\/www.facebook.com\/groups\/356503690422\/?fref=ts\" target=\"_blank\" rel=\"noreferrer noopener\">Facebookin suljetussa ryhm\u00e4ss\u00e4mme<\/a>.<\/p>\n\n\n\n<hr class=\"wp-block-separator has-css-opacity\" \/>\n\n\n\n<h3 class=\"wp-block-heading\">Tulevat tapahtumat 2026<\/h3>\n\n\n\n<p><\/p>\n\n\n\n<h4 class=\"wp-block-heading\">Marraskuu 2026<\/h4>\n\n\n\n<p><strong>Yhdistyksen pikkujoulut<\/strong> Tapahtuman tiedot tarkentuvat my\u00f6hemmin.<\/p>\n\n\n\n<h4 class=\"wp-block-heading\">Lokakuu 2026<\/h4>\n\n\n\n<p><strong>Vuosikokous <\/strong>Tapahtuman tiedot tarkentuvat my\u00f6hemmin.<\/p>\n\n\n\n<h4 class=\"wp-block-heading\">Syyskuu 2026<\/h4>\n\n\n\n<p><strong>Vanhempien vertaistuki-ilta ja asiantuntijaluento<\/strong>. Tapahtuman tiedot tarkentuvat my\u00f6hemmin.<\/p>\n\n\n\n<h4 class=\"wp-block-heading\">Elokuu 2026<\/h4>\n\n\n\n<p><strong>Vauvojen v\u00e4rikylpy<\/strong>. Tapahtuman tiedot tarkentuvat my\u00f6hemmin.<\/p>\n\n\n\n<h4 class=\"wp-block-heading\">Kes\u00e4 2026<\/h4>\n\n\n\n<p><strong>Puistotreffit<\/strong>. Tapahtuman tiedot tarkentuvat my\u00f6hemmin.<\/p>\n\n\n\n<h4 class=\"wp-block-heading\">Toukokuu 2026<\/h4>\n\n\n\n<p><strong>Vappudisco 3.5. klo 15-16.30 Kurun Maisalassa<\/strong>, Hausj\u00e4rvell\u00e4. <\/p>\n\n\n\n<p>Luvassa musiikkia ja tanssia, sek\u00e4 vapputeemaista tekemist\u00e4 kaikenik\u00e4isille. <\/p>\n\n\n\n<p>Taikuri Taija Taika tulee pit\u00e4m\u00e4\u00e4n meille saippuakupla-esityksen klo 15:30 Maisalan pihalle, eli varautukaa s\u00e4\u00e4nmukaisesti. \ud83d\ude42<\/p>\n\n\n\n<p>Yhdistys tarjoaa my\u00f6s pient\u00e4 naposteltavaa ja juotavaa.<\/p>\n\n\n\n<p>Tilaisuus on tarkoitettu kaikille monikkoperheille.&nbsp;<\/p>\n\n\n\n<p>Ilmoittaudu mukaan <a href=\"https:\/\/forms.gle\/a5yheGJpLjEq85qa8\" title=\"\">t\u00e4st\u00e4<\/a><\/p>\n\n\n\n<h4 class=\"wp-block-heading\">Huhtikuu 2026<\/h4>\n\n\n\n<p><strong>Monikkoperhevalmennus<\/strong> <strong>9.4.2026 ja 16.4.2026 klo 18-19.30.<\/strong> Tilaisuus on maksuton ja sopii odottajille,&nbsp;sek\u00e4 pienten monikkovauvojen vanhemmille.<\/p>\n\n\n\n<p>Ensimm\u00e4isen kerran aiheena on raskaus ja synnytys, paikalla monikko\u00e4itej\u00e4 vet\u00e4jina sek\u00e4 k\u00e4til\u00f6. Toisen kerran aiheena imetys ja pikku vauva- arki, paikalla monikko\u00e4itej\u00e4 vet\u00e4jin\u00e4 sek\u00e4 imetysohjaaja.<\/p>\n\n\n\n<p>Ilmoittaudu tapahtumaan <a href=\"https:\/\/forms.gle\/ZAhP6Zy2PGGgAVWx6\" title=\"\">T\u00c4ST\u00c4<\/a> tai s\u00e4hk\u00f6postilla hyvinkaanmonikot@gmail.com<\/p>\n\n\n\n<p>Tilaisuus j\u00e4rjestet\u00e4\u00e4n Hyvink\u00e4\u00e4ll\u00e4 Onnensillassa, Kankurinkatu 4-6 rappu A7, 05800 Hyvink\u00e4\u00e4.&nbsp;<\/p>\n\n\n\n<p>Tilaisuuteen on mahdollista osallistua my\u00f6s et\u00e4n\u00e4. Linkki l\u00e4hetet\u00e4\u00e4n antamaasi s\u00e4hk\u00f6postiosoitteeseen.<\/p>\n\n\n\n<h4 class=\"wp-block-heading\">Maaliskuu 2026<\/h4>\n\n\n\n<p>Valtakunnallista kaksostenp\u00e4iv\u00e4\u00e4 vietet\u00e4\u00e4n 2.2.2026 sek\u00e4 kolmosten p\u00e4iv\u00e4\u00e4 3.3.2026. Kaksosten ja kolmosten p\u00e4iv\u00e4\u00e4 juhlitaan t\u00e4n\u00e4 vuonna Ali-Ollin Alpakkatilalla sunnuntaina 8.3.2026 klo 14-16. Alpakoiden lis\u00e4ksi n\u00e4emme aaseja, kaneja, marsuja ja deguja. Yhdistys tarjoaa pient\u00e4 sy\u00f6t\u00e4v\u00e4\u00e4 ja juotavaa. Alpakka tila sijaitsee Klaukkalassa osoitteessa Kuonom\u00e4entie 117 <\/p>\n\n\n\n<p><\/p>\n\n\n\n<p><\/p>\n\n\n\n<h3 class=\"wp-block-heading\">Tulevat tapahtumat 2025<\/h3>\n\n\n\n<p><strong>Pikkujoulut sunnuntaina 30.11.2025<\/strong><\/p>\n\n\n\n<p>Tule koko perheen kanssa nauttimaan iloisesta joulutunnelmasta sunnuntaina 30.11.2025 klo 14.30-16.30 Hyvink\u00e4\u00e4nkyl\u00e4n ty\u00f6v\u00e4entalolle. Osoite&nbsp;Ty\u00f6v\u00e4entalonkuja 5, Hyvink\u00e4\u00e4.&nbsp;<\/p>\n\n\n\n<p>Ohjelmassa mm. askartelupiste ja piparien koristelua sek\u00e4 vierailija korvatunturilta.&nbsp;<\/p>\n\n\n\n<p>Kiva jos pukeudutte jouluisasti, kyseess\u00e4 on sis\u00e4tapahtuma.&nbsp;&nbsp;<\/p>\n\n\n\n<p>Tuothan joulupukille jaettavaksi joulus\u00e4kkiin lapsillesi nimikoidut pienet paketit, max. 10 \u20ac.<\/p>\n\n\n\n<p><a href=\"https:\/\/docs.google.com\/forms\/d\/e\/1FAIpQLSdLO8wQkstPxG2GlmJEagH_u_PziOMXaSASIvinJ0X9qxZkgg\/viewform\" target=\"_blank\" rel=\"noopener\" title=\"\">Ilmoittaudu mukaan! <\/a><\/p>\n\n\n\n<p class=\"has-large-font-size\"><strong>Menneet tapahtumat 2024<\/strong><\/p>\n\n\n\n<p><\/p>\n\n\n\n<p><strong>17.2. klo 10 Juhlitaan kaksosten- ja kolmostenp\u00e4iv\u00e4\u00e4, elokuvateatteri Kinoma, Ahdenkallionkatu 3, 05820 Hyvink\u00e4\u00e4<\/strong><\/p>\n\n\n\n<p>Tervetuloa juhlimaan kaksosten ja kolmosten p\u00e4iv\u00e4\u00e4 elokuvan merkeiss\u00e4 Elokuvateatteri Kinoman yksityisn\u00e4yt\u00f6kseen Hyvink\u00e4\u00e4lle.<\/p>\n\n\n\n<p>Elokuvana on Hein\u00e4hattu, Vilttitossu ja kana.<\/p>\n\n\n\n<p>Yhdistys tarjoaa monikoiden leffaliput ja kaikille lapsille popparit.<\/p>\n\n\n\n<p>Muiden j\u00e4senperheest\u00e4 osallistuvien leffalippu maksaa 6 euroa (sek\u00e4 aikuiset ett\u00e4 sisarukset) ja maksu tapahtuu MobilePayll\u00e4 ovella.<\/p>\n\n\n\n<p>Elokuvateatterista voi ostaa my\u00f6s omakustanteisesti muita herkkuja.<\/p>\n\n\n\n<p>Mukaan mahtuu 25 j\u00e4senperhett\u00e4.<\/p>\n\n\n\n<p>Ilmoittautumaan p\u00e4\u00e4set t\u00e4st\u00e4 linkist\u00e4: <a href=\"https:\/\/forms.gle\/7FD8Argnu8v5HuHB7?fbclid=IwAR2Y28hQB8eFApTkK7sZQ5HrmJe2ITztS8vsZ2bgz3SskKbq4TSUdnz37gs\" target=\"_blank\" rel=\"noreferrer noopener\">https:\/\/forms.gle\/7FD8Argnu8v5HuHB7<\/a><\/p>\n\n\n\n<p>Ilmoittaudu ma 12.2. menness\u00e4.<\/p>\n\n\n\n<p>N\u00e4hd\u00e4\u00e4n elokuvissa!<\/p>\n\n\n\n<p><strong>MAALISKUU<\/strong><\/p>\n\n\n\n<p><strong>6.3. Klo 17-18.30 monikkovanhempien vertaistuki-ilta, Avoin p\u00e4iv\u00e4koti pikku-Veturi (Hakalan p\u00e4iv\u00e4kodin yhteydess\u00e4), Niinipuuntie 5, 05460 Hyvink\u00e4\u00e4<\/strong><\/p>\n\n\n\n<p>Vertaistuki-ilta on tarkoitettu monikko-odottajista taaperoik\u00e4isten monikoiden vanhemmille. My\u00f6s vauvat ja taaperot ovat tervetulleita \ud83d\ude42<\/p>\n\n\n\n<p>Iltaan ei tarvitse ilmoittautua ennakkoon.<\/p>\n\n\n\n<p><strong>17.3. Klo 10-13 Lastenvaatteiden ja -tarvikkeiden kirppis, Onnensilta (ent. Nordea), H\u00e4meenkatu 18, Hyvink\u00e4\u00e4<\/strong><\/p>\n\n\n\n<p>P\u00f6yt\u00e4vuokra: 8 e\/yhdistyksen j\u00e4senet, 13 e\/muut <\/p>\n\n\n\n<p>P\u00f6yt\u00e4varaukset: hyvinkaanmonikot@gmail.com<\/p>\n\n\n\n<p>Paikan p\u00e4\u00e4lt\u00e4 l\u00f6ytyy my\u00f6s kahvio joissa maksuv\u00e4linein\u00e4 k\u00e4y k\u00e4teinen ja mobilepay.<\/p>\n\n\n\n<p>TERVETULOA!<\/p>\n\n\n\n<p><strong>4.4. ja 8.4. Klo 17.30-19.30 Monikkoperhevalmennukset, Onnensilta (ent. Nordea), H\u00e4meenkatu 18, Hyvink\u00e4\u00e4<\/strong><\/p>\n\n\n\n<p>Kev\u00e4\u00e4n valmennuksen aiheet: <\/p>\n\n\n\n<p>4.4. Odotus ja synnytys (paikalla k\u00e4til\u00f6)<\/p>\n\n\n\n<p>8.4. Monikkoperhearki ja imetys (paikalla imetystukihenkil\u00f6)<\/p>\n\n\n\n<p>Tilaisuus sopii odottajille sek\u00e4 pienten monikkovauvojen vanhemmille. K\u00e4til\u00f6n ja imetystukihenkil\u00f6 lis\u00e4ksi molemmilla kerroilla on paikalla 2-3 monikko\u00e4iti\u00e4 jotka jakavat kokemuksiaan ja tietoa.<\/p>\n\n\n\n<p>Lis\u00e4tietoja: hyvinkaanmonikot@gmail.com <\/p>\n\n\n\n<p>Ilmoittautumislinkki:<a href=\"https:\/\/forms.gle\/xaMPyVGgMt6hxPXF7\" target=\"_blank\" rel=\"noreferrer noopener\">https:\/\/forms.gle\/xaMPyVGgMt6hxPXF7<\/a><\/p>\n\n\n\n<p><strong>24.4. klo 17-18.30 Vertaistuki-ilta ;Avoin p\u00e4iv\u00e4koti Pikku-Veturi, Niinipuuntie 5, 05460 Hyvink\u00e4\u00e4<\/strong> <strong>(Hakalan p\u00e4iv\u00e4koti)<\/strong><\/p>\n\n\n\n<p>Vertaistuki-ilta on tarkoitettu monikko-odottajista taaperoik\u00e4isten monikoiden vanhemmille. My\u00f6s vauvat ja taaperot ovat tervetulleita iltaan <img loading=\"lazy\" decoding=\"async\" height=\"16\" width=\"16\" alt=\"\ud83d\ude0a\" src=\"https:\/\/static.xx.fbcdn.net\/images\/emoji.php\/v9\/t7f\/1\/16\/1f60a.png\"><\/p>\n\n\n\n<p>Ilmoittautumiset etuk\u00e4teen hyvinkaanmonikot@gmail.com<\/p>\n\n\n\n<p><strong>TOUKOKUU<\/strong><\/p>\n\n\n\n<p><strong>19.5.2024 klo 14-17, Koko perheen ulkoilutapahtuma, Tapiolan maja, Hiihtomajantie 105, 11120 Riihim\u00e4ki<\/strong><\/p>\n\n\n\n<p>Koko perheen kev\u00e4inen retkip\u00e4iv\u00e4 Riihim\u00e4ell\u00e4 Hatlamminsuolla.<\/p>\n\n\n\n<p>Tule viett\u00e4m\u00e4\u00e4n kiva p\u00e4iv\u00e4 muiden monikkoperheiden kanssa<\/p>\n\n\n\n<p>Maja sijaitsee luonnonkauniin Hatlamminsuon reunalla ja sielt\u00e4 l\u00e4htee helppokulkuinen luontoreitti pitkospuita pitkin Hatlamminsuolle.<\/p>\n\n\n\n<p>Luontopolkuun kuuluu tietoiskuja, jotka esittelev\u00e4t Hatlamminsuon luontoa k\u00e4vij\u00e4lle. Paikan p\u00e4\u00e4ll\u00e4 tietoiskut l\u00f6ytyv\u00e4t mobiililaitteilla luettavien QR-koodien takaa luontopolun varrelta. Polku on pituudeltaan noin kilometrin ja se kulkee p\u00e4\u00e4osin pitkospuita pitkin. Reitti on merkitty maastoon punap\u00e4isill\u00e4 merkkitolpilla.<\/p>\n\n\n\n<p>Lis\u00e4ksi yhdistys j\u00e4rjest\u00e4\u00e4 lapsille oman luontorastin teht\u00e4vineen Hatlamminsuon reitille. Majan pihalla on my\u00f6s mahdollisuus erilaisiin pihapeleihin.<\/p>\n\n\n\n<p>Yhdistys tarjoaa koko perheelle piknikherkkuja (mm. makkaraa, nakkeja, hedelmi\u00e4, mehua jne.).<\/p>\n\n\n\n<p>Ilmoittaudu mukaan viimeist\u00e4\u00e4n ma 13.5.2024.<\/p>\n\n\n\n<p>Ilmoittautumislinkki: <a href=\"https:\/\/l.facebook.com\/l.php?u=https%3A%2F%2Fforms.gle%2FGKxyodtWekZgz2Ar6%3Ffbclid%3DIwZXh0bgNhZW0CMTAAAR3VjJSCuMPt-JEXOadXs8CjvVh1MjF31fNnJOavtrCCyzqZ61eFUBs7Cms_aem_Ae9FrICxyPCI6jhFD0U_LkfizcVk03FzpU3orvqAodJzDB_BsKN5vVMI1VbVWsuWzPmPSr3YRJ5GNCn69CpQoBv0&amp;h=AT1IBkf1LxpyYQDgu-xW3PW7qF2TYAsVcqvOAPkXEeZggcOOfvoKcM9MCKd3xSkVoX_eOb5IiKCcGz_KZfB1mrhigmN8y_1i0z7jeASQcoPBDtjbzCksbOcK9XsUaLlrWA&amp;__tn__=R]-R&amp;c[0]=AT0IsoEzqnUyw3lVVxMYKuC_Vc5CVMzxGmcYrygkpzudd6P1560dKXG4wSR42xMS2B5LKYAm6gLCK0-Kno72mg2Ca4dmBuHsccBnnLJ-dr5w8IanMGxiUjCRAXK3H9YpXF0WANIvEhpNdxV6bKCSGhv-9QGmQ_fUdDNIwKipv8PJb5oD-e8rnfiDPCqdmq-dY2nWc_7BNezCKYKhP7i5MmZBwhNHRZO2nYxeNQNYdEKZQ3mBtCI\" target=\"_blank\" rel=\"noreferrer noopener\">https:\/\/forms.gle\/GKxyodtWekZgz2Ar6<\/a><\/p>\n\n\n\n<p><strong>KES\u00c4- JA HEIN\u00c4KUU<\/strong><\/p>\n\n\n\n<figure class=\"wp-block-image size-full is-resized\"><img loading=\"lazy\" decoding=\"async\" width=\"517\" height=\"522\" src=\"https:\/\/monikkoperheet.fi\/hyvinkaa\/wp-content\/uploads\/sites\/10\/2024\/08\/image.png\" alt=\"\" class=\"wp-image-537\" style=\"width:291px;height:auto\" srcset=\"https:\/\/monikkoperheet.fi\/hyvinkaa\/wp-content\/uploads\/sites\/10\/2024\/08\/image.png 517w, https:\/\/monikkoperheet.fi\/hyvinkaa\/wp-content\/uploads\/sites\/10\/2024\/08\/image-297x300.png 297w\" sizes=\"auto, (max-width: 517px) 100vw, 517px\" \/><\/figure>\n\n\n\n<p><strong>SYYSKUU<\/strong><\/p>\n\n\n\n<p>&nbsp;<strong>19.9. klo 17.30-19.30 Monikkovanhempien tapaaminen, Onnensilta, Kankurinkatu 4-6, rappu A7 (sis\u00e4\u00e4nk\u00e4ynti ravintola Obelixin terassin vierest\u00e4)<\/strong><\/p>\n\n\n\n<p>Tule kuulemaan varhaiskasvatuksen ammattilaisen vinkit aikuisen itsehillint\u00e4\u00e4n, kun lapsen mieli r\u00e4iskyy.&nbsp;<\/p>\n\n\n\n<p><a><\/a>Tilaisuuden ajaksi (klo 17.30-19.30) on tarjolla lastenhoitoapua seurakunnan lastenhoitajien toimesta Seurakuntakeskuksessa, osoitteessa H\u00e4meenkatu 16.&nbsp;<\/p>\n\n\n\n<p>Luvassa Hanna Aallon esitys klo 18.15 alkaen (kesto noin tunnin) aikuisen itsehillinn\u00e4st\u00e4 ja tunteiden hallinnasta sek\u00e4 rentoa keskustelua monikkovanhempien kesken.<\/p>\n\n\n\n<p>Yhdistys tarjoaa suolaista sy\u00f6t\u00e4v\u00e4\u00e4 ja kahvin kanssa makeaa juttelun lomassa.<\/p>\n\n\n\n<p>Hyvink\u00e4\u00e4n seurakunnan lastenhoitajat pystyv\u00e4t tarjoamaan lastenhoitoa maksimissaan 10 lapselle. Paikat jaetaan ilmoittautumisj\u00e4rjestyksess\u00e4.&nbsp;Seurakuntakeskuksesta l\u00f6ytyy kerhotila, jossa lastenhoito j\u00e4rjestet\u00e4\u00e4n.<\/p>\n\n\n\n<p>Ilmoittautumiset viimeist\u00e4\u00e4n torstaina 12.9. Ilmoittautumislinkki: <a href=\"https:\/\/forms.gle\/sA2ESc7Q6NcAbYx39?fbclid=IwZXh0bgNhZW0CMTAAAR0cjKTbk9rMnVaTa88lFqwY7LBj1gI95_tVCSyp6YQYrQwjYRklx7MXPf8_aem_qKZhyF8OUcq8OhDfGjamCQ\" target=\"_blank\" rel=\"noopener\" title=\"\">https:\/\/forms.gle\/sA2ESc7Q6NcAbYx39<\/a><\/p>\n\n\n\n<p>Tervetuloa!<\/p>\n\n\n\n<p><strong>LOKAKUU<\/strong><\/p>\n\n\n\n<figure class=\"wp-block-image size-full is-resized\"><img loading=\"lazy\" decoding=\"async\" width=\"500\" height=\"687\" src=\"https:\/\/monikkoperheet.fi\/hyvinkaa\/wp-content\/uploads\/sites\/10\/2024\/11\/image.png\" alt=\"\" class=\"wp-image-600\" style=\"width:281px;height:auto\" srcset=\"https:\/\/monikkoperheet.fi\/hyvinkaa\/wp-content\/uploads\/sites\/10\/2024\/11\/image.png 500w, https:\/\/monikkoperheet.fi\/hyvinkaa\/wp-content\/uploads\/sites\/10\/2024\/11\/image-218x300.png 218w\" sizes=\"auto, (max-width: 500px) 100vw, 500px\" \/><\/figure>\n\n\n\n<p><strong>MARRASKUU<\/strong><\/p>\n\n\n\n<figure class=\"wp-block-image size-large is-resized\"><img loading=\"lazy\" decoding=\"async\" width=\"918\" height=\"1024\" src=\"https:\/\/monikkoperheet.fi\/hyvinkaa\/wp-content\/uploads\/sites\/10\/2024\/10\/Yhdistyksen_pikkujoulut_2024-918x1024.jpg\" alt=\"\" class=\"wp-image-590\" style=\"width:324px;height:auto\" srcset=\"https:\/\/monikkoperheet.fi\/hyvinkaa\/wp-content\/uploads\/sites\/10\/2024\/10\/Yhdistyksen_pikkujoulut_2024-918x1024.jpg 918w, https:\/\/monikkoperheet.fi\/hyvinkaa\/wp-content\/uploads\/sites\/10\/2024\/10\/Yhdistyksen_pikkujoulut_2024-269x300.jpg 269w, https:\/\/monikkoperheet.fi\/hyvinkaa\/wp-content\/uploads\/sites\/10\/2024\/10\/Yhdistyksen_pikkujoulut_2024-768x857.jpg 768w, https:\/\/monikkoperheet.fi\/hyvinkaa\/wp-content\/uploads\/sites\/10\/2024\/10\/Yhdistyksen_pikkujoulut_2024.jpg 1080w\" sizes=\"auto, (max-width: 918px) 100vw, 918px\" \/><\/figure>\n\n\n\n<p><\/p>\n\n\n\n<p><strong>Monikkoperhevalmennusta<\/strong><\/p>\n\n\n\n<p>Suomen Monikkoperheet ry et\u00e4valmennus Zoomissa:<\/p>\n\n\n\n<p><strong>27.11.24 klo 17.30-19.30 1. osa:<\/strong><\/p>\n\n\n\n<p>Odotus, synnytys ja imetys. Puhumassa k\u00e4til\u00f6 Eliisa karttunen sek\u00e4 monikkovanhemmat\/ vertaisohjaajat.<\/p>\n\n\n\n<p>Ilmoittautumislinkki ilmoitetaan my\u00f6hemmin Suomen Monikkoperheet ry:n nettisivuilla.<\/p>\n\n\n\n<p><strong>JOULUKUU<\/strong><\/p>\n\n\n\n<p><strong>Monikkoperhevalmennusta<\/strong><\/p>\n\n\n\n<p>Suomen Monikkoperheet ry et\u00e4valmennus Zoomissa:<\/p>\n\n\n\n<p><strong>3.12.24 klo 17.30-19.30 2. osa:<\/strong><\/p>\n\n\n\n<p>Imetys ja pikkuvauva-aika. Puhumassa monikkovanhemmat\/ vertaisohjaajat.<\/p>\n\n\n\n<p><strong>12.12.24 klo 17.30-19.30 3. osa:<\/strong><\/p>\n\n\n\n<p>Arki monikkoperheess\u00e4 ja voimavarainen monikkovanhemmuus. Puhumassa monikkovanhemmat\/ vertaisohjaajat.<\/p>\n\n\n\n<p><strong>17.12.24 klo 17.30-19.30 4. osa:<\/strong><\/p>\n\n\n\n<p>Vertaistuellinen keskustelutilaisuus odottajien kesken. Vet\u00e4jin\u00e4 j\u00e4rjest\u00f6mme ty\u00f6ntekij\u00e4 yhdess\u00e4 vertaisohjaajien kanssa.<\/p>\n\n\n\n<p>Ilmoittautumislinkki ilmoitetaan my\u00f6hemmin Suomen Monikkoperheet ry:n nettisivuilla.<\/p>\n","protected":false},"excerpt":{"rendered":"<p>Hyvink\u00e4\u00e4n Seudun Monikkoperheet ry:n tapahtumat Yhdistyksess\u00e4mme tapahtuu monenlaista vuoden aikana.&nbsp;J\u00e4rjest\u00e4mme muun muassa erilaisia tapaamisia, kirpputoreja, monikkoperhevalmennuksia sek\u00e4 koko perheen retki\u00e4 ja perhetapahtumia. Mink\u00e4laista toimintaa sin\u00e4 toivoisit yhdistyksemme j\u00e4rjest\u00e4v\u00e4n?&nbsp;Ota rohkeasti yhteytt\u00e4 hallitukseen ja kerro ideasi. Yhdistyksen vapaaehtoiset tavoitat s\u00e4hk\u00f6postitse hyvinkaanmonikot@gmail.com.Olet my\u00f6s tervetullut mukaan j\u00e4rjestelyihin \u2013 yhdistyksemme toimii vapaaehtoisvoimin. Ilmoitamme tapahtumista my\u00f6s Instagramissa ja Facebookin suljetussa ryhm\u00e4ss\u00e4mme. [&hellip;]<\/p>\n","protected":false},"author":2,"featured_media":0,"parent":0,"menu_order":0,"comment_status":"closed","ping_status":"closed","template":"templates\/page-narrow.php","meta":{"_acf_changed":false,"footnotes":""},"class_list":["post-114","page","type-page","status-publish","hentry"],"acf":[],"aioseo_notices":[],"_links":{"self":[{"href":"https:\/\/monikkoperheet.fi\/hyvinkaa\/wp-json\/wp\/v2\/pages\/114","targetHints":{"allow":["GET"]}}],"collection":[{"href":"https:\/\/monikkoperheet.fi\/hyvinkaa\/wp-json\/wp\/v2\/pages"}],"about":[{"href":"https:\/\/monikkoperheet.fi\/hyvinkaa\/wp-json\/wp\/v2\/types\/page"}],"author":[{"embeddable":true,"href":"https:\/\/monikkoperheet.fi\/hyvinkaa\/wp-json\/wp\/v2\/users\/2"}],"replies":[{"embeddable":true,"href":"https:\/\/monikkoperheet.fi\/hyvinkaa\/wp-json\/wp\/v2\/comments?post=114"}],"version-history":[{"count":113,"href":"https:\/\/monikkoperheet.fi\/hyvinkaa\/wp-json\/wp\/v2\/pages\/114\/revisions"}],"predecessor-version":[{"id":657,"href":"https:\/\/monikkoperheet.fi\/hyvinkaa\/wp-json\/wp\/v2\/pages\/114\/revisions\/657"}],"wp:attachment":[{"href":"https:\/\/monikkoperheet.fi\/hyvinkaa\/wp-json\/wp\/v2\/media?parent=114"}],"curies":[{"name":"wp","href":"https:\/\/api.w.org\/{rel}","templated":true}]}}