{"id":125,"date":"2021-01-20T13:11:23","date_gmt":"2021-01-20T11:11:23","guid":{"rendered":"https:\/\/monikkoperheet.fi\/hyvinkaa\/?page_id=125"},"modified":"2025-12-17T19:32:34","modified_gmt":"2025-12-17T17:32:34","slug":"tietosuojaseloste","status":"publish","type":"page","link":"https:\/\/monikkoperheet.fi\/hyvinkaa\/tietosuojaseloste\/","title":{"rendered":"Tietosuojaseloste"},"content":{"rendered":"\n<p><strong>HYVINK\u00c4\u00c4N SEUDUN MONIKKOPERHEET RY<\/strong><\/p>\n\n\n\n<p><br>Laatimisp\u00e4iv\u00e4m\u00e4\u00e4r\u00e4 24.05.2018<br>P\u00e4ivitetty 17.12.2025<br>Rekisterinpit\u00e4j\u00e4: Hyvink\u00e4\u00e4n Seudun Monikkoperheet ry., Hyvink\u00e4\u00e4<br>(Yhteystiedot: https:\/\/monikkoperheet.fi\/hyvinkaa\/yhteystiedot\/ )<br>Yhteyshenkil\u00f6t rekisterej\u00e4 koskevissa asioissa: Yhdistyksen puheenjohtaja ja j\u00e4sensihteeri<br>Rekisterien nimet: j\u00e4senrekisteri ja yhdistyksen koulutuksiin\/tilaisuuksiin osallistumisen rekisterit<br>Rekisterin nimi, k\u00e4sittelyn tarkoitus, tietosis\u00e4lt\u00f6, s\u00e4\u00e4nn\u00f6nmukaiset tietol\u00e4hteet, tietojen s\u00e4\u00e4nn\u00f6n<br>mukaiset luovutukset<br><\/p>\n\n\n\n<p><strong>J\u00e4senrekisteri<\/strong><br>J\u00e4senrekisterin tarkoituksena on seurata yhdistyksen j\u00e4senten m\u00e4\u00e4r\u00e4\u00e4 ja rekisteriss\u00e4 olevia yhteystietoja<br>k\u00e4ytet\u00e4\u00e4n j\u00e4senpostin l\u00e4hett\u00e4miseen sek\u00e4 tapahtumista ja toiminnasta tiedottamiseen. Rekisteriss\u00e4 olevia tietoja<br>hy\u00f6dynnet\u00e4\u00e4n my\u00f6s yhdistyksen tapahtumien suunnitteluun.<br>J\u00e4senrekisteri sis\u00e4lt\u00e4\u00e4 v\u00e4hint\u00e4\u00e4n j\u00e4senen nimen, postiosoitteen ja s\u00e4hk\u00f6postiosoitteen. Halutessaan j\u00e4sen voi<br>antaa rekisteriin my\u00f6s puhelinnumeronsa, perheen toisen vanhemman nimen, perheen toisen vanhemman<br>s\u00e4hk\u00f6postiosoitteen, tietoa perheest\u00e4 sek\u00e4 perheen muiden lasten\/sisarusten syntym\u00e4ajat.<br>J\u00e4senrekisteriin tulevat tiedot saadaan perheilt\u00e4 itselt\u00e4\u00e4n joko puhelimitse, s\u00e4hk\u00f6postitse, yhdistyksen<br>internetsivujen, tai kattoj\u00e4rjest\u00f6n www.suomenmonikkoperheet.fi -sivuston, j\u00e4seneksi liittymislomakkeen kautta.<br>J\u00e4senrekisteri\u00e4 s\u00e4ilytet\u00e4\u00e4n Google Drivessa, jonne p\u00e4\u00e4sy on suojattu salasanalla. J\u00e4senrekisteri\u00e4 yll\u00e4pit\u00e4\u00e4<br>yhdistyksen j\u00e4sensihteeri, rekisteriin on p\u00e4\u00e4sy hallituksen j\u00e4senill\u00e4. Tietoja s\u00e4ilytet\u00e4\u00e4n niin kauan, kun j\u00e4senyys on<br>voimassa. J\u00e4senyyden p\u00e4\u00e4tytty\u00e4 tiedot poistetaan rekisterist\u00e4.<br><\/p>\n\n\n\n<p><strong>Yhdistyksen koulutuksiin\/tilaisuuksiin osallistumisen rekisterit:<\/strong><br>Yhdistyksen koulutuksiin\/tilaisuuksiin osallistuneet -listat ovat yhdistyksen hallitusten j\u00e4senten tai tapahtuman<br>j\u00e4rjest\u00e4v\u00e4n vapaaehtoisen yhdistyksen j\u00e4senen k\u00e4ytt\u00f6\u00f6n koulutuksen\/tilaisuuden suunnittelun, tiedotusta ja<br>yhteydenpitoa varten koskien koulutusta\/tilaisuutta.<br>Yhdistyksen koulutuksiin\/tilaisuuksiin osallistuneiden tiedot saadaan ilmoittautumisen yhteydess\u00e4 henkil\u00f6ilt\u00e4<br>itselt\u00e4\u00e4n nettilomakkeen, s\u00e4hk\u00f6postin tai puhelimen kautta.<br>Listat sis\u00e4lt\u00e4v\u00e4t seuraavia tietoja tilaisuudesta riippuen: nimi, perheen toisen vanhemman nimi, puhelinnumero,<br>s\u00e4hk\u00f6postiosoite, raskausviikko, monikkoraskauden tyyppi, tapahtumaan osallistuvien lasten i\u00e4t, tapahtumaan<br>osallistuvien aikuisten i\u00e4t, tapahtumaan osallistuvien mahdolliset erikoisruokavaliot tai allergiat.<br>Osallistujarekisterit s\u00e4ilytet\u00e4\u00e4n maksimissaan 2,5 vuotta (tietoja k\u00e4ytet\u00e4\u00e4n osallistujam\u00e4\u00e4r\u00e4tilastointeihin,<br>rahoittajan raportteihin yms.). Osallistujalistoja s\u00e4ilytet\u00e4\u00e4n yhdistyksen s\u00e4hk\u00f6postissa tai Google Drive:ssa, jonne<br>p\u00e4\u00e4sy on suojattu salasanalla. Kun kaikki tarpeellinen raportointi on tehty, tiedot h\u00e4vitet\u00e4\u00e4n.<br>J\u00e4rjest\u00f6n koulutuksiin osallistuneiden tietoja ei luovuteta ulkopuolisille tahoille.<br><\/p>\n\n\n\n<p><strong>Tietojen siirto EU:n tai ETA:n ulkopuolelle:<\/strong><br>Rekistereihimme ker\u00e4ttyj\u00e4 tietoja ei luovuteta EU:n tai ETA:n ulkopuolelle.<br>K\u00e4yt\u00e4mme pilvipalveluita: Google Gmail, Google Drive, Google Docs, Google Sheets ja Google Forms.<br><\/p>\n\n\n\n<p><strong>Rekisterien suojausten periaatteet:<\/strong><br>Rekistereit\u00e4 s\u00e4ilytet\u00e4\u00e4n Googlen pilvipalveluissa. Yhdistyksen hallituksen j\u00e4senill\u00e4 on p\u00e4\u00e4sy tiedostoihin.<br>Pilvipalveluihin p\u00e4\u00e4sy on suojattu salasanalla, joka vaihdetaan vuosittain uuden hallituksen aloittaessa<br>kautensa.<br><\/p>\n\n\n\n<p><strong>Tarkastusoikeus:<\/strong><br>Jokaisella j\u00e4senell\u00e4 on oikeus tarkistaa henkil\u00f6st\u00f6rekisteriin talletetut tiedot. Pyynt\u00f6 tulee tehd\u00e4<br>s\u00e4hk\u00f6postitse osoitteeseen hyvinkaanmonikot@gmail.com .<br>Tietopyynt\u00f6\u00f6n vastataan kahden viikon kuluessa, paitsi loma-aikana vastausaika voi olla pidempi.<br>Pyynn\u00f6n esitt\u00e4j\u00e4n tulee pyydett\u00e4ess\u00e4 pysty\u00e4 vahvistamaan henkil\u00f6llisyytens\u00e4 yhdistykselle.<br><\/p>\n\n\n\n<p><strong>Oikeus vaatia tiedon korjausta:<\/strong><br>Jokaisella j\u00e4senell\u00e4 on oikeus vaatia henkil\u00f6rekisteriss\u00e4 olevan virheellisen tiedon korjaamista.<br>Korjauspyynt\u00f6 tulee tehd\u00e4 s\u00e4hk\u00f6postitse osoitteeseen hyvinkaanmonikot@gmail.com . Pyynn\u00f6n<br>esitt\u00e4j\u00e4n tulee pyydett\u00e4ess\u00e4 pysty\u00e4 vahvistamaan henkil\u00f6llisyytens\u00e4 j\u00e4rjest\u00f6lle.<br><\/p>\n\n\n\n<p><strong>Muut henkil\u00f6tietojen k\u00e4sittelyyn liittyv\u00e4t oikeudet:<\/strong><br>Rekister\u00f6idyll\u00e4 on oikeus kielt\u00e4\u00e4 rekisterinpit\u00e4j\u00e4\u00e4 k\u00e4sittelem\u00e4st\u00e4 h\u00e4nt\u00e4 itse\u00e4\u00e4n koskevia tietoja<br>suoramainontaa, et\u00e4myynti\u00e4 ja muuta suoramarkkinointia sek\u00e4 markkina- ja mielipidetutkimusta varten.<br>Rekister\u00f6idyn oikeuksista on s\u00e4\u00e4detty my\u00f6s Yhdistyslaissa (J\u00e4senluettelo 11\u00a7).<\/p>\n","protected":false},"excerpt":{"rendered":"<p>HYVINK\u00c4\u00c4N SEUDUN MONIKKOPERHEET RY Laatimisp\u00e4iv\u00e4m\u00e4\u00e4r\u00e4 24.05.2018P\u00e4ivitetty 17.12.2025Rekisterinpit\u00e4j\u00e4: Hyvink\u00e4\u00e4n Seudun Monikkoperheet ry., Hyvink\u00e4\u00e4(Yhteystiedot: https:\/\/monikkoperheet.fi\/hyvinkaa\/yhteystiedot\/ )Yhteyshenkil\u00f6t rekisterej\u00e4 koskevissa asioissa: Yhdistyksen puheenjohtaja ja j\u00e4sensihteeriRekisterien nimet: j\u00e4senrekisteri ja yhdistyksen koulutuksiin\/tilaisuuksiin osallistumisen rekisteritRekisterin nimi, k\u00e4sittelyn tarkoitus, tietosis\u00e4lt\u00f6, s\u00e4\u00e4nn\u00f6nmukaiset tietol\u00e4hteet, tietojen s\u00e4\u00e4nn\u00f6nmukaiset luovutukset J\u00e4senrekisteriJ\u00e4senrekisterin tarkoituksena on seurata yhdistyksen j\u00e4senten m\u00e4\u00e4r\u00e4\u00e4 ja rekisteriss\u00e4 olevia yhteystietojak\u00e4ytet\u00e4\u00e4n j\u00e4senpostin l\u00e4hett\u00e4miseen sek\u00e4 tapahtumista ja toiminnasta tiedottamiseen. [&hellip;]<\/p>\n","protected":false},"author":2,"featured_media":0,"parent":0,"menu_order":0,"comment_status":"closed","ping_status":"closed","template":"","meta":{"_acf_changed":false,"footnotes":""},"class_list":["post-125","page","type-page","status-publish","hentry"],"acf":[],"aioseo_notices":[],"_links":{"self":[{"href":"https:\/\/monikkoperheet.fi\/hyvinkaa\/wp-json\/wp\/v2\/pages\/125","targetHints":{"allow":["GET"]}}],"collection":[{"href":"https:\/\/monikkoperheet.fi\/hyvinkaa\/wp-json\/wp\/v2\/pages"}],"about":[{"href":"https:\/\/monikkoperheet.fi\/hyvinkaa\/wp-json\/wp\/v2\/types\/page"}],"author":[{"embeddable":true,"href":"https:\/\/monikkoperheet.fi\/hyvinkaa\/wp-json\/wp\/v2\/users\/2"}],"replies":[{"embeddable":true,"href":"https:\/\/monikkoperheet.fi\/hyvinkaa\/wp-json\/wp\/v2\/comments?post=125"}],"version-history":[{"count":6,"href":"https:\/\/monikkoperheet.fi\/hyvinkaa\/wp-json\/wp\/v2\/pages\/125\/revisions"}],"predecessor-version":[{"id":638,"href":"https:\/\/monikkoperheet.fi\/hyvinkaa\/wp-json\/wp\/v2\/pages\/125\/revisions\/638"}],"wp:attachment":[{"href":"https:\/\/monikkoperheet.fi\/hyvinkaa\/wp-json\/wp\/v2\/media?parent=125"}],"curies":[{"name":"wp","href":"https:\/\/api.w.org\/{rel}","templated":true}]}}