{"id":159,"date":"2021-02-05T14:17:46","date_gmt":"2021-02-05T12:17:46","guid":{"rendered":"https:\/\/monikkoperheet.fi\/hyvinkaa\/?page_id=159"},"modified":"2023-09-26T08:42:16","modified_gmt":"2023-09-26T05:42:16","slug":"lainattavat","status":"publish","type":"page","link":"https:\/\/monikkoperheet.fi\/hyvinkaa\/lainattavat\/","title":{"rendered":"Lainattavat"},"content":{"rendered":"\n<h5 class=\"wp-block-heading\"><strong>Imetystyynyt:<\/strong><\/h5>\n\n\n\n<p>Hyvink\u00e4\u00e4n Seudun Monikkoperheet ry:ll\u00e4 on kaksi imetystyyny\u00e4, joita lainaamme tarvitsijoille.<br>Voit tiedustella tyynyj\u00e4 osoitteesta <a href=\"mailto:hyvinkaanmonikot@gmail.com\">hyvinkaanmonikot@gmail.com<\/a><\/p>\n","protected":false},"excerpt":{"rendered":"<p>Imetystyynyt: Hyvink\u00e4\u00e4n Seudun Monikkoperheet ry:ll\u00e4 on kaksi imetystyyny\u00e4, joita lainaamme tarvitsijoille.Voit tiedustella tyynyj\u00e4 osoitteesta hyvinkaanmonikot@gmail.com<\/p>\n","protected":false},"author":2,"featured_media":0,"parent":0,"menu_order":0,"comment_status":"closed","ping_status":"closed","template":"templates\/page-narrow.php","meta":{"_acf_changed":false,"footnotes":""},"class_list":["post-159","page","type-page","status-publish","hentry"],"acf":[],"aioseo_notices":[],"_links":{"self":[{"href":"https:\/\/monikkoperheet.fi\/hyvinkaa\/wp-json\/wp\/v2\/pages\/159","targetHints":{"allow":["GET"]}}],"collection":[{"href":"https:\/\/monikkoperheet.fi\/hyvinkaa\/wp-json\/wp\/v2\/pages"}],"about":[{"href":"https:\/\/monikkoperheet.fi\/hyvinkaa\/wp-json\/wp\/v2\/types\/page"}],"author":[{"embeddable":true,"href":"https:\/\/monikkoperheet.fi\/hyvinkaa\/wp-json\/wp\/v2\/users\/2"}],"replies":[{"embeddable":true,"href":"https:\/\/monikkoperheet.fi\/hyvinkaa\/wp-json\/wp\/v2\/comments?post=159"}],"version-history":[{"count":3,"href":"https:\/\/monikkoperheet.fi\/hyvinkaa\/wp-json\/wp\/v2\/pages\/159\/revisions"}],"predecessor-version":[{"id":388,"href":"https:\/\/monikkoperheet.fi\/hyvinkaa\/wp-json\/wp\/v2\/pages\/159\/revisions\/388"}],"wp:attachment":[{"href":"https:\/\/monikkoperheet.fi\/hyvinkaa\/wp-json\/wp\/v2\/media?parent=159"}],"curies":[{"name":"wp","href":"https:\/\/api.w.org\/{rel}","templated":true}]}}