{"id":183,"date":"2021-02-25T18:43:27","date_gmt":"2021-02-25T16:43:27","guid":{"rendered":"https:\/\/monikkoperheet.fi\/hyvinkaa\/?page_id=183"},"modified":"2023-09-26T08:50:55","modified_gmt":"2023-09-26T05:50:55","slug":"saannot","status":"publish","type":"page","link":"https:\/\/monikkoperheet.fi\/hyvinkaa\/saannot\/","title":{"rendered":"S\u00e4\u00e4nn\u00f6t"},"content":{"rendered":"\n<p>&nbsp;&nbsp;&nbsp;&nbsp;&nbsp;&nbsp;&nbsp; &nbsp;&nbsp;&nbsp;&nbsp;<\/p>\n\n\n\n<p>1\u00a7 NIMI JA KOTIPAIKKA<br>Yhdistyksen nimi on Hyvink\u00e4\u00e4n seudun Monikkoperheet ry. Sen kotipaikka on Hyvink\u00e4\u00e4n kaupunki ja toiminta-alue Hyvink\u00e4\u00e4 ja sen ymp\u00e4rist\u00f6kunnat.<br><\/p>\n\n\n\n<p>2\u00a7 TARKOITUS JA TOIMINTAMUODOT<br>Yhdistyksen tarkoituksena on toimia monikkoperheiden tukena ja tiedon jakajana. Yhdistys tarjoaa vertaistukea monikko-odottajille sek\u00e4 monikkoperheille. Yhdistys j\u00e4rjest\u00e4\u00e4 keskustelu-, koulutus- ja<br>muita vastaavia tilaisuuksia sek\u00e4 erilaisia tapahtumia monikkoperheille.<br>Yhdistyksen tarkoituksena ei ole tuottaa voittoa eik\u00e4 taloudellistaansiota yhdistyksen toimintaan osallistuville.<br>Yhdistys voi liitty\u00e4 j\u00e4seneksi tarpeellisiksi katsomiinsayhdistyksiin.<br>Yhdistys voi tarkoituksensa rahoittamiseksi j\u00e4rjest\u00e4\u00e4 arpajaisia, myyj\u00e4isi\u00e4 ja kirpputoreja tai suorittaa muuta varainhankintaaasianomaisen luvan hankittuaan. Yhdistys voi my\u00f6s ottaa vastaan<br>lahjoituksia ja testamentteja.<br><\/p>\n\n\n\n<p>3\u00a7 J\u00c4SENET, LIITTYMIS- JA J\u00c4SENMAKSU<br>Yhdistyksen j\u00e4senet ovat varsinaisia j\u00e4seni\u00e4, kannatusj\u00e4seni\u00e4 tai kunniaj\u00e4seni\u00e4.<br>Varsinaiseksi j\u00e4seneksi voi liitty\u00e4 henkil\u00f6, jolla on monikkolapsia tai joka odottaa monikkolapsia. Yhdistyksen j\u00e4seneksi voi liitty\u00e4 my\u00f6s henkil\u00f6, joka on itse kaksonen, kolmonen jne.<br>Kannatusj\u00e4seneksi hallitus voi hyv\u00e4ksy\u00e4 yksityisen henkil\u00f6n tai oikeuskelpoisen yhteis\u00f6n, joka haluaa tukea yhdistyksen tarkoitusta ja toimintaa sek\u00e4 hyv\u00e4ksyy yhdistyksen s\u00e4\u00e4nn\u00f6t.<br>Kunniaj\u00e4seneksi yhdistyksen hallitus voi kutsua henkil\u00f6n, joka on eritt\u00e4in ansiokkaasti toiminut yhdistyksen toiminnan k\u00e4sitt\u00e4v\u00e4ll\u00e4 alalla tai muun sopivaksi katsomansa henkil\u00f6n. Kunniaj\u00e4senell\u00e4 ei ole \u00e4\u00e4nioikeutta.<br>J\u00e4senell\u00e4 on oikeus erota yhdistyksest\u00e4 ilmoittamalla siit\u00e4 kirjallisesti hallitukselle tai sen puheenjohtajalle tai suullisesti yhdistyksen kokouksen p\u00f6yt\u00e4kirjaan. Maksettua j\u00e4senmaksua ei palauteta eronneelle j\u00e4senelle. Hallitus voi katsoa eronneeksi j\u00e4senen, joka on j\u00e4tt\u00e4nyt j\u00e4senmaksun maksamatta, puolen vuoden kuluttua sen er\u00e4\u00e4ntymisest\u00e4. Yhdistyksen hallitus voi my\u00f6s erottaa j\u00e4senen (varsinainen, kannatus-, kunniaj\u00e4sen) yhdistyksest\u00e4, jos j\u00e4sen on menettelyll\u00e4\u00e4n yhdistyksess\u00e4 tai sen ulkopuolella huomattavasti vahingoittanut yhdistyst\u00e4. Varsinainen j\u00e4sen ja kannatusj\u00e4sen suorittavat vuosittain yhdistyksen erikseen kummallekin j\u00e4senryhm\u00e4lle vahvistaman j\u00e4senmaksun. Kunniaj\u00e4sen on vapaa j\u00e4senmaksuvelvoitteesta. J\u00e4senilt\u00e4 peritt\u00e4v\u00e4n vuotuisen j\u00e4senmaksun suuruudesta p\u00e4\u00e4tt\u00e4\u00e4 vuosikokous.<br><\/p>\n\n\n\n<p>4\u00a7 HALLITUS<br>Yhdistyksen asioita hoitaa hallitus, johon kuuluu vuosikokouksessa valitut puheenjohtaja ja 2-5 muuta varsinaista j\u00e4sent\u00e4 sek\u00e4 0-2 varaj\u00e4sent\u00e4.<br>Hallituksen j\u00e4senten toimikausi on kalenterivuosi.<br>Hallitus valitsee keskuudestaan varapuheenjohtajan sek\u00e4 sihteerin, rahastonhoitajan ja muut tarvittavat toimihenkil\u00f6t.<br>Hallitus kokoontuu puheenjohtajan tai h\u00e4nen estyneen\u00e4 ollessaan varapuheenjohtajan kutsusta, kun he katsovat siihen olevan aihetta tai kun v\u00e4hint\u00e4\u00e4n kaksi hallituksen j\u00e4sent\u00e4 sit\u00e4 heilt\u00e4 vaatii.<br>Hallitus on p\u00e4\u00e4t\u00f6svaltainen, kun v\u00e4hint\u00e4\u00e4n puolet sen j\u00e4senist\u00e4, puheenjohtaja tai varapuheenjohtaja mukaan luettuna on l\u00e4sn\u00e4. Asiat ratkaistaan yksinkertaisella \u00e4\u00e4nten enemmist\u00f6ll\u00e4. \u00c4\u00e4nten menness\u00e4<br>tasan ratkaisee puheenjohtajan mielipide, vaaleissa kuitenkin arpa.<br><\/p>\n\n\n\n<p>5\u00a7 YHDISTYKSEN NIMEN KIRJOITTAMINEN<br>Yhdistyksen nimen kirjoittaa puheenjohtaja, varapuheenjohtaja, sihteeri tai rahastonhoitaja, kaksi yhdess\u00e4. Oikeus yhdistyksen nimen kirjoittamiseen yksin voi olla my\u00f6s sellaisella henkil\u00f6ll\u00e4, jolle hallitus on t\u00e4m\u00e4n oikeuden erikseen antanut.<br><\/p>\n\n\n\n<p>6\u00a7 TILIKAUSI JA TOIMINNANTARKASTUS<br>Yhdistyksen tilikausi on kalenterivuosi. Tilinp\u00e4\u00e4t\u00f6s tarvittavine asiakirjoineen on j\u00e4tett\u00e4v\u00e4 toiminnantarkastajalle maaliskuun 1. p\u00e4iv\u00e4\u00e4n menness\u00e4. Toiminnantarkastajan on annettava lausuntonsa hallitukselle maaliskuun 15. p\u00e4iv\u00e4\u00e4n menness\u00e4.<br><\/p>\n\n\n\n<p>7\u00a7 YHDISTYKSEN KOKOUSTEN KOOLLEKUTSUMINEN<br>Yhdistyksen kokoukset kutsuu koolle hallitus. Kokouskutsu on toimitettava viimeist\u00e4\u00e4n seitsem\u00e4n p\u00e4iv\u00e4\u00e4 ennen kokousta joko l\u00e4hett\u00e4m\u00e4ll\u00e4 kutsu postitse tai s\u00e4hk\u00f6postitse kullekin j\u00e4senelle (tai julkaisemalla kutsu yhdistyksen j\u00e4senlehdess\u00e4).<br>Yhdistyksen kokoukseen voidaan osallistua hallituksen niin p\u00e4\u00e4tt\u00e4ess\u00e4 my\u00f6s tietoliikenneyhteyden tai muun teknisen apuv\u00e4lineen avulla ja t\u00e4st\u00e4 on mainittava kokouskutsussa.<br><\/p>\n\n\n\n<p>8\u00a7 YHDISTYKSEN KOKOUKSET<br>Yhdistyksen vuosikokous pidet\u00e4\u00e4n vuosittain hallituksen m\u00e4\u00e4r\u00e4\u00e4m\u00e4n\u00e4 p\u00e4iv\u00e4n\u00e4 loka-joulukuussa.<br>Ylim\u00e4\u00e4r\u00e4inen kokous pidet\u00e4\u00e4n, kun hallitus katsoo siihen olevan aihetta tai kun v\u00e4hint\u00e4\u00e4n kymmenesosa yhdistyksen \u00e4\u00e4nioikeutetuista j\u00e4senist\u00e4 sit\u00e4 hallitukselta erityisesti ilmoitettua asiaa varten kirjallisesti vaatii. Kokous on pidett\u00e4v\u00e4 14 p\u00e4iv\u00e4n kuluessa vaatimuksen esitt\u00e4misest\u00e4.<br>Yhdistyksen kokouksissa varsinaisilla j\u00e4senill\u00e4 on \u00e4\u00e4nioikeus ja yksi \u00e4\u00e4ni. Varsinainen j\u00e4sen voi valtuuttaa kirjallisesti 15 vuotta t\u00e4ytt\u00e4neen perheenj\u00e4senens\u00e4 k\u00e4ytt\u00e4m\u00e4\u00e4n \u00e4\u00e4nioikeuttaan yhdistyksen kokouksessa.<br>Kannatus- ja kunniaj\u00e4senill\u00e4 on l\u00e4sn\u00e4olo- ja puheoikeus, mutta ei \u00e4\u00e4nioikeutta yhdistyksen kokouksessa.<br>Yhdistyksen kokouksen p\u00e4\u00e4t\u00f6kseksi tulee se mielipide, jota on kannattanut yli puolet annetuista \u00e4\u00e4nist\u00e4. \u00c4\u00e4nten menness\u00e4 tasan ratkaisee kokouksen puheenjohtajan \u00e4\u00e4ni, vaaleissa kuitenkin arpa.<br><\/p>\n\n\n\n<p>9\u00a7 VUOSIKOKOUS<br>Yhdistyksen vuosikokouksessa k\u00e4sitell\u00e4\u00e4n seuraavat asiat:<\/p>\n\n\n\n<ol class=\"wp-block-list\">\n<li>Kokouksen avaus<\/li>\n\n\n\n<li>Valitaan kokouksen puheenjohtaja, sihteeri ja kaksi<br>p\u00f6yt\u00e4kirjantarkastajaa, jotka toimivat tarvittaessa \u00e4\u00e4ntenlaskijoina<\/li>\n\n\n\n<li>Todetaan kokouksen laillisuus ja p\u00e4\u00e4t\u00f6svaltaisuus<\/li>\n\n\n\n<li>Hyv\u00e4ksyt\u00e4\u00e4n kokouksen ty\u00f6j\u00e4rjestys<\/li>\n\n\n\n<li>Esitet\u00e4\u00e4n tilinp\u00e4\u00e4t\u00f6s, vuosikertomus ja toiminnantarkastajan<br>lausunto<\/li>\n\n\n\n<li>P\u00e4\u00e4tet\u00e4\u00e4n tilinp\u00e4\u00e4t\u00f6ksen vahvistamisesta ja vastuuvapauden<br>my\u00f6nt\u00e4misest\u00e4 hallitukselle ja muille vastuuvelvollisille<\/li>\n\n\n\n<li>Vahvistetaan toimintasuunnitelma, tulo- ja menoarvio sek\u00e4<br>j\u00e4senmaksun suuruus<\/li>\n\n\n\n<li>Valitaan hallituksen puheenjohtaja ja muut j\u00e4senet<\/li>\n\n\n\n<li>Valitaan toiminnantarkastaja ja varatoiminnantarkastaja<\/li>\n\n\n\n<li>K\u00e4sitell\u00e4\u00e4n muut kokouskutsussa mainitut asiat<br>Mik\u00e4li yhdistyksen j\u00e4sen haluaa saada jonkin asian yhdistyksen<br>kokoukseen k\u00e4sitelt\u00e4v\u00e4ksi, on h\u00e4nen siit\u00e4 kirjallisesti ilmoitettava<br>hallitukselle niin hyviss\u00e4 ajoin, ett\u00e4 asia voidaan sis\u00e4llytt\u00e4\u00e4<br>kokouskutsun.<\/li>\n<\/ol>\n\n\n\n<p>&nbsp;&nbsp;&nbsp;&nbsp;&nbsp;&nbsp;&nbsp;&nbsp;&nbsp;&nbsp;&nbsp;&nbsp;&nbsp;&nbsp;&nbsp;&nbsp;&nbsp; <\/p>\n\n\n\n<p>10\u00a7 S\u00c4\u00c4NT\u00d6JEN MUUTTAMINEN JA YHDISTYKSEN PURKAMINEN<br>P\u00e4\u00e4t\u00f6s s\u00e4\u00e4nt\u00f6jen muuttamisesta ja yhdistyksen purkamisesta on teht\u00e4v\u00e4 yhdistyksen kokouksessa v\u00e4hint\u00e4\u00e4n kolmen nelj\u00e4sosan (3\/4) enemmist\u00f6ll\u00e4 annetuista \u00e4\u00e4nist\u00e4. Kokouskutsussa on mainittava<br>s\u00e4\u00e4nt\u00f6jen muuttamisesta tai yhdistyksen purkamisesta.<br>Yhdistyksen purkautuessa k\u00e4ytet\u00e4\u00e4n yhdistyksen varat yhdistyksen tarkoituksen edist\u00e4miseen yhdistyksen viimeisen kokouksen p\u00e4\u00e4tt\u00e4m\u00e4ll\u00e4 tavalla. Yhdistyksen tullessa lakkautetuksi k\u00e4ytet\u00e4\u00e4n varat samaan tarkoitukseen<\/p>\n","protected":false},"excerpt":{"rendered":"<p>&nbsp;&nbsp;&nbsp;&nbsp;&nbsp;&nbsp;&nbsp; &nbsp;&nbsp;&nbsp;&nbsp; 1\u00a7 NIMI JA KOTIPAIKKAYhdistyksen nimi on Hyvink\u00e4\u00e4n seudun Monikkoperheet ry. Sen kotipaikka on Hyvink\u00e4\u00e4n kaupunki ja toiminta-alue Hyvink\u00e4\u00e4 ja sen ymp\u00e4rist\u00f6kunnat. 2\u00a7 TARKOITUS JA TOIMINTAMUODOTYhdistyksen tarkoituksena on toimia monikkoperheiden tukena ja tiedon jakajana. Yhdistys tarjoaa vertaistukea monikko-odottajille sek\u00e4 monikkoperheille. Yhdistys j\u00e4rjest\u00e4\u00e4 keskustelu-, koulutus- jamuita vastaavia tilaisuuksia sek\u00e4 erilaisia tapahtumia monikkoperheille.Yhdistyksen tarkoituksena ei ole [&hellip;]<\/p>\n","protected":false},"author":2,"featured_media":0,"parent":0,"menu_order":0,"comment_status":"closed","ping_status":"closed","template":"","meta":{"_acf_changed":false,"footnotes":""},"class_list":["post-183","page","type-page","status-publish","hentry"],"acf":[],"aioseo_notices":[],"_links":{"self":[{"href":"https:\/\/monikkoperheet.fi\/hyvinkaa\/wp-json\/wp\/v2\/pages\/183","targetHints":{"allow":["GET"]}}],"collection":[{"href":"https:\/\/monikkoperheet.fi\/hyvinkaa\/wp-json\/wp\/v2\/pages"}],"about":[{"href":"https:\/\/monikkoperheet.fi\/hyvinkaa\/wp-json\/wp\/v2\/types\/page"}],"author":[{"embeddable":true,"href":"https:\/\/monikkoperheet.fi\/hyvinkaa\/wp-json\/wp\/v2\/users\/2"}],"replies":[{"embeddable":true,"href":"https:\/\/monikkoperheet.fi\/hyvinkaa\/wp-json\/wp\/v2\/comments?post=183"}],"version-history":[{"count":5,"href":"https:\/\/monikkoperheet.fi\/hyvinkaa\/wp-json\/wp\/v2\/pages\/183\/revisions"}],"predecessor-version":[{"id":395,"href":"https:\/\/monikkoperheet.fi\/hyvinkaa\/wp-json\/wp\/v2\/pages\/183\/revisions\/395"}],"wp:attachment":[{"href":"https:\/\/monikkoperheet.fi\/hyvinkaa\/wp-json\/wp\/v2\/media?parent=183"}],"curies":[{"name":"wp","href":"https:\/\/api.w.org\/{rel}","templated":true}]}}