{"id":114,"date":"2021-01-15T15:07:30","date_gmt":"2021-01-15T13:07:30","guid":{"rendered":"https:\/\/monikkoperheet.fi\/kaakko\/?page_id=114"},"modified":"2025-12-09T08:46:27","modified_gmt":"2025-12-09T06:46:27","slug":"tapahtumat","status":"publish","type":"page","link":"https:\/\/monikkoperheet.fi\/kaakko\/tapahtumat\/","title":{"rendered":"Tapahtumat"},"content":{"rendered":"\n<h4 class=\"wp-block-heading\">Kaakon Monikkoperheet ry:n tapahtumat<\/h4>\n\n\n\n<div style=\"height:15px\" aria-hidden=\"true\" class=\"wp-block-spacer\"><\/div>\n\n\n\n<p>Tapahtumia p\u00e4ivitet\u00e4\u00e4n <a href=\"https:\/\/www.facebook.com\/kaakonmonikkoperheetry\/\" target=\"_blank\" rel=\"noreferrer noopener\">Facebook-sivustollemme<\/a> sek\u00e4 <a href=\"https:\/\/www.instagram.com\/kaakonmonikkoperheetry\/\" target=\"_blank\" rel=\"noopener\" title=\"Instagramiin\">Instagramiin<\/a>. <\/p>\n\n\n\n<p>Kysy lis\u00e4\u00e4 tapahtumista ja anna palautetta osoitteeseen: <a href=\"mailto:kaakonmonikkoperheetry@gmail.com\">kaakonmonikkoperheetry@gmail.com<\/a><\/p>\n\n\n\n<div style=\"height:15px\" aria-hidden=\"true\" class=\"wp-block-spacer\"><\/div>\n\n\n\n<figure class=\"wp-block-image size-large is-resized\"><img loading=\"lazy\" decoding=\"async\" width=\"1024\" height=\"576\" src=\"https:\/\/monikkoperheet.fi\/kaakko\/wp-content\/uploads\/sites\/11\/2025\/12\/Kaakon-monikkoperheet-tapahtumakollaasi-2025-1024x576.jpg\" alt=\"\" class=\"wp-image-294\" style=\"width:954px;height:auto\" srcset=\"https:\/\/monikkoperheet.fi\/kaakko\/wp-content\/uploads\/sites\/11\/2025\/12\/Kaakon-monikkoperheet-tapahtumakollaasi-2025-1024x576.jpg 1024w, https:\/\/monikkoperheet.fi\/kaakko\/wp-content\/uploads\/sites\/11\/2025\/12\/Kaakon-monikkoperheet-tapahtumakollaasi-2025-300x169.jpg 300w, https:\/\/monikkoperheet.fi\/kaakko\/wp-content\/uploads\/sites\/11\/2025\/12\/Kaakon-monikkoperheet-tapahtumakollaasi-2025-768x432.jpg 768w, https:\/\/monikkoperheet.fi\/kaakko\/wp-content\/uploads\/sites\/11\/2025\/12\/Kaakon-monikkoperheet-tapahtumakollaasi-2025-1200x675.jpg 1200w, https:\/\/monikkoperheet.fi\/kaakko\/wp-content\/uploads\/sites\/11\/2025\/12\/Kaakon-monikkoperheet-tapahtumakollaasi-2025.jpg 1280w\" sizes=\"auto, (max-width: 1024px) 100vw, 1024px\" \/><\/figure>\n\n\n\n<p><\/p>\n","protected":false},"excerpt":{"rendered":"<p>Kaakon Monikkoperheet ry:n tapahtumat Tapahtumia p\u00e4ivitet\u00e4\u00e4n Facebook-sivustollemme sek\u00e4 Instagramiin. Kysy lis\u00e4\u00e4 tapahtumista ja anna palautetta osoitteeseen: kaakonmonikkoperheetry@gmail.com<\/p>\n","protected":false},"author":2,"featured_media":0,"parent":0,"menu_order":0,"comment_status":"closed","ping_status":"closed","template":"","meta":{"_acf_changed":false,"footnotes":""},"class_list":["post-114","page","type-page","status-publish","hentry"],"acf":[],"aioseo_notices":[],"_links":{"self":[{"href":"https:\/\/monikkoperheet.fi\/kaakko\/wp-json\/wp\/v2\/pages\/114","targetHints":{"allow":["GET"]}}],"collection":[{"href":"https:\/\/monikkoperheet.fi\/kaakko\/wp-json\/wp\/v2\/pages"}],"about":[{"href":"https:\/\/monikkoperheet.fi\/kaakko\/wp-json\/wp\/v2\/types\/page"}],"author":[{"embeddable":true,"href":"https:\/\/monikkoperheet.fi\/kaakko\/wp-json\/wp\/v2\/users\/2"}],"replies":[{"embeddable":true,"href":"https:\/\/monikkoperheet.fi\/kaakko\/wp-json\/wp\/v2\/comments?post=114"}],"version-history":[{"count":5,"href":"https:\/\/monikkoperheet.fi\/kaakko\/wp-json\/wp\/v2\/pages\/114\/revisions"}],"predecessor-version":[{"id":295,"href":"https:\/\/monikkoperheet.fi\/kaakko\/wp-json\/wp\/v2\/pages\/114\/revisions\/295"}],"wp:attachment":[{"href":"https:\/\/monikkoperheet.fi\/kaakko\/wp-json\/wp\/v2\/media?parent=114"}],"curies":[{"name":"wp","href":"https:\/\/api.w.org\/{rel}","templated":true}]}}