{"id":67,"date":"2021-01-12T07:47:44","date_gmt":"2021-01-12T05:47:44","guid":{"rendered":"https:\/\/monikkoperheet.fi\/paijat-hameen-monikkoperheet\/?page_id=67"},"modified":"2025-12-09T08:32:43","modified_gmt":"2025-12-09T06:32:43","slug":"jaseneksi","status":"publish","type":"page","link":"https:\/\/monikkoperheet.fi\/kaakko\/jaseneksi\/","title":{"rendered":"J\u00e4seneksi"},"content":{"rendered":"\n<div style=\"height:15px\" aria-hidden=\"true\" class=\"wp-block-spacer\"><\/div>\n\n\n\n<p>J\u00e4seneksi haluava henkil\u00f6\/perhe liittyy j\u00e4seneksi omalla alueellaan toimivaan monikkoperheyhdistykseen.&nbsp;<\/p>\n\n\n\n<p><strong>Tervetuloa mukaan Kaakon Monikkoperheet ry:n toimintaan!<\/strong><\/p>\n\n\n\n<p>Kaikki monikkoperheet ovat l\u00e4mpim\u00e4sti tervetulleita yhdistyksemme j\u00e4seniksi. Jo odotusaikana kannattaa l\u00e4hte\u00e4 tapahtumiin mukaan tutustumaan muihin perheisiin! Voitte liitty\u00e4 my\u00f6s kannatusj\u00e4seneksi, mik\u00e4li haluatte tukea yhdistyksemme toimintaa! J\u00e4senen\u00e4 perheell\u00e4nne on mahdollisuus osallistua eri tapahtumiimme.<\/p>\n\n\n\n<p><strong>J\u00e4senmaksumme on 30\u20ac<\/strong>\/vuosi. <\/p>\n\n\n\n<p>Liity j\u00e4seneksi alla olevalla lomakkeella.<\/p>\n\n\n\n<p>Mik\u00e4li sinulla on kysytt\u00e4v\u00e4\u00e4 j\u00e4senyydest\u00e4, ota yhteys <a href=\"mailto:kaakonmonikkoperheetry@gmail.com\">kaakonmonikkoperheetry@gmail.com<\/a><\/p>\n\n\n\n<div class=\"wp-block-buttons is-layout-flex wp-block-buttons-is-layout-flex\">\n<div class=\"wp-block-button\"><a class=\"wp-block-button__link wp-element-button\" href=\"https:\/\/monikkoperheet.fi\/jaseneksi\/liittymislomake\/\">T\u00e4yt\u00e4 liittymislomake<\/a><\/div>\n<\/div>\n\n\n\n<hr class=\"wp-block-separator has-alpha-channel-opacity\"\/>\n\n\n\n<h4 class=\"wp-block-heading\">J\u00e4senetuja saatavilla ymp\u00e4ri Suomen<\/h4>\n\n\n\n<p>Koko Suomen etuliikkeet l\u00f6yd\u00e4t p\u00e4\u00e4sivuston, Suomen Monikkoperheet ry:n sivulta&nbsp;<a href=\"https:\/\/monikkoperheet.fi\/jaseneksi\/jasenetuliikkeet\/\">J\u00e4senetuliikkeet<\/a><\/p>\n\n\n\n<hr class=\"wp-block-separator has-alpha-channel-opacity\"\/>\n\n\n\n<p><strong>J\u00e4senedut saat k\u00e4ytt\u00f6\u00f6si, kun maksat yhdistyksen j\u00e4senmaksun ja saat sitten itsellesi k\u00e4ytt\u00f6\u00f6n j\u00e4senkortin (s\u00e4hk\u00f6postiisi).<\/strong><\/p>\n\n\n\n<figure class=\"wp-block-image size-large is-resized\"><img loading=\"lazy\" decoding=\"async\" width=\"1024\" height=\"1024\" src=\"https:\/\/monikkoperheet.fi\/kaakko\/wp-content\/uploads\/sites\/11\/2021\/01\/Kaakon-monikkoperheet-Logo-1024x1024.jpg\" alt=\"\" class=\"wp-image-146\" style=\"width:231px;height:auto\" srcset=\"https:\/\/monikkoperheet.fi\/kaakko\/wp-content\/uploads\/sites\/11\/2021\/01\/Kaakon-monikkoperheet-Logo-1024x1024.jpg 1024w, https:\/\/monikkoperheet.fi\/kaakko\/wp-content\/uploads\/sites\/11\/2021\/01\/Kaakon-monikkoperheet-Logo-300x300.jpg 300w, https:\/\/monikkoperheet.fi\/kaakko\/wp-content\/uploads\/sites\/11\/2021\/01\/Kaakon-monikkoperheet-Logo-150x150.jpg 150w, https:\/\/monikkoperheet.fi\/kaakko\/wp-content\/uploads\/sites\/11\/2021\/01\/Kaakon-monikkoperheet-Logo-768x768.jpg 768w, https:\/\/monikkoperheet.fi\/kaakko\/wp-content\/uploads\/sites\/11\/2021\/01\/Kaakon-monikkoperheet-Logo-1536x1536.jpg 1536w, https:\/\/monikkoperheet.fi\/kaakko\/wp-content\/uploads\/sites\/11\/2021\/01\/Kaakon-monikkoperheet-Logo-2048x2048.jpg 2048w, https:\/\/monikkoperheet.fi\/kaakko\/wp-content\/uploads\/sites\/11\/2021\/01\/Kaakon-monikkoperheet-Logo-160x160.jpg 160w, https:\/\/monikkoperheet.fi\/kaakko\/wp-content\/uploads\/sites\/11\/2021\/01\/Kaakon-monikkoperheet-Logo-1200x1200.jpg 1200w\" sizes=\"auto, (max-width: 1024px) 100vw, 1024px\" \/><\/figure>\n","protected":false},"excerpt":{"rendered":"<p>J\u00e4seneksi haluava henkil\u00f6\/perhe liittyy j\u00e4seneksi omalla alueellaan toimivaan monikkoperheyhdistykseen.&nbsp; Tervetuloa mukaan Kaakon Monikkoperheet ry:n toimintaan! Kaikki monikkoperheet ovat l\u00e4mpim\u00e4sti tervetulleita yhdistyksemme j\u00e4seniksi. Jo odotusaikana kannattaa l\u00e4hte\u00e4 tapahtumiin mukaan tutustumaan muihin perheisiin! Voitte liitty\u00e4 my\u00f6s kannatusj\u00e4seneksi, mik\u00e4li haluatte tukea yhdistyksemme toimintaa! J\u00e4senen\u00e4 perheell\u00e4nne on mahdollisuus osallistua eri tapahtumiimme. J\u00e4senmaksumme on 30\u20ac\/vuosi. Liity j\u00e4seneksi alla olevalla lomakkeella. [&hellip;]<\/p>\n","protected":false},"author":1,"featured_media":0,"parent":0,"menu_order":0,"comment_status":"closed","ping_status":"closed","template":"","meta":{"_acf_changed":false,"footnotes":""},"class_list":["post-67","page","type-page","status-publish","hentry"],"acf":[],"aioseo_notices":[],"_links":{"self":[{"href":"https:\/\/monikkoperheet.fi\/kaakko\/wp-json\/wp\/v2\/pages\/67","targetHints":{"allow":["GET"]}}],"collection":[{"href":"https:\/\/monikkoperheet.fi\/kaakko\/wp-json\/wp\/v2\/pages"}],"about":[{"href":"https:\/\/monikkoperheet.fi\/kaakko\/wp-json\/wp\/v2\/types\/page"}],"author":[{"embeddable":true,"href":"https:\/\/monikkoperheet.fi\/kaakko\/wp-json\/wp\/v2\/users\/1"}],"replies":[{"embeddable":true,"href":"https:\/\/monikkoperheet.fi\/kaakko\/wp-json\/wp\/v2\/comments?post=67"}],"version-history":[{"count":10,"href":"https:\/\/monikkoperheet.fi\/kaakko\/wp-json\/wp\/v2\/pages\/67\/revisions"}],"predecessor-version":[{"id":292,"href":"https:\/\/monikkoperheet.fi\/kaakko\/wp-json\/wp\/v2\/pages\/67\/revisions\/292"}],"wp:attachment":[{"href":"https:\/\/monikkoperheet.fi\/kaakko\/wp-json\/wp\/v2\/media?parent=67"}],"curies":[{"name":"wp","href":"https:\/\/api.w.org\/{rel}","templated":true}]}}