{"id":99,"date":"2021-01-15T14:54:31","date_gmt":"2021-01-15T12:54:31","guid":{"rendered":"https:\/\/monikkoperheet.fi\/kaakko\/?page_id=99"},"modified":"2026-01-14T18:06:50","modified_gmt":"2026-01-14T16:06:50","slug":"yhteystiedot","status":"publish","type":"page","link":"https:\/\/monikkoperheet.fi\/kaakko\/yhteystiedot\/","title":{"rendered":"Yhteystiedot"},"content":{"rendered":"\n<p><strong>Kaakon Monikkoperheet ry toimii t\u00e4ysin vapaaehtoisvoimin. <\/strong><br>Yhdistyksen hallituksen\/vapaaehtoistoimijat tavoitat s\u00e4hk\u00f6postitse.<\/p>\n\n\n\n<div style=\"height:20px\" aria-hidden=\"true\" class=\"wp-block-spacer\"><\/div>\n\n\n\n<div class=\"wp-block-columns is-layout-flex wp-container-core-columns-is-layout-9d6595d7 wp-block-columns-is-layout-flex\">\n<div class=\"wp-block-column is-layout-flow wp-block-column-is-layout-flow\"><div class=\"wp-block-image\">\n<figure class=\"aligncenter size-large is-resized\"><img loading=\"lazy\" decoding=\"async\" width=\"88\" height=\"95\" src=\"https:\/\/monikkoperheet.fi\/kaakko\/wp-content\/uploads\/sites\/11\/2021\/01\/otayhteytta.png\" alt=\"\" class=\"wp-image-62\" style=\"width:79px;height:85px\"\/><\/figure>\n<\/div><\/div>\n\n\n\n<div class=\"wp-block-column is-layout-flow wp-block-column-is-layout-flow\"><div class=\"wp-block-image\">\n<figure class=\"aligncenter size-large is-resized\"><img loading=\"lazy\" decoding=\"async\" width=\"1024\" height=\"576\" src=\"https:\/\/monikkoperheet.fi\/kaakko\/wp-content\/uploads\/sites\/11\/2021\/01\/somelogot-1024x576.jpg\" alt=\"\" class=\"wp-image-132\" style=\"width:220px;height:123px\" srcset=\"https:\/\/monikkoperheet.fi\/kaakko\/wp-content\/uploads\/sites\/11\/2021\/01\/somelogot-1024x576.jpg 1024w, https:\/\/monikkoperheet.fi\/kaakko\/wp-content\/uploads\/sites\/11\/2021\/01\/somelogot-300x169.jpg 300w, https:\/\/monikkoperheet.fi\/kaakko\/wp-content\/uploads\/sites\/11\/2021\/01\/somelogot-768x432.jpg 768w, https:\/\/monikkoperheet.fi\/kaakko\/wp-content\/uploads\/sites\/11\/2021\/01\/somelogot-1200x675.jpg 1200w, https:\/\/monikkoperheet.fi\/kaakko\/wp-content\/uploads\/sites\/11\/2021\/01\/somelogot.jpg 1280w\" sizes=\"auto, (max-width: 1024px) 100vw, 1024px\" \/><\/figure>\n<\/div><\/div>\n<\/div>\n\n\n\n<div class=\"wp-block-columns is-layout-flex wp-container-core-columns-is-layout-9d6595d7 wp-block-columns-is-layout-flex\">\n<div class=\"wp-block-column is-layout-flow wp-block-column-is-layout-flow\">\n<h4 class=\"wp-block-heading\">Yhdistyksen s\u00e4hk\u00f6postiosoitteet:<\/h4>\n\n\n\n<p><strong>Yleiss\u00e4hk\u00f6postiosoite:<\/strong> <a href=\"mailto:kaakonmonikkoperheetry@gmail.com\">kaakonmonikkoperheetry@gmail.com<\/a><\/p>\n\n\n\n<p><strong>J\u00e4senasiat:<\/strong> <a href=\"mailto:kaakonmonikkoperheetry@gmail.com\">kaakonmonikkoperheetry@gmail.com<\/a><\/p>\n\n\n\n<p><strong>Monikkoperhevalmennus:<\/strong> <a href=\"mailto:kaakonmonikkoperheetry@gmail.com\">kaakonmonikkoperheetry@gmail.com<\/a><\/p>\n<\/div>\n\n\n\n<div class=\"wp-block-column is-layout-flow wp-block-column-is-layout-flow\">\n<h4 class=\"wp-block-heading\">Yhdistys sosiaalisessa mediassa:<\/h4>\n\n\n\n<p><strong>Facebook: <\/strong> <a href=\"https:\/\/www.facebook.com\/kaakonmonikkoperheetry\" data-type=\"URL\" data-id=\"https:\/\/www.facebook.com\/kaakonmonikkoperheetry\" target=\"_blank\" rel=\"noreferrer noopener\">Kaakon Monikkoperheet ry<\/a><\/p>\n\n\n\n<p><strong>Instagram: <\/strong><a href=\"https:\/\/www.instagram.com\/kaakonmonikkoperheetry\/\" data-type=\"URL\" data-id=\"https:\/\/www.instagram.com\/kaakonmonikkoperheetry\/\" target=\"_blank\" rel=\"noreferrer noopener\">kaakonmonikkoperheetry<\/a><\/p>\n<\/div>\n<\/div>\n\n\n\n<hr class=\"wp-block-separator has-css-opacity\"\/>\n\n\n\n<h4 class=\"wp-block-heading\">Yhdistyksen hallitus 2026:<\/h4>\n\n\n\n<p><strong>Puheenjohtaja:<\/strong> Emma Tuulari<\/p>\n\n\n\n<p><strong>Varapuheenjohtaja, sosiaalinen media: <\/strong>Kristiine Avelin<\/p>\n\n\n\n<p><strong>J\u00e4sensihteeri: <\/strong> Lina-Kristina Lauretsalo<\/p>\n\n\n\n<p><strong>Sihteeri<\/strong>: Erika Suomalainen<\/p>\n\n\n\n<p><strong>Rahastonhoitaja:<\/strong> Niina Jaakkola<\/p>\n\n\n\n<p><strong>Muut j\u00e4senet:<\/strong> Sini Jyrkinen, Oona Sokka<\/p>\n\n\n\n<p><strong> <\/strong><\/p>\n\n\n\n<p><em>Hallituksen tavoitat yhdistyksen s\u00e4hk\u00f6postiosoitteesta. <\/em><\/p>\n\n\n\n<hr class=\"wp-block-separator has-css-opacity\"\/>\n\n\n\n<h5 class=\"wp-block-heading\">Yhdistyksen s\u00e4\u00e4nn\u00f6t:<\/h5>\n\n\n\n<div style=\"height:29px\" aria-hidden=\"true\" class=\"wp-block-spacer\"><\/div>\n\n\n\n<div class=\"wp-block-file\"><a id=\"wp-block-file--media-01f13d19-20e3-4f29-9203-c8013c902f8b\" href=\"https:\/\/monikkoperheet.fi\/kaakko\/wp-content\/uploads\/sites\/11\/2023\/03\/Kaakon-Monikkoperheet-ry-saannot.pdf\" target=\"_blank\" rel=\"noreferrer noopener\">Kaakon Monikkoperheet ry s\u00e4\u00e4nn\u00f6t<\/a><a href=\"https:\/\/monikkoperheet.fi\/kaakko\/wp-content\/uploads\/sites\/11\/2023\/03\/Kaakon-Monikkoperheet-ry-saannot.pdf\" class=\"wp-block-file__button wp-element-button\" download aria-describedby=\"wp-block-file--media-01f13d19-20e3-4f29-9203-c8013c902f8b\">Lataa<\/a><\/div>\n","protected":false},"excerpt":{"rendered":"<p>Kaakon Monikkoperheet ry toimii t\u00e4ysin vapaaehtoisvoimin. Yhdistyksen hallituksen\/vapaaehtoistoimijat tavoitat s\u00e4hk\u00f6postitse. Yhdistyksen s\u00e4hk\u00f6postiosoitteet: Yleiss\u00e4hk\u00f6postiosoite: kaakonmonikkoperheetry@gmail.com J\u00e4senasiat: kaakonmonikkoperheetry@gmail.com Monikkoperhevalmennus: kaakonmonikkoperheetry@gmail.com Yhdistys sosiaalisessa mediassa: Facebook: Kaakon Monikkoperheet ry Instagram: kaakonmonikkoperheetry Yhdistyksen hallitus 2026: Puheenjohtaja: Emma Tuulari Varapuheenjohtaja, sosiaalinen media: Kristiine Avelin J\u00e4sensihteeri: Lina-Kristina Lauretsalo Sihteeri: Erika Suomalainen Rahastonhoitaja: Niina Jaakkola Muut j\u00e4senet: Sini Jyrkinen, Oona Sokka Hallituksen tavoitat [&hellip;]<\/p>\n","protected":false},"author":2,"featured_media":0,"parent":0,"menu_order":0,"comment_status":"closed","ping_status":"closed","template":"","meta":{"_acf_changed":false,"footnotes":""},"class_list":["post-99","page","type-page","status-publish","hentry"],"acf":[],"aioseo_notices":[],"_links":{"self":[{"href":"https:\/\/monikkoperheet.fi\/kaakko\/wp-json\/wp\/v2\/pages\/99","targetHints":{"allow":["GET"]}}],"collection":[{"href":"https:\/\/monikkoperheet.fi\/kaakko\/wp-json\/wp\/v2\/pages"}],"about":[{"href":"https:\/\/monikkoperheet.fi\/kaakko\/wp-json\/wp\/v2\/types\/page"}],"author":[{"embeddable":true,"href":"https:\/\/monikkoperheet.fi\/kaakko\/wp-json\/wp\/v2\/users\/2"}],"replies":[{"embeddable":true,"href":"https:\/\/monikkoperheet.fi\/kaakko\/wp-json\/wp\/v2\/comments?post=99"}],"version-history":[{"count":16,"href":"https:\/\/monikkoperheet.fi\/kaakko\/wp-json\/wp\/v2\/pages\/99\/revisions"}],"predecessor-version":[{"id":300,"href":"https:\/\/monikkoperheet.fi\/kaakko\/wp-json\/wp\/v2\/pages\/99\/revisions\/300"}],"wp:attachment":[{"href":"https:\/\/monikkoperheet.fi\/kaakko\/wp-json\/wp\/v2\/media?parent=99"}],"curies":[{"name":"wp","href":"https:\/\/api.w.org\/{rel}","templated":true}]}}