{"id":112,"date":"2021-01-15T15:07:03","date_gmt":"2021-01-15T13:07:03","guid":{"rendered":"https:\/\/monikkoperheet.fi\/keski-pohjanmaa\/?page_id=112"},"modified":"2025-12-09T09:03:07","modified_gmt":"2025-12-09T07:03:07","slug":"monikkoperhevalmennus","status":"publish","type":"page","link":"https:\/\/monikkoperheet.fi\/keski-pohjanmaa\/monikkoperhevalmennus\/","title":{"rendered":"Monikkoperhevalmennus"},"content":{"rendered":"\n<div style=\"height:20px\" aria-hidden=\"true\" class=\"wp-block-spacer\"><\/div>\n\n\n\n<h4 class=\"wp-block-heading\">Keski-Pohjanmaan Monikkoperheet ry:n perhevalmennustoiminta<\/h4>\n\n\n\n<p>Monikkoperhevalmennustoiminta on t\u00e4ll\u00e4 hetkell\u00e4 tauolla.  <\/p>\n\n\n\n<hr class=\"wp-block-separator has-css-opacity\"\/>\n\n\n\n<h4 class=\"wp-block-heading\">Lis\u00e4tietoa valmennuksista<\/h4>\n\n\n\n<p><a href=\"mailto:kpmonikkoperheet@mail.com\">kpmonikkoperheet@gmail.com<\/a><\/p>\n\n\n\n<p>Tutustu Soiten kaikille odottajille suunnattuun synnytysvalmennustoimintaan Soiten <a href=\"http:\/\/soite.fi\/sivu\/synnytysvalmennus\" target=\"_blank\" rel=\"noreferrer noopener\">nettisivulta<\/a>. <\/p>\n","protected":false},"excerpt":{"rendered":"<p>Keski-Pohjanmaan Monikkoperheet ry:n perhevalmennustoiminta Monikkoperhevalmennustoiminta on t\u00e4ll\u00e4 hetkell\u00e4 tauolla. Lis\u00e4tietoa valmennuksista kpmonikkoperheet@gmail.com Tutustu Soiten kaikille odottajille suunnattuun synnytysvalmennustoimintaan Soiten nettisivulta.<\/p>\n","protected":false},"author":2,"featured_media":0,"parent":0,"menu_order":0,"comment_status":"closed","ping_status":"closed","template":"","meta":{"_acf_changed":false,"footnotes":""},"class_list":["post-112","page","type-page","status-publish","hentry"],"acf":[],"aioseo_notices":[],"_links":{"self":[{"href":"https:\/\/monikkoperheet.fi\/keski-pohjanmaa\/wp-json\/wp\/v2\/pages\/112","targetHints":{"allow":["GET"]}}],"collection":[{"href":"https:\/\/monikkoperheet.fi\/keski-pohjanmaa\/wp-json\/wp\/v2\/pages"}],"about":[{"href":"https:\/\/monikkoperheet.fi\/keski-pohjanmaa\/wp-json\/wp\/v2\/types\/page"}],"author":[{"embeddable":true,"href":"https:\/\/monikkoperheet.fi\/keski-pohjanmaa\/wp-json\/wp\/v2\/users\/2"}],"replies":[{"embeddable":true,"href":"https:\/\/monikkoperheet.fi\/keski-pohjanmaa\/wp-json\/wp\/v2\/comments?post=112"}],"version-history":[{"count":9,"href":"https:\/\/monikkoperheet.fi\/keski-pohjanmaa\/wp-json\/wp\/v2\/pages\/112\/revisions"}],"predecessor-version":[{"id":559,"href":"https:\/\/monikkoperheet.fi\/keski-pohjanmaa\/wp-json\/wp\/v2\/pages\/112\/revisions\/559"}],"wp:attachment":[{"href":"https:\/\/monikkoperheet.fi\/keski-pohjanmaa\/wp-json\/wp\/v2\/media?parent=112"}],"curies":[{"name":"wp","href":"https:\/\/api.w.org\/{rel}","templated":true}]}}