{"id":114,"date":"2021-01-15T15:07:30","date_gmt":"2021-01-15T13:07:30","guid":{"rendered":"https:\/\/monikkoperheet.fi\/keski-pohjanmaa\/?page_id=114"},"modified":"2025-12-09T09:14:07","modified_gmt":"2025-12-09T07:14:07","slug":"tapahtumat","status":"publish","type":"page","link":"https:\/\/monikkoperheet.fi\/keski-pohjanmaa\/tapahtumat\/","title":{"rendered":"Tapahtumat"},"content":{"rendered":"\n<h3 class=\"wp-block-heading\">Keski-Pohjanmaan Monikkoperheet ry:n tapahtumat<\/h3>\n\n\n\n<p>Tapahtumatietoja l\u00f6yd\u00e4t yhdistyksen <a href=\"https:\/\/www.facebook.com\/keskipohjanmaanmonikkoperheet\" target=\"_blank\" rel=\"noopener\" title=\"Facebook-sivulta\">Facebook-sivulta<\/a> ja <a href=\"https:\/\/www.instagram.com\/keskipohjanmaanmonikkoperheet\/\" target=\"_blank\" rel=\"noopener\" title=\"Instagramista\">Instagramista<\/a>. <br>Voit tiedustella tapahtumista my\u00f6s s\u00e4hk\u00f6postitse, <a href=\"mailto:kpmonikkoperheet@gmail.com\">kpmonikkoperheet@gmail.com<\/a><\/p>\n\n\n\n<div style=\"height:20px\" aria-hidden=\"true\" class=\"wp-block-spacer\"><\/div>\n\n\n\n<figure class=\"wp-block-image size-large is-resized\"><img loading=\"lazy\" decoding=\"async\" width=\"1024\" height=\"576\" src=\"https:\/\/monikkoperheet.fi\/keski-pohjanmaa\/wp-content\/uploads\/sites\/12\/2025\/12\/Keski-Pohjanmaan-Monikkoperheet-tapahtumakollaasi-2025-1024x576.jpg\" alt=\"\" class=\"wp-image-561\" style=\"width:939px;height:auto\" srcset=\"https:\/\/monikkoperheet.fi\/keski-pohjanmaa\/wp-content\/uploads\/sites\/12\/2025\/12\/Keski-Pohjanmaan-Monikkoperheet-tapahtumakollaasi-2025-1024x576.jpg 1024w, https:\/\/monikkoperheet.fi\/keski-pohjanmaa\/wp-content\/uploads\/sites\/12\/2025\/12\/Keski-Pohjanmaan-Monikkoperheet-tapahtumakollaasi-2025-300x169.jpg 300w, https:\/\/monikkoperheet.fi\/keski-pohjanmaa\/wp-content\/uploads\/sites\/12\/2025\/12\/Keski-Pohjanmaan-Monikkoperheet-tapahtumakollaasi-2025-768x432.jpg 768w, https:\/\/monikkoperheet.fi\/keski-pohjanmaa\/wp-content\/uploads\/sites\/12\/2025\/12\/Keski-Pohjanmaan-Monikkoperheet-tapahtumakollaasi-2025-1200x675.jpg 1200w, https:\/\/monikkoperheet.fi\/keski-pohjanmaa\/wp-content\/uploads\/sites\/12\/2025\/12\/Keski-Pohjanmaan-Monikkoperheet-tapahtumakollaasi-2025.jpg 1280w\" sizes=\"auto, (max-width: 1024px) 100vw, 1024px\" \/><\/figure>\n\n\n\n<p><\/p>\n","protected":false},"excerpt":{"rendered":"<p>Keski-Pohjanmaan Monikkoperheet ry:n tapahtumat Tapahtumatietoja l\u00f6yd\u00e4t yhdistyksen Facebook-sivulta ja Instagramista. Voit tiedustella tapahtumista my\u00f6s s\u00e4hk\u00f6postitse, kpmonikkoperheet@gmail.com<\/p>\n","protected":false},"author":2,"featured_media":0,"parent":0,"menu_order":0,"comment_status":"closed","ping_status":"closed","template":"","meta":{"_acf_changed":false,"footnotes":""},"class_list":["post-114","page","type-page","status-publish","hentry"],"acf":[],"aioseo_notices":[],"_links":{"self":[{"href":"https:\/\/monikkoperheet.fi\/keski-pohjanmaa\/wp-json\/wp\/v2\/pages\/114","targetHints":{"allow":["GET"]}}],"collection":[{"href":"https:\/\/monikkoperheet.fi\/keski-pohjanmaa\/wp-json\/wp\/v2\/pages"}],"about":[{"href":"https:\/\/monikkoperheet.fi\/keski-pohjanmaa\/wp-json\/wp\/v2\/types\/page"}],"author":[{"embeddable":true,"href":"https:\/\/monikkoperheet.fi\/keski-pohjanmaa\/wp-json\/wp\/v2\/users\/2"}],"replies":[{"embeddable":true,"href":"https:\/\/monikkoperheet.fi\/keski-pohjanmaa\/wp-json\/wp\/v2\/comments?post=114"}],"version-history":[{"count":59,"href":"https:\/\/monikkoperheet.fi\/keski-pohjanmaa\/wp-json\/wp\/v2\/pages\/114\/revisions"}],"predecessor-version":[{"id":564,"href":"https:\/\/monikkoperheet.fi\/keski-pohjanmaa\/wp-json\/wp\/v2\/pages\/114\/revisions\/564"}],"wp:attachment":[{"href":"https:\/\/monikkoperheet.fi\/keski-pohjanmaa\/wp-json\/wp\/v2\/media?parent=114"}],"curies":[{"name":"wp","href":"https:\/\/api.w.org\/{rel}","templated":true}]}}