{"id":125,"date":"2021-01-20T13:11:23","date_gmt":"2021-01-20T11:11:23","guid":{"rendered":"https:\/\/monikkoperheet.fi\/keski-pohjanmaa\/?page_id=125"},"modified":"2024-01-06T19:38:15","modified_gmt":"2024-01-06T17:38:15","slug":"tietosuojaseloste","status":"publish","type":"page","link":"https:\/\/monikkoperheet.fi\/keski-pohjanmaa\/tietosuojaseloste\/","title":{"rendered":"Tietosuojaseloste"},"content":{"rendered":"\n<p><strong>KESKI-POHJANMAAN MONIKKOPERHEET RY<\/strong><\/p>\n\n\n\n<p>Laatimisp\u00e4iv\u00e4m\u00e4\u00e4r\u00e4 10.1.2021, p\u00e4ivitetty 6.1.2024<\/p>\n\n\n\n<ol class=\"wp-block-list\" type=\"1\">\n<li>Rekisterinpit\u00e4j\u00e4; Keski-Pohjanmaan Monikkoperheet ry, Kokkola. <a href=\"http:\/\/www.monikkoperheet.fi\/keski-pohjanmaa\">www.monikkoperheet.fi\/keski-pohjanmaa<\/a><\/li>\n\n\n\n<li>Yhteys rekisteri\u00e4 koskevissa asioissa:  kpmonikkoperheet (at) gmail.com<\/li>\n\n\n\n<li>J\u00e4senrekisteri<br> &#8211; Tiedot saadaan esim. nettilomakkeella tai s\u00e4hk\u00f6postiviestill\u00e4.<br>&#8211;  Rekisteri sis\u00e4lt\u00e4\u00e4 seuraavia tietoja: nimi, puolison nimi, postiosoite, s\u00e4hk\u00f6postiosoite, puhelinnumero, monikkolasten syntym\u00e4vuosi tai laskettu aika. Halutessaan j\u00e4seneksi hakeva voi my\u00f6s antaa lis\u00e4tietoa perhetaustasta.<\/li>\n\n\n\n<li>Henkil\u00f6tietojen k\u00e4sittelyn tarkoitus\n<ul class=\"wp-block-list\">\n<li>Henkil\u00f6tietoja k\u00e4ytet\u00e4\u00e4n yhdistyksen j\u00e4senyyden k\u00e4ynnist\u00e4miseksi, tiedottamiseen ja yhteydenpitoon. Tiedot voidaan luovuttaa Suomen Monikkoperheet ry:lle sek\u00e4 heilt\u00e4 edelleen painotalolle Monikkoperheet-lehden postittamista varten. Tietoja s\u00e4ilytet\u00e4\u00e4n niin kauan, kuin henkil\u00f6n j\u00e4senyys on yhdistykseen voimassa.<\/li>\n<\/ul>\n<\/li>\n\n\n\n<li>S\u00e4\u00e4nn\u00f6n mukaiset tietol\u00e4hteet\n<ul class=\"wp-block-list\">\n<li>tietol\u00e4hteen\u00e4 on internetsivujemme liittymislomake tai perheen oma yhteydenotto suoraan yhdistykseen tai Suomen Monikkoperheet ry:n kautta tullut liittymispyynt\u00f6<\/li>\n<\/ul>\n<\/li>\n\n\n\n<li>Tietojen s\u00e4\u00e4nn\u00f6nmukaiset luovutukset\n<ul class=\"wp-block-list\">\n<li>tietoja ei luovuteta ulkopuolisille<\/li>\n\n\n\n<li>j\u00e4senrekisteri on GoogleContacts \u2013palvelussa<\/li>\n<\/ul>\n<\/li>\n\n\n\n<li>Tietojen siirto EU:n tai ETA:n ulkopuolelle\n<ul class=\"wp-block-list\">\n<li>Rekisteriimme ker\u00e4ttyj\u00e4 tietoja ei luovuteta EU:n tai ETA:n ulkopuolelle.<br>K\u00e4yt\u00f6ss\u00e4mme on GoogleDrive \u2013pilvipalvelu ja Gmail-s\u00e4hk\u00f6posti.<\/li>\n<\/ul>\n<\/li>\n\n\n\n<li>Rekisterin suojauksen periaatteet\n<ul class=\"wp-block-list\">\n<li>j\u00e4senrekisterin tiedot ja salasanat ovat vain hallituksen j\u00e4senten tiedossa<\/li>\n<\/ul>\n<\/li>\n\n\n\n<li>Tarkastusoikeus\n<ul class=\"wp-block-list\">\n<li>j\u00e4senill\u00e4 on oikeus tarkistaa j\u00e4senrekisteriin tallennetut tiedot<\/li>\n\n\n\n<li>pyynt\u00f6 tulee tehd\u00e4 osoitteeseen kpmonikkoperheet (at) gmail.com<\/li>\n\n\n\n<li>tietopyynt\u00f6\u00f6n vastataan mahdollisimman pian (max kahden viikon) kuluessa<\/li>\n\n\n\n<li>pyynn\u00f6n esitt\u00e4j\u00e4n tulee pyydett\u00e4ess\u00e4 pysty\u00e4 vahvistamaan henkil\u00f6llisyytens\u00e4 yhdistykselle<\/li>\n<\/ul>\n<\/li>\n\n\n\n<li>Oikeus vaatia tiedon korjaamista\n<ul class=\"wp-block-list\">\n<li>jokaisella on oikeus vaatia esim. j\u00e4senrekisteriss\u00e4 olevan virheellisen henkil\u00f6tiedon korjaamista<\/li>\n\n\n\n<li>pyynt\u00f6 tulee esitt\u00e4\u00e4 s\u00e4hk\u00f6postiosoitteeseen kpmonikkoperheet (at) gmail.com<\/li>\n<\/ul>\n<\/li>\n<\/ol>\n","protected":false},"excerpt":{"rendered":"<p>KESKI-POHJANMAAN MONIKKOPERHEET RY Laatimisp\u00e4iv\u00e4m\u00e4\u00e4r\u00e4 10.1.2021, p\u00e4ivitetty 6.1.2024<\/p>\n","protected":false},"author":2,"featured_media":0,"parent":0,"menu_order":0,"comment_status":"closed","ping_status":"closed","template":"","meta":{"_acf_changed":false,"footnotes":""},"class_list":["post-125","page","type-page","status-publish","hentry"],"acf":[],"aioseo_notices":[],"_links":{"self":[{"href":"https:\/\/monikkoperheet.fi\/keski-pohjanmaa\/wp-json\/wp\/v2\/pages\/125","targetHints":{"allow":["GET"]}}],"collection":[{"href":"https:\/\/monikkoperheet.fi\/keski-pohjanmaa\/wp-json\/wp\/v2\/pages"}],"about":[{"href":"https:\/\/monikkoperheet.fi\/keski-pohjanmaa\/wp-json\/wp\/v2\/types\/page"}],"author":[{"embeddable":true,"href":"https:\/\/monikkoperheet.fi\/keski-pohjanmaa\/wp-json\/wp\/v2\/users\/2"}],"replies":[{"embeddable":true,"href":"https:\/\/monikkoperheet.fi\/keski-pohjanmaa\/wp-json\/wp\/v2\/comments?post=125"}],"version-history":[{"count":7,"href":"https:\/\/monikkoperheet.fi\/keski-pohjanmaa\/wp-json\/wp\/v2\/pages\/125\/revisions"}],"predecessor-version":[{"id":464,"href":"https:\/\/monikkoperheet.fi\/keski-pohjanmaa\/wp-json\/wp\/v2\/pages\/125\/revisions\/464"}],"wp:attachment":[{"href":"https:\/\/monikkoperheet.fi\/keski-pohjanmaa\/wp-json\/wp\/v2\/media?parent=125"}],"curies":[{"name":"wp","href":"https:\/\/api.w.org\/{rel}","templated":true}]}}