{"id":181,"date":"2021-02-27T12:49:16","date_gmt":"2021-02-27T10:49:16","guid":{"rendered":"https:\/\/monikkoperheet.fi\/keski-pohjanmaa\/?page_id=181"},"modified":"2023-02-04T16:21:40","modified_gmt":"2023-02-04T14:21:40","slug":"saannot","status":"publish","type":"page","link":"https:\/\/monikkoperheet.fi\/keski-pohjanmaa\/saannot\/","title":{"rendered":"S\u00e4\u00e4nn\u00f6t"},"content":{"rendered":"\n<p><strong>Keski-Pohjanmaan Monikkoperheet ry<\/strong><br>S\u00e4\u00e4nn\u00f6t hyv\u00e4ksytty tammikuussa 2023.<br><\/p>\n\n\n\n<p>1 YHDISTYKSEN NIMI JA KOTIPAIKKA<br>Yhdistyksen nimi on Keski-Pohjanmaan Monikkoperheet ry. Sen kotipaikka on Kokkola ja toiminta-alue Keski-Pohjanmaa.<\/p>\n\n\n\n<p><br>2 TARKOITUS JA TOIMINTA<br>Yhdistyksen tarkoituksena on toimia monikkoperheiden tukena, j\u00e4rjest\u00e4\u00e4 erilaista toimintaa lapsille, aikuisille ja perheille,<br>neuvoa uusia monikkoperheit\u00e4, ajaa monikkoperheiden etuja sek\u00e4 jakaa tietoa ja tarjota vertaistukea monikkoperheille.<br>Yhdistyksen tarkoituksena ei ole tuottaa voittoa eik\u00e4 taloudellista ansiota toimintaan osallistuville.<br>Toimintansa tukemiseksi yhdistys voi j\u00e4rjest\u00e4\u00e4 arpajaisia, myyj\u00e4isi\u00e4 ja kirpputoreja sek\u00e4 ottaa vastaan lahjoituksia.<\/p>\n\n\n\n<p><br>3 J\u00c4SENYYS<br>Yhdistyksen j\u00e4senet ovat varsinaisia j\u00e4seni\u00e4 tai kannatusj\u00e4seni\u00e4. Varsinaiseksi j\u00e4seneksi voi liitty\u00e4 henkil\u00f6, jolla on monikkolapsia tai joka odottaa monikkolapsia tai joka on itse monikkosisarus. Varsinaisen j\u00e4senen hyv\u00e4ksyy yhdistyksen hallitus. Kannatusj\u00e4seneksi voi liitty\u00e4 kuka tahansa yksityinen henkil\u00f6 tai oikeuskelpoinen yhteis\u00f6, joka hyv\u00e4ksyy yhdistyksen toiminnan ja s\u00e4\u00e4nn\u00f6t ja jonka hallitus hyv\u00e4ksyy j\u00e4seneksi. Kannatusj\u00e4senell\u00e4 ei ole \u00e4\u00e4nivaltaa yhdistyksen kokouksissa.<br>Yhdistyksen j\u00e4senell\u00e4 on oikeus erota yhdistyksest\u00e4 ilmoittamalla siit\u00e4 kirjallisesti hallitukselle tai sen puheenjohtajalle tai<br>ilmoittamalla erosta yhdistyksen kokouksessa p\u00f6yt\u00e4kirjaan merkitt\u00e4v\u00e4ksi. Hallitus voi katsoa eronneeksi j\u00e4senen, joka on<br>j\u00e4tt\u00e4nyt j\u00e4senmaksun maksamatta puolen vuoden kuluttua sen er\u00e4\u00e4ntymisest\u00e4. Hallitus voi erottaa j\u00e4senen yhdistyksest\u00e4, mik\u00e4li t\u00e4m\u00e4 on menettelyll\u00e4\u00e4n yhdistyksess\u00e4 tai sen ulkopuolella huomattavasti vahingoittanut yhdistyst\u00e4.<\/p>\n\n\n\n<p><br>4 J\u00c4SENMAKSU<br>Yhdistys perii varsinaisilta j\u00e4senilt\u00e4 ja kannatusj\u00e4senilt\u00e4 j\u00e4senmaksun. Vuotuisen j\u00e4senmaksun suuruudesta kummallekin ryhm\u00e4lle p\u00e4\u00e4tt\u00e4\u00e4 yhdistyksen vuosikokous.<\/p>\n\n\n\n<p><br>5 HALLITUS<br>Yhdistyksen asioita hoitaa hallitus, johon kuuluu puheenjohtaja sek\u00e4 3-5 muuta j\u00e4sent\u00e4. Hallitus valitsee keskuudestaan<br>varapuheenjohtajan ja sihteerin, ja keskuudestaan tai ulkopuoleltaan rahastonhoitajan sek\u00e4 jakaa tarvittavat muut teht\u00e4v\u00e4t. Hallituksen j\u00e4senten toimikausi on vuosikokousten v\u00e4linen aika. Hallitus kokoontuu puheenjohtajan tai h\u00e4nen estyneen\u00e4 ollessaan varapuheenjohtajan kutsusta. Hallitus on p\u00e4\u00e4t\u00f6svaltainen, kun puheenjohtaja tai varapuheenjohtaja sek\u00e4 v\u00e4hint\u00e4\u00e4n kaksi muuta j\u00e4sent\u00e4 ovat l\u00e4sn\u00e4. Hallitus voi kokoontua my\u00f6s s\u00e4hk\u00f6postitse tai j\u00e4rjest\u00e4\u00e4 puhelin- tai videoneuvottelukokouksen, jos kaikki hallituksen j\u00e4senet siihen suostuvat. <br>\u00c4\u00e4nestykset ratkaistaan yksinkertaisella \u00e4\u00e4ntenenemmist\u00f6ll\u00e4. \u00c4\u00e4nten menness\u00e4 tasan ratkaisee puheenjohtajan \u00e4\u00e4ni lukuun ottamatta henkil\u00f6vaaleja, jotka ratkaistaan arvalla.<br><br>6 YHDISTYKSEN NIMEN KIRJOITTAMINEN<br>Yhdistyksen nimen kirjoittaa hallituksen puheenjohtaja yksin tai varapuheenjohtaja yhdess\u00e4 sihteerin tai rahastonhoitajan kanssa.<\/p>\n\n\n\n<p><br>7 YHDISTYKSEN TILIKAUSI JA TOIMINNANTARKASTUS<br>Yhdistyksen tilikausi on kalenterivuosi. Hallituksen on annettava tilinp\u00e4\u00e4t\u00f6s tarvittavine asiakirjoineen ja toimintakertomus<br>toiminnantarkastajalle viimeist\u00e4\u00e4n nelj\u00e4 viikkoa ennen vuosikokousta. Toiminnantarkastajan tulee antaa kirjallinen lausuntonsa hallitukselle viimeist\u00e4\u00e4n kaksi viikkoa ennen vuosikokousta. Yhdistyksell\u00e4 on toiminnantarkastaja ja varatoiminnantarkastaja.<br>Toiminnantarkastajien toimikausi on kahden vuosikokouksen v\u00e4linen aika.<\/p>\n\n\n\n<p><br>8 YHDISTYKSEN KOKOUKSET<br>Yhdistyksen kokouksia ovat vuosikokous ja ylim\u00e4\u00e4r\u00e4inen kokous. Kokouksen kutsuu koolle hallitus, jonka on toimitettava kokouskutsu kirjallisesti postitetuilla kirjeill\u00e4 tai s\u00e4hk\u00f6postikutsulla j\u00e4senille viimeist\u00e4\u00e4n kaksi viikkoa (14 vrk) ennen kokousta.<br>Yhdistyksen vuosikokous pidet\u00e4\u00e4n hallituksen m\u00e4\u00e4r\u00e4\u00e4m\u00e4n\u00e4 p\u00e4iv\u00e4n\u00e4 helmi-huhtikuussa. Yhdistyksen kokoukseen voidaan osallistua hallituksen tai yhdistyksen kokouksen niin p\u00e4\u00e4tt\u00e4ess\u00e4 my\u00f6s tietoliikenneyhteyden tai muun teknisen apuv\u00e4lineen avulla kokouksen aikana. <br>Yhdistyksen ylim\u00e4\u00e4r\u00e4inen kokous pidet\u00e4\u00e4n, kun yhdistyksen kokous niin p\u00e4\u00e4tt\u00e4\u00e4 tai hallitus katsoo siihen olevan aihetta taikka kun v\u00e4hint\u00e4\u00e4n yksi kymmenesosa yhdistyksen \u00e4\u00e4nioikeutetuista j\u00e4senist\u00e4 sit\u00e4 hallitukselta kirjallisesti vaatii. Yhdistyksen varsinaisella j\u00e4senell\u00e4 on kullakin yksi \u00e4\u00e4ni. Varsinainen j\u00e4sen voi valtuuttaa kirjallisesti perheen toisen varsinaisen j\u00e4senen k\u00e4ytt\u00e4m\u00e4\u00e4n \u00e4\u00e4nioikeuttaan yhdistyksen kokouksessa. Kannatusj\u00e4senell\u00e4 on kokouksessa l\u00e4sn\u00e4olo- ja puheoikeus, mutta ei \u00e4\u00e4nioikeutta. <br>Asiat ratkaistaan yksinkertaisella \u00e4\u00e4ntenenemmist\u00f6ll\u00e4, ellei n\u00e4iss\u00e4 s\u00e4\u00e4nn\u00f6iss\u00e4 ole yksitt\u00e4isen asian osalta toisin m\u00e4\u00e4r\u00e4tty. \u00c4\u00e4nten menness\u00e4 tasan kokouksen puheenjohtajan \u00e4\u00e4ni ratkaisee lukuun<br>ottamatta henkil\u00f6vaaleja, jotka ratkaistaan arvalla.<\/p>\n\n\n\n<p><br>9 VUOSIKOKOUS<br>Vuosikokouksessa on k\u00e4sitelt\u00e4v\u00e4 seuraavat asiat:<\/p>\n\n\n\n<ol class=\"wp-block-list\">\n<li>kokouksen avaus<\/li>\n\n\n\n<li>valitaan kokouksen puheenjohtaja ja sihteeri sek\u00e4 kaksi p\u00f6yt\u00e4kirjantarkastajaa, jotka toimivat tarvittaessa \u00e4\u00e4ntenlaskijoina<\/li>\n\n\n\n<li>todetaan kokouksen laillisuus ja p\u00e4\u00e4t\u00f6svaltaisuus<\/li>\n\n\n\n<li>hyv\u00e4ksyt\u00e4\u00e4n kokouksen ty\u00f6j\u00e4rjestys<\/li>\n\n\n\n<li>k\u00e4sitell\u00e4\u00e4n toimintakertomus, tilinp\u00e4\u00e4t\u00f6s ja toiminnantarkastajan tarkastuskertomus sek\u00e4 p\u00e4\u00e4tet\u00e4\u00e4n tilinp\u00e4\u00e4t\u00f6ksen vahvistamisesta ja vastuuvapauden my\u00f6nt\u00e4misest\u00e4 edellisen tilikauden hallitukselle ja muille tilivelvollisille<\/li>\n\n\n\n<li>vahvistetaan toimintasuunnitelma ja tulo- ja menoarvio sek\u00e4 p\u00e4\u00e4tet\u00e4\u00e4n varsinaisten j\u00e4senten ja kannatusj\u00e4senten seuraavan vuoden j\u00e4senmaksun suuruus<\/li>\n\n\n\n<li>p\u00e4\u00e4tet\u00e4\u00e4n hallituksen j\u00e4senten m\u00e4\u00e4r\u00e4<\/li>\n\n\n\n<li>valitaan hallituksen puheenjohtaja ja muut j\u00e4senet<\/li>\n\n\n\n<li>valitaan toiminnantarkastaja ja varatoiminnantarkastaja<\/li>\n\n\n\n<li>k\u00e4sitell\u00e4\u00e4n muut kokouskutsussa mainitut asiat<br>Mik\u00e4li yhdistyksen j\u00e4sen haluaa saada jonkin asian yhdistyksen vuosikokouksen k\u00e4sitelt\u00e4v\u00e4ksi, on h\u00e4nen ilmoitettava siit\u00e4<br>kirjallisesti hallitukselle niin hyviss\u00e4 ajoin, ett\u00e4 asia voidaan sis\u00e4llytt\u00e4\u00e4 kokouskutsuun.<\/li>\n<\/ol>\n\n\n\n<p>10 S\u00c4\u00c4NT\u00d6JEN MUUTTAMINEN JA YHDISTYKSEN PURKAMINEN<br>S\u00e4\u00e4nt\u00f6jen muuttamisesta ja yhdistyksen purkamisesta on p\u00e4\u00e4tett\u00e4v\u00e4 yhdistyksen kokouksessa kolmen nelj\u00e4sosan \u00e4\u00e4ntenenemmist\u00f6ll\u00e4. S\u00e4\u00e4nt\u00f6jen muuttamisesta tai yhdistyksen purkamisesta on mainittava kokouskutsussa. Jos yhdistys purkautuu, sen varat on k\u00e4ytett\u00e4v\u00e4 yhdistyksen tarkoituksen edist\u00e4miseen yhdistyksen viimeisen kokouksen p\u00e4\u00e4tt\u00e4m\u00e4ll\u00e4 tavalla.<\/p>\n\n\n\n<p><\/p>\n","protected":false},"excerpt":{"rendered":"<p>Keski-Pohjanmaan Monikkoperheet ryS\u00e4\u00e4nn\u00f6t hyv\u00e4ksytty tammikuussa 2023. 1 YHDISTYKSEN NIMI JA KOTIPAIKKAYhdistyksen nimi on Keski-Pohjanmaan Monikkoperheet ry. Sen kotipaikka on Kokkola ja toiminta-alue Keski-Pohjanmaa. 2 TARKOITUS JA TOIMINTAYhdistyksen tarkoituksena on toimia monikkoperheiden tukena, j\u00e4rjest\u00e4\u00e4 erilaista toimintaa lapsille, aikuisille ja perheille,neuvoa uusia monikkoperheit\u00e4, ajaa monikkoperheiden etuja sek\u00e4 jakaa tietoa ja tarjota vertaistukea monikkoperheille.Yhdistyksen tarkoituksena ei ole tuottaa [&hellip;]<\/p>\n","protected":false},"author":10,"featured_media":0,"parent":0,"menu_order":0,"comment_status":"closed","ping_status":"closed","template":"","meta":{"_acf_changed":false,"footnotes":""},"class_list":["post-181","page","type-page","status-publish","hentry"],"acf":[],"aioseo_notices":[],"_links":{"self":[{"href":"https:\/\/monikkoperheet.fi\/keski-pohjanmaa\/wp-json\/wp\/v2\/pages\/181","targetHints":{"allow":["GET"]}}],"collection":[{"href":"https:\/\/monikkoperheet.fi\/keski-pohjanmaa\/wp-json\/wp\/v2\/pages"}],"about":[{"href":"https:\/\/monikkoperheet.fi\/keski-pohjanmaa\/wp-json\/wp\/v2\/types\/page"}],"author":[{"embeddable":true,"href":"https:\/\/monikkoperheet.fi\/keski-pohjanmaa\/wp-json\/wp\/v2\/users\/10"}],"replies":[{"embeddable":true,"href":"https:\/\/monikkoperheet.fi\/keski-pohjanmaa\/wp-json\/wp\/v2\/comments?post=181"}],"version-history":[{"count":7,"href":"https:\/\/monikkoperheet.fi\/keski-pohjanmaa\/wp-json\/wp\/v2\/pages\/181\/revisions"}],"predecessor-version":[{"id":374,"href":"https:\/\/monikkoperheet.fi\/keski-pohjanmaa\/wp-json\/wp\/v2\/pages\/181\/revisions\/374"}],"wp:attachment":[{"href":"https:\/\/monikkoperheet.fi\/keski-pohjanmaa\/wp-json\/wp\/v2\/media?parent=181"}],"curies":[{"name":"wp","href":"https:\/\/api.w.org\/{rel}","templated":true}]}}