{"id":112,"date":"2021-01-15T15:07:03","date_gmt":"2021-01-15T13:07:03","guid":{"rendered":"https:\/\/monikkoperheet.fi\/keski-suomi\/?page_id=112"},"modified":"2026-04-20T23:55:09","modified_gmt":"2026-04-20T20:55:09","slug":"monikkoperhevalmennus","status":"publish","type":"page","link":"https:\/\/monikkoperheet.fi\/keski-suomi\/monikkoperhevalmennus\/","title":{"rendered":"Monikkoperhevalmennus"},"content":{"rendered":"\n<h3 class=\"wp-block-heading\">Yhdistyksemme toiminta-alueella j\u00e4rjestet\u00e4\u00e4n monikkoperhevalmennusta<\/h3>\n\n\n\n<div style=\"height:20px\" aria-hidden=\"true\" class=\"wp-block-spacer\"><\/div>\n\n\n\n<h3 class=\"wp-block-heading\"><strong>Onneksi olkoon, kaksos- tai kolmosodottaja!<\/strong><\/h3>\n\n\n\n<p>El\u00e4m\u00e4ss\u00e4si on alkanut j\u00e4nnitt\u00e4v\u00e4 vaihe. Tulet k\u00e4ym\u00e4\u00e4n neuvolassa ja \u00e4itiyspolilla ultrassa useammin kuin yht\u00e4 lasta odottavat. Kuulet todenn\u00e4k\u00f6isesti p\u00e4ivittelyj\u00e4 ja kauhistelua, mutta toivottavasti my\u00f6s onnitteluja. Useampi lapsi kerralla nimitt\u00e4in on tupla- tai triplaonnenpotku!<\/p>\n\n\n\n<p>Sinulla on varmasti paljon kysymyksi\u00e4. Yksi paikka, josta saat vastauksia, on Keski-Suomen Monikkoperheet ry:n monikkoperhevalmennus. Olet hyviss\u00e4 k\u00e4siss\u00e4, sill\u00e4 valmentajillamme on k\u00e4yt\u00e4nn\u00f6n kokemusta omien kaksostensa tai kolmostensa hoitamisesta ja kasvattamisesta.<\/p>\n\n\n\n<p>Monikkoperhevalmennus on\u202f 4&nbsp;kerran pituinen kokonaisuus. Suosittelemme, ett\u00e4 perheen molemmat vanhemmat osallistuvat valmennukseen ja valmennus k\u00e4yd\u00e4\u00e4n kokonaisuutena. Valmennusryhmi\u00e4 j\u00e4rjestet\u00e4\u00e4n nelj\u00e4 kertaa vuodessa. Yksi valmennusryhm\u00e4 kokoontuu nelj\u00e4 kertaa noin viikon v\u00e4lein, katso tarkemmat p\u00e4iv\u00e4m\u00e4\u00e4r\u00e4t alta. Tapaamiset pidet\u00e4\u00e4n klo 17:30-19:30 <a href=\"https:\/\/www.jyvaskyla.fi\/osallistu\/lahitalot\/piippurannan-klubi\" title=\"\"> <\/a><a href=\"https:\/\/www.hyvaks.fi\/asiointi\/kuokkalan-perhekeskustoiminta\" target=\"_blank\" rel=\"noopener\" title=\"Kuokkalan perhekeskuksella\">Kuokkalan perhekeskuksella<\/a> osoitteessa Polttolinja 9, lukuun ottamatta tutustumisk\u00e4ynti\u00e4 sairaalaan, joka on Keski-Suomen Sairaala Novassa osoitteessa Hoitajantie 3. Sairaalalla oleva k\u00e4ynti on hoitohenkil\u00f6st\u00f6n aikataulujen mukainen.<\/p>\n\n\n\n<p>Valmennukset ovat maksuttomia, etk\u00e4 ole velvoitettu&nbsp;liittym\u00e4\u00e4n yhdistyksen j\u00e4seneksi. Voit toki halutessasi liitty\u00e4, jotta p\u00e4\u00e4set osallistumaan yhdistyksen muihin tapahtumiin. J\u00e4senmaksut mahdollistavat my\u00f6s toimintamme monipuolisuuden, jossa yhten\u00e4 osana ovat my\u00f6s valmennukset.<\/p>\n\n\n\n<h3 class=\"wp-block-heading\">Valmennuksen sis\u00e4lt\u00f6:<\/h3>\n\n\n\n<p>Valmennuskerroilla k\u00e4yd\u00e4\u00e4n l\u00e4pi seuraavia aiheita:<\/p>\n\n\n\n<p><strong>1. Monikkoraskaus\/synnytys<\/strong><\/p>\n\n\n\n<p>Saat tietoa monikkoraskaudesta sek\u00e4 synnytyksest\u00e4 ett\u00e4 niihin liittyvist\u00e4 asioista.<\/p>\n\n\n\n<p><strong>2. Imetys\/pulloruokinta<\/strong><\/p>\n\n\n\n<p>Aiheina ovat muun muassa imetys ja pulloruokinta.<\/p>\n\n\n\n<p><strong>3<\/strong>. <strong>Sairaalavierailu&nbsp;<\/strong><\/p>\n\n\n\n<p>T\u00e4m\u00e4 kerta pidet\u00e4\u00e4n Keski-Suomen Sairaala Novassa. P\u00e4\u00e4set n\u00e4kem\u00e4\u00e4n jo ennen synnytyst\u00e4 sairaalan tiloja sek\u00e4 puhumaan k\u00e4til\u00f6n kanssa sinua mietitytt\u00e4vist\u00e4 asioista. Ajankohta sairaalak\u00e4ynnille varmistuu valmennuskokonaisuuden alettua.<br>Sairaala Nova sijaitsee osoitteessa Hoitajantie 3.<\/p>\n\n\n\n<p><strong>4. Monikkoarki\/vanhemmuus<\/strong><\/p>\n\n\n\n<p>Saat vinkkej\u00e4 monikkoarkeen ja -vanhemmuuteen. Keskustellaan my\u00f6s monikkovanhempien jaksamisesta.<\/p>\n\n\n\n<h3 class=\"wp-block-heading\"><strong>Monikkoperhevalmennukset Jyv\u00e4skyl\u00e4ss\u00e4 2026:<\/strong><\/h3>\n\n\n\n<p>P\u00e4iv\u00e4m\u00e4\u00e4r\u00e4t ovat alustavia, lis\u00e4tietoja saat ilmoittautumisesi yhteydess\u00e4. Tutustuminen sairaalaan on p\u00e4\u00e4osain kolmannella kerralla, sairaalahenkil\u00f6st\u00f6n ty\u00f6vuorojen mukaan ja tarkentuu valmennuskokonaisuuden alettua.<\/p>\n\n\n\n<p><strong>Touko-kes\u00e4kuu:<\/strong>\u00a0\u00a0keskiviikkoisin 20.5., 27.5., (3.6.) ja 10.6.<br><strong>Elo-syyskuu:<\/strong>\u00a0 <br><strong>Marras- joulukuu:<\/strong>\u00a0<\/p>\n\n\n\n<p><\/p>\n\n\n\n<h3 class=\"wp-block-heading\">Ilmoittautumiset ja lis\u00e4tiedot:<\/h3>\n\n\n\n<p>Ilmoittauduthan valmennukseen s\u00e4hk\u00f6postilla&nbsp;<strong><a href=\"mailto:ks.valmennus@gmail.com\">ks.valmennus@gmail.com<\/a><\/strong>. <br>Samasta osoitteesta voit my\u00f6s kysy\u00e4 lis\u00e4tietoja.<br>Monikkoperhevalmennusvastaavana toimii Milla Linnahalme. <\/p>\n\n\n\n<p><br><strong>Tervetuloa mukaan!<\/strong><\/p>\n\n\n\n<p>Jos et pysty osallistumaan n\u00e4ihin valmennuksiin, kannattaa tutustua <a href=\"https:\/\/monikkoperheet.fi\/toiminta\/perhevalmennus\/\" data-type=\"URL\" data-id=\"https:\/\/monikkoperheet.fi\/toiminta\/perhevalmennus\/\">Suomen Monikkoperheet ry:n nettikurssimateriaaliin. <\/a><\/p>\n","protected":false},"excerpt":{"rendered":"<p>Yhdistyksemme toiminta-alueella j\u00e4rjestet\u00e4\u00e4n monikkoperhevalmennusta Onneksi olkoon, kaksos- tai kolmosodottaja! El\u00e4m\u00e4ss\u00e4si on alkanut j\u00e4nnitt\u00e4v\u00e4 vaihe. Tulet k\u00e4ym\u00e4\u00e4n neuvolassa ja \u00e4itiyspolilla ultrassa useammin kuin yht\u00e4 lasta odottavat. Kuulet todenn\u00e4k\u00f6isesti p\u00e4ivittelyj\u00e4 ja kauhistelua, mutta toivottavasti my\u00f6s onnitteluja. Useampi lapsi kerralla nimitt\u00e4in on tupla- tai triplaonnenpotku! Sinulla on varmasti paljon kysymyksi\u00e4. Yksi paikka, josta saat vastauksia, on Keski-Suomen Monikkoperheet [&hellip;]<\/p>\n","protected":false},"author":2,"featured_media":399,"parent":0,"menu_order":0,"comment_status":"closed","ping_status":"closed","template":"templates\/page-narrow.php","meta":{"_acf_changed":false,"footnotes":""},"class_list":["post-112","page","type-page","status-publish","has-post-thumbnail","hentry"],"acf":[],"aioseo_notices":[],"_links":{"self":[{"href":"https:\/\/monikkoperheet.fi\/keski-suomi\/wp-json\/wp\/v2\/pages\/112","targetHints":{"allow":["GET"]}}],"collection":[{"href":"https:\/\/monikkoperheet.fi\/keski-suomi\/wp-json\/wp\/v2\/pages"}],"about":[{"href":"https:\/\/monikkoperheet.fi\/keski-suomi\/wp-json\/wp\/v2\/types\/page"}],"author":[{"embeddable":true,"href":"https:\/\/monikkoperheet.fi\/keski-suomi\/wp-json\/wp\/v2\/users\/2"}],"replies":[{"embeddable":true,"href":"https:\/\/monikkoperheet.fi\/keski-suomi\/wp-json\/wp\/v2\/comments?post=112"}],"version-history":[{"count":44,"href":"https:\/\/monikkoperheet.fi\/keski-suomi\/wp-json\/wp\/v2\/pages\/112\/revisions"}],"predecessor-version":[{"id":476,"href":"https:\/\/monikkoperheet.fi\/keski-suomi\/wp-json\/wp\/v2\/pages\/112\/revisions\/476"}],"wp:featuredmedia":[{"embeddable":true,"href":"https:\/\/monikkoperheet.fi\/keski-suomi\/wp-json\/wp\/v2\/media\/399"}],"wp:attachment":[{"href":"https:\/\/monikkoperheet.fi\/keski-suomi\/wp-json\/wp\/v2\/media?parent=112"}],"curies":[{"name":"wp","href":"https:\/\/api.w.org\/{rel}","templated":true}]}}