{"id":99,"date":"2021-01-15T14:54:31","date_gmt":"2021-01-15T12:54:31","guid":{"rendered":"https:\/\/monikkoperheet.fi\/keski-suomi\/?page_id=99"},"modified":"2026-03-11T19:08:56","modified_gmt":"2026-03-11T17:08:56","slug":"yhteystiedot","status":"publish","type":"page","link":"https:\/\/monikkoperheet.fi\/keski-suomi\/yhteystiedot\/","title":{"rendered":"Yhteystiedot"},"content":{"rendered":"\n<p><strong>Keski-Suomen Monikkoperheet ry toimii t\u00e4ysin vapaaehtoisvoimin. <\/strong><br>Yhdistyksen hallituksen\/vapaaehtoistoimijat tavoitat s\u00e4hk\u00f6postitse.<\/p>\n\n\n\n<div style=\"height:20px\" aria-hidden=\"true\" class=\"wp-block-spacer\"><\/div>\n\n\n\n<div class=\"wp-block-columns is-layout-flex wp-container-core-columns-is-layout-9d6595d7 wp-block-columns-is-layout-flex\">\n<div class=\"wp-block-column is-vertically-aligned-center is-layout-flow wp-block-column-is-layout-flow\"><div class=\"wp-block-image wp-block-image aligncenter size-large is-resized\">\n<figure ><img loading=\"lazy\" decoding=\"async\" width=\"88\" height=\"95\" src=\"https:\/\/monikkoperheet.fi\/keski-suomi\/wp-content\/uploads\/sites\/13\/2021\/01\/otayhteytta.png\" alt=\"\" class=\"wp-image-62\" style=\"aspect-ratio:0.9264173703256936;width:108px;height:auto\" \/><\/figure>\n<\/div><\/div>\n\n\n\n<div class=\"wp-block-column is-layout-flow wp-block-column-is-layout-flow\"><div class=\"wp-block-image is-resized\">\n<figure class=\"aligncenter size-large\"><img loading=\"lazy\" decoding=\"async\" width=\"1024\" height=\"576\" src=\"https:\/\/monikkoperheet.fi\/keski-suomi\/wp-content\/uploads\/sites\/13\/2021\/01\/somelogot-1024x576.jpg\" alt=\"\" class=\"wp-image-132\" style=\"aspect-ratio:1.7778172012489355;width:291px;height:auto\" srcset=\"https:\/\/monikkoperheet.fi\/keski-suomi\/wp-content\/uploads\/sites\/13\/2021\/01\/somelogot-1024x576.jpg 1024w, https:\/\/monikkoperheet.fi\/keski-suomi\/wp-content\/uploads\/sites\/13\/2021\/01\/somelogot-300x169.jpg 300w, https:\/\/monikkoperheet.fi\/keski-suomi\/wp-content\/uploads\/sites\/13\/2021\/01\/somelogot-768x432.jpg 768w, https:\/\/monikkoperheet.fi\/keski-suomi\/wp-content\/uploads\/sites\/13\/2021\/01\/somelogot-1200x675.jpg 1200w, https:\/\/monikkoperheet.fi\/keski-suomi\/wp-content\/uploads\/sites\/13\/2021\/01\/somelogot.jpg 1280w\" sizes=\"auto, (max-width: 1024px) 100vw, 1024px\" \/><\/figure>\n<\/div><\/div>\n<\/div>\n\n\n\n<div class=\"wp-block-columns is-layout-flex wp-container-core-columns-is-layout-9d6595d7 wp-block-columns-is-layout-flex\">\n<div class=\"wp-block-column is-layout-flow wp-block-column-is-layout-flow\">\n<h4 class=\"wp-block-heading\">Yhdistyksen s\u00e4hk\u00f6postiosoitteet:<\/h4>\n\n\n\n<p><strong>Yleiss\u00e4hk\u00f6postiosoite:<\/strong> <a href=\"mailto:ks.monikot@gmail.com\">ks.monikot@gmail.com<\/a><\/p>\n\n\n\n<p><strong>J\u00e4senasiat:<\/strong> <a href=\"mailto:ks.monikot@gmail.com\">ks.monikot@gmail.com<\/a><\/p>\n\n\n\n<p><strong>Monikkoperhevalmennus:<\/strong> <a href=\"mailto:ks.valmennus@gmail.com\" title=\"\">ks.valmennus@gmail.com<\/a><\/p>\n<\/div>\n\n\n\n<div class=\"wp-block-column is-layout-flow wp-block-column-is-layout-flow\">\n<h4 class=\"wp-block-heading\">Yhdistys sosiaalisessa mediassa:<\/h4>\n\n\n\n<p><strong>Facebook: <\/strong> <a href=\"https:\/\/www.facebook.com\/Keski-Suomen-Monikkoperheet-ry-1958388914204786\" data-type=\"URL\" data-id=\"https:\/\/www.facebook.com\/Keski-Suomen-Monikkoperheet-ry-1958388914204786\" target=\"_blank\" rel=\"noreferrer noopener\">Keski-Suomen Monikkoperheet ry<\/a><\/p>\n\n\n\n<p><strong>Facebook:<\/strong> suljettu ryhm\u00e4 <a rel=\"noreferrer noopener\" href=\"https:\/\/www.facebook.com\/groups\/57557214580\" data-type=\"URL\" data-id=\"https:\/\/www.facebook.com\/groups\/57557214580\" target=\"_blank\">Keski-Suomen Monikkoperheet ry<\/a><\/p>\n\n\n\n<p><strong>Instagram: <\/strong><a href=\"https:\/\/www.instagram.com\/keskisuomenmonikkoperheet\/\" title=\"\">keskisuomenmonikkoperheet<\/a><\/p>\n<\/div>\n<\/div>\n\n\n\n<hr class=\"wp-block-separator has-css-opacity\" \/>\n\n\n\n<h4 class=\"wp-block-heading\">Yhdistyksen hallitus 2026:<\/h4>\n\n\n\n<div style=\"height:15px\" aria-hidden=\"true\" class=\"wp-block-spacer\"><\/div>\n\n\n\n<p><strong>Puheenjohtaja:<\/strong> Saija Paakkinen<\/p>\n\n\n\n<p><strong>Varapuheenjohtaja, viestint\u00e4- ja valmennusvastaava:<\/strong> Milla Linnahalme<\/p>\n\n\n\n<p><strong>Sihteeri: <\/strong>Iiris Pohjola<\/p>\n\n\n\n<p><strong>J\u00e4senvastaava:<\/strong> Miitta M\u00e4kel\u00e4<\/p>\n\n\n\n<p><strong>Rahastonhoitaja:<\/strong> Outi Brade<\/p>\n\n\n\n<p><strong>Hallituksen j\u00e4sen:<\/strong> Sinna Norola<\/p>\n\n\n\n<p><em>Yhdistyksen vapaaehtoistoimijat tavoitat yhdistyksen s\u00e4hk\u00f6postiosoitteella.<\/em><\/p>\n\n\n\n<hr class=\"wp-block-separator has-css-opacity\" \/>\n\n\n\n<p><\/p>\n","protected":false},"excerpt":{"rendered":"<p>Keski-Suomen Monikkoperheet ry toimii t\u00e4ysin vapaaehtoisvoimin. Yhdistyksen hallituksen\/vapaaehtoistoimijat tavoitat s\u00e4hk\u00f6postitse. Yhdistyksen s\u00e4hk\u00f6postiosoitteet: Yleiss\u00e4hk\u00f6postiosoite: ks.monikot@gmail.com J\u00e4senasiat: ks.monikot@gmail.com Monikkoperhevalmennus: ks.valmennus@gmail.com Yhdistys sosiaalisessa mediassa: Facebook: Keski-Suomen Monikkoperheet ry Facebook: suljettu ryhm\u00e4 Keski-Suomen Monikkoperheet ry Instagram: keskisuomenmonikkoperheet Yhdistyksen hallitus 2026: Puheenjohtaja: Saija Paakkinen Varapuheenjohtaja, viestint\u00e4- ja valmennusvastaava: Milla Linnahalme Sihteeri: Iiris Pohjola J\u00e4senvastaava: Miitta M\u00e4kel\u00e4 Rahastonhoitaja: Outi Brade Hallituksen [&hellip;]<\/p>\n","protected":false},"author":2,"featured_media":0,"parent":0,"menu_order":0,"comment_status":"closed","ping_status":"closed","template":"","meta":{"_acf_changed":false,"footnotes":""},"class_list":["post-99","page","type-page","status-publish","hentry"],"acf":[],"aioseo_notices":[],"_links":{"self":[{"href":"https:\/\/monikkoperheet.fi\/keski-suomi\/wp-json\/wp\/v2\/pages\/99","targetHints":{"allow":["GET"]}}],"collection":[{"href":"https:\/\/monikkoperheet.fi\/keski-suomi\/wp-json\/wp\/v2\/pages"}],"about":[{"href":"https:\/\/monikkoperheet.fi\/keski-suomi\/wp-json\/wp\/v2\/types\/page"}],"author":[{"embeddable":true,"href":"https:\/\/monikkoperheet.fi\/keski-suomi\/wp-json\/wp\/v2\/users\/2"}],"replies":[{"embeddable":true,"href":"https:\/\/monikkoperheet.fi\/keski-suomi\/wp-json\/wp\/v2\/comments?post=99"}],"version-history":[{"count":28,"href":"https:\/\/monikkoperheet.fi\/keski-suomi\/wp-json\/wp\/v2\/pages\/99\/revisions"}],"predecessor-version":[{"id":464,"href":"https:\/\/monikkoperheet.fi\/keski-suomi\/wp-json\/wp\/v2\/pages\/99\/revisions\/464"}],"wp:attachment":[{"href":"https:\/\/monikkoperheet.fi\/keski-suomi\/wp-json\/wp\/v2\/media?parent=99"}],"curies":[{"name":"wp","href":"https:\/\/api.w.org\/{rel}","templated":true}]}}