{"id":112,"date":"2021-01-15T15:07:03","date_gmt":"2021-01-15T13:07:03","guid":{"rendered":"https:\/\/monikkoperheet.fi\/paijat-hame\/?page_id=112"},"modified":"2026-01-13T16:18:53","modified_gmt":"2026-01-13T14:18:53","slug":"monikkoperhevalmennus","status":"publish","type":"page","link":"https:\/\/monikkoperheet.fi\/paijat-hame\/monikkoperhevalmennus\/","title":{"rendered":"Monikkoperhevalmennus"},"content":{"rendered":"\n<h3 class=\"wp-block-heading\">Yhdistyksemme toiminta-alueella j\u00e4rjestet\u00e4\u00e4n monikkoperhevalmennusta<\/h3>\n\n\n\n<h5 class=\"wp-block-heading\">Kaksoset tai kolmoset tulossa?<\/h5>\n\n\n\n<p>Kahden tai useamman lapsen syntym\u00e4 kerralla on perheelle valtava onni, mutta my\u00f6s erikoinen ja haastava el\u00e4m\u00e4ntilanne. Vauvojen hoitamisesta selviytyminen, oma jaksaminen, taloudelliset asiat, monikkosisarusten keskin\u00e4inen suhde ja suhteet muihin sisaruksiin sek\u00e4 muut kysymykset py\u00f6riv\u00e4t usein tulevien monikkovanhempien mieless\u00e4.<\/p>\n\n\n\n<p>P\u00e4ij\u00e4t-H\u00e4meen Monikkoperheet ry j\u00e4rjest\u00e4\u00e4 kolme kertaa vuodessa monikko-odottajien perhevalmennuksia. Vapaaehtoiset, koulutetut monikkovanhemmat k\u00e4sittelev\u00e4t aihealueita vertaistuellisesta n\u00e4k\u00f6kulmasta. Valmennukseen on tervetullut koko perhe, eik\u00e4 osallistuminen edellyt\u00e4 yhdistyksen j\u00e4senyytt\u00e4.<\/p>\n\n\n\n<h5 class=\"wp-block-heading\">Tulevat monikkoperhevalmennukset<\/h5>\n\n\n\n<p><\/p>\n\n\n\n<p><strong>Torstaina 7.5.2026 klo 17.00-19.00 Perhetuvalla (Kumppanuustalo Fellmannia | Kirkkokatu 27, Lahti | Sis\u00e4\u00e4nk\u00e4ynti Kauppakadun puolelta).<\/strong> Tilaisuudessa on kahvitarjoilu, ilmoitathan my\u00f6s mahdolliset ruoka-ainerajoitukset. Koko perhe on tervetullut mukaan! Ilmoittautumiset <strong>maanantaihin 4.5. menness\u00e4<\/strong> perhevalmennuksen s\u00e4hk\u00f6postiin <a href=\"mailto:phmonikotryvalmennus@gmail.com\">phmonikotryvalmennus@gmail.com<\/a>.<\/p>\n\n\n\n<p>Tervetuloa kaikki tulevat monikkoperheet!<\/p>\n\n\n\n<h5 class=\"wp-block-heading\">Kysy valmennuksista<\/h5>\n\n\n\n<p><strong>Yhteydenotot s\u00e4hk\u00f6postitse:<\/strong>&nbsp;<br><a href=\"mailto:phmonikotryvalmennus@gmail.com\">phmonikotryvalmennus@gmail.com<\/a><\/p>\n\n\n\n<p><\/p>\n","protected":false},"excerpt":{"rendered":"<p>Yhdistyksemme toiminta-alueella j\u00e4rjestet\u00e4\u00e4n monikkoperhevalmennusta Kaksoset tai kolmoset tulossa? Kahden tai useamman lapsen syntym\u00e4 kerralla on perheelle valtava onni, mutta my\u00f6s erikoinen ja haastava el\u00e4m\u00e4ntilanne. Vauvojen hoitamisesta selviytyminen, oma jaksaminen, taloudelliset asiat, monikkosisarusten keskin\u00e4inen suhde ja suhteet muihin sisaruksiin sek\u00e4 muut kysymykset py\u00f6riv\u00e4t usein tulevien monikkovanhempien mieless\u00e4. P\u00e4ij\u00e4t-H\u00e4meen Monikkoperheet ry j\u00e4rjest\u00e4\u00e4 kolme kertaa vuodessa monikko-odottajien perhevalmennuksia. [&hellip;]<\/p>\n","protected":false},"author":2,"featured_media":0,"parent":0,"menu_order":0,"comment_status":"closed","ping_status":"closed","template":"","meta":{"_acf_changed":false,"footnotes":""},"class_list":["post-112","page","type-page","status-publish","hentry"],"acf":[],"aioseo_notices":[],"_links":{"self":[{"href":"https:\/\/monikkoperheet.fi\/paijat-hame\/wp-json\/wp\/v2\/pages\/112","targetHints":{"allow":["GET"]}}],"collection":[{"href":"https:\/\/monikkoperheet.fi\/paijat-hame\/wp-json\/wp\/v2\/pages"}],"about":[{"href":"https:\/\/monikkoperheet.fi\/paijat-hame\/wp-json\/wp\/v2\/types\/page"}],"author":[{"embeddable":true,"href":"https:\/\/monikkoperheet.fi\/paijat-hame\/wp-json\/wp\/v2\/users\/2"}],"replies":[{"embeddable":true,"href":"https:\/\/monikkoperheet.fi\/paijat-hame\/wp-json\/wp\/v2\/comments?post=112"}],"version-history":[{"count":40,"href":"https:\/\/monikkoperheet.fi\/paijat-hame\/wp-json\/wp\/v2\/pages\/112\/revisions"}],"predecessor-version":[{"id":505,"href":"https:\/\/monikkoperheet.fi\/paijat-hame\/wp-json\/wp\/v2\/pages\/112\/revisions\/505"}],"wp:attachment":[{"href":"https:\/\/monikkoperheet.fi\/paijat-hame\/wp-json\/wp\/v2\/media?parent=112"}],"curies":[{"name":"wp","href":"https:\/\/api.w.org\/{rel}","templated":true}]}}