{"id":172,"date":"2021-02-04T12:19:55","date_gmt":"2021-02-04T10:19:55","guid":{"rendered":"https:\/\/monikkoperheet.fi\/paijat-hame\/?page_id=172"},"modified":"2023-09-27T08:11:41","modified_gmt":"2023-09-27T05:11:41","slug":"vuokrattavat-tuotteet","status":"publish","type":"page","link":"https:\/\/monikkoperheet.fi\/paijat-hame\/vuokrattavat-tuotteet\/","title":{"rendered":"Vuokrattavat tuotteet"},"content":{"rendered":"\n<h4 class=\"wp-block-heading\">P\u00e4ij\u00e4t-H\u00e4meen Monikkoperheet ry:ll\u00e4 on vuokrattavana:<\/h4>\n\n\n\n<div style=\"height:34px\" aria-hidden=\"true\" class=\"wp-block-spacer\"><\/div>\n\n\n\n<div class=\"wp-block-columns is-layout-flex wp-container-core-columns-is-layout-9d6595d7 wp-block-columns-is-layout-flex\">\n<div class=\"wp-block-column is-layout-flow wp-block-column-is-layout-flow\" style=\"flex-basis:33.33%\">\n<h5 class=\"wp-block-heading\">Kastemekot<\/h5>\n\n\n\n<p>Kaksi kappaletta kauniita kastemekkoja. <br>Vuokra on 10 euroa \/ pari tai 5 euroa yksitt\u00e4in.<\/p>\n\n\n\n<p>Kysy lis\u00e4\u00e4 s\u00e4hk\u00f6postitse <a href=\"mailto:phmonikotry@gmail.com\">phmonikotry@gmail.com<\/a><\/p>\n<\/div>\n\n\n\n<div class=\"wp-block-column is-layout-flow wp-block-column-is-layout-flow\" style=\"flex-basis:66.66%\">\n<figure class=\"wp-block-image size-large is-resized\"><img loading=\"lazy\" decoding=\"async\" src=\"https:\/\/monikkoperheet.fi\/paijat-hame\/wp-content\/uploads\/sites\/19\/2021\/02\/Kastemekot_Paijat-HameenMonikkoperheetry.jpg\" alt=\"kaksi kastemekkoa \" class=\"wp-image-173\" width=\"383\" height=\"287\"\/><\/figure>\n<\/div>\n<\/div>\n\n\n\n<p><\/p>\n","protected":false},"excerpt":{"rendered":"<p>P\u00e4ij\u00e4t-H\u00e4meen Monikkoperheet ry:ll\u00e4 on vuokrattavana: Kastemekot Kaksi kappaletta kauniita kastemekkoja. Vuokra on 10 euroa \/ pari tai 5 euroa yksitt\u00e4in. Kysy lis\u00e4\u00e4 s\u00e4hk\u00f6postitse phmonikotry@gmail.com<\/p>\n","protected":false},"author":2,"featured_media":0,"parent":0,"menu_order":0,"comment_status":"closed","ping_status":"closed","template":"templates\/page-narrow.php","meta":{"_acf_changed":false,"footnotes":""},"class_list":["post-172","page","type-page","status-publish","hentry"],"acf":[],"aioseo_notices":[],"_links":{"self":[{"href":"https:\/\/monikkoperheet.fi\/paijat-hame\/wp-json\/wp\/v2\/pages\/172","targetHints":{"allow":["GET"]}}],"collection":[{"href":"https:\/\/monikkoperheet.fi\/paijat-hame\/wp-json\/wp\/v2\/pages"}],"about":[{"href":"https:\/\/monikkoperheet.fi\/paijat-hame\/wp-json\/wp\/v2\/types\/page"}],"author":[{"embeddable":true,"href":"https:\/\/monikkoperheet.fi\/paijat-hame\/wp-json\/wp\/v2\/users\/2"}],"replies":[{"embeddable":true,"href":"https:\/\/monikkoperheet.fi\/paijat-hame\/wp-json\/wp\/v2\/comments?post=172"}],"version-history":[{"count":3,"href":"https:\/\/monikkoperheet.fi\/paijat-hame\/wp-json\/wp\/v2\/pages\/172\/revisions"}],"predecessor-version":[{"id":406,"href":"https:\/\/monikkoperheet.fi\/paijat-hame\/wp-json\/wp\/v2\/pages\/172\/revisions\/406"}],"wp:attachment":[{"href":"https:\/\/monikkoperheet.fi\/paijat-hame\/wp-json\/wp\/v2\/media?parent=172"}],"curies":[{"name":"wp","href":"https:\/\/api.w.org\/{rel}","templated":true}]}}