{"id":112,"date":"2025-08-12T21:47:53","date_gmt":"2025-08-12T18:47:53","guid":{"rendered":"https:\/\/monikkoperheet.fi\/pirkanmaa\/?page_id=112"},"modified":"2026-03-22T11:43:27","modified_gmt":"2026-03-22T09:43:27","slug":"monikkoperhevalmennus","status":"publish","type":"page","link":"https:\/\/monikkoperheet.fi\/pirkanmaa\/monikkoperhevalmennus\/","title":{"rendered":"Monikkoperhevalmennus"},"content":{"rendered":"\n<h3 class=\"wp-block-heading\">Yhdistyksemme toiminta-alueella j\u00e4rjestet\u00e4\u00e4n monikkoperhevalmennusta<\/h3>\n\n\n\n<h4 class=\"wp-block-heading\">Pirkanmaan Monikkoperheet ry:n valmennustoiminta<\/h4>\n\n\n\n<p>J\u00e4rjest\u00e4mme monikkoperhevalmennusta perheille, joissa odotetaan kaksosia, kolmosia tai nelosia. Valmennuksia j\u00e4rjestet\u00e4\u00e4n nelj\u00e4 kertaa vuodessa.<br>Valmennukseen on hyv\u00e4 tulla ajoissa, jo raskauden puoliv\u00e4liss\u00e4. Tulevien monikkovalmennuksien p\u00e4iv\u00e4m\u00e4\u00e4r\u00e4t l\u00f6yd\u00e4t alempana t\u00e4lt\u00e4 sivulta.<\/p>\n\n\n\n<p>Valmennuskokonaisuuteen sis\u00e4ltyy kaksi tapaamista, joista ensimm\u00e4isess\u00e4 teemana on monikkoraskaus ja -synnytys sek\u00e4 toisessa monikkoarki. Yhden tapaamiskerran kesto on noin 3 tuntia.<\/p>\n\n\n\n<p>Kun perheeseen tulee kerralla enemm\u00e4n kuin yksi vauva, alkavat toiveet ja todellisuus k\u00e4yd\u00e4 usein uudenlaista vuoropuhelua. Tulevien monikkovanhempien mieless\u00e4 risteilee monenlaisia kysymyksi\u00e4, ajatuksia ja tunteita: iloa, huolta, ihmetyst\u00e4, riemua, h\u00e4mm\u00e4styst\u00e4. Monikkoperhevalmennuksessa kuulet saman kokeneilta,&nbsp;milt\u00e4 monikko-odotus ja arki monikkoperheess\u00e4 tuntuu ja miten siit\u00e4 selvi\u00e4\u00e4. Monikkovalmennuksessa tutustut my\u00f6s muihin monikko-odottajiin, kuulet monikkovanhempien kokemuksia ja saat vertaistukea \u2013 saat tilaisuuden kuunnella, kysell\u00e4 ja keskustella.&nbsp;<\/p>\n\n\n\n<p>Valmennus on maksutonta eik\u00e4 se edellyt\u00e4 yhdistyksen j\u00e4senyytt\u00e4.<\/p>\n\n\n\n<hr class=\"wp-block-separator has-css-opacity\" \/>\n\n\n\n<h4 class=\"wp-block-heading\">Lis\u00e4tiedot ja ilmoittautuminen<\/h4>\n\n\n\n<p>Ilmoittaudu mukaan <a href=\"https:\/\/docs.google.com\/forms\/d\/e\/1FAIpQLSdyu2isib3_zUQmpfzh58CJL7Gk7s2kfP0XwcTHwMuw9oK5EQ\/viewform\" target=\"_blank\" rel=\"noopener\" title=\"ilmoittautumislomake\">t\u00e4ll\u00e4 lomakkeella<\/a>. Lis\u00e4tietoja s\u00e4hk\u00f6postilla&nbsp;<a data-type=\"mailto\" href=\"mailto:monikkoperhevalmennus.pirkanmaa@gmail.com\" target=\"_blank\" rel=\"noreferrer noopener\">monikkoperhevalmennus.pirkanmaa@gmail.com<\/a>.<\/p>\n\n\n<p><!--\u2013 wp:embedpress\/google-forms-block {\"url\":\"https:\/\/docs.google.com\/forms\/d\/e\/1FAIpQLScdkNFkiaV-ZUy2CcffDPL3fKbOtOVgsCPAsyi-uDbXnwhvyA\/viewform?embedded=true\",\"iframeSrc\":\"https:\/\/docs.google.com\/forms\/d\/e\/1FAIpQLScdkNFkiaV-ZUy2CcffDPL3fKbOtOVgsCPAsyi-uDbXnwhvyA\/viewform?embedded=true\"} \u2013--><\/p>\n<figure class=\"wp-block-embedpress-google-forms-block ose-google-docs-forms\"><\/figure>\n<p><!--\u2013 \/wp:embedpress\/google-forms-block \u2013--><\/p>\n\n\n<hr class=\"wp-block-separator has-alpha-channel-opacity\" \/>\n\n\n\n<h4 class=\"wp-block-heading\">Valmennukset vuonna 2026<\/h4>\n\n\n\n<div class=\"wp-block-columns is-layout-flex wp-container-core-columns-is-layout-9d6595d7 wp-block-columns-is-layout-flex\">\n<div class=\"wp-block-column is-layout-flow wp-block-column-is-layout-flow\">\n<p><\/p>\n\n\n\n<p>Helmikuu: 8.2.2026 (osa 1) ja 15.2.2026 (osa 2).<br>Toukokuu: 9.5.2026 (osa 1) ja 18.5.2026 (osa 2).<br>Elokuu:22.8. (osa 1) ja 31.8. (osa 2).<br>Marraskuu: 22.11. (osa 1) ja 29.11. (osa 2).<br><\/p>\n\n\n\n<p><strong>Seuraava valmennus: <\/strong><\/p>\n\n\n\n<p><br>Osa 1 lauantaina 9.5.2026 klo 14-17 ja osa 2 maanantaina 18.5.2026 klo 17-19. Tervetuloa!<\/p>\n\n\n\n<p><br>Lis\u00e4tietoja: monikkoperhevalmennus.pirkanmaa@gmail.com<br><\/p>\n\n\n\n<p><s><br><\/s><\/p>\n<\/div>\n\n\n\n<div class=\"wp-block-column is-layout-flow wp-block-column-is-layout-flow\">\n<figure class=\"wp-block-image size-large is-resized\"><img loading=\"lazy\" decoding=\"async\" width=\"1024\" height=\"1024\" src=\"https:\/\/monikkoperheet.fi\/pirkanmaa\/wp-content\/uploads\/sites\/15\/2025\/01\/Tervetuloa_monikkoperhevalmennukseen_pmpry-2-1024x1024.jpg\" alt=\"\" class=\"wp-image-746\" style=\"width:363px;height:auto\" srcset=\"https:\/\/monikkoperheet.fi\/pirkanmaa\/wp-content\/uploads\/sites\/15\/2025\/01\/Tervetuloa_monikkoperhevalmennukseen_pmpry-2-1024x1024.jpg 1024w, https:\/\/monikkoperheet.fi\/pirkanmaa\/wp-content\/uploads\/sites\/15\/2025\/01\/Tervetuloa_monikkoperhevalmennukseen_pmpry-2-300x300.jpg 300w, https:\/\/monikkoperheet.fi\/pirkanmaa\/wp-content\/uploads\/sites\/15\/2025\/01\/Tervetuloa_monikkoperhevalmennukseen_pmpry-2-550x550.jpg 550w, https:\/\/monikkoperheet.fi\/pirkanmaa\/wp-content\/uploads\/sites\/15\/2025\/01\/Tervetuloa_monikkoperhevalmennukseen_pmpry-2-768x768.jpg 768w, https:\/\/monikkoperheet.fi\/pirkanmaa\/wp-content\/uploads\/sites\/15\/2025\/01\/Tervetuloa_monikkoperhevalmennukseen_pmpry-2-1536x1536.jpg 1536w, https:\/\/monikkoperheet.fi\/pirkanmaa\/wp-content\/uploads\/sites\/15\/2025\/01\/Tervetuloa_monikkoperhevalmennukseen_pmpry-2-160x160.jpg 160w, https:\/\/monikkoperheet.fi\/pirkanmaa\/wp-content\/uploads\/sites\/15\/2025\/01\/Tervetuloa_monikkoperhevalmennukseen_pmpry-2-1200x1200.jpg 1200w, https:\/\/monikkoperheet.fi\/pirkanmaa\/wp-content\/uploads\/sites\/15\/2025\/01\/Tervetuloa_monikkoperhevalmennukseen_pmpry-2.jpg 1654w\" sizes=\"auto, (max-width: 1024px) 100vw, 1024px\" \/><\/figure>\n<\/div>\n<\/div>\n\n\n\n<hr class=\"wp-block-separator has-css-opacity\" \/>\n\n\n\n<p><\/p>\n","protected":false},"excerpt":{"rendered":"<p>Yhdistyksemme toiminta-alueella j\u00e4rjestet\u00e4\u00e4n monikkoperhevalmennusta Pirkanmaan Monikkoperheet ry:n valmennustoiminta J\u00e4rjest\u00e4mme monikkoperhevalmennusta perheille, joissa odotetaan kaksosia, kolmosia tai nelosia. Valmennuksia j\u00e4rjestet\u00e4\u00e4n nelj\u00e4 kertaa vuodessa.Valmennukseen on hyv\u00e4 tulla ajoissa, jo raskauden puoliv\u00e4liss\u00e4. Tulevien monikkovalmennuksien p\u00e4iv\u00e4m\u00e4\u00e4r\u00e4t l\u00f6yd\u00e4t alempana t\u00e4lt\u00e4 sivulta. Valmennuskokonaisuuteen sis\u00e4ltyy kaksi tapaamista, joista ensimm\u00e4isess\u00e4 teemana on monikkoraskaus ja -synnytys sek\u00e4 toisessa monikkoarki. Yhden tapaamiskerran kesto on noin [&hellip;]<\/p>\n","protected":false},"author":2,"featured_media":0,"parent":0,"menu_order":0,"comment_status":"closed","ping_status":"closed","template":"templates\/page-narrow.php","meta":{"_acf_changed":false,"footnotes":""},"class_list":["post-112","page","type-page","status-publish","hentry"],"acf":[],"aioseo_notices":[],"_links":{"self":[{"href":"https:\/\/monikkoperheet.fi\/pirkanmaa\/wp-json\/wp\/v2\/pages\/112","targetHints":{"allow":["GET"]}}],"collection":[{"href":"https:\/\/monikkoperheet.fi\/pirkanmaa\/wp-json\/wp\/v2\/pages"}],"about":[{"href":"https:\/\/monikkoperheet.fi\/pirkanmaa\/wp-json\/wp\/v2\/types\/page"}],"author":[{"embeddable":true,"href":"https:\/\/monikkoperheet.fi\/pirkanmaa\/wp-json\/wp\/v2\/users\/2"}],"replies":[{"embeddable":true,"href":"https:\/\/monikkoperheet.fi\/pirkanmaa\/wp-json\/wp\/v2\/comments?post=112"}],"version-history":[{"count":39,"href":"https:\/\/monikkoperheet.fi\/pirkanmaa\/wp-json\/wp\/v2\/pages\/112\/revisions"}],"predecessor-version":[{"id":849,"href":"https:\/\/monikkoperheet.fi\/pirkanmaa\/wp-json\/wp\/v2\/pages\/112\/revisions\/849"}],"wp:attachment":[{"href":"https:\/\/monikkoperheet.fi\/pirkanmaa\/wp-json\/wp\/v2\/media?parent=112"}],"curies":[{"name":"wp","href":"https:\/\/api.w.org\/{rel}","templated":true}]}}