{"id":114,"date":"2021-01-15T15:07:30","date_gmt":"2021-01-15T13:07:30","guid":{"rendered":"https:\/\/monikkoperheet.fi\/pirkanmaa\/?page_id=114"},"modified":"2022-01-18T15:09:42","modified_gmt":"2022-01-18T13:09:42","slug":"tapahtumat_2021","status":"publish","type":"page","link":"https:\/\/monikkoperheet.fi\/pirkanmaa\/tapahtumat_2021\/","title":{"rendered":"Tapahtumat 2021"},"content":{"rendered":"\n<h3 class=\"wp-block-heading\">Pirkanmaan Monikkoperheet ry:n tapahtumat<\/h3>\n\n\n\n<h4 class=\"wp-block-heading\">2021 TAPAHTUMAKALENTERI<\/h4>\n\n\n\n<div class=\"wp-block-columns is-layout-flex wp-container-core-columns-is-layout-9d6595d7 wp-block-columns-is-layout-flex\">\n<div class=\"wp-block-column is-layout-flow wp-block-column-is-layout-flow\" style=\"flex-basis:100%\">\n<figure class=\"wp-block-table is-style-regular\"><table class=\"has-fixed-layout\"><tbody><tr><th style=\"background-color:#adfeff\"><strong>TAMMIKUU<\/strong><\/th><th style=\"background-color:#adfeff\"><strong>HELMIKUU<\/strong><\/th><th style=\"background-color:#adfeff\"><strong>MAALISKUU<\/strong><\/th><\/tr><tr><td>13.1. Uniluento<\/td><td>2.2. Kaksostenp\u00e4iv\u00e4<\/td><td>3.3. Kolmosten p\u00e4iv\u00e4<\/td><\/tr><tr><td>26.1. Ensiapuluento<\/td><td>2.2. Kaksostenp\u00e4iv\u00e4n webinaari<\/td><td>4.3. Vertaistuki-ilta<\/td><\/tr><tr><td><\/td><td><\/td><td>12.3. Et\u00e4muskari<\/td><\/tr><tr><th style=\"background-color:#adfeff\"><strong>HUHTIKUU<\/strong><\/th><th style=\"background-color:#adfeff\"><strong>TOUKOKUU<\/strong><\/th><th style=\"background-color:#adfeff\"><strong>KES\u00c4KUU<\/strong><\/th><\/tr><tr><td>8.4. Vertaistuki-ilta<\/td><td>16.5. Tunnetaito webinaari<\/td><td>13.6. \u00c4itien ilta<\/td><\/tr><tr><td><\/td><td><\/td><td>20.6. Kes\u00e4retki Niihamaan<\/td><\/tr><tr><td><\/td><td><\/td><td>20.6. ja 21.6. et\u00e4-Valmennus<\/td><\/tr><tr><th style=\"background-color:#adfeff\"><strong>HEIN\u00c4KUU<\/strong><\/th><th style=\"background-color:#adfeff\"><strong>ELOKUU<\/strong><\/th><th style=\"background-color:#adfeff\"><strong>SYYSKUU<\/strong><\/th><\/tr><tr><td><\/td><td>5.8. ja 12.8. et\u00e4-Valmennus<\/td><td><\/td><\/tr><tr><td><\/td><td>29.8. Seikkailupuisto<\/td><td><\/td><\/tr><tr><td><\/td><td><\/td><td><\/td><\/tr><tr><th style=\"background-color:#adfeff\"><strong>LOKAKUU<\/strong><\/th><th style=\"background-color:#adfeff\"><strong>MARRASKUU<\/strong><\/th><th style=\"background-color:#adfeff\"><strong>JOULUKUU<\/strong><\/th><\/tr><tr><td><s>Isien ilta<\/s><\/td><td>5.11. Vaalikokous<\/td><td><\/td><\/tr><tr><td>3.10. ja 4.10. et\u00e4-Valmennus<\/td><td>23.11. ja 30.11. et\u00e4-Valmennus<\/td><td><\/td><\/tr><tr><td>16.10. Et\u00e4taikashow<\/td><td>27.11. Pikkujoulut<\/td><td><\/td><\/tr><\/tbody><\/table><\/figure>\n<\/div>\n<\/div>\n\n\n\n<div style=\"height:13px\" aria-hidden=\"true\" class=\"wp-block-spacer\"><\/div>\n\n\n\n<p><a href=\"https:\/\/monikkoperheet.fi\/pirkanmaa\/tietoa-jasenyydesta\/\">J\u00e4senen\u00e4<\/a> saat tiedon tapahtumista ensimm\u00e4isen\u00e4 s\u00e4hk\u00f6postitse, ja yhdistyksen somessa <a rel=\"noreferrer noopener\" href=\"https:\/\/www.facebook.com\/pirkanmaanmonikkoperheet\/\" target=\"_blank\">Facebookissa<\/a> ja <a rel=\"noreferrer noopener\" href=\"https:\/\/www.instagram.com\/pirkanmaan_monikkoperheet\/\" target=\"_blank\">Intagrammissa<\/a> saat lis\u00e4tietoja.<\/p>\n\n\n\n<div class=\"wp-block-columns is-layout-flex wp-container-core-columns-is-layout-9d6595d7 wp-block-columns-is-layout-flex\">\n<div class=\"wp-block-column is-layout-flow wp-block-column-is-layout-flow\">\n<h4 class=\"wp-block-heading\">Elokuu<\/h4>\n\n\n\n<h5 class=\"wp-block-heading\">Seikkailupuisto<\/h5>\n\n\n\n<p>Yhdistyksemme tarjoaa j\u00e4senilleen mahdollisuuden Flowparkin kiipeilyel\u00e4mykseen Tampereen seikkailupuistossa sunnuntaina 29.8. klo 9-12. Koko puisto on t\u00e4ksi ajaksi varattu vain meid\u00e4n k\u00e4ytt\u00f6\u00f6n. Kiipeilyn hinta on 10\u20ac\/hl\u00f6, joka maksetaan ennakkovarausmaksuna yhdistyksen tilille. <\/p>\n\n\n\n<p>Normaalisti kiipeilyn hinta on 20\u20ac\/27\u20ac, joten nyt p\u00e4\u00e4see edullisesti testaamaan omaa huimap\u00e4isyytt\u00e4\u00e4n! J\u00e4rjest\u00e4mme my\u00f6s pient\u00e4 oheistoimintaa lapsille, jotka eiv\u00e4t rohkene korkeuksiin. Alueelle voi siis tulla katselemaan meininki\u00e4, vaikkei itse rohkenisi radoille. Tai jos vain osa perheest\u00e4 haluaa kiipeill\u00e4, muut voivat kannustaa huimap\u00e4it\u00e4 maankamaralla. Osallistuminen ilman kiipeily\u00e4 on maksuton.<\/p>\n\n\n\n<p>Ilmoittaudu mukaan vastaamalla saamaasi kutsus\u00e4hk\u00f6postiin viimeist\u00e4\u00e4n 15.8.N\u00e4hd\u00e4\u00e4n Flowparkissa, l\u00e4mpim\u00e4sti tervetuloa!<img loading=\"lazy\" decoding=\"async\" height=\"16\" width=\"16\" alt=\"\ud83e\udde1\" src=\"https:\/\/static.xx.fbcdn.net\/images\/emoji.php\/v9\/tfd\/1\/16\/1f9e1.png\"><\/p>\n\n\n\n<h4 class=\"wp-block-heading\">Kes\u00e4kuu<\/h4>\n\n\n\n<h5 class=\"wp-block-heading\">Kes\u00e4retki Niihamaan<\/h5>\n\n\n\n<p>Tervetuloa monikkoperheiden kes\u00e4retkelle sunnuntaina 20.6.2021 klo 15\u201317 Niihaman majalle, Tampereelle.<\/p>\n\n\n\n<p>Tapahtuma j\u00e4rjestet\u00e4\u00e4n yhdistyksen j\u00e4senperheille ja se on osallistujille maksuton.<\/p>\n\n\n\n<p>Tapahtumassa p\u00e4\u00e4set tutustumaan toisiin monikkoperheisiin ja viett\u00e4m\u00e4\u00e4n mukavaa kes\u00e4ist\u00e4 p\u00e4iv\u00e4\u00e4 yhdess\u00e4. Vertaistuen lis\u00e4ksi ohjelmassa on makkaran- ja letunpaistoa nuotiolla sek\u00e4 teht\u00e4v\u00e4rasteja luonnossa kaikenik\u00e4isille.<\/p>\n\n\n\n<p>Ilmoittauduthan mukaan siis mahdollisimman pian, viimeist\u00e4\u00e4n perjantaina 11.6., vastaamalla saamaasi kutsus\u00e4hk\u00f6postiin.<\/p>\n\n\n\n<p>Tervetuloa! <img loading=\"lazy\" decoding=\"async\" height=\"16\" width=\"16\" alt=\"\ud83d\udc9a\" src=\"https:\/\/static.xx.fbcdn.net\/images\/emoji.php\/v9\/t33\/2\/16\/1f49a.png\"><\/p>\n\n\n\n<p>PS. Olisiko sinulla mahdollisuus ja hetki aikaa toimia tapahtumassa vapaaehtoisena? Etsimme tapahtumaan letunpaistajia, jotka voisivat osan tapahtuma-ajasta paistaa lettuja valmiista taikinasta. Kerrothan siis ilmoittautumisen yhteydess\u00e4, jos vapaaehtoisteht\u00e4v\u00e4 kiinnostaa. Kiitos <img loading=\"lazy\" decoding=\"async\" height=\"16\" width=\"16\" alt=\"\u2764\ufe0f\" src=\"https:\/\/static.xx.fbcdn.net\/images\/emoji.php\/v9\/ted\/2\/16\/2764.png\"><\/p>\n\n\n\n<h5 class=\"wp-block-heading\">\u00c4itien hemmottelu<\/h5>\n\n\n\n<p>J\u00e4rjest\u00e4mme monikko\u00e4ideille hemmottelutapahtuman sunnuntaina 13.6. klo 15-17 N\u00e4sinpuistossa Tampereella. <\/p>\n\n\n\n<p>Luvassa on ensin rentouttava ja voimauttava joogatunti, jonka ohjaa H\u00e4meen Naisvoimistelijat ry:n joogaohjaaja Laura Lilja. Sen j\u00e4lkeen rentoudumme yhdess\u00e4 piknik-herkkujen parissa vapaamuotoisesti jutustellen. <\/p>\n\n\n\n<p>Tapahtuma on tarkoitettu yhdistyksen j\u00e4senille, ja se on osallistujille maksuton. <\/p>\n\n\n\n<p>Ilmoittautumisohjeet on l\u00e4hetetty j\u00e4senille s\u00e4hk\u00f6postiin. Mukaan mahtuu 20 ensimm\u00e4ist\u00e4, joten kannattaa olla nopea. <\/p>\n\n\n\n<p>L\u00e4mpim\u00e4sti tervetuloa!<\/p>\n\n\n\n<h4 class=\"wp-block-heading\">Toukokuu<\/h4>\n\n\n\n<h5 class=\"wp-block-heading\">Tunnetaito -webinaari<\/h5>\n\n\n\n<p>Tervetuloa monikkoperheyhdistysten yhteiseen tunnetaito-webinaariin 16.5. klo 16-17.30 Zoomissa!<\/p>\n\n\n\n<p>Webinaarin vet\u00e4\u00e4 kouluttaja Julia P\u00f6yh\u00f6nen, joka on lasten kehitykseen ja vanhempien tukemiseen erikoistunut psykologi (esim. Fanni-, Ympyr\u00e4iset- ja Empatiataiturit-tunnesarjat, Tunnetaitojen k\u00e4sikirja kollega Heidi Livingstonin kanssa). Webinaarin ensimm\u00e4inen 30 minuuttia on suunnattu lapsille, ja j\u00e4lkimm\u00e4inen 60 minuuttia vanhemmille.<\/p>\n\n\n\n<p>Osallistumislinkki ja my\u00f6hemmin tallenne jaetaan yhdistyksen j\u00e4senille s\u00e4hk\u00f6postitse, ennakkoilmoittautumisia ei tarvita.<\/p>\n\n\n\n<h4 class=\"wp-block-heading\">Huhtikuu<\/h4>\n\n\n\n<h5 class=\"wp-block-heading\">Vertaistuki-ilta 8.4.2021<\/h5>\n\n\n\n<p>Tervetuloa Pirkanmaan monikkoperheiden avoimeen keskusteluiltaan to 8.4. klo 17:30!&nbsp;<\/p>\n\n\n\n<p>Ensimm\u00e4inen monikko-odottajille ja monikkovauvaperheille suunnattu keskusteluilta pidettiin maaliskuun alussa, ja sen saaman suosion my\u00f6t\u00e4 jatketaan huhtikuun 8. p\u00e4iv\u00e4n\u00e4 vertaistuellisen keskustelun merkeiss\u00e4. Illan vet\u00e4j\u00e4n\u00e4 toimii tuttuun tapaan doula &amp; sh Mira Niemi @doulannemira <\/p>\n\n\n\n<p>Tilaisuus on avoin kaikille riippumatta yhdistyksen j\u00e4senyydest\u00e4. Paikkoja on rajatusti, joten varaa omasi pian!&nbsp;<\/p>\n\n\n\n<p>Ennakkoilmoittautumiset ma 5.4. klo 23:59 menness\u00e4 osoitteeseen&nbsp;<a href=\"mailto:pirkanmaan.monikkoperheet@gmail.com\" data-type=\"mailto\" data-id=\"mailto:pirkanmaan.monikkoperheet@gmail.com\">pirkanmaan.monikkoperheet@gmail.com<\/a>. Samaan viestiin voit mielell\u00e4\u00e4n liitt\u00e4\u00e4 mahdollisia kysymyksi\u00e4si ja toiveitasi keskustelunaiheista.L\u00e4mpim\u00e4sti tervetuloa niin viime kerralla mukana olleille kuin ensikertalaisillekin!&nbsp;<\/p>\n\n\n\n<h4 class=\"wp-block-heading\">Maaliskuu<\/h4>\n\n\n\n<h5 class=\"wp-block-heading\">Monikkoperheiden kansallinen et\u00e4muskarip\u00e4iv\u00e4 12.3.2021<\/h5>\n\n\n\n<p>Monikkoyhdistysten yhteinen muskarip\u00e4iv\u00e4 on t\u00e4\u00e4ll\u00e4! \ud83d\ude03\ud83c\udf89\ud83c\udfb6\ud83c\udfb8<\/p>\n\n\n\n<p>Muskarifiiliksi\u00e4 saa mielell\u00e4\u00e4n jakaa sosiaalisessa mediassa&nbsp;<a href=\"https:\/\/www.instagram.com\/explore\/tags\/monikotmuskarissa\/\">#monikotmuskarissa<\/a>&nbsp;ja voit my\u00f6s k\u00e4ytt\u00e4\u00e4&nbsp;<a href=\"https:\/\/www.instagram.com\/explore\/tags\/pirkanmaanmonikkoperheet\/\">#pirkanmaanmonikkoperheet<\/a>&nbsp;ja&nbsp;<a href=\"https:\/\/www.instagram.com\/explore\/tags\/liikkuvalaulureppu\/\">#liikkuvalaulureppu<\/a><\/p>\n\n\n\n<p>J\u00e4senille on l\u00e4hetetty linkit muskareihin s\u00e4hk\u00f6postiin. Ne ovat voimassa toukokuun loppuun.<\/p>\n\n\n\n<p>Tule mukaan monikoiden yhteiseen muskariin!<\/p>\n\n\n\n<h5 class=\"wp-block-heading\">Vertaistuki-ilta 4.3.2021<\/h5>\n\n\n\n<p>Avoin keskusteluilta monikko-odottajille ja monikkovauvojen vanhemmille. <\/p>\n\n\n\n<p>Kovasti kysytty vertaistuellinen ilta j\u00e4rjestet\u00e4\u00e4n et\u00e4yhteyksin Zoomissa torstaina 4.3.2021 klo 17.30 \u2013 19.00. Tarjolla on tutustumista, vastauksia mielt\u00e4 askarruttaviin kysymyksiin monikkovanhemmuudesta, sek\u00e4 ennen kaikkea vertaistukea. Illan vet\u00e4j\u00e4n\u00e4 toimii ammattidoula, sairaanhoitaja Mira Niemi. Paikalla my\u00f6s Pirkanmaan yhdistyksen konkareita jakamassa kokemuksiaan.<\/p>\n\n\n\n<p>Tilaisuus on avoin kaikille monikkovauvaperheille riippumatta yhdistyksen j\u00e4senyydest\u00e4. Mukaan mahtuu rajattu m\u00e4\u00e4r\u00e4 osallistujia, joten toimi nopeasti \u2013 ja vinkkaa tutuillekin!<\/p>\n\n\n\n<p>Ennakkoilmoittautumiset sunnuntaihin 28.2.2021 klo 23:59 menness\u00e4 osoitteeseen <a href=\"mailto:pirkanmaan.monikkoperheet@gmail.com\">pirkanmaan.monikkoperheet@gmail.com<\/a>. <br>Liit\u00e4th\u00e4n ilmoittautumisen yhteyteen mahdolliset kysymykset \/ toiveet puheenaiheista.<\/p>\n\n\n\n<p><strong>L\u00e4mpim\u00e4sti tervetuloa!<\/strong><\/p>\n\n\n\n<h4 class=\"wp-block-heading\">Helmikuu<\/h4>\n\n\n\n<h5 class=\"wp-block-heading\">Kaksosten p\u00e4iv\u00e4n kuvakisa 21.1.-2.2.2021<\/h5>\n\n\n\n<p>Tiistaina 2.2. vietet\u00e4\u00e4n Kaksosten p\u00e4iv\u00e4\u00e4! <\/p>\n\n\n\n<p>Koronatilanteen vuoksi l\u00e4hitapahtumia ei voida j\u00e4rjest\u00e4\u00e4, joten Pirkanmaan monikkoperheet juhlistaa kaksosia t\u00e4n\u00e4 vuonna iloisella kuvakampanjalla.<\/p>\n\n\n\n<p>L\u00e4het\u00e4 terveisi\u00e4 toisiin monikkoperheisiin ja julkaise kuva monikkolapsistasi Facebookissa tai Instagramissa 2.2. menness\u00e4 tunnisteella&nbsp;<a href=\"https:\/\/www.instagram.com\/explore\/tags\/pmp_kaksostenpaiva\/\">#pmp_kaksostenpaiva<\/a>&nbsp;tai l\u00e4het\u00e4 kuvasi osoitteeseen <a href=\"mailto:pirkanmaan.monikkoperheet@gmail.com\">pirkanmaan.monikkoperheet@gmail.com<\/a> niin osallistut kahden S\u00e4rk\u00e4nniemi-rannekkeen arvontaan. <\/p>\n\n\n\n<p>Yhdistys voi jakaa tunnisteella julkaistuja kuvia sosiaalisessa mediassa tai viestinn\u00e4ss\u00e4. Eth\u00e4n siis julkaise kuvia, jos et halua niit\u00e4 jaettavan yhdistyksen somessa. Arvonta on tarkoitettu yhdistyksen j\u00e4senille ja liput arvotaan 7.2.<\/p>\n\n\n\n<p><a rel=\"noreferrer noopener\" href=\"https:\/\/www.facebook.com\/pirkanmaanmonikkoperheet\/\" data-type=\"URL\" data-id=\"https:\/\/www.facebook.com\/pirkanmaanmonikkoperheet\/\" target=\"_blank\">Yhdistyksen&nbsp;Facebook-sivu<\/a> <a rel=\"noreferrer noopener\" href=\"https:\/\/www.facebook.com\/pirkanmaanmonikkoperheet\/\" data-type=\"URL\" data-id=\"https:\/\/www.facebook.com\/pirkanmaanmonikkoperheet\/\" target=\"_blank\"><\/a><\/p>\n\n\n\n<p>Tervetuloa kisaan mukaan ja kaikille onnea arvontaan!<\/p>\n\n\n\n<h4 class=\"wp-block-heading\">Tammikuu<\/h4>\n\n\n\n<h5 class=\"wp-block-heading\">Ensiapuluento 26.1.2021<\/h5>\n\n\n\n<p>Punaisen Ristin ensiapukouluttajan luento lasten tapaturmien ensiavusta 26.1.. Webinaari j\u00e4rjestet\u00e4\u00e4n Teamsin kautta. <\/p>\n\n\n\n<p>Mukaan mahtuu 20 osallistujaa, mutta mahdollisuutta tallenteeseen selvitet\u00e4\u00e4n. Pyyd\u00e4mme ilmoittautumisia s\u00e4hk\u00f6postilla ke 20.1. menness\u00e4. Tapahtuman rajallisen osallistujam\u00e4\u00e4r\u00e4n vuoksi kannattaa ilmoittautua nopeasti ja esteen sattuessa hoitaa my\u00f6s peruutus mahdollisimman pian.<\/p>\n\n\n\n<h5 class=\"wp-block-heading\">Uniluento 13.1.2021<\/h5>\n\n\n\n<p>Uniohjaaja Teija Kautto (<a rel=\"noreferrer noopener\" href=\"http:\/\/www.uneksija.fi\/\" target=\"_blank\">www.uneksija.fi<\/a>) pit\u00e4\u00e4 luennon ja keskustelutilaisuuden monikkoperheiden uniongelmista. H\u00e4nen koulutukseensa on sis\u00e4ltynyt my\u00f6s monikkolapsille ominaiset uniongelmat ja h\u00e4n on lis\u00e4ksi ty\u00f6ss\u00e4\u00e4n ohjannut kaksosperheit\u00e4. <\/p>\n\n\n\n<p>Painopiste t\u00e4ss\u00e4 luennossa on yli puolivuotiaiden lasten uniongelmissa ja niiden ratkaisussa erilaisin metodein. Noin tunnin kest\u00e4v\u00e4n luento-osuuden p\u00e4\u00e4tteeksi Teija k\u00e4y l\u00e4pi osallistujien etuk\u00e4teen l\u00e4hett\u00e4mi\u00e4 ja luennon aikana mieleen nousseita kysymyksi\u00e4. Tapahtuma loppuu klo 19.30 menness\u00e4, ja se toteutetaan Google Meetin kautta. Pyyd\u00e4mme ilmoittautumisia ja mahdollisia kysymyksi\u00e4 sek\u00e4 aihetoiveita to 7.1. menness\u00e4. Voit laittaa meille toiveen my\u00f6s, jos haluaisit vastaavan tilaisuuden pikkuvauvojen (alle 6 kk) uniongelmista.<\/p>\n<\/div>\n<\/div>\n\n\n\n<hr class=\"wp-block-separator\" \/>\n\n\n\n<p><strong>Kysy tapahtumista:<\/strong> <a href=\"mailto:yhdistys@monikkoperheet.net\">pirkanmaan.monikkoperheet@gmail.com<\/a><br>Seuraa ilmoittelua my\u00f6s Facebook-sivullamme <a rel=\"noreferrer noopener\" href=\"https:\/\/www.facebook.com\/pirkanmaanmonikkoperheet\" data-type=\"URL\" data-id=\"https:\/\/www.facebook.com\/pirkanmaanmonikkoperheet\" target=\"_blank\">Pirkanmaan Monikkoperheet ry<\/a><\/p>\n","protected":false},"excerpt":{"rendered":"<p>Pirkanmaan Monikkoperheet ry:n tapahtumat 2021 TAPAHTUMAKALENTERI TAMMIKUU HELMIKUU MAALISKUU 13.1. Uniluento 2.2. Kaksostenp\u00e4iv\u00e4 3.3. Kolmosten p\u00e4iv\u00e4 26.1. Ensiapuluento 2.2. Kaksostenp\u00e4iv\u00e4n webinaari 4.3. Vertaistuki-ilta 12.3. Et\u00e4muskari HUHTIKUU TOUKOKUU KES\u00c4KUU 8.4. Vertaistuki-ilta 16.5. Tunnetaito webinaari 13.6. \u00c4itien ilta 20.6. Kes\u00e4retki Niihamaan 20.6. ja 21.6. et\u00e4-Valmennus HEIN\u00c4KUU ELOKUU SYYSKUU 5.8. ja 12.8. et\u00e4-Valmennus 29.8. Seikkailupuisto LOKAKUU MARRASKUU JOULUKUU [&hellip;]<\/p>\n","protected":false},"author":12,"featured_media":0,"parent":0,"menu_order":0,"comment_status":"closed","ping_status":"closed","template":"","meta":{"_acf_changed":false,"footnotes":""},"class_list":["post-114","page","type-page","status-publish","hentry"],"acf":[],"aioseo_notices":[],"_links":{"self":[{"href":"https:\/\/monikkoperheet.fi\/pirkanmaa\/wp-json\/wp\/v2\/pages\/114","targetHints":{"allow":["GET"]}}],"collection":[{"href":"https:\/\/monikkoperheet.fi\/pirkanmaa\/wp-json\/wp\/v2\/pages"}],"about":[{"href":"https:\/\/monikkoperheet.fi\/pirkanmaa\/wp-json\/wp\/v2\/types\/page"}],"author":[{"embeddable":true,"href":"https:\/\/monikkoperheet.fi\/pirkanmaa\/wp-json\/wp\/v2\/users\/12"}],"replies":[{"embeddable":true,"href":"https:\/\/monikkoperheet.fi\/pirkanmaa\/wp-json\/wp\/v2\/comments?post=114"}],"version-history":[{"count":27,"href":"https:\/\/monikkoperheet.fi\/pirkanmaa\/wp-json\/wp\/v2\/pages\/114\/revisions"}],"predecessor-version":[{"id":358,"href":"https:\/\/monikkoperheet.fi\/pirkanmaa\/wp-json\/wp\/v2\/pages\/114\/revisions\/358"}],"wp:attachment":[{"href":"https:\/\/monikkoperheet.fi\/pirkanmaa\/wp-json\/wp\/v2\/media?parent=114"}],"curies":[{"name":"wp","href":"https:\/\/api.w.org\/{rel}","templated":true}]}}