{"id":116,"date":"2025-10-15T09:53:05","date_gmt":"2025-10-15T06:53:05","guid":{"rendered":"https:\/\/monikkoperheet.fi\/pirkanmaa\/?page_id=116"},"modified":"2025-10-15T10:31:41","modified_gmt":"2025-10-15T07:31:41","slug":"vapaaehtoiseksi","status":"publish","type":"page","link":"https:\/\/monikkoperheet.fi\/pirkanmaa\/vapaaehtoiseksi\/","title":{"rendered":"Vapaaehtoiseksi"},"content":{"rendered":"\n<div class=\"wp-block-columns is-layout-flex wp-container-core-columns-is-layout-9d6595d7 wp-block-columns-is-layout-flex\">\n<div class=\"wp-block-column is-layout-flow wp-block-column-is-layout-flow\">\n<h5 class=\"wp-block-heading\">Haluatko merkityksellisen harrastuksen?<\/h5>\n\n\n\n<p>Yhdistyksemme toimii t\u00e4ysin vapaaehtoisvoimin. Sinullakin on mahdollisuus tulla mukaan yhdistyksemme toimintaan. Vapaaehtoisena toimiminen on yhteis\u00f6llist\u00e4 ja antoisaa. Pienikin panos yhteisen hyv\u00e4n eteen on merkityksellinen.<\/p>\n\n\n\n<h5 class=\"wp-block-heading\">Esimerkkej\u00e4 vapaaehtoisteht\u00e4vist\u00e4<\/h5>\n\n\n\n<h6 class=\"wp-block-heading\"><strong>Monikkoperhevalmentaja\/ vertaisohjaaja<\/strong><\/h6>\n\n\n\n<p>Monikkoperhevalmennus on monen ensikosketus monikkoyhdistystoimintaan. Valmennus tarjoaa oivallisen paikan tavata muita monikkovanhempia. Valmentajat toimivat t\u00e4rke\u00e4ss\u00e4 roolissa niin monikkoarjen kokemustiedon kertojana kuin tulevien monikkovanhempien tukijana. Valmentajana\/vertaisohjaajana toimiminen on antoisaa ja \u00e4\u00e4rimm\u00e4isen t\u00e4rke\u00e4\u00e4.<\/p>\n\n\n\n<h6 class=\"wp-block-heading\"><strong><strong>Hallituksen j\u00e4sen<\/strong><\/strong><\/h6>\n\n\n\n<p>Jokainen virallinen yhdistys tarvitsee hallituksen toimiakseen. Hallitus koostuu vapaaehtoisista, joilla on yhteinen intressi tarjota monikkoperheille vertaistukea omalla alueellaan. Hallituksessa voi toimia j\u00e4senen\u00e4 omien taitojensa mukaan \u2013 teht\u00e4v\u00e4t jaetaan hallituslaisten kesken vuosittain. Sinun ei siis tarvitse olla yhdistysasioiden tiet\u00e4j\u00e4 tai moniosaaja. Roolisi voi olla esim. sosiaalisen median julkaisija, tiedottaja, sihteeri, rahastonhoitaja tai tapahtumien suunnittelija ja toteuttaja. Hallitus tarvitsee toimiakseen my\u00f6s puheenjohtajan, jonka pesti on erityisen t\u00e4rke\u00e4. H\u00e4n luotsaa yhdistyst\u00e4 ja pit\u00e4\u00e4 huolen siit\u00e4, ett\u00e4 yhdistys toimii yhdistyslain puitteissa.<\/p>\n\n\n\n<p>Hallitus hoitaa yhdistyksen asioita ja johtaa sen toimintaa, eli mm. suunnittelee ja j\u00e4rjest\u00e4\u00e4 tapahtumia. Hallitus kokoontuu puheenjohtajan johdolla noin 6-8 kertaa vuodessa (et\u00e4n\u00e4 tai liven\u00e4). Vaalikokouksessa valitaan yhdistykselle puheenjohtaja ja lis\u00e4ksi 3-7 varsinaista j\u00e4sent\u00e4 ja 1-5 varaj\u00e4sent\u00e4. Hallitus valitsee keskuudestaan varapuheenjohtajan sek\u00e4 nime\u00e4\u00e4 mm. sihteerin ja rahastonhoitajan. Muita vastuualueita ovat esimerkiksi tapahtumat, viestint\u00e4, j\u00e4senrekisteri, nettisivut ja some. Hallituksen j\u00e4senen\u00e4 voi toimia kuka tahansa yhdistyksen j\u00e4sen. Aiempaa kokemusta yhdistystoiminnasta tai muuta erityisosaamista ei tarvita, uudet henkil\u00f6t saavat perehdytyksen toimintaan, ja tukea on tarjolla my\u00f6s kattoj\u00e4rjest\u00f6st\u00e4. Hallitus valitaan kalenterivuodeksi kerrallaan.<\/p>\n\n\n\n<h6 class=\"wp-block-heading\"><strong><strong>Hallituksen varaj\u00e4sen<\/strong><\/strong><\/h6>\n\n\n\n<p>Yhdistyksemme hallituksen varaj\u00e4senet ovat tervetulleita hallituksen kokouksiin.&nbsp; Varaj\u00e4senill\u00e4 ei yleens\u00e4 ole nimetty\u00e4 vastuuteht\u00e4v\u00e4\u00e4, mutta he voivat ilmoittautua tekem\u00e4\u00e4n \u201dirtonaisia teht\u00e4vi\u00e4\u201d, jotka liittyv\u00e4t esimerkiksi tapahtuman j\u00e4rjest\u00e4miseen, sosiaalisen median tai verkkosivujen p\u00e4ivitt\u00e4miseen.<\/p>\n\n\n\n<h6 class=\"wp-block-heading\"><strong><strong><strong>Tapahtumien avustaja<\/strong><\/strong><\/strong><\/h6>\n\n\n\n<p>Tapahtumien j\u00e4rjest\u00e4minen vaatii niin suunnittelijoita kuin toteuttajiakin. Jos sinulla on idea jostakin mukavasta tapahtumasta, mink\u00e4 voisimme j\u00e4rjest\u00e4\u00e4 j\u00e4senillemme, anna vinkki\u00e4! Voit itse osallistua tapahtuman j\u00e4rjest\u00e4miseen haluamallasi tavalla. Voit my\u00f6s ilmoittautua mink\u00e4 tahansa tapahtuman apuk\u00e4siksi ilman, ett\u00e4 sitoudut muihin yhdistyksen tapahtumiin tai teht\u00e4viin. Tapahtumissa voidaan tarvita esim. kahvinkeitt\u00e4j\u00e4\u00e4, letunpaistajaa tai vaikkapa joulupukkia.<\/p>\n\n\n\n<h5 class=\"wp-block-heading\"><strong><strong><strong>Kiinnostuitko?<\/strong><\/strong><\/strong><\/h5>\n\n\n\n<p id=\"block-c17d03d5-d057-4cba-b6fb-7f71cf01ffcd\">Tavoitat meid\u00e4t s\u00e4hk\u00f6postilla<a data-type=\"mailto\" data-id=\"mailto:pirkanmaan.monikkoperheet@gmail.com\" href=\"mailto:pirkanmaan.monikkoperheet@gmail.com\"> pirkanmaan.monikkoperheet@gmail.com<\/a> tai sosiaalisen median pikaviestimien kautta. Voit my\u00f6s ilmoittautua mukaan lomakkeen kautta: https:\/\/forms.gle\/9qndamEJpYG4toY58. Olemme sinuun yhteydess\u00e4 mahdollisimman pian.<\/p>\n<\/div>\n\n\n\n<div class=\"wp-block-column is-layout-flow wp-block-column-is-layout-flow\">\n<figure class=\"wp-block-image size-full is-resized\"><img loading=\"lazy\" decoding=\"async\" width=\"800\" height=\"1000\" src=\"https:\/\/monikkoperheet.fi\/pirkanmaa\/wp-content\/uploads\/sites\/15\/2023\/08\/Yhdistysten-vapaaaehtoiseksi-sivuille.jpg\" alt=\"\" class=\"wp-image-579\" style=\"width:600px;height:750px\" srcset=\"https:\/\/monikkoperheet.fi\/pirkanmaa\/wp-content\/uploads\/sites\/15\/2023\/08\/Yhdistysten-vapaaaehtoiseksi-sivuille.jpg 800w, https:\/\/monikkoperheet.fi\/pirkanmaa\/wp-content\/uploads\/sites\/15\/2023\/08\/Yhdistysten-vapaaaehtoiseksi-sivuille-240x300.jpg 240w, https:\/\/monikkoperheet.fi\/pirkanmaa\/wp-content\/uploads\/sites\/15\/2023\/08\/Yhdistysten-vapaaaehtoiseksi-sivuille-768x960.jpg 768w\" sizes=\"auto, (max-width: 800px) 100vw, 800px\" \/><\/figure>\n<\/div>\n<\/div>\n\n\n\n<p><\/p>\n","protected":false},"excerpt":{"rendered":"<p>Haluatko merkityksellisen harrastuksen? Yhdistyksemme toimii t\u00e4ysin vapaaehtoisvoimin. Sinullakin on mahdollisuus tulla mukaan yhdistyksemme toimintaan. Vapaaehtoisena toimiminen on yhteis\u00f6llist\u00e4 ja antoisaa. Pienikin panos yhteisen hyv\u00e4n eteen on merkityksellinen. Esimerkkej\u00e4 vapaaehtoisteht\u00e4vist\u00e4 Monikkoperhevalmentaja\/ vertaisohjaaja Monikkoperhevalmennus on monen ensikosketus monikkoyhdistystoimintaan. Valmennus tarjoaa oivallisen paikan tavata muita monikkovanhempia. Valmentajat toimivat t\u00e4rke\u00e4ss\u00e4 roolissa niin monikkoarjen kokemustiedon kertojana kuin tulevien monikkovanhempien tukijana. [&hellip;]<\/p>\n","protected":false},"author":2,"featured_media":578,"parent":0,"menu_order":0,"comment_status":"closed","ping_status":"closed","template":"","meta":{"_acf_changed":false,"footnotes":""},"class_list":["post-116","page","type-page","status-publish","has-post-thumbnail","hentry"],"acf":[],"aioseo_notices":[],"_links":{"self":[{"href":"https:\/\/monikkoperheet.fi\/pirkanmaa\/wp-json\/wp\/v2\/pages\/116","targetHints":{"allow":["GET"]}}],"collection":[{"href":"https:\/\/monikkoperheet.fi\/pirkanmaa\/wp-json\/wp\/v2\/pages"}],"about":[{"href":"https:\/\/monikkoperheet.fi\/pirkanmaa\/wp-json\/wp\/v2\/types\/page"}],"author":[{"embeddable":true,"href":"https:\/\/monikkoperheet.fi\/pirkanmaa\/wp-json\/wp\/v2\/users\/2"}],"replies":[{"embeddable":true,"href":"https:\/\/monikkoperheet.fi\/pirkanmaa\/wp-json\/wp\/v2\/comments?post=116"}],"version-history":[{"count":10,"href":"https:\/\/monikkoperheet.fi\/pirkanmaa\/wp-json\/wp\/v2\/pages\/116\/revisions"}],"predecessor-version":[{"id":817,"href":"https:\/\/monikkoperheet.fi\/pirkanmaa\/wp-json\/wp\/v2\/pages\/116\/revisions\/817"}],"wp:featuredmedia":[{"embeddable":true,"href":"https:\/\/monikkoperheet.fi\/pirkanmaa\/wp-json\/wp\/v2\/media\/578"}],"wp:attachment":[{"href":"https:\/\/monikkoperheet.fi\/pirkanmaa\/wp-json\/wp\/v2\/media?parent=116"}],"curies":[{"name":"wp","href":"https:\/\/api.w.org\/{rel}","templated":true}]}}