{"id":125,"date":"2021-01-20T13:11:23","date_gmt":"2021-01-20T11:11:23","guid":{"rendered":"https:\/\/monikkoperheet.fi\/pirkanmaa\/?page_id=125"},"modified":"2025-08-12T21:59:46","modified_gmt":"2025-08-12T18:59:46","slug":"tietosuojaseloste","status":"publish","type":"page","link":"https:\/\/monikkoperheet.fi\/pirkanmaa\/tietosuojaseloste\/","title":{"rendered":"Tietosuojaseloste"},"content":{"rendered":"\n<h2 class=\"wp-block-heading\">1 Rekisterinpit\u00e4j\u00e4 ja yhteyshenkil\u00f6&nbsp;<\/h2>\n\n\n\n<p>Pirkanmaan monikkoperheet ry&nbsp;<\/p>\n\n\n\n<p>Yhteyshenkil\u00f6 rekisteri\u00e4 koskevissa asioissa:&nbsp;&nbsp;<\/p>\n\n\n\n<p>Yhdistyksen puheenjohtaja ja varapuheenjohtaja<\/p>\n\n\n\n<p>pirkanmaan.monikkoperheet+j\u00e4senet@gmail.com, pirkanmaan.monikkoperheet@gmail.com<\/p>\n\n\n\n<p>www.monikkoperheet.fi\/pirkanmaa<\/p>\n\n\n\n<h2 class=\"wp-block-heading\">2 Rekisterit&nbsp;<\/h2>\n\n\n\n<p>Pirkanmaan monikkoperheet ry:n j\u00e4senrekisteri&nbsp;<\/p>\n\n\n\n<p>Pirkanmaan monkkoperheet ry:n tapahtumiin\/toimintaan ilmoittautuneiden rekisteri&nbsp;<\/p>\n\n\n\n<h2 class=\"wp-block-heading\">3 Rekister\u00f6idyt eli j\u00e4senet&nbsp;<\/h2>\n\n\n\n<p>Rekisteriss\u00e4 k\u00e4sitell\u00e4\u00e4n Pirkanmaan monikkoperheet ry:n varsinaisiksi tai kannatusj\u00e4seniksi hyv\u00e4ksyttyjen&nbsp; henkil\u00f6iden tietoja sek\u00e4 kunniaj\u00e4seniksi nimettyjen tietoja.&nbsp;<\/p>\n\n\n\n<h2 class=\"wp-block-heading\">4 Henkil\u00f6tietojen k\u00e4sittelyn peruste ja k\u00e4ytt\u00f6tarkoitus&nbsp;<\/h2>\n\n\n\n<p>J\u00e4senrekisterin k\u00e4ytt\u00f6tarkoituksena on j\u00e4senten henkil\u00f6tietojen ajantasainen hallinta j\u00e4senyyden aikana,&nbsp; k\u00e4ytt\u00f6 j\u00e4senetuna saatavan Monikkoperheet-lehden l\u00e4hetykseen, k\u00e4ytt\u00f6 j\u00e4senkirjeen ja -tiedotteiden&nbsp; l\u00e4hetykseen sek\u00e4 k\u00e4ytt\u00f6 j\u00e4senkokouskutsujen l\u00e4hetykseen. J\u00e4senten henkil\u00f6tietoja k\u00e4sitell\u00e4\u00e4n my\u00f6s&nbsp; yhdistyksen p\u00f6yt\u00e4kirjoissa, tilitapahtumissa ja kirjanpidossa. Henkil\u00f6tietojen k\u00e4sittely perustuu yhdistyksen&nbsp; lains\u00e4\u00e4d\u00e4nn\u00f6lliseen velvoitteeseen yll\u00e4pit\u00e4\u00e4 j\u00e4senrekisteri\u00e4, kirjoittaa p\u00f6yt\u00e4kirjoja ja huolehtia kirjanpidosta&nbsp; sek\u00e4 tilintarkastuksesta. J\u00e4senkokouskutsujen l\u00e4hett\u00e4minen perustuu yhdistyslakiin. J\u00e4senkirjeiden ja&nbsp; yhdistyksen tiedotteiden l\u00e4hett\u00e4minen perustuu yhdistyksen oikeutettuun etuun eli yhdistyksen ja j\u00e4senen&nbsp; merkitykselliseen suhteeseen.&nbsp;<\/p>\n\n\n\n<p>Tapahtumiin\/toimintaan ilmoittautuneiden rekisterin k\u00e4ytt\u00f6tarkoituksena on kartoittaa etuk\u00e4teen kyseisen tapahtuman osallistujam\u00e4\u00e4r\u00e4. Rekisteriin kirjataan my\u00f6s&nbsp; j\u00e4senen yhteystiedot silt\u00e4 varalta, ett\u00e4 tapahtuma joudutaan perumaan syyst\u00e4 tai toisesta.&nbsp;&nbsp;<\/p>\n\n\n\n<h2 class=\"wp-block-heading\">5 K\u00e4sitelt\u00e4v\u00e4t henkil\u00f6tiedot&nbsp;<\/h2>\n\n\n\n<p>J\u00e4senrekisteriss\u00e4 k\u00e4sitell\u00e4\u00e4n Pirkanmaan monikkoperheet ry:n j\u00e4senten henkil\u00f6- ja yhteystietoja sek\u00e4 muita&nbsp; j\u00e4senyyteen liittyvi\u00e4 tarpeellisia tietoja, joita ovat:&nbsp;<\/p>\n\n\n\n<p>\u2219 rekister\u00f6idyn t\u00e4ydellinen nimi&nbsp;<\/p>\n\n\n\n<p>\u2219 kotipaikka&nbsp;<\/p>\n\n\n\n<p>\u2219 postiosoite&nbsp;<\/p>\n\n\n\n<p>\u2219 s\u00e4hk\u00f6postiosoite&nbsp;<\/p>\n\n\n\n<p>\u2219 j\u00e4sennumero&nbsp;<\/p>\n\n\n\n<p>\u2219 j\u00e4seneksiliittymisp\u00e4iv\u00e4&nbsp;<\/p>\n\n\n\n<p>\u2219 tieto maksetusta j\u00e4senmaksusta&nbsp;<\/p>\n\n\n\n<p>\u2219 monikkolasten m\u00e4\u00e4r\u00e4&nbsp;<\/p>\n\n\n\n<p>\u2219 monikkolasten syntym\u00e4vuosi tai syntyvien monikoiden laskettu aika.<\/p>\n\n\n\n<p>Tapahtumiin\/toimintaan ilmoittautuneiden rekisteriss\u00e4 k\u00e4sitell\u00e4\u00e4n Pirkanmaan monikkoperheet ry:n&nbsp; j\u00e4senten henkil\u00f6- ja yhteystietoja sek\u00e4 muita tapahtumiin ja toimintaan osallistumiseen liittyvi\u00e4 tarpeellisia&nbsp; tietoja. N\u00e4it\u00e4 tietoja ovat:&nbsp;&nbsp;<\/p>\n\n\n\n<p>\u2219 rekister\u00f6idyn nimi&nbsp;<\/p>\n\n\n\n<p>\u2219 s\u00e4hk\u00f6postiosoite (tarvittaessa my\u00f6s puhelinnumero)<\/p>\n\n\n\n<p>\u2219 tieto maksetusta j\u00e4senmaksusta&nbsp;<\/p>\n\n\n\n<h2 class=\"wp-block-heading\">6 S\u00e4\u00e4nn\u00f6nmukaiset tietol\u00e4hteet&nbsp;<\/h2>\n\n\n\n<p>J\u00e4senrekisteriin tallennettavat henkil\u00f6tiedot saadaan j\u00e4senelt\u00e4 itselt\u00e4\u00e4n j\u00e4senyyden alkaessa ja sen aikana&nbsp; j\u00e4senen Pirkanmaan monikkoperheet ry:lle tai Suomen Monikkoperheet ry:lle tekemist\u00e4 ilmoituksista,&nbsp; lukuun ottamatta j\u00e4sennumeroa, liittymisvuotta ja j\u00e4senmaksutietoja, jotka lis\u00e4t\u00e4\u00e4n tietoihin yhdistyksen&nbsp; toimesta.&nbsp;<\/p>\n\n\n\n<p>Tapahtumiin\/toimintaan ilmoittautuneiden rekisteriin tallennettavat henkil\u00f6tiedot saadaan j\u00e4senelt\u00e4&nbsp; itselt\u00e4\u00e4n ilmoittautumisvaiheessa.&nbsp;&nbsp;<\/p>\n\n\n\n<h2 class=\"wp-block-heading\">7 Henkil\u00f6tietojen suojaaminen ja tietoturva&nbsp;<\/h2>\n\n\n\n<p>Pirkanmaan monikkoperheet ry k\u00e4ytt\u00e4\u00e4 rekisterin digitaaliseen yll\u00e4pitoon Yhdistysavain-sovellusta. Ulkopuolisilla ei ole p\u00e4\u00e4sy\u00e4 rekisteriin. J\u00e4senvastaavalla on salassapitovelvollisuus. Henkil\u00f6tiedot s\u00e4ilytet\u00e4\u00e4n&nbsp; luottamuksellisina. Rekisteri ei sis\u00e4ll\u00e4 henkil\u00f6tietolain 11 \u00a7 mainittuja arkaluonteisia tietoja.&nbsp;<\/p>\n\n\n\n<h2 class=\"wp-block-heading\">8 Henkil\u00f6tietojen vastaanottajat&nbsp;<\/h2>\n\n\n\n<p>J\u00e4senrekisterin henkil\u00f6tietoja (nimi, osoite, postinumero- ja toimipaikka)luovutetaan:&nbsp;<\/p>\n\n\n\n<p>\u2219 Suomen Monikkoperheet ry:lle, joka luovuttaa tiedot edelleen painotalolle Monikkoperheet-lehden&nbsp; l\u00e4hett\u00e4miseksi.&nbsp;<\/p>\n\n\n\n<p>J\u00e4senrekisterin tietoja ei muutoin luovuteta ulkopuolisille tahoille.&nbsp;<\/p>\n\n\n\n<p>Tapahtumiin\/toimintaan ilmoittautuneiden rekisterin tietoja ei luovuteta ulkopuolisille tahoille.&nbsp;<\/p>\n\n\n\n<h2 class=\"wp-block-heading\">9 Henkil\u00f6tietojen vastaanottajat Euroopan unionin tai Euroopan talousalueen ulkopuolella&nbsp;<\/h2>\n\n\n\n<p>Tietoja ei luovuteta EU:n tai ETA.n ulkopuolelle.&nbsp;<\/p>\n\n\n\n<h2 class=\"wp-block-heading\">10 Henkil\u00f6tietojen s\u00e4ilytysaika&nbsp;<\/h2>\n\n\n\n<p>Henkil\u00f6tiedot s\u00e4ilytet\u00e4\u00e4n j\u00e4senrekisteriss\u00e4 niin kauan kuin henkil\u00f6 on Pirkanmaan monikkoperheet ry:n j\u00e4sen. Tiedot poistetaan rekisterist\u00e4, kun j\u00e4sen on ilmoittanut eroavansa yhdistyksest\u00e4 tai kun j\u00e4sen ei ole maksanut j\u00e4senmaksuaan ajallaan kuluvalta vuodelta.<\/p>\n\n\n\n<p>Suomen Monikkoperheet ry:lle luovutettavia tietoja s\u00e4ilytet\u00e4\u00e4n lehden tietokannassa\/tiedostokansiossa&nbsp; vuoden ajan, jonka j\u00e4lkeen osoitelistat h\u00e4vitet\u00e4\u00e4n.&nbsp;<\/p>\n\n\n\n<p>Tapahtumiin\/toimintaan ilmoittautuneiden tietoja voidaan k\u00e4ytt\u00e4\u00e4 osallistujam\u00e4\u00e4r\u00e4tilastointeihin ja&nbsp; kattoj\u00e4rjest\u00f6lle teht\u00e4viin raportteihin. Tiedot h\u00e4vitet\u00e4\u00e4n heti, kun tarpeellinen tilastointi ja raportointi on&nbsp; tehty.&nbsp;<\/p>\n\n\n\n<h2 class=\"wp-block-heading\">11 J\u00e4senen oikeudet&nbsp;<\/h2>\n\n\n\n<p>J\u00e4senell\u00e4 on oikeus koska tahansa vastustaa henkil\u00f6tietojensa k\u00e4sittely\u00e4 j\u00e4senkirjeen ja -tiedotteiden&nbsp; l\u00e4hetykseen. Lis\u00e4ksi j\u00e4senell\u00e4 on l\u00e4ht\u00f6kohtaisesti oikeus soveltuvan tietosuojalains\u00e4\u00e4d\u00e4nn\u00f6n mukaisesti&nbsp; tarkistaa itse\u00e4\u00e4n koskevat rekisteriin tallennetut tiedot, vaatia ep\u00e4tarkan tai virheellisen henkil\u00f6tiedon&nbsp; oikaisua tai tietojen t\u00e4ydent\u00e4mist\u00e4, vaatia henkil\u00f6tietojensa poistamista taikka vaatia henkil\u00f6tietojensa&nbsp; k\u00e4sittelyn rajoittamista.&nbsp;<\/p>\n\n\n\n<p>Rekister\u00f6idyn tulee esitt\u00e4\u00e4 edell\u00e4 mainittujen oikeuksien toteuttamista koskeva pyynt\u00f6 t\u00e4m\u00e4n&nbsp; tietosuojaselosteen Yhteydenotot-kohdan mukaisesti. Pirkanmaan monikkoperheet ry voi pyyt\u00e4\u00e4&nbsp; rekister\u00f6ity\u00e4 tarkentamaan pyynt\u00f6\u00e4\u00e4n kirjallisesti ja varmentamaan rekister\u00f6idyn henkil\u00f6llisyyden ennen&nbsp; pyynn\u00f6n k\u00e4sittelemist\u00e4. Pirkanmaan monikkoperheet ry voi kielt\u00e4yty\u00e4 pyynn\u00f6n toteuttamisesta&nbsp; sovellettavassa laissa s\u00e4\u00e4detyll\u00e4 perusteella.&nbsp;<\/p>\n\n\n\n<h2 class=\"wp-block-heading\">12 Oikeus valittaa valvontaviranomaiselle&nbsp;<\/h2>\n\n\n\n<p>Jokaisella rekister\u00f6idyll\u00e4 on oikeus tehd\u00e4 valitus asianomaiselle valvontaviranomaiselle taikka sen Euroopan&nbsp; unionin j\u00e4senvaltion valvontaviranomaiselle, jossa rekister\u00f6idyn asuinpaikka tai ty\u00f6paikka sijaitsee, mik\u00e4li&nbsp; rekister\u00f6ity katsoo, ett\u00e4 h\u00e4nen henkil\u00f6tietojaan ei ole k\u00e4sitelty soveltuvan tietosuojalains\u00e4\u00e4d\u00e4nn\u00f6n mukaisesti.&nbsp;<\/p>\n\n\n\n<h2 class=\"wp-block-heading\">13 Yhteydenotot&nbsp;<\/h2>\n\n\n\n<p>Rekister\u00f6idyn oikeuksien k\u00e4ytt\u00e4mist\u00e4 koskevat pyynn\u00f6t, kysymykset t\u00e4st\u00e4 tietosuojaselosteesta ja muut&nbsp; yhteydenotot tulee tehd\u00e4 s\u00e4hk\u00f6postitse Pirkanmaan monikkoperheet ry:n j\u00e4senvastaavalle,&nbsp; <a href=\"mailto:pirkanmaan.monikkoperheet+j\u00e4senet@gmail.com\" data-type=\"mailto\" data-id=\"mailto:pirkanmaan.monikkoperheet+j\u00e4senet@gmail.com\">pirkanmaan.monikkoperheet+j\u00e4senet@gmail.com<\/a>.&nbsp;<\/p>\n\n\n\n<h2 class=\"wp-block-heading\">14 Muutokset tietosuojaselosteeseen&nbsp;<\/h2>\n\n\n\n<p>T\u00e4t\u00e4 tietosuojaselostetta voidaan p\u00e4ivitt\u00e4\u00e4 aika ajoin esimerkiksi lains\u00e4\u00e4d\u00e4nn\u00f6n muuttuessa. T\u00e4m\u00e4&nbsp; tietosuojaseloste on laadittu 4.3.2021.<\/p>\n","protected":false},"excerpt":{"rendered":"<p>1 Rekisterinpit\u00e4j\u00e4 ja yhteyshenkil\u00f6&nbsp; Pirkanmaan monikkoperheet ry&nbsp; Yhteyshenkil\u00f6 rekisteri\u00e4 koskevissa asioissa:&nbsp;&nbsp; Yhdistyksen puheenjohtaja ja varapuheenjohtaja pirkanmaan.monikkoperheet+j\u00e4senet@gmail.com, pirkanmaan.monikkoperheet@gmail.com www.monikkoperheet.fi\/pirkanmaa 2 Rekisterit&nbsp; Pirkanmaan monikkoperheet ry:n j\u00e4senrekisteri&nbsp; Pirkanmaan monkkoperheet ry:n tapahtumiin\/toimintaan ilmoittautuneiden rekisteri&nbsp; 3 Rekister\u00f6idyt eli j\u00e4senet&nbsp; Rekisteriss\u00e4 k\u00e4sitell\u00e4\u00e4n Pirkanmaan monikkoperheet ry:n varsinaisiksi tai kannatusj\u00e4seniksi hyv\u00e4ksyttyjen&nbsp; henkil\u00f6iden tietoja sek\u00e4 kunniaj\u00e4seniksi nimettyjen tietoja.&nbsp; 4 Henkil\u00f6tietojen k\u00e4sittelyn peruste ja k\u00e4ytt\u00f6tarkoitus&nbsp; [&hellip;]<\/p>\n","protected":false},"author":12,"featured_media":0,"parent":0,"menu_order":0,"comment_status":"closed","ping_status":"closed","template":"","meta":{"_acf_changed":false,"footnotes":""},"class_list":["post-125","page","type-page","status-publish","hentry"],"acf":[],"aioseo_notices":[],"_links":{"self":[{"href":"https:\/\/monikkoperheet.fi\/pirkanmaa\/wp-json\/wp\/v2\/pages\/125","targetHints":{"allow":["GET"]}}],"collection":[{"href":"https:\/\/monikkoperheet.fi\/pirkanmaa\/wp-json\/wp\/v2\/pages"}],"about":[{"href":"https:\/\/monikkoperheet.fi\/pirkanmaa\/wp-json\/wp\/v2\/types\/page"}],"author":[{"embeddable":true,"href":"https:\/\/monikkoperheet.fi\/pirkanmaa\/wp-json\/wp\/v2\/users\/12"}],"replies":[{"embeddable":true,"href":"https:\/\/monikkoperheet.fi\/pirkanmaa\/wp-json\/wp\/v2\/comments?post=125"}],"version-history":[{"count":6,"href":"https:\/\/monikkoperheet.fi\/pirkanmaa\/wp-json\/wp\/v2\/pages\/125\/revisions"}],"predecessor-version":[{"id":789,"href":"https:\/\/monikkoperheet.fi\/pirkanmaa\/wp-json\/wp\/v2\/pages\/125\/revisions\/789"}],"wp:attachment":[{"href":"https:\/\/monikkoperheet.fi\/pirkanmaa\/wp-json\/wp\/v2\/media?parent=125"}],"curies":[{"name":"wp","href":"https:\/\/api.w.org\/{rel}","templated":true}]}}