{"id":244,"date":"2021-05-27T19:25:04","date_gmt":"2021-05-27T16:25:04","guid":{"rendered":"https:\/\/monikkoperheet.fi\/pirkanmaa\/?page_id=244"},"modified":"2025-08-12T22:19:12","modified_gmt":"2025-08-12T19:19:12","slug":"linkit","status":"publish","type":"page","link":"https:\/\/monikkoperheet.fi\/pirkanmaa\/linkit\/","title":{"rendered":"Hy\u00f6dylliset Linkit"},"content":{"rendered":"\n<p><a href=\"http:\/\/www.suomenmonikkoperheet.fi\/\" target=\"_blank\" rel=\"noreferrer noopener\">Suomen Monikkoperheet ry<\/a>: Paikallisyhdistysten kattoj\u00e4rjest\u00f6, joka tekee enemm\u00e4n edunvalvontaty\u00f6t\u00e4. T\u00e4t\u00e4 kautta l\u00f6yd\u00e4t my\u00f6s muut suomessa toimivat monikkoyhdistykset.<\/p>\n\n\n\n<p><a href=\"http:\/\/www.monimuotoisetperheet.fi\/\" target=\"_blank\" rel=\"noreferrer noopener\">Monimuotoiset perheet -verkosto<\/a>: Monimuotoiset perheet \u2010verkosto koostuu j\u00e4rjest\u00f6ist\u00e4, jotka paneutuvat perhe\u2010el\u00e4m\u00e4n erityiskysymyksiin kukin omasta n\u00e4k\u00f6kulmastaan. J\u00e4rjest\u00f6jemme kohderyhmi\u00e4 yhdist\u00e4v\u00e4t arkiel\u00e4m\u00e4\u00e4 hankaloittavat lait ja k\u00e4yt\u00e4nn\u00f6t, jotka eiv\u00e4t tunnista kaikkia perheit\u00e4. Perheiden moninaisuuden huomioimisessa ei ole kyse v\u00e4hemmist\u00f6ist\u00e4 vaan meist\u00e4 kaikista. Moninaisuuden huomioiminen ei merkitse lis\u00e4\u00e4 hankaluuksia vaan p\u00e4invastoin ehk\u00e4isee niit\u00e4. Suomen Monikkoperheet ry kuuluu verkostoon.<\/p>\n\n\n\n<p><a href=\"https:\/\/www.hyvakysymys.fi\/?s=monikkoperheet\" target=\"_blank\" rel=\"noreferrer noopener\">Hyv\u00e4 Kysymys<\/a>: V\u00e4est\u00f6liiton ja mm. Suomen Monikkoperheet ry:n yhteisty\u00f6ss\u00e4 laatima keskustelu-, vertaistuki- ja info-sivusto. Tarjoaa my\u00f6s tukea ja neuvoja murrosik\u00e4isten vanhemmille.<\/p>\n\n\n\n<p><a href=\"https:\/\/www.pirha.fi\/fi\/palvelut\/lasten-nuorten-ja-perheiden-palvelut\/raskaus-ja-synnytys\/raskauden-aikana\/tutkimukset-ja-seuranta-aitiyspoliklinikalla\/monikkoraskaus?p_l_back_url=%2Ffi%2Fhaku%3Fq%3Dmonikkoraskaus&amp;p_l_back_url_title=Haku\" target=\"_blank\" rel=\"noopener\" title=\"TAYS:n\">TAYS:n<\/a> tietoa monikkoraskauksista.<\/p>\n\n\n\n<p><a href=\"http:\/\/kapy.fi\/\" target=\"_blank\" rel=\"noreferrer noopener\">K\u00e4py ry<\/a>&nbsp;tarjoaa vertaistukea lapsen menett\u00e4neille perheille.<\/p>\n\n\n\n<p><a href=\"http:\/\/icombo.org\/\" target=\"_blank\" rel=\"noreferrer noopener\">Icombo<\/a>\u00a0kansainv\u00e4linen monikkoperheiden ja monikkojen yhteisty\u00f6j\u00e4rjest\u00f6.<\/p>\n\n\n\n<p><\/p>\n\n\n\n<p><\/p>\n\n\n\n<p><\/p>\n\n\n\n<p><\/p>\n\n\n\n<p><\/p>\n","protected":false},"excerpt":{"rendered":"<p>Suomen Monikkoperheet ry: Paikallisyhdistysten kattoj\u00e4rjest\u00f6, joka tekee enemm\u00e4n edunvalvontaty\u00f6t\u00e4. T\u00e4t\u00e4 kautta l\u00f6yd\u00e4t my\u00f6s muut suomessa toimivat monikkoyhdistykset. Monimuotoiset perheet -verkosto: Monimuotoiset perheet \u2010verkosto koostuu j\u00e4rjest\u00f6ist\u00e4, jotka paneutuvat perhe\u2010el\u00e4m\u00e4n erityiskysymyksiin kukin omasta n\u00e4k\u00f6kulmastaan. J\u00e4rjest\u00f6jemme kohderyhmi\u00e4 yhdist\u00e4v\u00e4t arkiel\u00e4m\u00e4\u00e4 hankaloittavat lait ja k\u00e4yt\u00e4nn\u00f6t, jotka eiv\u00e4t tunnista kaikkia perheit\u00e4. Perheiden moninaisuuden huomioimisessa ei ole kyse v\u00e4hemmist\u00f6ist\u00e4 vaan meist\u00e4 kaikista. [&hellip;]<\/p>\n","protected":false},"author":12,"featured_media":0,"parent":0,"menu_order":0,"comment_status":"closed","ping_status":"closed","template":"","meta":{"_acf_changed":false,"footnotes":""},"class_list":["post-244","page","type-page","status-publish","hentry"],"acf":[],"aioseo_notices":[],"_links":{"self":[{"href":"https:\/\/monikkoperheet.fi\/pirkanmaa\/wp-json\/wp\/v2\/pages\/244","targetHints":{"allow":["GET"]}}],"collection":[{"href":"https:\/\/monikkoperheet.fi\/pirkanmaa\/wp-json\/wp\/v2\/pages"}],"about":[{"href":"https:\/\/monikkoperheet.fi\/pirkanmaa\/wp-json\/wp\/v2\/types\/page"}],"author":[{"embeddable":true,"href":"https:\/\/monikkoperheet.fi\/pirkanmaa\/wp-json\/wp\/v2\/users\/12"}],"replies":[{"embeddable":true,"href":"https:\/\/monikkoperheet.fi\/pirkanmaa\/wp-json\/wp\/v2\/comments?post=244"}],"version-history":[{"count":5,"href":"https:\/\/monikkoperheet.fi\/pirkanmaa\/wp-json\/wp\/v2\/pages\/244\/revisions"}],"predecessor-version":[{"id":791,"href":"https:\/\/monikkoperheet.fi\/pirkanmaa\/wp-json\/wp\/v2\/pages\/244\/revisions\/791"}],"wp:attachment":[{"href":"https:\/\/monikkoperheet.fi\/pirkanmaa\/wp-json\/wp\/v2\/media?parent=244"}],"curies":[{"name":"wp","href":"https:\/\/api.w.org\/{rel}","templated":true}]}}