{"id":346,"date":"2025-08-12T21:20:19","date_gmt":"2025-08-12T18:20:19","guid":{"rendered":"https:\/\/monikkoperheet.fi\/pirkanmaa\/?page_id=346"},"modified":"2025-08-12T21:20:20","modified_gmt":"2025-08-12T18:20:20","slug":"monikkokahvilat","status":"publish","type":"page","link":"https:\/\/monikkoperheet.fi\/pirkanmaa\/monikkokahvilat\/","title":{"rendered":"Monikkokahvilat"},"content":{"rendered":"\n<p><\/p>\n\n\n\n<p>Hei monikkoperheen vanhempi tai monikko-odottaja, haluaisitko tavata toisia monikkoperheit\u00e4? <\/p>\n\n\n\n<p>Monikkokahvilat ovat avoimia ja maksuttomia tilaisuuksia kaikille monikkoperheille sek\u00e4 monikko-odottajille. Tarjolla on vertaistukea, leluja ja leikkikavereita, sek\u00e4 heng\u00e4hdyshetki\u00e4 monikkovanhemmille kahvikupposen \u00e4\u00e4rell\u00e4.<\/p>\n\n\n\n<p><strong>HUOM! Monikkokahviloita ei toistaiseksi j\u00e4rjestet\u00e4, koska toimintaa vet\u00e4m\u00e4\u00e4n ei ole l\u00f6ytynyt vapaaehtoisia.<\/strong><\/p>\n\n\n\n<p><strong>Kiinnostuitko?<\/strong> Ilmoittaudu toimintaan mukaan t\u00e4\u00e4ll\u00e4: https:\/\/forms.gle\/DL5Mjtu2p1a6e5nm6<\/p>\n\n\n\n<h2 class=\"wp-block-heading\"><\/h2>\n\n\n\n<h3 class=\"wp-block-heading\"><\/h3>\n\n\n\n<hr class=\"wp-block-separator has-css-opacity\" \/>\n","protected":false},"excerpt":{"rendered":"<p>Hei monikkoperheen vanhempi tai monikko-odottaja, haluaisitko tavata toisia monikkoperheit\u00e4? Monikkokahvilat ovat avoimia ja maksuttomia tilaisuuksia kaikille monikkoperheille sek\u00e4 monikko-odottajille. Tarjolla on vertaistukea, leluja ja leikkikavereita, sek\u00e4 heng\u00e4hdyshetki\u00e4 monikkovanhemmille kahvikupposen \u00e4\u00e4rell\u00e4. HUOM! Monikkokahviloita ei toistaiseksi j\u00e4rjestet\u00e4, koska toimintaa vet\u00e4m\u00e4\u00e4n ei ole l\u00f6ytynyt vapaaehtoisia. Kiinnostuitko? Ilmoittaudu toimintaan mukaan t\u00e4\u00e4ll\u00e4: https:\/\/forms.gle\/DL5Mjtu2p1a6e5nm6<\/p>\n","protected":false},"author":12,"featured_media":0,"parent":0,"menu_order":0,"comment_status":"closed","ping_status":"closed","template":"","meta":{"_acf_changed":false,"footnotes":""},"class_list":["post-346","page","type-page","status-publish","hentry"],"acf":[],"aioseo_notices":[],"_links":{"self":[{"href":"https:\/\/monikkoperheet.fi\/pirkanmaa\/wp-json\/wp\/v2\/pages\/346","targetHints":{"allow":["GET"]}}],"collection":[{"href":"https:\/\/monikkoperheet.fi\/pirkanmaa\/wp-json\/wp\/v2\/pages"}],"about":[{"href":"https:\/\/monikkoperheet.fi\/pirkanmaa\/wp-json\/wp\/v2\/types\/page"}],"author":[{"embeddable":true,"href":"https:\/\/monikkoperheet.fi\/pirkanmaa\/wp-json\/wp\/v2\/users\/12"}],"replies":[{"embeddable":true,"href":"https:\/\/monikkoperheet.fi\/pirkanmaa\/wp-json\/wp\/v2\/comments?post=346"}],"version-history":[{"count":33,"href":"https:\/\/monikkoperheet.fi\/pirkanmaa\/wp-json\/wp\/v2\/pages\/346\/revisions"}],"predecessor-version":[{"id":776,"href":"https:\/\/monikkoperheet.fi\/pirkanmaa\/wp-json\/wp\/v2\/pages\/346\/revisions\/776"}],"wp:attachment":[{"href":"https:\/\/monikkoperheet.fi\/pirkanmaa\/wp-json\/wp\/v2\/media?parent=346"}],"curies":[{"name":"wp","href":"https:\/\/api.w.org\/{rel}","templated":true}]}}