{"id":359,"date":"2022-01-18T15:29:25","date_gmt":"2022-01-18T13:29:25","guid":{"rendered":"https:\/\/monikkoperheet.fi\/pirkanmaa\/?page_id=359"},"modified":"2022-12-19T09:38:25","modified_gmt":"2022-12-19T07:38:25","slug":"tapahtumat_2022","status":"publish","type":"page","link":"https:\/\/monikkoperheet.fi\/pirkanmaa\/tapahtumat_2022\/","title":{"rendered":"Tapahtumat 2022"},"content":{"rendered":"\n<h3 class=\"wp-block-heading\">Pirkanmaan Monikkoperheet ry:n tapahtumat<\/h3>\n\n\n\n<h4 class=\"wp-block-heading\">2022 TAPAHTUMAKALENTERI<\/h4>\n\n\n\n<div class=\"wp-block-columns is-layout-flex wp-container-core-columns-is-layout-9d6595d7 wp-block-columns-is-layout-flex\">\n<div class=\"wp-block-column is-layout-flow wp-block-column-is-layout-flow\" style=\"flex-basis:100%\">\n<figure class=\"wp-block-table is-style-stripes\"><table class=\"has-fixed-layout\"><tbody><tr><td><strong>Tammikuu<\/strong><\/td><td><strong>Helmikuu<\/strong><\/td><td><strong>Maaliskuu<\/strong><\/td><\/tr><tr><td><\/td><td>2.2. Kaksostenp\u00e4iv\u00e4 (Webinaari)<\/td><td>3.3. Kolmostenp\u00e4iv\u00e4 &amp; Pikku Papun et\u00e4konsertti<\/td><\/tr><tr><td><\/td><td>5.2. Kaksostenp\u00e4iv\u00e4n pulkkailu Rosendahlissa<\/td><td>&#8221;Nyt on \u00e4idin vuoro&#8221; -tapahtumasarja<\/td><\/tr><tr><td><\/td><td><em>15.2. ja 22.2. Monikkoperhevalmennus<\/em><\/td><td>20.3. Kev\u00e4tkokous<\/td><\/tr><tr><td><strong>Huhtikuu<\/strong><\/td><td><strong>Toukokuu<\/strong><\/td><td><strong>Kes\u00e4kuu<\/strong><\/td><\/tr><tr><td>23.4. Isien ilta<\/td><td><em>18.5. ja 25.5. <em>Monikkoperhevalmennus<\/em><\/em><\/td><td><\/td><\/tr><tr><td><\/td><td><\/td><td><\/td><\/tr><tr><td><\/td><td><\/td><td><\/td><\/tr><tr><td><strong>Hein\u00e4kuu<\/strong><\/td><td><strong>Elokuu<\/strong><\/td><td><strong>Syyskuu<\/strong><\/td><\/tr><tr><td>2.7. Luontoretki Pikku Ahvenistossa<\/td><td>9.8. Paloasemavierailu<\/td><td>17.9. Syysretki Kivij\u00e4rvell\u00e4<\/td><\/tr><tr><td><\/td><td> <em>18.8. ja 25.8.  <em>Monikkoperhevalmennus<\/em><\/em><\/td><td><\/td><\/tr><tr><td><\/td><td><\/td><td><\/td><\/tr><tr><td><strong>Lokakuu<\/strong><\/td><td><strong>Marraskuu<\/strong><\/td><td><strong>Joulukuu<\/strong><\/td><\/tr><tr><td>8.10. Tappara-Saipa -j\u00e4\u00e4kiekko-ottelu<\/td><td>4.11. Vaalikokous<\/td><td><\/td><\/tr><tr><td>30.10. Kauppi Sports Center -tapahtuma<\/td><td> <em>17.11. ja 24.11.  <em>Monikkoperhevalmennus<\/em><\/em><\/td><td><\/td><\/tr><tr><td><\/td><td>27.11. Pikkujoulut<\/td><td><\/td><\/tr><\/tbody><\/table><\/figure>\n<\/div>\n<\/div>\n\n\n\n<p><a href=\"https:\/\/monikkoperheet.fi\/pirkanmaa\/tietoa-jasenyydesta\/\">J\u00e4senen\u00e4<\/a> saat tiedon tapahtumista ensimm\u00e4isen\u00e4 s\u00e4hk\u00f6postitse, ja yhdistyksen somessa <a rel=\"noreferrer noopener\" href=\"https:\/\/www.facebook.com\/pirkanmaanmonikkoperheet\/\" target=\"_blank\">Facebookissa<\/a> ja <a rel=\"noreferrer noopener\" href=\"https:\/\/www.instagram.com\/pirkanmaan_monikkoperheet\/\" target=\"_blank\">Intagrammissa<\/a> saat lis\u00e4tietoja. <br><a href=\"https:\/\/monikkoperheet.fi\/pirkanmaa\/monikkokahvilat\/\" data-type=\"page\" data-id=\"346\">Monikkokahvilat<\/a>, <a href=\"https:\/\/monikkoperheet.fi\/pirkanmaa\/etakahvit\/\" data-type=\"page\" data-id=\"436\">et\u00e4kahvit<\/a> ja <a href=\"https:\/\/monikkoperheet.fi\/pirkanmaa\/leikkipuistotreffit\/\" data-type=\"page\" data-id=\"381\">leikkipuistotreffit<\/a> py\u00f6riv\u00e4t kukin v\u00e4hint\u00e4\u00e4n kuukausittain.<\/p>\n\n\n\n<div class=\"wp-block-columns is-layout-flex wp-container-core-columns-is-layout-9d6595d7 wp-block-columns-is-layout-flex\">\n<div class=\"wp-block-column is-layout-flow wp-block-column-is-layout-flow\">\n<h4 class=\"wp-block-heading\">Marraskuu<\/h4>\n\n\n\n<h5 class=\"wp-block-heading\">Monikkoperheiden pikkujoulut su 27.11.<\/h5>\n\n\n\n<p>Joulu l\u00e4hestyy ja sen my\u00f6t\u00e4 pikkujoulukausi! Pirkanmaan monikkoperheet viett\u00e4\u00e4 pikkujouluja sunnuntaina 27.11. klo 16-18 Tampereella Uudenkyl\u00e4n ty\u00f6v\u00e4entalo Tapiolassa, os. Karhukatu 71.<\/p>\n\n\n\n<p>Tervetuloa koko perheen voimin nauttimaan joulutunnelmasta muiden monikkoperheiden kanssa! Tarjolla on joulupuuroa ja gl\u00f6gi\u00e4, ja paikalla vierailee my\u00f6s jouluinen yll\u00e4tysvieras. Tapahtuma on maksuton yhdistyksen j\u00e4senille. Ilmoittautumiohjeet s\u00e4hk\u00f6postissa. <\/p>\n\n\n\n<h4 class=\"wp-block-heading\">Lokakuu<\/h4>\n\n\n\n<h5 class=\"wp-block-heading\">Et\u00e4kahvit monikkoperhetoiminnasta kiinnostuneille<\/h5>\n\n\n\n<p>Kiinnostaako vapaaehtoisty\u00f6 rennossa monikkoperheporukassa? Haluatko verkostoitua muiden kaksos- ja kolmosperheiden kanssa?<\/p>\n\n\n\n<p>Oletko joskus miettinyt, ett\u00e4 voisit ehk\u00e4 auttaa jotenkin yhdistyksen ja tapahtumien py\u00f6ritt\u00e4misess\u00e4, vaikka vertaistuen antamisessa? Mutta et oikein tied\u00e4, mit\u00e4 voisit tehd\u00e4? Osaatko? Tai onko siihen aikaa?<\/p>\n\n\n\n<p>Tervetuloa vapaamuotoiseen et\u00e4kahvittelutilaisuuteen sunnuntaina 16.10. klo 17.30!<\/p>\n\n\n\n<p>Tapaamme Google Meetiss\u00e4, joten tarvitset s\u00e4hk\u00f6postin, nettiyhteyden ja laitteen (puhelin\/tabletti\/tietokone), jossa toimii mikrofoni ja mielell\u00e4\u00e4n my\u00f6s kamera.<\/p>\n\n\n\n<p>Paikalle tulee yhdistyksen vapaaehtoisia kertomaan toiminnasta. Kerromme mit\u00e4 teemme, paljonko se vie aikaa, miten ja miksi olemme mukana toiminnassa. Jutellaan vapaamuotoisesti eli saa kysy\u00e4, ehdottaa ja kertoa omia ajatuksia ja ideoita.<\/p>\n\n\n\n<p>Tarkoituksena on avata yhdistyksen toimintaa, tutustua ja kertoa vapaaehtoisuudesta. Yhdistys toimii t\u00e4ysin vapaaehtoisvoimin. Tietenkin haluamme uusia vapaaehtoisia porukkaan mukaan ja kuulemme mielell\u00e4mme, miten juuri Sin\u00e4 voisit olla avuksi. Tilaisuuteen osallistuminen ei kuitenkaan sido mihink\u00e4\u00e4n.<\/p>\n\n\n\n<p>Ilmoittautumisohjeet s\u00e4hk\u00f6postissa.<\/p>\n\n\n\n<h5 class=\"wp-block-heading\">Kauppi Sports Center -tapahtuma 30.10.<\/h5>\n\n\n\n<p>Heippa kaikille!<\/p>\n\n\n\n<p>Tervetuloa kokemaan liikunnan riemua sek\u00e4 tapaamaan muita monikkoperheit\u00e4 Trampolin Park Wild -puistoon sunnuntaina 30.10.2022 klo 15\u201317. Tapahtuman j\u00e4rjest\u00e4\u00e4 Pirkanmaan monikkoperheet ry, ja se on yhdistyksen j\u00e4senperheille maksuton.<\/p>\n\n\n\n<p>Tapahtuman ohjelmassa on valintanne mukaan joko kiipeily\u00e4 ja boulderointia tai hyppimist\u00e4 monipuolisessa trampoliinipuistossa koko perheelle. Aktiviteettiin on varattu tunti, ja toisen tunnin aikana yl\u00e4kerran kahdessa syntt\u00e4rihuoneessa on tarjolla mehua ja keksej\u00e4 sek\u00e4 mahdollisuus rentoon jutusteluun vertaisperheiden kanssa.<\/p>\n\n\n\n<p>Syntt\u00e4rihuoneista l\u00f6ytyy mikro, vesipiste ja j\u00e4\u00e4kaappi, joten siell\u00e4 on mahdollista nauttia my\u00f6s omia ev\u00e4it\u00e4. Jaamme osallistujaperheet kahteen ryhm\u00e4\u00e4n, joista toinen ryhm\u00e4 aloittaa aktiviteetista ja toinen ryhm\u00e4 syntt\u00e4rihuoneesta. Tapahtuman puolessa v\u00e4liss\u00e4 (klo 16) ryhm\u00e4t vaihtavat osia.<\/p>\n\n\n\n<p>Tapahtuman osallistujia ei ole vakuutettu j\u00e4rjest\u00e4j\u00e4n puolesta.<\/p>\n\n\n\n<p>Tapahtumassa on kiinti\u00f6t noin 50 trampoliinilla hyppij\u00e4lle ja 30 kiipeilij\u00e4lle. Ilmoittautumisohjeet s\u00e4hk\u00f6postissa.<\/p>\n\n\n\n<p>L\u00e4mpim\u00e4sti tervetuloa!<\/p>\n\n\n\n<h4 class=\"wp-block-heading\">Syyskuu<\/h4>\n\n\n\n<h5 class=\"wp-block-heading\">Syysretki Kivij\u00e4rven leirikeskuksella 17.9.<\/h5>\n\n\n\n<p>Pirkanmaan monikkoperheet ry j\u00e4rjest\u00e4\u00e4 yhdistyksen j\u00e4senille&nbsp;syysretken&nbsp;Kivij\u00e4rven liikunta- ja leirikeskuksella Yl\u00f6j\u00e4rvell\u00e4 lauantaina 17.9.2022. Matkaa kertyy Tampereelta noin 25 km.&nbsp;<\/p>\n\n\n\n<p>Kivij\u00e4rven&nbsp;leirikeskus on liikuntaseura Kooveen omistama leirikeskus luonnonkauniilla paikalla&nbsp;Kivij\u00e4rven&nbsp;rannalla. Alueella on mahdollisuus monenlaisiin liikunnallisiin aktiviteetteihin, kuten lentopalloon ja frisbeegolfiin (omat kiekot mukaan!). Lis\u00e4ksi Kivij\u00e4rvell\u00e4 on Pirkanmaan parhaimmistoon nostettu rantasauna, joka l\u00e4mmitet\u00e4\u00e4n meille koko illan ajaksi. Lasten ohjelmana j\u00e4rjestet\u00e4\u00e4n my\u00f6s kaikenik\u00e4isille sopivaa askartelua sis\u00e4tiloissa.<\/p>\n\n\n\n<p>Yhdistys tarjoaa paikan p\u00e4\u00e4ll\u00e4 pullakahvit ja mehut. Sen lis\u00e4ksi voitte paistaa omia makkaroita grilliss\u00e4 ja l\u00e4mmitt\u00e4\u00e4 omia ev\u00e4it\u00e4 p\u00e4\u00e4rakennuksen mikrossa.<\/p>\n\n\n\n<h4 class=\"wp-block-heading\">Elokuu<\/h4>\n\n\n\n<h5 class=\"wp-block-heading\">Monikkotreffit paloasemalla 9.8.<\/h5>\n\n\n\n<p>Kaipaako perheesi kivaa yhteist\u00e4 tekemist\u00e4 koululaisten kes\u00e4loman viimeiselle p\u00e4iv\u00e4lle? Asuuko perheess\u00e4si pieni\u00e4 pelastajanalkuja tai paloautofaneja? Haluaisitteko tavata muita monikkoperheit\u00e4?<\/p>\n\n\n\n<p>L\u00e4mpim\u00e4sti tervetuloa monikkotreffeille tutustumaan pelastuslaitoksen toimintaan Tampereen keskuspaloasemalle tiistaina 9.8.2022. Kierroksella p\u00e4\u00e4semme tutustumaan mm. palomuseoon, paloautoon ja pelastajan ty\u00f6h\u00f6n. Tutustumiskierroksen kesto on noin 45 minuuttia.<\/p>\n\n\n\n<p>Mukaan mahtuu ensimm\u00e4iset 40 ilmoittautujaa. J\u00e4senille maksuton, ilmoittautumisohjeet s\u00e4hk\u00f6postissa.<\/p>\n\n\n\n<p>Paloasemavierailun j\u00e4lkeen kaikille avoimet leikkipuistotreffit Pikku Kakkosen puistossa kello 15-16.<\/p>\n\n\n\n<h4 class=\"wp-block-heading\">Hein\u00e4kuu<\/h4>\n\n\n\n<h5 class=\"wp-block-heading\">Luontoretki Pikku Ahveniston laavulla 2.7.<\/h5>\n\n\n\n<p>Tervetuloa yhdistyksen luontoretkelle idylliselle Pikku Ahveniston laavulle Yl\u00f6j\u00e4rvelle lauantaina 2.7.2022 klo 16. <\/p>\n\n\n\n<p>Ohjelmassa on pient\u00e4 lapsille suunnattua luonto- ja retkeilyaiheista ohjelmaa, nuotiolla seurustelua ja ev\u00e4iden sy\u00f6nti\u00e4. Laavun l\u00e4helle p\u00e4\u00e4see autolla (Kultatie 35) ja parkkipaikalle mahtuu noin 4-5 autoa. Kultatien ja Hopeatien risteyksess\u00e4 on tilaa autoille enemm\u00e4nkin, ja k\u00e4velymatka laavulle on suht lyhyt. Matka laavulle taittuu hyvin my\u00f6s vaunujen kanssa, vaikkakin matkalla on yksi jyrk\u00e4hk\u00f6 m\u00e4ki. Laavulle voi my\u00f6s py\u00f6r\u00e4ill\u00e4 Yl\u00f6j\u00e4rvelt\u00e4.<\/p>\n\n\n\n<p>Yhdistys tarjoaa osallistujille pient\u00e4 suupalaa. J\u00e4senille maksuton, ilmoittautumisohjeet s\u00e4hk\u00f6postissa.<\/p>\n\n\n\n<h4 class=\"wp-block-heading\">Huhtikuu<\/h4>\n\n\n\n<h5 class=\"wp-block-heading\">Isien ilta 23.4. Ikuri Arcadessa<\/h5>\n\n\n\n<p>Pirkanmaan monikkoyhdistyksen isien ilta on vihdoin t\u00e4\u00e4ll\u00e4! Iltaa vietet\u00e4\u00e4n pelailujen merkeiss\u00e4 Ikuri Arcadella Tamperen Kalkussa lauantaina 23.4. klo 17 alkaen.<\/p>\n\n\n\n<p>\u201dIkuri Arcade on Tampereella toimiva pelihalli. Pelej\u00e4 meill\u00e4 on kuudelta vuosikymmenelt\u00e4 (1964-2020) yhteens\u00e4 noin 40 kpl kahdessa eri kerroksessa. Suurin osa on flippereit\u00e4, mutta meill\u00e4 on my\u00f6s monipuolinen kokoelma erilaisia Arcade videopelej\u00e4 (7 kpl), j\u00e4\u00e4kiekkopeli ja vanha keilarata. Ideana meill\u00e4 on tarjota vanhan ajan pelihallikokemus.\u201d (<a rel=\"noreferrer noopener\" href=\"https:\/\/www.ikuriarcade.com\/\" target=\"_blank\">https:\/\/www.ikuriarcade.com\/<\/a>)<\/p>\n\n\n\n<p>Yhdistyksen puolesta tarjolla on pient\u00e4 purtavaa. Peliaikaa on varattu kaksi tuntia, jonka j\u00e4lkeen siirryt\u00e4\u00e4n jatkoilemaan.<\/p>\n\n\n\n<p>Tapahtumaan mahtuu mukaan 20 henkil\u00f6\u00e4. J\u00e4senille maksuton, ilmoittautumisohjeet s\u00e4hk\u00f6postissa.<\/p>\n\n\n\n<h4 class=\"wp-block-heading\">Maaliskuu<\/h4>\n\n\n\n<h5 class=\"wp-block-heading\">Kev\u00e4tkokous 20.3.<\/h5>\n\n\n\n<p>Yhdistyksen s\u00e4\u00e4nt\u00f6m\u00e4\u00e4r\u00e4inen kev\u00e4tkokous, lis\u00e4tietoa j\u00e4senille s\u00e4hk\u00f6postissa.<\/p>\n\n\n\n<h5 class=\"wp-block-heading\">\u201dNyt on \u00e4idin vuoro\u201d &#8211; tapahtumasarja tuoreille (ja muillekin) monikko\u00e4ideille!<\/h5>\n\n\n\n<p>Monikkolasten saaminen on monelle suuri el\u00e4m\u00e4nmuutos. Odotusaikana keho venyy \u00e4\u00e4rimmilleen ja lasten synnytty\u00e4 palautumiseen ei kenties ole aikaa vauvojen vaatiessa oman huomionsa. Henkinen jaksaminen voi my\u00f6s olla kortilla. Me&nbsp;Pirkanmaan&nbsp;monikkoperheiss\u00e4 haluammekin nyt tarjota tukea tuoreille \u00e4ideille kolmessa eri muodossa &#8211; olkaa hyv\u00e4t! \ud83d\ude42<\/p>\n\n\n\n<p>Osa 1: Fyysisen palautumisen tie synnytyksen j\u00e4lkeen<\/p>\n\n\n\n<ul class=\"wp-block-list\"><li>Et\u00e4luento Google Meetiss\u00e4 7.3. (maanantai) klo 17.00-19.00<\/li><li>Vet\u00e4j\u00e4n\u00e4 Sanni Mero (\u00c4itiys- ja lantionpohjan fysioterapeutti &amp; MyFascia-terapeutti)<\/li><\/ul>\n\n\n\n<p>Osa 2: \u00c4idit irti synnytysmasennuksesta ry:n \u00c4idille apua -hankkeen luento<\/p>\n\n\n\n<ul class=\"wp-block-list\"><li>Et\u00e4luento Google Meetiss\u00e4 29.3. (tiistai) klo 17.00-18.30<\/li><li>Vet\u00e4j\u00e4n\u00e4 Inka Kansi (\u00c4im\u00e4 ry:n Projektikoordinaattori ja kouluttaja, \u00c4idille apua -hanke)<\/li><\/ul>\n\n\n\n<p>Osa 3: Lantionpohjajooga-workshop<\/p>\n\n\n\n<ul class=\"wp-block-list\"><li>Studio Vintti Tampereen keskustassa, 3.4. (sunnuntai) klo 14.00-15.00<\/li><li>Vet\u00e4j\u00e4n\u00e4 Laura Lilja (joogaohjaaja)<\/li><\/ul>\n\n\n\n<h5 class=\"wp-block-heading\">Kolmosten p\u00e4iv\u00e4 3.3. ja Pikku Papun et\u00e4konstertti<\/h5>\n\n\n\n<p>Kahden viikon p\u00e4\u00e4st\u00e4, torstaina 3. maaliskuuta, vietet\u00e4\u00e4n kolmosten p\u00e4iv\u00e4\u00e4. Kolmosilla on triplasti syyt\u00e4 juhlaan, ja my\u00f6s me&nbsp;Pirkanmaan&nbsp;monikkoperheiss\u00e4 haluamme juhlistaa merkkip\u00e4iv\u00e4\u00e4!<\/p>\n\n\n\n<p>Pirkanmaan&nbsp;monikkoperheet&nbsp;ry tarjoaa kolmosten p\u00e4iv\u00e4n kunniaksi kaikille j\u00e4senilleen PIKKU PAPUN ORKESTERIN ET\u00c4KONSERTIN. Esitys on katsottavissa 3.3. alkaen viikon ajan, joten voitte perheenne kanssa katsoa sen juuri teille sopivaan aikaan. Katselulinkki ja salasana toimitetaan j\u00e4senille s\u00e4hk\u00f6postitse ennen konsertin ajankohtaa, mutta voitte jo halutessanne mietti\u00e4 sille sopivaa katseluhetke\u00e4 (konsertin kesto noin 30-40 min). Erillist\u00e4 ilmoittautumista ei tarvita.<\/p>\n\n\n\n<p>\u201dPikku Papun Orkesterin konsertti on vahvasti vuorovaikutteinen kokonaisuus. Konsertissa kutitellaan mielikuvitusta rakentamalla muurahaisten avuksi vene, keksim\u00e4ll\u00e4 miten juuri sinun oma turilaasi liikkuu ja matkustamalla kirpun kyl\u00e4kauppaan erikokoisilla pikkubusseilla mutkaista tiet\u00e4 pitkin.\u201d<\/p>\n\n\n\n<h4 class=\"wp-block-heading\">Helmikuu<\/h4>\n\n\n\n<h5 class=\"wp-block-heading\">Kaksosten p\u00e4iv\u00e4 la 5.2. Rosendahlin rannassa<\/h5>\n\n\n\n<p>2. helmikuuta vietet\u00e4\u00e4n valtakunnallista Kaksosten p\u00e4iv\u00e4\u00e4. P\u00e4iv\u00e4n tarkoituksena on nostaa esiin ajankohtaisia teemoja monikkoperheiden el\u00e4m\u00e4\u00e4n ja monikkouteen liittyen &#8211; sek\u00e4 tietenkin juhlistaa kaksosuutta ja monikkoja!<\/p>\n\n\n\n<p>Pirkanmaan&nbsp;Monikkoperheet&nbsp;viett\u00e4\u00e4 juhlap\u00e4iv\u00e4\u00e4 pulkkaillen Rosendahlin rannassa lauantaina 5.2. klo 15-17. M\u00e4enlaskun lis\u00e4ksi ohjelmassa on ainakin kisailua koko perheen voimin sek\u00e4 runebergintorttuja. Tapahtuma j\u00e4rjestet\u00e4\u00e4n koronaturvallisesti ja siin\u00e4 tapauksessa, ett\u00e4 koronarajoitukset sen mahdollistavat.<\/p>\n\n\n\n<p>Ilmoittautumisohjeet l\u00f6yd\u00e4t s\u00e4hk\u00f6postista.<\/p>\n\n\n\n<h5 class=\"wp-block-heading\">Kaksosten p\u00e4iv\u00e4n webinaari 2.2.<\/h5>\n\n\n\n<p>Varsinaisena Kaksosten p\u00e4iv\u00e4n\u00e4, keskiviikkona 2.2. Suomen&nbsp;Monikkoperheet&nbsp;ry tarjoaa j\u00e4senilleen webinaarin Kaksonen &#8211; Rakas kumppani, kilpailija, kohtalotoveri. Webinaari j\u00e4rjestet\u00e4\u00e4n klo 13.30-15.30. Lis\u00e4tietoa l\u00f6ytyy l\u00e4hemp\u00e4n\u00e4 tapahtumaa <a rel=\"noreferrer noopener\" href=\"https:\/\/monikkoperheet.fi\/toiminta\/kaksosten-paiva\/\" target=\"_blank\">Suomen Monikkoperheiden nettisivuilta<\/a> sek\u00e4 <a rel=\"noreferrer noopener\" href=\"https:\/\/www.facebook.com\/kaksostenpaiva\/\" target=\"_blank\">Facebookissa<\/a>.<\/p>\n\n\n\n<h4 class=\"wp-block-heading\">Tammikuu<\/h4>\n\n\n\n<h5 class=\"wp-block-heading\">Monikkokahvilat 11.1. alkaen  (Aloitus siirtynyt)<\/h5>\n\n\n\n<p>AVI on tehnyt p\u00e4\u00e4t\u00f6ksen kokoontumisrajoituksista 22.1. saakka. Meill\u00e4 se tarkoittaa sit\u00e4, ett\u00e4 valitettavasti 11.1. Laivapuiston monikkokahvila joudutaan perumaan. Sama koskee Pikkuketun monikkokahvilaa, joka n\u00e4ill\u00e4 n\u00e4kymin j\u00e4rjestet\u00e4\u00e4n seuraavan kerran 28.1. Laivapuiston monikkokahvilaa yritet\u00e4\u00e4n uudestaan helmikuun toisena tiistaina.<\/p>\n\n\n\n<p>Pirkanmaan&nbsp;monikkoperheet&nbsp;ry j\u00e4rjest\u00e4\u00e4 yhteisty\u00f6ss\u00e4 MLL Tampereen osaston kanssa Laivapuiston perhetalossa monikkokahvilan 8.2. alkaen joka kuukauden toisena tiistaina klo 16:30-18:30.<\/p>\n\n\n\n<p>Lis\u00e4ksi Lemp\u00e4\u00e4l\u00e4l\u00e4isille monikkoperheille ja -odottajille Pirkanmaan monikkoperheet ry j\u00e4rjest\u00e4\u00e4 Lemp\u00e4\u00e4l\u00e4n kunnan perhekeskeskuspalveluiden kanssa Perhetupa Pikkuketussa parillisten viikkojen perjantaisin 28.1. alkaen.<\/p>\n\n\n\n<p>Lis\u00e4tietoa monikkokahviloista <a href=\"https:\/\/monikkoperheet.fi\/pirkanmaa\/monikkokahvilat\/\">Monikkokahvilat -sivulta<\/a>.<\/p>\n<\/div>\n<\/div>\n\n\n\n<hr class=\"wp-block-separator has-css-opacity\" \/>\n\n\n\n<p><strong>Kysy tapahtumista:<\/strong> <a href=\"mailto:yhdistys@monikkoperheet.net\">pirkanmaan.monikkoperheet@gmail.com<\/a><br>Seuraa ilmoittelua my\u00f6s Facebook-sivullamme <a rel=\"noreferrer noopener\" href=\"https:\/\/www.facebook.com\/pirkanmaanmonikkoperheet\" data-type=\"URL\" data-id=\"https:\/\/www.facebook.com\/pirkanmaanmonikkoperheet\" target=\"_blank\">Pirkanmaan Monikkoperheet ry<\/a><\/p>\n\n\n\n<p>Viime vuoden tapahtumat: <a href=\"https:\/\/monikkoperheet.fi\/pirkanmaa\/tapahtumat_2021\/\" data-type=\"page\" data-id=\"114\">Tapahtumat 2021<\/a><\/p>\n","protected":false},"excerpt":{"rendered":"<p>Pirkanmaan Monikkoperheet ry:n tapahtumat 2022 TAPAHTUMAKALENTERI Tammikuu Helmikuu Maaliskuu 2.2. Kaksostenp\u00e4iv\u00e4 (Webinaari) 3.3. Kolmostenp\u00e4iv\u00e4 &amp; Pikku Papun et\u00e4konsertti 5.2. Kaksostenp\u00e4iv\u00e4n pulkkailu Rosendahlissa &#8221;Nyt on \u00e4idin vuoro&#8221; -tapahtumasarja 15.2. ja 22.2. Monikkoperhevalmennus 20.3. Kev\u00e4tkokous Huhtikuu Toukokuu Kes\u00e4kuu 23.4. Isien ilta 18.5. ja 25.5. Monikkoperhevalmennus Hein\u00e4kuu Elokuu Syyskuu 2.7. Luontoretki Pikku Ahvenistossa 9.8. Paloasemavierailu 17.9. Syysretki Kivij\u00e4rvell\u00e4 [&hellip;]<\/p>\n","protected":false},"author":12,"featured_media":0,"parent":0,"menu_order":0,"comment_status":"closed","ping_status":"closed","template":"","meta":{"_acf_changed":false,"footnotes":""},"class_list":["post-359","page","type-page","status-publish","hentry"],"acf":[],"aioseo_notices":[],"_links":{"self":[{"href":"https:\/\/monikkoperheet.fi\/pirkanmaa\/wp-json\/wp\/v2\/pages\/359","targetHints":{"allow":["GET"]}}],"collection":[{"href":"https:\/\/monikkoperheet.fi\/pirkanmaa\/wp-json\/wp\/v2\/pages"}],"about":[{"href":"https:\/\/monikkoperheet.fi\/pirkanmaa\/wp-json\/wp\/v2\/types\/page"}],"author":[{"embeddable":true,"href":"https:\/\/monikkoperheet.fi\/pirkanmaa\/wp-json\/wp\/v2\/users\/12"}],"replies":[{"embeddable":true,"href":"https:\/\/monikkoperheet.fi\/pirkanmaa\/wp-json\/wp\/v2\/comments?post=359"}],"version-history":[{"count":30,"href":"https:\/\/monikkoperheet.fi\/pirkanmaa\/wp-json\/wp\/v2\/pages\/359\/revisions"}],"predecessor-version":[{"id":487,"href":"https:\/\/monikkoperheet.fi\/pirkanmaa\/wp-json\/wp\/v2\/pages\/359\/revisions\/487"}],"wp:attachment":[{"href":"https:\/\/monikkoperheet.fi\/pirkanmaa\/wp-json\/wp\/v2\/media?parent=359"}],"curies":[{"name":"wp","href":"https:\/\/api.w.org\/{rel}","templated":true}]}}