{"id":381,"date":"2022-02-22T19:54:16","date_gmt":"2022-02-22T17:54:16","guid":{"rendered":"https:\/\/monikkoperheet.fi\/pirkanmaa\/?page_id=381"},"modified":"2025-01-22T20:07:38","modified_gmt":"2025-01-22T18:07:38","slug":"leikkipuistotreffit","status":"publish","type":"page","link":"https:\/\/monikkoperheet.fi\/pirkanmaa\/leikkipuistotreffit\/","title":{"rendered":"Leikkipuistotreffit"},"content":{"rendered":"\n<p>Leikkipuistotreffit eri puolilla Pirkanmaata ja l\u00e4hiseutua<\/p>\n\n\n\n<p>Tervetuloa tapaamaan muita monikkoperheit\u00e4 ja yhdistyksen aktiiveja leikkipuistotreffeill\u00e4! <br>Tapahtumissa ei ole virallista ohjelmaa, vaan vapaata yhdess\u00e4oloa ja kuulumisten vaihtoa.<\/p>\n\n\n\n<p>Leikkipuistotreffit on tarkoitettu kaikenik\u00e4isille, ennakkoilmoittautumista ei tarvita. Paikalla on aina yhdistyksen aktiiveja, jotka tunnistat sinisist\u00e4 huomioliiveist\u00e4.<\/p>\n\n\n\n<p>Leikkipuistotreffej\u00e4 j\u00e4rjestet\u00e4\u00e4n silloin t\u00e4ll\u00f6in jossain toiminta-alueemme leikkipuistossa, mahdollisimman laajasti eri puolilla Pirkanmaata. <br>Jos tied\u00e4t tapaamiseen sopivan, mielell\u00e4\u00e4n aidatun leikkipuiston, vinkkaa siit\u00e4 meille!<\/p>\n\n\n\n<p>Seuraavat leikkipuistotreffit:<\/p>\n\n\n\n<ul class=\"wp-block-list\">\n<li><\/li>\n\n\n\n<li><\/li>\n<\/ul>\n\n\n\n<p>N\u00e4hd\u00e4\u00e4n leikkipuistotreffeill\u00e4, s\u00e4\u00e4ll\u00e4 kuin s\u00e4\u00e4ll\u00e4!<\/p>\n","protected":false},"excerpt":{"rendered":"<p>Leikkipuistotreffit eri puolilla Pirkanmaata ja l\u00e4hiseutua Tervetuloa tapaamaan muita monikkoperheit\u00e4 ja yhdistyksen aktiiveja leikkipuistotreffeill\u00e4! Tapahtumissa ei ole virallista ohjelmaa, vaan vapaata yhdess\u00e4oloa ja kuulumisten vaihtoa. Leikkipuistotreffit on tarkoitettu kaikenik\u00e4isille, ennakkoilmoittautumista ei tarvita. Paikalla on aina yhdistyksen aktiiveja, jotka tunnistat sinisist\u00e4 huomioliiveist\u00e4. Leikkipuistotreffej\u00e4 j\u00e4rjestet\u00e4\u00e4n silloin t\u00e4ll\u00f6in jossain toiminta-alueemme leikkipuistossa, mahdollisimman laajasti eri puolilla Pirkanmaata. Jos tied\u00e4t [&hellip;]<\/p>\n","protected":false},"author":12,"featured_media":0,"parent":0,"menu_order":0,"comment_status":"closed","ping_status":"closed","template":"","meta":{"_acf_changed":false,"footnotes":""},"class_list":["post-381","page","type-page","status-publish","hentry"],"acf":[],"aioseo_notices":[],"_links":{"self":[{"href":"https:\/\/monikkoperheet.fi\/pirkanmaa\/wp-json\/wp\/v2\/pages\/381","targetHints":{"allow":["GET"]}}],"collection":[{"href":"https:\/\/monikkoperheet.fi\/pirkanmaa\/wp-json\/wp\/v2\/pages"}],"about":[{"href":"https:\/\/monikkoperheet.fi\/pirkanmaa\/wp-json\/wp\/v2\/types\/page"}],"author":[{"embeddable":true,"href":"https:\/\/monikkoperheet.fi\/pirkanmaa\/wp-json\/wp\/v2\/users\/12"}],"replies":[{"embeddable":true,"href":"https:\/\/monikkoperheet.fi\/pirkanmaa\/wp-json\/wp\/v2\/comments?post=381"}],"version-history":[{"count":11,"href":"https:\/\/monikkoperheet.fi\/pirkanmaa\/wp-json\/wp\/v2\/pages\/381\/revisions"}],"predecessor-version":[{"id":714,"href":"https:\/\/monikkoperheet.fi\/pirkanmaa\/wp-json\/wp\/v2\/pages\/381\/revisions\/714"}],"wp:attachment":[{"href":"https:\/\/monikkoperheet.fi\/pirkanmaa\/wp-json\/wp\/v2\/media?parent=381"}],"curies":[{"name":"wp","href":"https:\/\/api.w.org\/{rel}","templated":true}]}}