{"id":99,"date":"2021-01-15T14:54:31","date_gmt":"2021-01-15T12:54:31","guid":{"rendered":"https:\/\/monikkoperheet.fi\/pirkanmaa\/?page_id=99"},"modified":"2026-02-02T22:48:35","modified_gmt":"2026-02-02T20:48:35","slug":"yhteystiedot","status":"publish","type":"page","link":"https:\/\/monikkoperheet.fi\/pirkanmaa\/yhteystiedot\/","title":{"rendered":"Yhteystiedot"},"content":{"rendered":"\n<p><strong>Pirkanmaan Monikkoperheet ry toimii t\u00e4ysin vapaaehtoisvoimin. <\/strong><br>Yhdistyksen hallituksen\/vapaaehtoistoimijat tavoitat s\u00e4hk\u00f6postitse.<\/p>\n\n\n\n<div style=\"height:20px\" aria-hidden=\"true\" class=\"wp-block-spacer\"><\/div>\n\n\n\n<div class=\"wp-block-columns is-layout-flex wp-container-core-columns-is-layout-9d6595d7 wp-block-columns-is-layout-flex\">\n<div class=\"wp-block-column is-layout-flow wp-block-column-is-layout-flow\"><div class=\"wp-block-image is-resized\">\n<figure class=\"aligncenter size-large\"><img loading=\"lazy\" decoding=\"async\" width=\"88\" height=\"95\" src=\"https:\/\/monikkoperheet.fi\/pirkanmaa\/wp-content\/uploads\/sites\/15\/2021\/01\/otayhteytta.png\" alt=\"\" class=\"wp-image-62\" \/><\/figure>\n<\/div><\/div>\n\n\n\n<div class=\"wp-block-column is-layout-flow wp-block-column-is-layout-flow\"><div class=\"wp-block-image is-resized\">\n<figure class=\"aligncenter size-large\"><img loading=\"lazy\" decoding=\"async\" width=\"1024\" height=\"576\" src=\"https:\/\/monikkoperheet.fi\/pirkanmaa\/wp-content\/uploads\/sites\/15\/2021\/01\/somelogot-1024x576.jpg\" alt=\"\" class=\"wp-image-132\" style=\"aspect-ratio:1.7777777777777777;width:183px;height:auto\" srcset=\"https:\/\/monikkoperheet.fi\/pirkanmaa\/wp-content\/uploads\/sites\/15\/2021\/01\/somelogot-1024x576.jpg 1024w, https:\/\/monikkoperheet.fi\/pirkanmaa\/wp-content\/uploads\/sites\/15\/2021\/01\/somelogot-300x169.jpg 300w, https:\/\/monikkoperheet.fi\/pirkanmaa\/wp-content\/uploads\/sites\/15\/2021\/01\/somelogot-768x432.jpg 768w, https:\/\/monikkoperheet.fi\/pirkanmaa\/wp-content\/uploads\/sites\/15\/2021\/01\/somelogot-1200x675.jpg 1200w, https:\/\/monikkoperheet.fi\/pirkanmaa\/wp-content\/uploads\/sites\/15\/2021\/01\/somelogot.jpg 1280w\" sizes=\"auto, (max-width: 1024px) 100vw, 1024px\" \/><\/figure>\n<\/div><\/div>\n<\/div>\n\n\n\n<div class=\"wp-block-columns is-layout-flex wp-container-core-columns-is-layout-9d6595d7 wp-block-columns-is-layout-flex\">\n<div class=\"wp-block-column is-layout-flow wp-block-column-is-layout-flow\">\n<h4 class=\"wp-block-heading\">Yhdistyksen s\u00e4hk\u00f6postiosoitteet:<\/h4>\n\n\n\n<p><strong>Yleiss\u00e4hk\u00f6postiosoite:<\/strong> <a href=\"mailto:pirkanmaan.monikkoperheet@gmail.com\" data-type=\"mailto\" data-id=\"mailto:pirkanmaan.monikkoperheet@gmail.com\">pirkanmaan.monikkoperheet@gmail.com<\/a><\/p>\n\n\n\n<p><strong>J\u00e4senasiat:<\/strong> <a href=\"mailto:pirkanmaan.monikkoperheet+jasenet@gmail.com\" data-type=\"mailto\">pirkanmaan.monikkoperheet+jasenet@gmail.com<\/a><\/p>\n\n\n\n<p><strong>Monikkoperhevalmennus:<\/strong> <a href=\"mailto:monikkoperhevalmennus.pirkanmaa@gmail.com\" data-type=\"mailto\">monikkoperhevalmennus.pirkanmaa@gmail.com<\/a><\/p>\n<\/div>\n\n\n\n<div class=\"wp-block-column is-layout-flow wp-block-column-is-layout-flow\">\n<h4 class=\"wp-block-heading\">Yhdistys sosiaalisessa mediassa:<\/h4>\n\n\n\n<p><strong>Facebook-sivu: <\/strong> <a rel=\"noreferrer noopener\" href=\"https:\/\/www.facebook.com\/pirkanmaanmonikkoperheet\" data-type=\"URL\" data-id=\"https:\/\/www.facebook.com\/pirkanmaanmonikkoperheet\" target=\"_blank\">Pirkanmaan monikkoperheet ry<\/a><br>Tapahtuma- ja toimintatiedotukset.<\/p>\n\n\n\n<p><strong>Facebook:<\/strong>  ryhm\u00e4 <a rel=\"noreferrer noopener\" href=\"https:\/\/www.facebook.com\/groups\/pirkanmaanmonikkoperheet\" data-type=\"URL\" data-id=\"https:\/\/www.facebook.com\/groups\/pirkanmaanmonikkoperheet\" target=\"_blank\">Pirkanmaan monikkoperheet<\/a> <br>Ep\u00e4virallisempi keskustelualusta, jossa voi kysy\u00e4 ja kommentoida, saada ja antaa vertaistukea. <\/p>\n\n\n\n<p><strong>Instagram: <\/strong> <a href=\"https:\/\/www.instagram.com\/pirkanmaan_monikkoperheet\/\" title=\"\">pirkanmaan_monikkoperheet<\/a><\/p>\n\n\n\n<p><\/p>\n<\/div>\n<\/div>\n\n\n\n<h4 class=\"wp-block-heading\">Yhdistyksen hallitus 2026:<\/h4>\n\n\n\n<p><\/p>\n\n\n\n<p><strong>Puheenjohtaja: <\/strong>Kaisa V\u00e4\u00e4n\u00e4nen<br><strong>Varapuheenjohtaja: <\/strong>Andrea Heikkinen<br><strong>Sihteeri:<\/strong> Anu Pekkonen<br><strong>Rahastonhoitaja:<\/strong> Hanna-Mari Autioniemi<br><strong>Tiedotusvastaava ja j\u00e4senvastaava:<\/strong> Kati Aalto<br><strong>Tapahtumavastaavat:<\/strong> Andrea Heikkinen ja Anni Hakola<br><strong>Valmennusvastaavat:<\/strong> Anu K\u00e4rki ja Maiju Hirvonen<br><strong>Nettisivuvastaava:<\/strong> Maiju Hirvonen<br><strong>Somevastaava:<\/strong> Alisa Myllynp\u00e4\u00e4 + sometiimi<\/p>\n\n\n\n<p>Varsinaiset j\u00e4senet: Anu Pekkonen, Kati Aalto, Andrea Heikkinen, Maiju Hirvonen, Alisa Myllyp\u00e4\u00e4, Anu K\u00e4rki, Hanna-Mari Autioniemi.<br>Varaj\u00e4senet: Riikka Iisakka, Anni Hakola, Kalle V\u00e4r\u00e4l\u00e4.<\/p>\n\n\n\n<hr class=\"wp-block-separator has-css-opacity\" \/>\n\n\n\n<p><\/p>\n","protected":false},"excerpt":{"rendered":"<p>Pirkanmaan Monikkoperheet ry toimii t\u00e4ysin vapaaehtoisvoimin. Yhdistyksen hallituksen\/vapaaehtoistoimijat tavoitat s\u00e4hk\u00f6postitse. Yhdistyksen s\u00e4hk\u00f6postiosoitteet: Yleiss\u00e4hk\u00f6postiosoite: pirkanmaan.monikkoperheet@gmail.com J\u00e4senasiat: pirkanmaan.monikkoperheet+jasenet@gmail.com Monikkoperhevalmennus: monikkoperhevalmennus.pirkanmaa@gmail.com Yhdistys sosiaalisessa mediassa: Facebook-sivu: Pirkanmaan monikkoperheet ryTapahtuma- ja toimintatiedotukset. Facebook: ryhm\u00e4 Pirkanmaan monikkoperheet Ep\u00e4virallisempi keskustelualusta, jossa voi kysy\u00e4 ja kommentoida, saada ja antaa vertaistukea. Instagram: pirkanmaan_monikkoperheet Yhdistyksen hallitus 2026: Puheenjohtaja: Kaisa V\u00e4\u00e4n\u00e4nenVarapuheenjohtaja: Andrea HeikkinenSihteeri: Anu PekkonenRahastonhoitaja: Hanna-Mari [&hellip;]<\/p>\n","protected":false},"author":2,"featured_media":0,"parent":0,"menu_order":0,"comment_status":"closed","ping_status":"closed","template":"","meta":{"_acf_changed":false,"footnotes":""},"class_list":["post-99","page","type-page","status-publish","hentry"],"acf":[],"aioseo_notices":[],"_links":{"self":[{"href":"https:\/\/monikkoperheet.fi\/pirkanmaa\/wp-json\/wp\/v2\/pages\/99","targetHints":{"allow":["GET"]}}],"collection":[{"href":"https:\/\/monikkoperheet.fi\/pirkanmaa\/wp-json\/wp\/v2\/pages"}],"about":[{"href":"https:\/\/monikkoperheet.fi\/pirkanmaa\/wp-json\/wp\/v2\/types\/page"}],"author":[{"embeddable":true,"href":"https:\/\/monikkoperheet.fi\/pirkanmaa\/wp-json\/wp\/v2\/users\/2"}],"replies":[{"embeddable":true,"href":"https:\/\/monikkoperheet.fi\/pirkanmaa\/wp-json\/wp\/v2\/comments?post=99"}],"version-history":[{"count":29,"href":"https:\/\/monikkoperheet.fi\/pirkanmaa\/wp-json\/wp\/v2\/pages\/99\/revisions"}],"predecessor-version":[{"id":839,"href":"https:\/\/monikkoperheet.fi\/pirkanmaa\/wp-json\/wp\/v2\/pages\/99\/revisions\/839"}],"wp:attachment":[{"href":"https:\/\/monikkoperheet.fi\/pirkanmaa\/wp-json\/wp\/v2\/media?parent=99"}],"curies":[{"name":"wp","href":"https:\/\/api.w.org\/{rel}","templated":true}]}}