{"id":112,"date":"2021-01-15T15:07:03","date_gmt":"2021-01-15T13:07:03","guid":{"rendered":"https:\/\/monikkoperheet.fi\/pohjois-karjala\/?page_id=112"},"modified":"2026-03-17T20:25:21","modified_gmt":"2026-03-17T18:25:21","slug":"monikkoperhevalmennus","status":"publish","type":"page","link":"https:\/\/monikkoperheet.fi\/pohjois-karjala\/monikkoperhevalmennus\/","title":{"rendered":"Monikkoperhevalmennus"},"content":{"rendered":"\n<h3 class=\"wp-block-heading\">Yhdistyksemme toiminta-alueella j\u00e4rjestet\u00e4\u00e4n monikkoperhevalmennusta<\/h3>\n\n\n\n<div style=\"height:20px\" aria-hidden=\"true\" class=\"wp-block-spacer\"><\/div>\n\n\n\n<p>Monikkoraskaus tulee usein yll\u00e4tyksen\u00e4 ja laittaa suunnitelmat uusiksi. Siihen liittyy useita erityisi\u00e4 piirteit\u00e4, jotka tekev\u00e4t raskausajasta haastavan ja samalla pist\u00e4v\u00e4t tulevat vanhemmat varsinaiseen tunnemyllerrykseen.<\/p>\n\n\n\n<p>Monikkovanhemmuuden haasteita ymm\u00e4rt\u00e4\u00e4 parhaiten toinen monikkovanhempi. Siksip\u00e4 yhdistyksemme haluaakin vastata t\u00e4h\u00e4n tarpeeseen j\u00e4rjest\u00e4m\u00e4ll\u00e4 Pohjois-Karjalan alueen monikko-odottajille r\u00e4\u00e4t\u00e4l\u00f6ity\u00e4 synnytys- ja perhevalmennusta. Monikko-odottajille nimenomaisesti suunniteltu valmennus pystyy vastaamaan niihin erityistarpeisiin, joita monikko-odottajilla on. Valmennuksessa k\u00e4yd\u00e4\u00e4n l\u00e4pi raskautta, synnytyst\u00e4 ja vauva-arkea. Tarkoituksena on tarjota faktatiedon lis\u00e4ksi vertaistukea ja vinkkej\u00e4 monikko-odottajille.<\/p>\n\n\n\n<p>Valmennusta j\u00e4rjestet\u00e4\u00e4n 3 kertaa vuodessa: tammikuussa, toukokuussa ja lokakuussa. Valmennusjaksoon kuuluu 2-4 tapaamiskertaa. Osallistuminen on maksutonta eik\u00e4 edellyt\u00e4 yhdistyksen j\u00e4senyytt\u00e4.<\/p>\n\n\n\n<div class=\"wp-block-columns is-layout-flex wp-container-core-columns-is-layout-9d6595d7 wp-block-columns-is-layout-flex\">\n<div class=\"wp-block-column is-layout-flow wp-block-column-is-layout-flow\">\n<h5 class=\"wp-block-heading\">Seuraava valmennusjakso j\u00e4rjestet\u00e4\u00e4n toukokuussa. <\/h5>\n\n\n\n<p><strong>Valmennus koostuu kolmesta tapaamisesta.<\/strong> <br><strong>1.osa torstaina 21.5.2026 klo 18.-20.00<\/strong> Pohjois-Karjalan sosiaaliturvayhdistyksen kokoustila Tarmo Torikatu 9 A 7 3.krs Joensuu<br><strong>2.osa lauantaina 23.05.2026 klo 13.00<\/strong> Pohjois-Karjalan keskussairaala, Joensuu <br><strong>3.osa torstaina 28.5.2026 klo 18.-20.00<\/strong> Pohjois-Karjalan sosiaaliturvayhdistyksen kokoustila Tarmo Torikatu 9 A 7 3.krs Joensuu<\/p>\n\n\n\n<div style=\"height:26px\" aria-hidden=\"true\" class=\"wp-block-spacer\"><\/div>\n\n\n\n<p><strong>Ilmoittauduthan valmennukseen 17.5.2026 menness\u00e4 oheisen linkin kautta<a href=\"https:\/\/forms.gle\/RFmK1TkxiHXfUeKd8\" target=\"_blank\" rel=\"noreferrer noopener\">https:\/\/forms.gle\/RFmK1TkxiHXfUeKd8<\/a><\/strong> <strong>tai s\u00e4hk\u00f6postitse pkarjalanmonikkperheet@gmail.com<\/strong><\/p>\n\n\n\n<p>Valmennuksen lis\u00e4tietoja saat s\u00e4hk\u00f6postitse: pkarjalanmonikkoperheet@gmail.com<\/p>\n\n\n\n<p><strong>Tervetuloa mukaan valmennukseen!<\/strong><\/p>\n\n\n\n<p><\/p>\n\n\n\n<p><\/p>\n\n\n\n<p>.<\/p>\n\n\n\n<p><\/p>\n<\/div>\n<\/div>\n\n\n\n<p><\/p>\n","protected":false},"excerpt":{"rendered":"<p>Yhdistyksemme toiminta-alueella j\u00e4rjestet\u00e4\u00e4n monikkoperhevalmennusta Monikkoraskaus tulee usein yll\u00e4tyksen\u00e4 ja laittaa suunnitelmat uusiksi. Siihen liittyy useita erityisi\u00e4 piirteit\u00e4, jotka tekev\u00e4t raskausajasta haastavan ja samalla pist\u00e4v\u00e4t tulevat vanhemmat varsinaiseen tunnemyllerrykseen. Monikkovanhemmuuden haasteita ymm\u00e4rt\u00e4\u00e4 parhaiten toinen monikkovanhempi. Siksip\u00e4 yhdistyksemme haluaakin vastata t\u00e4h\u00e4n tarpeeseen j\u00e4rjest\u00e4m\u00e4ll\u00e4 Pohjois-Karjalan alueen monikko-odottajille r\u00e4\u00e4t\u00e4l\u00f6ity\u00e4 synnytys- ja perhevalmennusta. Monikko-odottajille nimenomaisesti suunniteltu valmennus pystyy vastaamaan niihin [&hellip;]<\/p>\n","protected":false},"author":2,"featured_media":453,"parent":0,"menu_order":0,"comment_status":"closed","ping_status":"closed","template":"","meta":{"_acf_changed":false,"footnotes":""},"class_list":["post-112","page","type-page","status-publish","has-post-thumbnail","hentry"],"acf":[],"aioseo_notices":[],"_links":{"self":[{"href":"https:\/\/monikkoperheet.fi\/pohjois-karjala\/wp-json\/wp\/v2\/pages\/112","targetHints":{"allow":["GET"]}}],"collection":[{"href":"https:\/\/monikkoperheet.fi\/pohjois-karjala\/wp-json\/wp\/v2\/pages"}],"about":[{"href":"https:\/\/monikkoperheet.fi\/pohjois-karjala\/wp-json\/wp\/v2\/types\/page"}],"author":[{"embeddable":true,"href":"https:\/\/monikkoperheet.fi\/pohjois-karjala\/wp-json\/wp\/v2\/users\/2"}],"replies":[{"embeddable":true,"href":"https:\/\/monikkoperheet.fi\/pohjois-karjala\/wp-json\/wp\/v2\/comments?post=112"}],"version-history":[{"count":52,"href":"https:\/\/monikkoperheet.fi\/pohjois-karjala\/wp-json\/wp\/v2\/pages\/112\/revisions"}],"predecessor-version":[{"id":592,"href":"https:\/\/monikkoperheet.fi\/pohjois-karjala\/wp-json\/wp\/v2\/pages\/112\/revisions\/592"}],"wp:featuredmedia":[{"embeddable":true,"href":"https:\/\/monikkoperheet.fi\/pohjois-karjala\/wp-json\/wp\/v2\/media\/453"}],"wp:attachment":[{"href":"https:\/\/monikkoperheet.fi\/pohjois-karjala\/wp-json\/wp\/v2\/media?parent=112"}],"curies":[{"name":"wp","href":"https:\/\/api.w.org\/{rel}","templated":true}]}}