{"id":114,"date":"2021-01-15T15:07:30","date_gmt":"2021-01-15T13:07:30","guid":{"rendered":"https:\/\/monikkoperheet.fi\/pohjois-karjala\/?page_id=114"},"modified":"2026-04-29T21:03:16","modified_gmt":"2026-04-29T18:03:16","slug":"tapahtumat","status":"publish","type":"page","link":"https:\/\/monikkoperheet.fi\/pohjois-karjala\/tapahtumat\/","title":{"rendered":"Tapahtumat"},"content":{"rendered":"\n<h3 class=\"wp-block-heading\">Pohjois-Karjalan Monikkoperheet ry:n tapahtumat<\/h3>\n\n\n\n<p>Yhdistyksess\u00e4mme j\u00e4rjestet\u00e4\u00e4n perheille monenlaisia tapahtumia, virkistys- ja vertaistukitilaisuuksia sek\u00e4 odottajille monikkoperhevalmennuksia. Monikkoperhevalmennuksen tiedot l\u00f6yd\u00e4t v\u00e4lilehdelt\u00e4 <a href=\"https:\/\/monikkoperheet.fi\/pohjois-karjala\/monikkoperhevalmennus\/\" target=\"_blank\" rel=\"noopener\" title=\"\">https:\/\/monikkoperheet.fi\/pohjois-karjala\/monikkoperhevalmennus\/<\/a><br>Millaista toimintaa sin\u00e4 toivoisit yhdistyksemme j\u00e4rjest\u00e4v\u00e4n?\u00a0Ota rohkeasti yhteytt\u00e4 yhdistyksen vapaaehtoistoimijoihin ja kerro ideasi.<\/p>\n\n\n\n<p><strong>Lis\u00e4tietoa tapahtumista saat yhdistyksen vapaaehtoisilta<\/strong>:<br>L\u00e4het\u00e4 s\u00e4hk\u00f6postia osoitteeseen <strong><a href=\"mailto:pkarjalanmonikkoperheet@gmail.com\">pkarjalanmonikkoperheet@gmail.com<\/a><\/strong><br>tai seuraa tapahtumatiedotusta somekanaviltamme <a href=\"https:\/\/www.instagram.com\/pohjoiskarjalanmonikkoperheet\/\" target=\"_blank\" rel=\"noopener\" title=\"Instagramista\">Instagramista<\/a> ja <a href=\"https:\/\/www.facebook.com\/groups\/179321922106835\/\" target=\"_blank\" rel=\"noopener\" title=\"Facebook-ryhm\u00e4st\u00e4\">Facebook-ryhm\u00e4st\u00e4<\/a>. <\/p>\n\n\n\n<hr class=\"wp-block-separator has-css-opacity\" \/>\n\n\n\n<h3 class=\"wp-block-heading\">Tapahtumat vuonna 2026<\/h3>\n\n\n\n<p>Lista tulevista tapahtumista p\u00e4ivittyy vuoden varrella l\u00e4hemp\u00e4n\u00e4 ajankohtaa. <\/p>\n\n\n\n<div style=\"height:0px\" aria-hidden=\"true\" class=\"wp-block-spacer\"><\/div>\n\n\n\n<p class=\"has-regular-font-size\"><strong>Helmikuu<\/strong><\/p>\n\n\n\n<p><strong>Su 1.2. klo 10-12 Kaksosten p\u00e4iv\u00e4n tapahtuma P\u00e4rn\u00e4vaaralla<\/strong>. <br>Nappaa pulkka tai sukset mukaan ja tule viett\u00e4m\u00e4\u00e4n kaksosten p\u00e4iv\u00e4\u00e4 yhdess\u00e4 muiden monikkoperheiden kanssa. Tarjolla makkaraa ja juotavaa. Halutessasi voit ottaa mukaan my\u00f6s omia ev\u00e4it\u00e4. Paikanp\u00e4\u00e4ll\u00e4 my\u00f6s poniajelu ja ratsastusta! Poneilla on pakkasrajana -15astetta. <br>Vuonna 2026&nbsp;Kaksosten p\u00e4iv\u00e4\u00e4 vietet\u00e4\u00e4n teemalla<strong>,<\/strong> Miksi kaksosuus kiehtoo?<\/p>\n\n\n\n<p><strong>La 21.2. klo 10-12 Mukulakaupunki, Koskikatu 8 Joensuu.<\/strong><br>Tule leikkim\u00e4\u00e4n Mukulakaupunkiin yhdess\u00e4 muiden alueen monikkoperheiden kanssa. Mukulakaupunki on varattu vain j\u00e4sentemme k\u00e4ytt\u00f6\u00f6n. Tapahtumassa ei ole tarjoilua, mutta ovat ev\u00e4\u00e4t ovat sallittuja. Tapahtumaan on ennakkoilmoittautuminen. (Ilmoittautuminen p\u00e4\u00e4ttynyt.)<\/p>\n\n\n\n<p><\/p>\n\n\n\n<p><\/p>\n\n\n\n<p><strong>Maaliskuu<\/strong><\/p>\n\n\n\n<p><strong>Ma 2.3. klo 13.00-15.30 Karsikon koulun liikuntasali <\/strong>(Kettuvaarantie 30 80260 Joensuu)<br>Yhteist\u00e4 puuhaa hiihtolomalaisille! Voit saapua oman aikataulusi mukaan. Tervetuloa leikkim\u00e4\u00e4n ja liikkumaan, vanhemmille mahdollisuus vertaistukeen. <\/p>\n\n\n\n<p><strong>Pe 20.3. klo 17.-19.30 Jukolan p\u00e4iv\u00e4kodin liikuntasali <\/strong>(Jukolankatu 1 80160 Joensuu)<br>Nyt on mahdollisuus kiipeill\u00e4 puolapuilla, roikkua renkailla tai kiivet\u00e4 k\u00f6ysi\u00e4 pitkin. Tilaan saa ottaa mukaan my\u00f6s omia mieleisi\u00e4 v\u00e4lineit\u00e4. Pid\u00e4mme yhdistyksen kev\u00e4tkokouksen klo 17.30 jonka j\u00e4lkeen tarjolla yhteinen iltapala.<\/p>\n\n\n\n<p><\/p>\n\n\n\n<p><strong>Huhtikuu<\/strong><\/p>\n\n\n\n<p><strong>Ti 14.4. klo 17<\/strong> <strong>Teatteri tutuksi -kulissikierros<\/strong><br>Nyt on oiva tilaisuus p\u00e4\u00e4st\u00e4 kurkistamaan Joensuun kaupungin teatterin kulisseihin. Yksityiskierros kuljettaa sinut 1,5tunnin ajan paikkoihin, joihin normaalisti yleis\u00f6 ei p\u00e4\u00e4se. Kierros ei sovi liikuntarajoitteisille tai rattaiden kanssa kierrett\u00e4v\u00e4ksi. Mukaan mahtuu 20ensimm\u00e4isen\u00e4 ilmoittautunutta. J\u00e4rjest\u00e4mme tarvittaessa toisen samansis\u00e4lt\u00f6isen kierroksen.<\/p>\n\n\n\n<p><strong>Su 26.4. klo 10 \u00c4itien aamupala<\/strong>,<strong>Hotelli Lietsu<\/strong><br>Nyt j\u00e4rjestet\u00e4\u00e4n kalenteriin hetki rentoutumiseen vain perheen \u00e4ideille. Tule nauttimaan Hotelli Lietsun monipuolisesta aamiaisesta ja rauhallisesta hetkest\u00e4 vertaistuen \u00e4\u00e4rell\u00e4. <\/p>\n\n\n\n<p><strong>Toukokuu<\/strong><br><strong>Su 3.5. klo 10.-12.00 Vapputapahtuma P\u00e4rn\u00e4vaaralla<\/strong><br>Tule viett\u00e4m\u00e4\u00e4n aamup\u00e4iv\u00e4\u00e4 muiden monikkperheiden kanssa ulkoilun merkeiss\u00e4. Paikan p\u00e4\u00e4ll\u00e4 my\u00f6s poniajelua ja ratsastusta sek\u00e4 makkaranpaistoa kodassa, vappumunkkeja unohtamatta! Mukaan voi ottaa my\u00f6s omia ev\u00e4it\u00e4. Tapahtuma on avoin kaikille Pohjois-Karjalan alueen monikkoperheille. <br><\/p>\n\n\n\n<p><strong>Kes\u00e4kuu<\/strong><\/p>\n\n\n\n<p><strong>Ke 10.6. klo 17.-19.00 Pihakirppis ja leikkipuistotreffit  <\/strong>(Jukolan p\u00e4iv\u00e4koti, Jukolankatu 1 80160 Joensuu)<br>On aika siivota kaapit ja p\u00e4\u00e4st\u00e4 k\u00e4ytt\u00e4m\u00e4tt\u00f6mist\u00e4 tavaroista ja vaatteista eroon! Monikkoarjessa tehokkuus on kaiken a ja o, nyt myyd\u00e4\u00e4n sek\u00e4 ostetaan samalla kertaa. Bonuksena lapset saavat mukavaa puuhaa ja leikkikavereita \ud83e\udd17.  Huonon s\u00e4\u00e4n yll\u00e4tt\u00e4ess\u00e4 siirrymme leikkim\u00e4\u00e4n liikuntasaliin sis\u00e4lle. P\u00e4iv\u00e4kodin wc my\u00f6s k\u00e4yt\u00f6ss\u00e4.<\/p>\n\n\n\n<p><br><\/p>\n\n\n\n<p><strong>Hein\u00e4kuu<\/strong><br>kes\u00e4tauko<\/p>\n\n\n\n<p><strong>Elokuu<\/strong><\/p>\n\n\n\n<p><\/p>\n\n\n\n<p><strong>Syyskuu<\/strong><\/p>\n\n\n\n<p><\/p>\n\n\n\n<p><strong>Lokakuu<\/strong><\/p>\n\n\n\n<p>Syyskokous. Ajankohta tarkentuu my\u00f6hemmin.<\/p>\n\n\n\n<p><strong>Marraskuu<\/strong><\/p>\n\n\n\n<p>Isien aamupala<\/p>\n\n\n\n<p><strong>Joulukuu<\/strong><br><\/p>\n\n\n\n<p><\/p>\n\n\n\n<p><\/p>\n\n\n\n<p><\/p>\n\n\n\n<p><\/p>\n\n\n\n<ul class=\"wp-block-list\">\n<li><\/li>\n<\/ul>\n\n\n\n<hr class=\"wp-block-separator has-alpha-channel-opacity\" \/>\n\n\n\n<p><strong>J\u00e4sen!<\/strong> Seuraa my\u00f6s ajankohtaista ilmoittelua tapahtumista <a href=\"https:\/\/www.facebook.com\/groups\/179321922106835\/\" target=\"_blank\" rel=\"noreferrer noopener\">Facebook-ryhm\u00e4ss\u00e4mme<\/a> ja <a href=\"https:\/\/www.instagram.com\/pohjoiskarjalanmonikkoperheet\/\" target=\"_blank\" rel=\"noopener\" title=\"Instagramissa\">Instagramissa<\/a> <\/p>\n\n\n\n<p><\/p>\n\n\n\n<p><\/p>\n","protected":false},"excerpt":{"rendered":"<p>Pohjois-Karjalan Monikkoperheet ry:n tapahtumat Yhdistyksess\u00e4mme j\u00e4rjestet\u00e4\u00e4n perheille monenlaisia tapahtumia, virkistys- ja vertaistukitilaisuuksia sek\u00e4 odottajille monikkoperhevalmennuksia. Monikkoperhevalmennuksen tiedot l\u00f6yd\u00e4t v\u00e4lilehdelt\u00e4 https:\/\/monikkoperheet.fi\/pohjois-karjala\/monikkoperhevalmennus\/Millaista toimintaa sin\u00e4 toivoisit yhdistyksemme j\u00e4rjest\u00e4v\u00e4n?\u00a0Ota rohkeasti yhteytt\u00e4 yhdistyksen vapaaehtoistoimijoihin ja kerro ideasi. Lis\u00e4tietoa tapahtumista saat yhdistyksen vapaaehtoisilta:L\u00e4het\u00e4 s\u00e4hk\u00f6postia osoitteeseen pkarjalanmonikkoperheet@gmail.comtai seuraa tapahtumatiedotusta somekanaviltamme Instagramista ja Facebook-ryhm\u00e4st\u00e4. Tapahtumat vuonna 2026 Lista tulevista tapahtumista p\u00e4ivittyy vuoden varrella [&hellip;]<\/p>\n","protected":false},"author":2,"featured_media":0,"parent":0,"menu_order":0,"comment_status":"closed","ping_status":"closed","template":"templates\/page-narrow.php","meta":{"_acf_changed":false,"footnotes":""},"class_list":["post-114","page","type-page","status-publish","hentry"],"acf":[],"aioseo_notices":[],"_links":{"self":[{"href":"https:\/\/monikkoperheet.fi\/pohjois-karjala\/wp-json\/wp\/v2\/pages\/114","targetHints":{"allow":["GET"]}}],"collection":[{"href":"https:\/\/monikkoperheet.fi\/pohjois-karjala\/wp-json\/wp\/v2\/pages"}],"about":[{"href":"https:\/\/monikkoperheet.fi\/pohjois-karjala\/wp-json\/wp\/v2\/types\/page"}],"author":[{"embeddable":true,"href":"https:\/\/monikkoperheet.fi\/pohjois-karjala\/wp-json\/wp\/v2\/users\/2"}],"replies":[{"embeddable":true,"href":"https:\/\/monikkoperheet.fi\/pohjois-karjala\/wp-json\/wp\/v2\/comments?post=114"}],"version-history":[{"count":82,"href":"https:\/\/monikkoperheet.fi\/pohjois-karjala\/wp-json\/wp\/v2\/pages\/114\/revisions"}],"predecessor-version":[{"id":606,"href":"https:\/\/monikkoperheet.fi\/pohjois-karjala\/wp-json\/wp\/v2\/pages\/114\/revisions\/606"}],"wp:attachment":[{"href":"https:\/\/monikkoperheet.fi\/pohjois-karjala\/wp-json\/wp\/v2\/media?parent=114"}],"curies":[{"name":"wp","href":"https:\/\/api.w.org\/{rel}","templated":true}]}}