{"id":112,"date":"2021-01-15T15:07:03","date_gmt":"2021-01-15T13:07:03","guid":{"rendered":"https:\/\/monikkoperheet.fi\/pohjois-suomi\/?page_id=112"},"modified":"2026-04-30T15:06:31","modified_gmt":"2026-04-30T12:06:31","slug":"monikkoperhevalmennus","status":"publish","type":"page","link":"https:\/\/monikkoperheet.fi\/pohjois-suomi\/monikkoperhevalmennus\/","title":{"rendered":"Monikkoperhevalmennus"},"content":{"rendered":"\n<h3 class=\"wp-block-heading\">Yhdistyksemme toiminta-alueella j\u00e4rjestet\u00e4\u00e4n monikkoperhevalmennusta<\/h3>\n\n\n\n<p><\/p>\n\n\n\n<h4 class=\"wp-block-heading\"><strong>Monikkoarki-illat<\/strong><\/h4>\n\n\n\n<p><strong>Monikkoarki-iltaan ovat tervetulleita kaikki Pohjois-Suomen tulevat monikkovanhemmat.<\/strong>  Osallistumiseen ei vaadita j\u00e4senyytt\u00e4. <br>Monikkoperhevalmennuksissa monikkovanhemmat kertovat omia kokemuksiaan ja vinkkej\u00e4\u00e4n vauva-arkeen, kun lapsia syntyy kerralla useampi.<br>Valmennuksessa voit saada vertaistukea toisilta monikko-odottajilta ja tutustua oman alueesi tuleviin monikkovanhempiin.<\/p>\n\n\n\n<p><strong>Seuraavat monikkoarki-illat:<\/strong><\/p>\n\n\n\n<p><strong>ROVANIEMI<\/strong><\/p>\n\n\n\n<p>Tiedotetaan my\u00f6hemmin.<\/p>\n\n\n\n<h3 class=\"wp-block-heading\"><strong>Pohjois-Pohjanmaan hyvinvointialueen alueella asuville suunnattu monikkoperhevalmennus alkaa 5. toukokuuta 2026<\/strong><\/h3>\n\n\n\n<figure class=\"wp-block-image size-large\"><img loading=\"lazy\" decoding=\"async\" width=\"1024\" height=\"512\" src=\"https:\/\/monikkoperheet.fi\/pohjois-suomi\/wp-content\/uploads\/sites\/17\/2025\/12\/POHDE-valmennus_logo-banneri-1024x512.png\" alt=\"\" class=\"wp-image-1578\" srcset=\"https:\/\/monikkoperheet.fi\/pohjois-suomi\/wp-content\/uploads\/sites\/17\/2025\/12\/POHDE-valmennus_logo-banneri-1024x512.png 1024w, https:\/\/monikkoperheet.fi\/pohjois-suomi\/wp-content\/uploads\/sites\/17\/2025\/12\/POHDE-valmennus_logo-banneri-300x150.png 300w, https:\/\/monikkoperheet.fi\/pohjois-suomi\/wp-content\/uploads\/sites\/17\/2025\/12\/POHDE-valmennus_logo-banneri-768x384.png 768w, https:\/\/monikkoperheet.fi\/pohjois-suomi\/wp-content\/uploads\/sites\/17\/2025\/12\/POHDE-valmennus_logo-banneri-1536x768.png 1536w, https:\/\/monikkoperheet.fi\/pohjois-suomi\/wp-content\/uploads\/sites\/17\/2025\/12\/POHDE-valmennus_logo-banneri-2048x1024.png 2048w, https:\/\/monikkoperheet.fi\/pohjois-suomi\/wp-content\/uploads\/sites\/17\/2025\/12\/POHDE-valmennus_logo-banneri-1200x600.png 1200w\" sizes=\"auto, (max-width: 1024px) 100vw, 1024px\" \/><\/figure>\n\n\n\n<p><strong>Odotatko kaksosia tai kolmosia ja asut Pohjois-Pohjanmaan hyvinvointialueen alueella?<\/strong> <\/p>\n\n\n\n<p>Nyt sinulla on mahdollisuus osallistua maksuttomaan monikkoperhevalmennukseen, jonka toteuttavat <strong>yhteisty\u00f6ss\u00e4 Pohjois-Pohjanmaan hyvinvointialue POHDE (Oulun yliopistollinen sairaala OYS ja Oulun neuvola), Pohjois-Suomen Monikkoperheet ry sek\u00e4 Suomen Monikkoperheet ry<\/strong>. Suosittelemme perheen molempien vanhempien osallistumista. Valmennus koostuu nelj\u00e4st\u00e4 tapaamiskerrasta, joista kaksi ensimm\u00e4ist\u00e4 toteutetaan et\u00e4yhteyksin Teamsissa. Monikkoperhevalmennuksessa k\u00e4yd\u00e4\u00e4n l\u00e4pi mm. monikkoraskauden ja -synnytyksen erityispiirteit\u00e4, puhutaan imetyksest\u00e4, monikkoarjesta sek\u00e4 vanhempien jaksamisesta.&nbsp;<\/p>\n\n\n\n<p>* <em><strong>HUOM! <\/strong>Ensimm\u00e4iseen Teams-tapaamiseen (j\u00e4rjest\u00e4j\u00e4n\u00e4 OYS) sek\u00e4  vertaisten j\u00e4rjest\u00e4m\u00e4\u00e4n Monikkoarki-iltaan voit osallistua, vaikka asuisit muualla, kuin POHTEen alueella. Muut valmennuksen osiot ovat tarkoitettu VAIN Pohjois-Pohjanmaan hyvinvointialueen alueella asuville monikko-odottajaperheille.<\/em><\/p>\n\n\n\n<p><strong>Suosittelemme osallistumaan koko valmennuskokonaisuuteen (4 tapaamista)<\/strong>, mutta voit osallistua my\u00f6s kertaluonteisesti.<\/p>\n\n\n\n<p>Et\u00e4osallistumiseen tarvitset internetyhteyden, tietokoneen\/tabletin\/\u00e4lypuhelimen ja video- ja mikrofoniyhteyden.&nbsp;Linkki et\u00e4tapaamisiin l\u00e4hetet\u00e4\u00e4n ilmoittautuneille s\u00e4hk\u00f6postilla.<\/p>\n\n\n\n<p>L\u00e4mpim\u00e4sti tervetuloa mukaan!<\/p>\n\n\n\n<p><strong>Ilmoittaudu mukaan viimeist\u00e4\u00e4n 30.4.2026 klo 12 <a href=\"https:\/\/q.surveypal.com\/Ilmoittautuminen-Pohjois-Pohjanmaan-hyvinvointialueen-monikkoperhevalmennukseen-2026\" target=\"_blank\" rel=\"noopener\" title=\"\">t\u00e4ll\u00e4 lomakkeella<\/a>.<\/strong><\/p>\n\n\n\n<p>Lis\u00e4tietoja:<\/p>\n\n\n\n<p>Anneli Halme, koordinaattori@monikkoperheet.fi, p.&nbsp;045 882 5383<\/p>\n\n\n\n<p><strong>Ohjelma<\/strong> <\/p>\n\n\n\n<p><strong>Osa 1: Ti 5.5.2026 klo 16.00-17.30 <\/strong>*<\/p>\n\n\n\n<p>Synnytys, Kivunlievitys, Ensip\u00e4ivien imetys, OYSin k\u00e4yt\u00e4nn\u00f6t<\/p>\n\n\n\n<p>J\u00e4rjest\u00e4j\u00e4 OYS, et\u00e4toteutus<\/p>\n\n\n\n<p><strong>Osa 2: Ma 11.5.2026 klo 16.30-18.00<\/strong><\/p>\n\n\n\n<p>Vauvan hoito, Monikkolasten imetys, Nukkuminen\/uni, neuvolan tuki<\/p>\n\n\n\n<p>J\u00e4rjest\u00e4j\u00e4 Oulun neuvola, et\u00e4toteutus<\/p>\n\n\n\n<p><strong>Osa 3:<\/strong> <strong>Ma 18.5.2026 klo 16.30<\/strong><\/p>\n\n\n\n<p>Vierailu OYS-vauvateholla<\/p>\n\n\n\n<p>J\u00e4rjest\u00e4j\u00e4 Oulun neuvola ja OYS yhteisty\u00f6ss\u00e4.<\/p>\n\n\n\n<p>Kokoontumispaikka uuden sairaalan A-talo, 2. kerroksen infoaula<\/p>\n\n\n\n<p><strong>Osa 4: Ke 27.5.2026 klo 17.30-19.00 *<\/strong><\/p>\n\n\n\n<p>Monikkoarki-ilta vertaisten kesken <\/p>\n\n\n\n<p>J\u00e4rjest\u00e4j\u00e4 Pohjois-Suomen Monikkoperheet ry<\/p>\n\n\n\n<p>MLL Perhepes\u00e4, Nummikatu 32, Oulu<\/p>\n\n\n\n<hr class=\"wp-block-separator has-alpha-channel-opacity\"\/>\n\n\n\n<div class=\"wp-block-columns is-layout-flex wp-container-core-columns-is-layout-9d6595d7 wp-block-columns-is-layout-flex\">\n<div class=\"wp-block-column is-layout-flow wp-block-column-is-layout-flow\">\n<p>Vuoden 2026 aikana j\u00e4rjestet\u00e4\u00e4n yhteens\u00e4 kolme monikkoperhevalmennuskokonaisuutta: tammi-helmikuussa, toukokuussa ja syys-lokakuussa. Ilmoittautuminen seuraavaan toteutukseen alkaa vasta edellisen valmennuskokonaisuuden p\u00e4\u00e4tytty\u00e4.<\/p>\n<\/div>\n<\/div>\n\n\n\n<hr class=\"wp-block-separator has-css-opacity\"\/>\n\n\n\n<h5 class=\"wp-block-heading\">Haluatko vertaisvalmentajaksi?<\/h5>\n\n\n\n<p>Ota yhteys <a href=\"mailto:pohjoissuomenmonikkoperheet@gmail.com\">pohjoissuomenmonikkoperheet@gmail.com<\/a><\/p>\n\n\n\n<p><\/p>\n","protected":false},"excerpt":{"rendered":"<p>Yhdistyksemme toiminta-alueella j\u00e4rjestet\u00e4\u00e4n monikkoperhevalmennusta Monikkoarki-illat Monikkoarki-iltaan ovat tervetulleita kaikki Pohjois-Suomen tulevat monikkovanhemmat. Osallistumiseen ei vaadita j\u00e4senyytt\u00e4. Monikkoperhevalmennuksissa monikkovanhemmat kertovat omia kokemuksiaan ja vinkkej\u00e4\u00e4n vauva-arkeen, kun lapsia syntyy kerralla useampi.Valmennuksessa voit saada vertaistukea toisilta monikko-odottajilta ja tutustua oman alueesi tuleviin monikkovanhempiin. Seuraavat monikkoarki-illat: ROVANIEMI Tiedotetaan my\u00f6hemmin. Pohjois-Pohjanmaan hyvinvointialueen alueella asuville suunnattu monikkoperhevalmennus alkaa 5. toukokuuta 2026 [&hellip;]<\/p>\n","protected":false},"author":14,"featured_media":0,"parent":0,"menu_order":0,"comment_status":"closed","ping_status":"closed","template":"","meta":{"_acf_changed":false,"footnotes":""},"class_list":["post-112","page","type-page","status-publish","hentry"],"acf":[],"aioseo_notices":[],"_links":{"self":[{"href":"https:\/\/monikkoperheet.fi\/pohjois-suomi\/wp-json\/wp\/v2\/pages\/112","targetHints":{"allow":["GET"]}}],"collection":[{"href":"https:\/\/monikkoperheet.fi\/pohjois-suomi\/wp-json\/wp\/v2\/pages"}],"about":[{"href":"https:\/\/monikkoperheet.fi\/pohjois-suomi\/wp-json\/wp\/v2\/types\/page"}],"author":[{"embeddable":true,"href":"https:\/\/monikkoperheet.fi\/pohjois-suomi\/wp-json\/wp\/v2\/users\/14"}],"replies":[{"embeddable":true,"href":"https:\/\/monikkoperheet.fi\/pohjois-suomi\/wp-json\/wp\/v2\/comments?post=112"}],"version-history":[{"count":43,"href":"https:\/\/monikkoperheet.fi\/pohjois-suomi\/wp-json\/wp\/v2\/pages\/112\/revisions"}],"predecessor-version":[{"id":1720,"href":"https:\/\/monikkoperheet.fi\/pohjois-suomi\/wp-json\/wp\/v2\/pages\/112\/revisions\/1720"}],"wp:attachment":[{"href":"https:\/\/monikkoperheet.fi\/pohjois-suomi\/wp-json\/wp\/v2\/media?parent=112"}],"curies":[{"name":"wp","href":"https:\/\/api.w.org\/{rel}","templated":true}]}}