{"id":125,"date":"2021-01-20T13:11:23","date_gmt":"2021-01-20T11:11:23","guid":{"rendered":"https:\/\/monikkoperheet.fi\/pohjois-suomi\/?page_id=125"},"modified":"2023-08-11T10:41:07","modified_gmt":"2023-08-11T07:41:07","slug":"tietosuojaseloste","status":"publish","type":"page","link":"https:\/\/monikkoperheet.fi\/pohjois-suomi\/tietosuojaseloste\/","title":{"rendered":"Tietosuojaseloste"},"content":{"rendered":"\n<p>TIETOSUOJASELOSTE \/ POHJOIS-SUOMEN MONIKKOPERHEET RY<\/p>\n\n\n\n<p>Laatimisp\u00e4iv\u00e4m\u00e4\u00e4r\u00e4 16.05.2018, p\u00e4ivitetty 30.6.2023<\/p>\n\n\n\n<p><strong>1. Rekisterinpit\u00e4j\u00e4<\/strong>: Pohjois-Suomen Monikkoperheet ry., Oulu (p\u00e4ivitetyt yhteystietomme l\u00f6ytyv\u00e4t nettisivuilta https:\/\/monikkoperheet.fi\/pohjois-suomi\/)<\/p>\n\n\n\n<p><strong>2. Yhteyshenkil\u00f6 rekisteri\u00e4 koskevissa asioissa:<\/strong>&nbsp;Yhdistyksen puheenjohtaja ja varapuheenjohtaja, pohjoissuomenmonikkoperheet@gmail.com<\/p>\n\n\n\n<p><strong>3. Rekisterin nimi:<\/strong>&nbsp;j\u00e4senrekisteri<\/p>\n\n\n\n<p><strong>4. Henkil\u00f6tietojen k\u00e4sittelyn tarkoitus:<\/strong>&nbsp;Yhdistyksen j\u00e4sentietoja k\u00e4ytet\u00e4\u00e4n j\u00e4senpostin l\u00e4hett\u00e4miseen, tapahtumista ja toiminnasta tiedottamiseen, tapahtumien j\u00e4rjestelyihin sek\u00e4 valtakunnallisen Monikkoperheet-lehden l\u00e4hett\u00e4miseen j\u00e4senetuna. Perhevalmennuksissa ker\u00e4t\u00e4\u00e4n osallistujien yhteystiedot palautteen antamista varten sek\u00e4 tiedottamiseen.<\/p>\n\n\n\n<p><strong>5. Rekisterin tietosis\u00e4lt\u00f6:&nbsp;<\/strong>J\u00e4senrekisteriin ker\u00e4\u00e4mme perheen vanhempien nimet, postiosoitteen, puhelinnumeron, s\u00e4hk\u00f6postiosoitteen sek\u00e4 lasten lukum\u00e4\u00e4r\u00e4 sek\u00e4 syntym\u00e4vuodet.<\/p>\n\n\n\n<p><strong>6. S\u00e4\u00e4nn\u00f6n mukaiset tietol\u00e4hteet:<\/strong>&nbsp;J\u00e4senrekisteriin tulevat tiedot saadaan perheilt\u00e4 itselt\u00e4\u00e4n joko puhelimitse, s\u00e4hk\u00f6postitse, internetsivujemme tai kattoj\u00e4rjest\u00f6n www.monikkoperheet.fi- sivuston j\u00e4seneksi liittymislomakkeen kautta.<\/p>\n\n\n\n<p><strong>7. Tietojen s\u00e4\u00e4nn\u00f6n mukaiset luovutukset:<\/strong>&nbsp;J\u00e4senrekisteriss\u00e4 olevista tiedoista luovutamme 4 kertaa vuodessa excel-tiedoston, jossa on perheen vanhemman nimitiedot sek\u00e4 postiosoitetieto. Tietoja k\u00e4ytet\u00e4\u00e4n Suomen Monikkoperheet ry:n Monikkoperheet-lehden postitukseen. Postitus tapahtuu yhteisty\u00f6ss\u00e4 Suomen Monikkoperheet ry ja lehden painotalon v\u00e4lill\u00e4. Tietoja ei muutoin luovuteta ulkopuolisille tahoille eik\u00e4 kaupalliseen tarkoitukseen. J\u00e4senrekisterin tietoja s\u00e4ilytet\u00e4\u00e4n pilvipalveluissa.<\/p>\n\n\n\n<p><strong>8. Tietojen siirto EU:n tai ETA:n ulkopuolelle:<\/strong>&nbsp;K\u00e4yt\u00e4mme j\u00e4sentietojen k\u00e4sittelyss\u00e4 mm. Google Drive -palvelua tiedostojen s\u00e4ilytykseen.<\/p>\n\n\n\n<p><strong>9. Rekisterin suojauksen periaatteet:<\/strong>&nbsp;J\u00e4senrekisteritiedosto on suojattu salasanalla, jonne on p\u00e4\u00e4sy j\u00e4senvastaavalla, puheenjohtajalla sek\u00e4 varapuheenjohtajalla. Salasana vaihdetaan toimijoiden vaihtuessa.<\/p>\n\n\n\n<p><strong>10. Tarkastusoikeus:&nbsp;<\/strong>Jokaisella j\u00e4senell\u00e4 on oikeus tarkistaa j\u00e4senrekisteriin talletetut tiedot. Pyynt\u00f6 tulee tehd\u00e4 s\u00e4hk\u00f6postitse osoitteeseen&nbsp;<a href=\"mailto:pohjoissuomenmonikkoperheet@gmail.com\">pohjoissuomenmonikkoperheet@gmail.com<\/a>. Tietopyynt\u00f6\u00f6n vastataan kuukauden kuluessa. Pyynn\u00f6n esitt\u00e4j\u00e4n tulee pyydett\u00e4ess\u00e4 pysty\u00e4 vahvistamaan henkil\u00f6llisyytens\u00e4 yhdistykselle.<\/p>\n\n\n\n<p><strong>11. Oikeus vaatia tiedon korjaamista:<\/strong>&nbsp;Jokaisella j\u00e4senell\u00e4 on oikeus vaatia esim. j\u00e4senrekisteriss\u00e4 olevan virheellisen henkil\u00f6tiedon korjaamista. Pyynt\u00f6 tulee esitt\u00e4\u00e4 s\u00e4hk\u00f6postiosoitteeseen pohjoissuomenmonikkoperheet@gmail.com.<\/p>\n\n\n\n<p><strong>Muut henkil\u00f6tietojen k\u00e4sittelyyn liittyv\u00e4t oikeudet<\/strong><\/p>\n\n\n\n<p>Rekister\u00f6idyll\u00e4 on oikeus kielt\u00e4\u00e4 rekisterinpit\u00e4j\u00e4\u00e4 k\u00e4sittelem\u00e4st\u00e4 h\u00e4nt\u00e4 itse\u00e4\u00e4n koskevia tietoja, suoramainontaa, et\u00e4myynti\u00e4 ja muuta suoramarkkinointia sek\u00e4 markkina- ja mielipidetutkimusta varten. Rekister\u00f6idyn oikeuksista on s\u00e4\u00e4detty my\u00f6s Yhdistyslaissa. (J\u00e4senluettelo 11\u00a7)<\/p>\n","protected":false},"excerpt":{"rendered":"<p>TIETOSUOJASELOSTE \/ POHJOIS-SUOMEN MONIKKOPERHEET RY Laatimisp\u00e4iv\u00e4m\u00e4\u00e4r\u00e4 16.05.2018, p\u00e4ivitetty 30.6.2023 1. Rekisterinpit\u00e4j\u00e4: Pohjois-Suomen Monikkoperheet ry., Oulu (p\u00e4ivitetyt yhteystietomme l\u00f6ytyv\u00e4t nettisivuilta https:\/\/monikkoperheet.fi\/pohjois-suomi\/) 2. Yhteyshenkil\u00f6 rekisteri\u00e4 koskevissa asioissa:&nbsp;Yhdistyksen puheenjohtaja ja varapuheenjohtaja, pohjoissuomenmonikkoperheet@gmail.com 3. Rekisterin nimi:&nbsp;j\u00e4senrekisteri 4. Henkil\u00f6tietojen k\u00e4sittelyn tarkoitus:&nbsp;Yhdistyksen j\u00e4sentietoja k\u00e4ytet\u00e4\u00e4n j\u00e4senpostin l\u00e4hett\u00e4miseen, tapahtumista ja toiminnasta tiedottamiseen, tapahtumien j\u00e4rjestelyihin sek\u00e4 valtakunnallisen Monikkoperheet-lehden l\u00e4hett\u00e4miseen j\u00e4senetuna. Perhevalmennuksissa ker\u00e4t\u00e4\u00e4n osallistujien yhteystiedot [&hellip;]<\/p>\n","protected":false},"author":2,"featured_media":0,"parent":0,"menu_order":0,"comment_status":"closed","ping_status":"closed","template":"","meta":{"_acf_changed":false,"footnotes":""},"class_list":["post-125","page","type-page","status-publish","hentry"],"acf":[],"aioseo_notices":[],"_links":{"self":[{"href":"https:\/\/monikkoperheet.fi\/pohjois-suomi\/wp-json\/wp\/v2\/pages\/125","targetHints":{"allow":["GET"]}}],"collection":[{"href":"https:\/\/monikkoperheet.fi\/pohjois-suomi\/wp-json\/wp\/v2\/pages"}],"about":[{"href":"https:\/\/monikkoperheet.fi\/pohjois-suomi\/wp-json\/wp\/v2\/types\/page"}],"author":[{"embeddable":true,"href":"https:\/\/monikkoperheet.fi\/pohjois-suomi\/wp-json\/wp\/v2\/users\/2"}],"replies":[{"embeddable":true,"href":"https:\/\/monikkoperheet.fi\/pohjois-suomi\/wp-json\/wp\/v2\/comments?post=125"}],"version-history":[{"count":2,"href":"https:\/\/monikkoperheet.fi\/pohjois-suomi\/wp-json\/wp\/v2\/pages\/125\/revisions"}],"predecessor-version":[{"id":607,"href":"https:\/\/monikkoperheet.fi\/pohjois-suomi\/wp-json\/wp\/v2\/pages\/125\/revisions\/607"}],"wp:attachment":[{"href":"https:\/\/monikkoperheet.fi\/pohjois-suomi\/wp-json\/wp\/v2\/media?parent=125"}],"curies":[{"name":"wp","href":"https:\/\/api.w.org\/{rel}","templated":true}]}}