{"id":2,"date":"2020-11-12T12:41:50","date_gmt":"2020-11-12T10:41:50","guid":{"rendered":"https:\/\/monikkoperheet.fi\/paijat-hameen-monikkoperheet\/?page_id=2"},"modified":"2025-12-09T09:56:58","modified_gmt":"2025-12-09T07:56:58","slug":"esimerkkisivu","status":"publish","type":"page","link":"https:\/\/monikkoperheet.fi\/pohjois-suomi\/","title":{"rendered":"Etusivu"},"content":{"rendered":"\n<p><\/p>\n\n\n\n<div class=\"wp-block-columns is-layout-flex wp-container-core-columns-is-layout-9d6595d7 wp-block-columns-is-layout-flex\">\n<div class=\"wp-block-column is-layout-flow wp-block-column-is-layout-flow\"><div class=\"wp-block-image\">\n<figure class=\"aligncenter size-full is-resized\"><img loading=\"lazy\" decoding=\"async\" width=\"500\" height=\"500\" src=\"https:\/\/monikkoperheet.fi\/pohjois-suomi\/wp-content\/uploads\/sites\/17\/2023\/10\/PSMP-Logo-vuosiluku-ja-levea-teksti.png\" alt=\"\" class=\"wp-image-696\" style=\"width:253px;height:253px\" srcset=\"https:\/\/monikkoperheet.fi\/pohjois-suomi\/wp-content\/uploads\/sites\/17\/2023\/10\/PSMP-Logo-vuosiluku-ja-levea-teksti.png 500w, https:\/\/monikkoperheet.fi\/pohjois-suomi\/wp-content\/uploads\/sites\/17\/2023\/10\/PSMP-Logo-vuosiluku-ja-levea-teksti-300x300.png 300w, https:\/\/monikkoperheet.fi\/pohjois-suomi\/wp-content\/uploads\/sites\/17\/2023\/10\/PSMP-Logo-vuosiluku-ja-levea-teksti-160x160.png 160w\" sizes=\"auto, (max-width: 500px) 100vw, 500px\" \/><\/figure>\n<\/div>\n\n\n<figure class=\"wp-block-image size-large is-resized\"><img loading=\"lazy\" decoding=\"async\" width=\"587\" height=\"1024\" src=\"https:\/\/monikkoperheet.fi\/pohjois-suomi\/wp-content\/uploads\/sites\/17\/2023\/05\/Pohjois-Suomi-kartta-587x1024.png\" alt=\"\" class=\"wp-image-519\" style=\"width:383px;height:668px\" srcset=\"https:\/\/monikkoperheet.fi\/pohjois-suomi\/wp-content\/uploads\/sites\/17\/2023\/05\/Pohjois-Suomi-kartta-587x1024.png 587w, https:\/\/monikkoperheet.fi\/pohjois-suomi\/wp-content\/uploads\/sites\/17\/2023\/05\/Pohjois-Suomi-kartta-172x300.png 172w, https:\/\/monikkoperheet.fi\/pohjois-suomi\/wp-content\/uploads\/sites\/17\/2023\/05\/Pohjois-Suomi-kartta-768x1339.png 768w, https:\/\/monikkoperheet.fi\/pohjois-suomi\/wp-content\/uploads\/sites\/17\/2023\/05\/Pohjois-Suomi-kartta-881x1536.png 881w, https:\/\/monikkoperheet.fi\/pohjois-suomi\/wp-content\/uploads\/sites\/17\/2023\/05\/Pohjois-Suomi-kartta-1175x2048.png 1175w, https:\/\/monikkoperheet.fi\/pohjois-suomi\/wp-content\/uploads\/sites\/17\/2023\/05\/Pohjois-Suomi-kartta-1200x2092.png 1200w, https:\/\/monikkoperheet.fi\/pohjois-suomi\/wp-content\/uploads\/sites\/17\/2023\/05\/Pohjois-Suomi-kartta.png 1622w\" sizes=\"auto, (max-width: 587px) 100vw, 587px\" \/><\/figure>\n<\/div>\n\n\n\n<div class=\"wp-block-column is-layout-flow wp-block-column-is-layout-flow\"><div class=\"wp-block-image\">\n<figure class=\"aligncenter size-large\"><img loading=\"lazy\" decoding=\"async\" width=\"100\" height=\"95\" src=\"https:\/\/monikkoperheet.fi\/paijat-hameen-monikkoperheet\/wp-content\/uploads\/sites\/2\/2021\/01\/jaseneksi.png\" alt=\"\" class=\"wp-image-61\"\/><\/figure>\n<\/div>\n\n\n<h4 class=\"wp-block-heading has-text-align-center\">Liity j\u00e4seneksi<\/h4>\n\n\n\n<p class=\"has-text-align-center\">25 euron j\u00e4senmaksulla saat j\u00e4senetuja,<br>tapahtumia sek\u00e4 vertaistukea.<\/p>\n\n\n\n<div class=\"wp-block-buttons is-content-justification-center is-layout-flex wp-container-core-buttons-is-layout-16018d1d wp-block-buttons-is-layout-flex\">\n<div class=\"wp-block-button\"><a class=\"wp-block-button__link wp-element-button\" href=\"https:\/\/monikkoperheet.fi\/pohjois-suomi\/jaseneksi\/\">Haluan j\u00e4seneksi!<\/a><\/div>\n<\/div>\n\n\n\n<p><\/p>\n<\/div>\n\n\n\n<div class=\"wp-block-column is-layout-flow wp-block-column-is-layout-flow\"><div class=\"wp-block-image\">\n<figure class=\"aligncenter size-large\"><img loading=\"lazy\" decoding=\"async\" width=\"88\" height=\"95\" src=\"https:\/\/monikkoperheet.fi\/paijat-hameen-monikkoperheet\/wp-content\/uploads\/sites\/2\/2021\/01\/otayhteytta.png\" alt=\"\" class=\"wp-image-62\"\/><\/figure>\n<\/div>\n\n\n<h4 class=\"wp-block-heading has-text-align-center\">Ota yhteytt\u00e4<\/h4>\n\n\n\n<p class=\"has-text-align-center\">Ota meihin yhteytt\u00e4 ja kysy lis\u00e4\u00e4 <br><a href=\"mailto:pohjoissuomenmonikkoperheet@gmail.com\" title=\"pohjoissuomenmonikkoperheet\n@gmail.com\"><strong>pohjoissuomenmonikkoperheet<\/strong><br><strong>@gmail.com<\/strong><\/a><\/p>\n\n\n\n<div class=\"wp-block-buttons is-content-justification-center is-layout-flex wp-container-core-buttons-is-layout-16018d1d wp-block-buttons-is-layout-flex\">\n<div class=\"wp-block-button\"><a class=\"wp-block-button__link wp-element-button\" href=\"https:\/\/monikkoperheet.fi\/pohjois-suomi\/yhteystiedot\/\">Yhteystietoihin<\/a><\/div>\n<\/div>\n<\/div>\n<\/div>\n","protected":false},"excerpt":{"rendered":"<p>Liity j\u00e4seneksi 25 euron j\u00e4senmaksulla saat j\u00e4senetuja,tapahtumia sek\u00e4 vertaistukea. Ota yhteytt\u00e4 Ota meihin yhteytt\u00e4 ja kysy lis\u00e4\u00e4 pohjoissuomenmonikkoperheet@gmail.com<\/p>\n","protected":false},"author":1,"featured_media":504,"parent":0,"menu_order":0,"comment_status":"closed","ping_status":"open","template":"templates\/frontpage.php","meta":{"_acf_changed":false,"footnotes":""},"class_list":["post-2","page","type-page","status-publish","has-post-thumbnail","hentry"],"acf":[],"aioseo_notices":[],"_links":{"self":[{"href":"https:\/\/monikkoperheet.fi\/pohjois-suomi\/wp-json\/wp\/v2\/pages\/2","targetHints":{"allow":["GET"]}}],"collection":[{"href":"https:\/\/monikkoperheet.fi\/pohjois-suomi\/wp-json\/wp\/v2\/pages"}],"about":[{"href":"https:\/\/monikkoperheet.fi\/pohjois-suomi\/wp-json\/wp\/v2\/types\/page"}],"author":[{"embeddable":true,"href":"https:\/\/monikkoperheet.fi\/pohjois-suomi\/wp-json\/wp\/v2\/users\/1"}],"replies":[{"embeddable":true,"href":"https:\/\/monikkoperheet.fi\/pohjois-suomi\/wp-json\/wp\/v2\/comments?post=2"}],"version-history":[{"count":50,"href":"https:\/\/monikkoperheet.fi\/pohjois-suomi\/wp-json\/wp\/v2\/pages\/2\/revisions"}],"predecessor-version":[{"id":1583,"href":"https:\/\/monikkoperheet.fi\/pohjois-suomi\/wp-json\/wp\/v2\/pages\/2\/revisions\/1583"}],"wp:featuredmedia":[{"embeddable":true,"href":"https:\/\/monikkoperheet.fi\/pohjois-suomi\/wp-json\/wp\/v2\/media\/504"}],"wp:attachment":[{"href":"https:\/\/monikkoperheet.fi\/pohjois-suomi\/wp-json\/wp\/v2\/media?parent=2"}],"curies":[{"name":"wp","href":"https:\/\/api.w.org\/{rel}","templated":true}]}}