{"id":67,"date":"2021-01-12T07:47:44","date_gmt":"2021-01-12T05:47:44","guid":{"rendered":"https:\/\/monikkoperheet.fi\/paijat-hameen-monikkoperheet\/?page_id=67"},"modified":"2025-12-09T10:03:31","modified_gmt":"2025-12-09T08:03:31","slug":"jaseneksi","status":"publish","type":"page","link":"https:\/\/monikkoperheet.fi\/pohjois-suomi\/jaseneksi\/","title":{"rendered":"J\u00e4seneksi"},"content":{"rendered":"\n<h3 class=\"wp-block-heading\">TIETOA J\u00c4SENYYDEST\u00c4<\/h3>\n\n\n\n<h4 class=\"wp-block-heading\">Tietoa alueellisen monikkoperheyhdistyksen j\u00e4senyydest\u00e4<\/h4>\n\n\n\n<p>J\u00e4seneksi haluava henkil\u00f6\/ perhe liittyy j\u00e4seneksi omalla alueellaan toimivaan monikkoperheyhdistykseen.&nbsp;<\/p>\n\n\n\n<p><strong>Tervetuloa mukaan Pohjois-Suomen Monikkoperheet ry:n toimintaan!<\/strong><\/p>\n\n\n\n<p><strong>Vuosittainen j\u00e4senmaksumme on<\/strong> <strong>25 euroa<\/strong>. Kannatusj\u00e4senmaksu\u00a0<strong>40 euroa<\/strong>. Kysy kannatusj\u00e4senyydest\u00e4 lis\u00e4\u00e4 pohjoissuomenmonikkoperheet@gmail.com<\/p>\n\n\n\n<p><strong>Tervetuloa mukaan yhdistykseen ja sen toimintaan!<\/strong><\/p>\n\n\n\n<hr class=\"wp-block-separator has-alpha-channel-opacity\"\/>\n\n\n\n<h4 class=\"wp-block-heading\">Uudet j\u00e4senet:<\/h4>\n\n\n\n<p>Liity j\u00e4seneksi liittymislomakkeella.<\/p>\n\n\n\n<div class=\"wp-block-buttons is-layout-flex wp-block-buttons-is-layout-flex\">\n<div class=\"wp-block-button\"><a class=\"wp-block-button__link wp-element-button\" href=\"https:\/\/monikkoperheet.fi\/jaseneksi\/liittymislomake\/\">T\u00e4yt\u00e4 liittymislomake<\/a><\/div>\n<\/div>\n\n\n\n<hr class=\"wp-block-separator has-alpha-channel-opacity\"\/>\n\n\n\n<h4 class=\"wp-block-heading\">Maksutiedot vanhoille j\u00e4senille:<\/h4>\n\n\n\n<p><strong>1.<\/strong><br><strong>Tilinumero:<\/strong>\u00a0<strong>FI22 5157 6820 0037 44<\/strong><br><strong>Maksun saaja:<\/strong>\u00a0Pohjois-Suomen Monikkoperheet ry<br><strong>K\u00e4yt\u00e4 viitenumeroa:\u00a0<\/strong>\u00a0<strong>2228 <\/strong>(eth\u00e4n kirjoita viestikentt\u00e4\u00e4n teksti\u00e4)<br><strong>Summa:\u00a025\u20ac<\/strong>\u00a0<\/p>\n\n\n\n<p><strong>2.<\/strong><br>L\u00e4het\u00e4 seuraavat tiedot s\u00e4hk\u00f6postilla j\u00e4sensihteerille osoitteeseen jasenvastaava.psmp@gmail.com<br>* Vanhemman\/vanhempien nimet ja s\u00e4hk\u00f6postiosoitteet (s\u00e4hk\u00f6postitse saat yhdistyksen s\u00e4hk\u00f6isen j\u00e4senkirjeen ja tiedotteet sek\u00e4 j\u00e4senkortin)<br>* Monikkolasten syntym\u00e4vuosi<br>* (Perheen muut lapset\/ syntym\u00e4vuodet )<\/p>\n\n\n\n<hr class=\"wp-block-separator has-alpha-channel-opacity\"\/>\n\n\n\n<h4 class=\"wp-block-heading\">J\u00e4senetuja saatavilla ymp\u00e4ri Suomen<\/h4>\n\n\n\n<p>Koko Suomen etuliikkeet l\u00f6yd\u00e4t p\u00e4\u00e4sivuston, Suomen Monikkoperheet ry:n sivulta&nbsp;<a href=\"https:\/\/monikkoperheet.fi\/jaseneksi\/jasenetuliikkeet\/\">J\u00e4senetuliikkeet<\/a><\/p>\n\n\n\n<hr class=\"wp-block-separator has-alpha-channel-opacity\"\/>\n\n\n\n<h4 class=\"wp-block-heading\">Haluatko etuliikkeeksi?<\/h4>\n\n\n\n<p>Ota yhteys: pohjoissuomenmonikkoperheet@gmail.com<\/p>\n\n\n\n<hr class=\"wp-block-separator has-alpha-channel-opacity\"\/>\n\n\n\n<p><strong>J\u00e4senedut saat k\u00e4ytt\u00f6\u00f6si, kun maksat yhdistyksen j\u00e4senmaksun ja saat sitten itsellesi k\u00e4ytt\u00f6\u00f6n j\u00e4senkortin (pdf-tiedosto s\u00e4hk\u00f6postiisi).<\/strong><\/p>\n\n\n\n<figure class=\"wp-block-image size-full is-resized\"><img loading=\"lazy\" decoding=\"async\" width=\"500\" height=\"500\" src=\"https:\/\/monikkoperheet.fi\/pohjois-suomi\/wp-content\/uploads\/sites\/17\/2023\/10\/PSMP-Logo-vuosiluku-ja-keskitetty-teksti.png\" alt=\"\" class=\"wp-image-691\" style=\"width:309px;height:auto\" srcset=\"https:\/\/monikkoperheet.fi\/pohjois-suomi\/wp-content\/uploads\/sites\/17\/2023\/10\/PSMP-Logo-vuosiluku-ja-keskitetty-teksti.png 500w, https:\/\/monikkoperheet.fi\/pohjois-suomi\/wp-content\/uploads\/sites\/17\/2023\/10\/PSMP-Logo-vuosiluku-ja-keskitetty-teksti-300x300.png 300w, https:\/\/monikkoperheet.fi\/pohjois-suomi\/wp-content\/uploads\/sites\/17\/2023\/10\/PSMP-Logo-vuosiluku-ja-keskitetty-teksti-160x160.png 160w\" sizes=\"auto, (max-width: 500px) 100vw, 500px\" \/><\/figure>\n\n\n\n<p><\/p>\n","protected":false},"excerpt":{"rendered":"<p>TIETOA J\u00c4SENYYDEST\u00c4 Tietoa alueellisen monikkoperheyhdistyksen j\u00e4senyydest\u00e4 J\u00e4seneksi haluava henkil\u00f6\/ perhe liittyy j\u00e4seneksi omalla alueellaan toimivaan monikkoperheyhdistykseen.&nbsp; Tervetuloa mukaan Pohjois-Suomen Monikkoperheet ry:n toimintaan! Vuosittainen j\u00e4senmaksumme on 25 euroa. Kannatusj\u00e4senmaksu\u00a040 euroa. Kysy kannatusj\u00e4senyydest\u00e4 lis\u00e4\u00e4 pohjoissuomenmonikkoperheet@gmail.com Tervetuloa mukaan yhdistykseen ja sen toimintaan! Uudet j\u00e4senet: Liity j\u00e4seneksi liittymislomakkeella. Maksutiedot vanhoille j\u00e4senille: 1.Tilinumero:\u00a0FI22 5157 6820 0037 44Maksun saaja:\u00a0Pohjois-Suomen Monikkoperheet ryK\u00e4yt\u00e4 [&hellip;]<\/p>\n","protected":false},"author":1,"featured_media":0,"parent":0,"menu_order":0,"comment_status":"closed","ping_status":"closed","template":"","meta":{"_acf_changed":false,"footnotes":""},"class_list":["post-67","page","type-page","status-publish","hentry"],"acf":[],"aioseo_notices":[],"_links":{"self":[{"href":"https:\/\/monikkoperheet.fi\/pohjois-suomi\/wp-json\/wp\/v2\/pages\/67","targetHints":{"allow":["GET"]}}],"collection":[{"href":"https:\/\/monikkoperheet.fi\/pohjois-suomi\/wp-json\/wp\/v2\/pages"}],"about":[{"href":"https:\/\/monikkoperheet.fi\/pohjois-suomi\/wp-json\/wp\/v2\/types\/page"}],"author":[{"embeddable":true,"href":"https:\/\/monikkoperheet.fi\/pohjois-suomi\/wp-json\/wp\/v2\/users\/1"}],"replies":[{"embeddable":true,"href":"https:\/\/monikkoperheet.fi\/pohjois-suomi\/wp-json\/wp\/v2\/comments?post=67"}],"version-history":[{"count":13,"href":"https:\/\/monikkoperheet.fi\/pohjois-suomi\/wp-json\/wp\/v2\/pages\/67\/revisions"}],"predecessor-version":[{"id":1586,"href":"https:\/\/monikkoperheet.fi\/pohjois-suomi\/wp-json\/wp\/v2\/pages\/67\/revisions\/1586"}],"wp:attachment":[{"href":"https:\/\/monikkoperheet.fi\/pohjois-suomi\/wp-json\/wp\/v2\/media?parent=67"}],"curies":[{"name":"wp","href":"https:\/\/api.w.org\/{rel}","templated":true}]}}