{"id":99,"date":"2021-01-15T14:54:31","date_gmt":"2021-01-15T12:54:31","guid":{"rendered":"https:\/\/monikkoperheet.fi\/pohjois-suomi\/?page_id=99"},"modified":"2026-04-08T19:10:35","modified_gmt":"2026-04-08T16:10:35","slug":"yhteystiedot","status":"publish","type":"page","link":"https:\/\/monikkoperheet.fi\/pohjois-suomi\/yhteystiedot\/","title":{"rendered":"Yhteystiedot"},"content":{"rendered":"\n<p><strong>Pohjois-Suomen Monikkoperheet ry toimii t\u00e4ysin vapaaehtoisvoimin. <\/strong><br>Yhdistyksen hallituksen\/vapaaehtoistoimijat tavoitat s\u00e4hk\u00f6postitse.<br>Yhdistyksen kotipaikka on <strong>Oulu<\/strong>, toimimme koko Pohjois-Suomen alueella. Toimintaa on my\u00f6s mm. <strong>Rovaniemell\u00e4<\/strong>, <strong>Kajaanissa<\/strong>, <strong>Torniossa ja Sodankyl\u00e4ss\u00e4<\/strong><\/p>\n\n\n\n<div style=\"height:20px\" aria-hidden=\"true\" class=\"wp-block-spacer\"><\/div>\n\n\n\n<div class=\"wp-block-columns is-layout-flex wp-container-core-columns-is-layout-9d6595d7 wp-block-columns-is-layout-flex\">\n<div class=\"wp-block-column is-layout-flow wp-block-column-is-layout-flow\"><div class=\"wp-block-image\">\n<figure class=\"aligncenter size-large is-resized\"><img loading=\"lazy\" decoding=\"async\" width=\"88\" height=\"95\" src=\"https:\/\/monikkoperheet.fi\/etela-pohjanmaa\/wp-content\/uploads\/sites\/8\/2021\/01\/otayhteytta.png\" alt=\"\" class=\"wp-image-62\" style=\"width:79px;height:85px\" \/><\/figure>\n<\/div><\/div>\n\n\n\n<div class=\"wp-block-column is-layout-flow wp-block-column-is-layout-flow\"><div class=\"wp-block-image\">\n<figure class=\"aligncenter size-large is-resized\"><img loading=\"lazy\" decoding=\"async\" width=\"1024\" height=\"576\" src=\"https:\/\/monikkoperheet.fi\/etela-pohjanmaa\/wp-content\/uploads\/sites\/8\/2021\/01\/somelogot-1024x576.jpg\" alt=\"\" class=\"wp-image-132\" style=\"width:220px;height:123px\" srcset=\"https:\/\/monikkoperheet.fi\/pohjois-suomi\/wp-content\/uploads\/sites\/17\/2021\/01\/somelogot-1024x576.jpg 1024w, https:\/\/monikkoperheet.fi\/pohjois-suomi\/wp-content\/uploads\/sites\/17\/2021\/01\/somelogot-300x169.jpg 300w, https:\/\/monikkoperheet.fi\/pohjois-suomi\/wp-content\/uploads\/sites\/17\/2021\/01\/somelogot-768x432.jpg 768w, https:\/\/monikkoperheet.fi\/pohjois-suomi\/wp-content\/uploads\/sites\/17\/2021\/01\/somelogot-1200x675.jpg 1200w, https:\/\/monikkoperheet.fi\/pohjois-suomi\/wp-content\/uploads\/sites\/17\/2021\/01\/somelogot.jpg 1280w\" sizes=\"auto, (max-width: 1024px) 100vw, 1024px\" \/><\/figure>\n<\/div><\/div>\n<\/div>\n\n\n\n<div class=\"wp-block-columns is-layout-flex wp-container-core-columns-is-layout-9d6595d7 wp-block-columns-is-layout-flex\">\n<div class=\"wp-block-column is-layout-flow wp-block-column-is-layout-flow\">\n<h4 class=\"wp-block-heading\">Yhdistyksen s\u00e4hk\u00f6postiosoitteet:<\/h4>\n\n\n\n<p><strong>Yleiss\u00e4hk\u00f6postiosoite:<\/strong> <a href=\"mailto:pohjoissuomenmonikkoperheet@gmail.com\">pohjoissuomenmonikkoperheet@gmail.com<\/a><\/p>\n\n\n\n<p><strong>J\u00e4senasiat:<\/strong> <a href=\"mailto:jasenvastaava.psmp@gmail.com\">jasenvastaava.psmp@gmail.com<\/a><\/p>\n\n\n\n<p><strong>Monikkoperhevalmennus:<\/strong> <a href=\"mailto:pohjoissuomenmonikkoperheet@gmail.com\">pohjoissuomenmonikkoperheet@gmail.com<\/a><\/p>\n\n\n\n<p><strong>Rahastonhoitaja:<\/strong> <a href=\"mailto:rahastonhoitaja.psmp@gmail.com\">rahastonhoitaja.psmp@gmail.com<\/a><\/p>\n<\/div>\n\n\n\n<div class=\"wp-block-column is-layout-flow wp-block-column-is-layout-flow\">\n<h4 class=\"wp-block-heading\">Yhdistys sosiaalisessa mediassa:<\/h4>\n\n\n\n<p><strong>Facebook: <\/strong><\/p>\n\n\n\n<p>Sivu<\/p>\n\n\n\n<p><a href=\"https:\/\/www.facebook.com\/pohjoissuomenmonikkoperheet\" target=\"_blank\" rel=\"noopener\" title=\"\">https:\/\/www.facebook.com\/pohjoissuomenmonikkoperheet<\/a><br><br>Suljettu ryhm\u00e4<\/p>\n\n\n\n<p><a data-type=\"URL\" data-id=\"https:\/\/www.facebook.com\/groups\/73678986639\" href=\"https:\/\/www.facebook.com\/groups\/73678986639\" target=\"_blank\" rel=\"noreferrer noopener\">Vertaistukiryhm\u00e4 Pohjois-Suomen monikkoperheille<\/a><\/p>\n\n\n\n<p><strong>Instagram: <\/strong><a href=\"https:\/\/www.instagram.com\/pohjoissuomenmonikkoperheet\/\" data-type=\"URL\" data-id=\"https:\/\/www.instagram.com\/pohjoissuomenmonikkoperheet\/\" target=\"_blank\" rel=\"noreferrer noopener\">pohjoissuomenmonikkoperheet<\/a><\/p>\n<\/div>\n<\/div>\n\n\n\n<hr class=\"wp-block-separator has-css-opacity\" \/>\n\n\n\n<div class=\"wp-block-columns is-layout-flex wp-container-core-columns-is-layout-9d6595d7 wp-block-columns-is-layout-flex\">\n<div class=\"wp-block-column is-layout-flow wp-block-column-is-layout-flow\">\n<h4 class=\"wp-block-heading\">Yhdistyksen hallitus 2026:<\/h4>\n\n\n\n<p><\/p>\n\n\n\n<p><strong>Puheenjohtaja:<\/strong> Johanna Pekkala<\/p>\n\n\n\n<p><strong>Varapuheenjohtaja:<\/strong> Niina Kemola<\/p>\n\n\n\n<p><strong>Monikkoperhevalmennusvastaava: <\/strong><br>Niina Kemola ja Hanna Puolakka<\/p>\n\n\n\n<p><strong>Sihteeri:<\/strong> Mirka Helander<\/p>\n\n\n\n<p><strong>J\u00e4senvastaava:<\/strong> Rosalba Paone<\/p>\n\n\n\n<p><strong>Rahastonhoitaja:<\/strong> Marjaana Korhonen<\/p>\n\n\n\n<p><strong>Avustusvastaava: <\/strong>Marjaana Korhonen ja Laura Kauppinen<\/p>\n\n\n\n<p><strong>Yhteisty\u00f6vastaava:<\/strong> Mervi Anttila<\/p>\n\n\n\n<p><strong>Netti- ja somevastaava:<\/strong> Matias Honkam\u00e4ki ja Annika N\u00e4tti<\/p>\n\n\n\n<p><em>Yhteydenotot yhdistyksen s\u00e4hk\u00f6postiosoitteiden kautta.<\/em><\/p>\n<\/div>\n\n\n\n<div class=\"wp-block-column is-layout-flow wp-block-column-is-layout-flow\">\n<figure class=\"wp-block-image size-large is-resized\"><img loading=\"lazy\" decoding=\"async\" width=\"587\" height=\"1024\" src=\"https:\/\/monikkoperheet.fi\/pohjois-suomi\/wp-content\/uploads\/sites\/17\/2023\/05\/Pohjois-Suomi-kartta-587x1024.png\" alt=\"\" class=\"wp-image-519\" style=\"width:334px;height:583px\" srcset=\"https:\/\/monikkoperheet.fi\/pohjois-suomi\/wp-content\/uploads\/sites\/17\/2023\/05\/Pohjois-Suomi-kartta-587x1024.png 587w, https:\/\/monikkoperheet.fi\/pohjois-suomi\/wp-content\/uploads\/sites\/17\/2023\/05\/Pohjois-Suomi-kartta-172x300.png 172w, https:\/\/monikkoperheet.fi\/pohjois-suomi\/wp-content\/uploads\/sites\/17\/2023\/05\/Pohjois-Suomi-kartta-768x1339.png 768w, https:\/\/monikkoperheet.fi\/pohjois-suomi\/wp-content\/uploads\/sites\/17\/2023\/05\/Pohjois-Suomi-kartta-881x1536.png 881w, https:\/\/monikkoperheet.fi\/pohjois-suomi\/wp-content\/uploads\/sites\/17\/2023\/05\/Pohjois-Suomi-kartta-1175x2048.png 1175w, https:\/\/monikkoperheet.fi\/pohjois-suomi\/wp-content\/uploads\/sites\/17\/2023\/05\/Pohjois-Suomi-kartta-1200x2092.png 1200w, https:\/\/monikkoperheet.fi\/pohjois-suomi\/wp-content\/uploads\/sites\/17\/2023\/05\/Pohjois-Suomi-kartta.png 1622w\" sizes=\"auto, (max-width: 587px) 100vw, 587px\" \/><\/figure>\n\n\n\n<p>Toimimme Pohjois-Suomessa Oulun ja Rovaniemen alueella<\/p>\n<\/div>\n<\/div>\n\n\n\n<hr class=\"wp-block-separator has-css-opacity\" \/>\n\n\n\n<h5 class=\"wp-block-heading\">Yhdistyksen s\u00e4\u00e4nn\u00f6t<\/h5>\n\n\n\n<p><br><strong>\u00a7 1 YHDISTYKSEN NIMI JA KOTIPAIKKA<\/strong><br>Yhdistyksen nimi on Pohjois-Suomen Monikkoperheet ry. Sen kotipaikka on Oulu ja toiminta-alue Pohjois-Pohjanmaa ja Lappi. Yhdistys on suomenkielinen.<\/p>\n\n\n\n<p><br><strong>\u00a7 2 TARKOITUS JA TOIMINNAN LAATU<\/strong><br>Yhdistyksen tarkoitus on tarjota vertaistukea monikkoperheille sek\u00e4 jakaa tietoutta ja parantaa monikkoperheiden yhteiskunnallista asemaa. Monikkoperheell\u00e4 tarkoitetaan perhett\u00e4, jossa on kaksoset, kolmoset, neloset tai useampia samaan aikaan syntyneit\u00e4 lapsia. Tarkoituksensa toteuttamiseksi yhdistys j\u00e4rjest\u00e4\u00e4 keskustelutilaisuuksia, luentoja ja koulutuksia sek\u00e4 erilaisia tapahtumia alueen monikkoperheille. Yhdistys voi rahoittaa toimintaansa ottamalla vastaan avustuksia, lahjoituksia ja testamentteja sek\u00e4 j\u00e4rjest\u00e4m\u00e4ll\u00e4 arpajaisia, myyj\u00e4isi\u00e4 ja kirpputoreja tai muuta varainhankintaa asianmukaisen luvan hankittuaan. Yhdistyksen tarkoitus ei ole tuottaa voittoa eik\u00e4 taloudellista ansiota toimintaan osallistuville. Se voi liitty\u00e4 j\u00e4seneksi tarpeelliseksi katsomiinsa yhdistyksiin.<\/p>\n\n\n\n<p><br><strong>\u00a7 3 J\u00c4SENET<\/strong><br>Yhdistyksen j\u00e4senet ovat varsinaisia j\u00e4seni\u00e4, kannatusj\u00e4seni\u00e4 tai kunniaj\u00e4seni\u00e4. Varsinaiseksi j\u00e4seneksi voi liitty\u00e4 henkil\u00f6, jolla on tai joka odottaa monikkolapsia tai joka on itse kaksonen, kolmonen, nelonen tai niin edelleen. Kannatusj\u00e4seneksi voi liitty\u00e4 kuka tahansa yksityinen henkil\u00f6 tai oikeuskelpoinen yhteis\u00f6, jonka hallitus hyv\u00e4ksyy j\u00e4seneksi. Kunniaj\u00e4seneksi yhdistyksen hallitus voi kutsua henkil\u00f6n, joka on eritt\u00e4in ansiokkaasti toiminut yhdistyksen toiminta-alalla tai muun sopivaksi katsomansa henkil\u00f6n. Kunnia- ja kannatusj\u00e4senill\u00e4 ei ole \u00e4\u00e4nivaltaa. Varsinaisilta j\u00e4senilt\u00e4 ja kannatusj\u00e4senilt\u00e4 edellytet\u00e4\u00e4n j\u00e4senmaksun suorittamista vuosittain. Varsinaisten j\u00e4senten ja kannatusj\u00e4senten j\u00e4senmaksut voivat olla erisuuruisia ja maksujen suuruudesta p\u00e4\u00e4tt\u00e4\u00e4 vuosikokous. Kunniaj\u00e4sen on vapaa j\u00e4senmaksuvelvoitteesta. J\u00e4senell\u00e4 on oikeus erota yhdistyksest\u00e4 ilmoittamalla siit\u00e4 kirjallisesti hallitukselle tai sen puheenjohtajalle taikka ilmoittamalla eroamisesta yhdistyksen kokouksessa. Maksettua j\u00e4senmaksua ei palauteta eronneelle. Hallitus voi katsoa eronneeksi j\u00e4senen, joka on j\u00e4tt\u00e4nyt j\u00e4senmaksun maksamatta kahden kuukauden ajan sen er\u00e4\u00e4ntymisen j\u00e4lkeen. Hallitus voi my\u00f6s erottaa j\u00e4senen, mik\u00e4li t\u00e4m\u00e4 on menettelyll\u00e4\u00e4n yhdistyksess\u00e4 tai sen ulkopuolella huomattavasti vahingoittanut yhdistyst\u00e4.<\/p>\n\n\n\n<p><br><strong>\u00a7 4 HALLITUS<br><\/strong>Yhdistyksen asioita hoitaa hallitus, johon kuuluu vuosikokouksessa valitut puheenjohtaja ja v\u00e4hint\u00e4\u00e4n viisi (5) ja enint\u00e4\u00e4n kymmenen (10) varsinaista j\u00e4sent\u00e4. Hallitus valitsee keskuudestaan varapuheenjohtajan ja sihteerin ja keskuudestaan tai ulkopuolelta rahastonhoitajan, j\u00e4senvastaavan ja muut tarvittavat toimihenkil\u00f6t. Hallituksen puheenjohtajan ja j\u00e4senten toimikausi on vuosikokousten v\u00e4linen aika. Hallitus kokoontuu puheenjohtajan tai h\u00e4nen estyneen\u00e4 ollessaan varapuheenjohtajan kutsusta, kun he katsovat siihen olevan aihetta tai kun v\u00e4hint\u00e4\u00e4n kolme (3) hallituksen j\u00e4sent\u00e4 sit\u00e4 vaatii. Hallitus on p\u00e4\u00e4t\u00f6svaltainen, kun v\u00e4hint\u00e4\u00e4n kolme (3) sen j\u00e4senist\u00e4, puheenjohtaja tai varapuheenjohtaja mukaan luettuna, on l\u00e4sn\u00e4. Hallitus voi kokoontua my\u00f6s s\u00e4hk\u00f6postitse sek\u00e4 j\u00e4rjest\u00e4\u00e4 videoneuvottelukokouksia, mik\u00e4li kaikki hallituksen j\u00e4senet antavat t\u00e4h\u00e4n suostumuksensa. Asiat ratkaistaan yksinkertaisella \u00e4\u00e4nten enemmist\u00f6ll\u00e4. \u00c4\u00e4nten menness\u00e4 tasan ratkaisee puheenjohtajan mielipide, vaaleissa kuitenkin arpa. \u00c4\u00e4nestys on avoin, ellei joku hallituksen j\u00e4senist\u00e4 vaadi suljettua \u00e4\u00e4nestyst\u00e4.<\/p>\n\n\n\n<p><br><strong>\u00a7 5 YHDISTYKSEN NIMEN KIRJOITTAMINEN<\/strong><br>Yhdistyksen nimen kirjoittaa puheenjohtaja tai rahastonhoitaja yksin tai kaksi hallituksen j\u00e4sent\u00e4 yhdess\u00e4. Oikeus yhdistyksen nimen kirjoittamiseen voi olla my\u00f6s sellaisella henkil\u00f6ll\u00e4, jolle hallitus on t\u00e4m\u00e4n oikeuden erikseen antanut.<\/p>\n\n\n\n<p><br><strong>\u00a7 6 TILIT<br><\/strong>Yhdistyksen tilikausi on kalenterivuosi. Tilinp\u00e4\u00e4t\u00f6s tarvittavine asiakirjoineen ja hallituksen vuosikertomus on annettava toiminnantarkastajalle viimeist\u00e4\u00e4n kolme viikkoa ennen vuosikokousta. Toiminnantarkastajan tulee antaa kirjallinen lausuntonsa hallitukselle viimeist\u00e4\u00e4n viikkoa ennen vuosikokousta.<\/p>\n\n\n\n<p><br><strong>\u00a7 7 YHDISTYKSEN KOKOUKSET<\/strong><br>Yhdistyksen kokouksia ovat vuosikokous ja ylim\u00e4\u00e4r\u00e4inen kokous. Kokous on p\u00e4\u00e4t\u00f6svaltainen, kun se on laillisesti koolle kutsuttu. Yhdistyksen kokoukseen voidaan osallistua hallituksen tai yhdistyksen kokouksen niin p\u00e4\u00e4tt\u00e4ess\u00e4 my\u00f6s tietoliikenneyhteyden tai muun teknisen apuv\u00e4lineen avulla. Yhdistyksen kokous voidaan pit\u00e4\u00e4 my\u00f6s ilman kokouspaikkaa et\u00e4yhteyksin hallituksen niin p\u00e4\u00e4tt\u00e4ess\u00e4. Yhdistyksen vuosikokous pidet\u00e4\u00e4n vuosittain hallituksen m\u00e4\u00e4r\u00e4\u00e4m\u00e4n\u00e4 p\u00e4iv\u00e4n\u00e4 ennen maaliskuun loppua. Ylim\u00e4\u00e4r\u00e4inen kokous pidet\u00e4\u00e4n, kun yhdistyksen kokous niin p\u00e4\u00e4tt\u00e4\u00e4 tai hallitus katsoo siihen olevan aihetta tai kun v\u00e4hint\u00e4\u00e4n kymmenesosa (1\/10) yhdistyksen \u00e4\u00e4nioikeutetuista j\u00e4senist\u00e4 sit\u00e4 hallitukselta erityisesti ilmoitettua asiaa varten kirjallisesti vaatii. Kokous on pidett\u00e4v\u00e4 kolmenkymmenen (30) p\u00e4iv\u00e4n kuluessa vaatimuksen esitt\u00e4misest\u00e4. Yhdistyksen kokouksessa on jokaisella varsinaisella j\u00e4senell\u00e4 \u00e4\u00e4nioikeus ja jokaisella \u00e4\u00e4nioikeutetulla yksi (1) \u00e4\u00e4ni. \u00c4\u00e4nestys on avoin, ellei v\u00e4hint\u00e4\u00e4n kaksi (2) \u00e4\u00e4nioikeutettua j\u00e4sent\u00e4 vaadi suljettua \u00e4\u00e4nestyst\u00e4. P\u00e4\u00e4t\u00f6kset tehd\u00e4\u00e4n yksinkertaisella \u00e4\u00e4nten enemmist\u00f6ll\u00e4. \u00c4\u00e4nten menness\u00e4 tasan ratkaistaan vaalit arvalla, mutta muissa asioissa tulee p\u00e4\u00e4t\u00f6kseksi kokouksen puheenjohtajan kannattama mielipide.<\/p>\n\n\n\n<p><br><strong>\u00a7 8 YHDISTYKSEN KOKOUSTEN KOOLLE KUTSUMINEN<\/strong><br>Yhdistyksen kokoukset kutsuu koolle hallitus. Kokouskutsu on toimitettava viimeist\u00e4\u00e4n seitsem\u00e4n (7) p\u00e4iv\u00e4\u00e4 ennen kokousta s\u00e4hk\u00f6postitse yhdistyksen j\u00e4senille ja julkaisemalla kutsu yhdistyksen verkkosivuilla. Mik\u00e4li yhdistyksen j\u00e4sen haluaa saada jonkin asian yhdistyksen kokouksen k\u00e4sitelt\u00e4v\u00e4ksi, on h\u00e4nen siit\u00e4 kirjallisesti ilmoitettava hallitukselle niin hyviss\u00e4 ajoin, ett\u00e4 asia voidaan sis\u00e4llytt\u00e4\u00e4 kokouskutsuun.<\/p>\n\n\n\n<p><br><strong>\u00a7 9 VUOSIKOKOUS<\/strong><br>Yhdistyksen vuosikokouksessa k\u00e4sitell\u00e4\u00e4n ainakin seuraavat asiat:<\/p>\n\n\n\n<ol class=\"wp-block-list\">\n<li>Kokouksen avaus<\/li>\n\n\n\n<li>Valitaan kokouksen puheenjohtaja, sihteeri, kaksi (2) p\u00f6yt\u00e4kirjan tarkastajaa ja kaksi<br>(2) \u00e4\u00e4ntenlaskijaa.<\/li>\n\n\n\n<li>Todetaan kokouksen laillisuus ja p\u00e4\u00e4t\u00f6svaltaisuus<\/li>\n\n\n\n<li>Hyv\u00e4ksyt\u00e4\u00e4n kokouksen ty\u00f6j\u00e4rjestys<\/li>\n\n\n\n<li>Esitet\u00e4\u00e4n tilinp\u00e4\u00e4t\u00f6s, vuosikertomus ja toiminnantarkastajan lausunto<\/li>\n\n\n\n<li>P\u00e4\u00e4tet\u00e4\u00e4n tilinp\u00e4\u00e4t\u00f6ksen vahvistamisesta ja vastuuvapauden my\u00f6nt\u00e4misest\u00e4<br>hallitukselle ja muille tilivelvollisille<\/li>\n\n\n\n<li>Vahvistetaan toimintasuunnitelma, tulo- ja menoarvio sek\u00e4 j\u00e4senmaksujen suuruus<\/li>\n\n\n\n<li>Valitaan hallituksen puheenjohtaja<\/li>\n\n\n\n<li>Valitaan hallituksen varsinaiset j\u00e4senet<\/li>\n\n\n\n<li>Valitaan toiminnantarkastaja ja varatoiminnantarkastaja. Toiminnantarkastajien<br>toimikausi on vuosikokousten v\u00e4linen aika.<\/li>\n\n\n\n<li>K\u00e4sitell\u00e4\u00e4n muut kokouskutsussa mainitut asiat<br><\/li>\n<\/ol>\n\n\n\n<p><strong>\u00a7 10 S\u00c4\u00c4NT\u00d6JEN MUUTTAMINEN JA YHDISTYKSEN PURKAMINEN<br><\/strong>P\u00e4\u00e4t\u00f6s s\u00e4\u00e4nt\u00f6jen muuttamisesta ja yhdistyksen purkamisesta on teht\u00e4v\u00e4 yhdistyksen kokouksessa v\u00e4hint\u00e4\u00e4n kolmen nelj\u00e4sosan (3\/4) enemmist\u00f6ll\u00e4 annetuista \u00e4\u00e4nist\u00e4. Kokouskutsussa on mainittava s\u00e4\u00e4nt\u00f6jen muuttamisesta tai yhdistyksen purkamisesta. Yhdistyksen purkautuessa \u00e4ytet\u00e4\u00e4n yhdistyksen varat yhdistyksen tarkoituksen<br>edist\u00e4miseen purkamisesta p\u00e4\u00e4tt\u00e4v\u00e4n kokouksen m\u00e4\u00e4r\u00e4\u00e4m\u00e4ll\u00e4 tavalla. Yhdistyksen<br>tullessa lakkautetuksi k\u00e4ytet\u00e4\u00e4n varat samaan tarkoitukseen.<\/p>\n","protected":false},"excerpt":{"rendered":"<p>Pohjois-Suomen Monikkoperheet ry toimii t\u00e4ysin vapaaehtoisvoimin. Yhdistyksen hallituksen\/vapaaehtoistoimijat tavoitat s\u00e4hk\u00f6postitse.Yhdistyksen kotipaikka on Oulu, toimimme koko Pohjois-Suomen alueella. Toimintaa on my\u00f6s mm. Rovaniemell\u00e4, Kajaanissa, Torniossa ja Sodankyl\u00e4ss\u00e4 Yhdistyksen s\u00e4hk\u00f6postiosoitteet: Yleiss\u00e4hk\u00f6postiosoite: pohjoissuomenmonikkoperheet@gmail.com J\u00e4senasiat: jasenvastaava.psmp@gmail.com Monikkoperhevalmennus: pohjoissuomenmonikkoperheet@gmail.com Rahastonhoitaja: rahastonhoitaja.psmp@gmail.com Yhdistys sosiaalisessa mediassa: Facebook: Sivu https:\/\/www.facebook.com\/pohjoissuomenmonikkoperheet Suljettu ryhm\u00e4 Vertaistukiryhm\u00e4 Pohjois-Suomen monikkoperheille Instagram: pohjoissuomenmonikkoperheet Yhdistyksen hallitus 2026: Puheenjohtaja: Johanna Pekkala [&hellip;]<\/p>\n","protected":false},"author":2,"featured_media":0,"parent":0,"menu_order":0,"comment_status":"closed","ping_status":"closed","template":"","meta":{"_acf_changed":false,"footnotes":""},"class_list":["post-99","page","type-page","status-publish","hentry"],"acf":[],"aioseo_notices":[],"_links":{"self":[{"href":"https:\/\/monikkoperheet.fi\/pohjois-suomi\/wp-json\/wp\/v2\/pages\/99","targetHints":{"allow":["GET"]}}],"collection":[{"href":"https:\/\/monikkoperheet.fi\/pohjois-suomi\/wp-json\/wp\/v2\/pages"}],"about":[{"href":"https:\/\/monikkoperheet.fi\/pohjois-suomi\/wp-json\/wp\/v2\/types\/page"}],"author":[{"embeddable":true,"href":"https:\/\/monikkoperheet.fi\/pohjois-suomi\/wp-json\/wp\/v2\/users\/2"}],"replies":[{"embeddable":true,"href":"https:\/\/monikkoperheet.fi\/pohjois-suomi\/wp-json\/wp\/v2\/comments?post=99"}],"version-history":[{"count":44,"href":"https:\/\/monikkoperheet.fi\/pohjois-suomi\/wp-json\/wp\/v2\/pages\/99\/revisions"}],"predecessor-version":[{"id":1689,"href":"https:\/\/monikkoperheet.fi\/pohjois-suomi\/wp-json\/wp\/v2\/pages\/99\/revisions\/1689"}],"wp:attachment":[{"href":"https:\/\/monikkoperheet.fi\/pohjois-suomi\/wp-json\/wp\/v2\/media?parent=99"}],"curies":[{"name":"wp","href":"https:\/\/api.w.org\/{rel}","templated":true}]}}