{"id":112,"date":"2021-01-15T15:07:03","date_gmt":"2021-01-15T13:07:03","guid":{"rendered":"https:\/\/monikkoperheet.fi\/rauma\/?page_id=112"},"modified":"2023-09-27T08:21:26","modified_gmt":"2023-09-27T05:21:26","slug":"monikkoperhevalmennus","status":"publish","type":"page","link":"https:\/\/monikkoperheet.fi\/rauma\/monikkoperhevalmennus\/","title":{"rendered":"Monikkoperhevalmennus"},"content":{"rendered":"\n<h3 class=\"wp-block-heading\">Yhdistyksemme toiminta-alueella j\u00e4rjestet\u00e4\u00e4n monikkoperhevalmennusta<\/h3>\n\n\n\n<p><br>Kysy Rauman Seudun Monikkoperheet ry:n odottajille suunnatusta toiminnasta s\u00e4hk\u00f6postitse <a href=\"mailto:raumanmonikkoperheet@gmail.com\">raumanmonikkoperheet@gmail.com<\/a><\/p>\n","protected":false},"excerpt":{"rendered":"<p>Yhdistyksemme toiminta-alueella j\u00e4rjestet\u00e4\u00e4n monikkoperhevalmennusta Kysy Rauman Seudun Monikkoperheet ry:n odottajille suunnatusta toiminnasta s\u00e4hk\u00f6postitse raumanmonikkoperheet@gmail.com<\/p>\n","protected":false},"author":2,"featured_media":0,"parent":0,"menu_order":0,"comment_status":"closed","ping_status":"closed","template":"","meta":{"_acf_changed":false,"footnotes":""},"class_list":["post-112","page","type-page","status-publish","hentry"],"acf":[],"aioseo_notices":[],"_links":{"self":[{"href":"https:\/\/monikkoperheet.fi\/rauma\/wp-json\/wp\/v2\/pages\/112","targetHints":{"allow":["GET"]}}],"collection":[{"href":"https:\/\/monikkoperheet.fi\/rauma\/wp-json\/wp\/v2\/pages"}],"about":[{"href":"https:\/\/monikkoperheet.fi\/rauma\/wp-json\/wp\/v2\/types\/page"}],"author":[{"embeddable":true,"href":"https:\/\/monikkoperheet.fi\/rauma\/wp-json\/wp\/v2\/users\/2"}],"replies":[{"embeddable":true,"href":"https:\/\/monikkoperheet.fi\/rauma\/wp-json\/wp\/v2\/comments?post=112"}],"version-history":[{"count":3,"href":"https:\/\/monikkoperheet.fi\/rauma\/wp-json\/wp\/v2\/pages\/112\/revisions"}],"predecessor-version":[{"id":246,"href":"https:\/\/monikkoperheet.fi\/rauma\/wp-json\/wp\/v2\/pages\/112\/revisions\/246"}],"wp:attachment":[{"href":"https:\/\/monikkoperheet.fi\/rauma\/wp-json\/wp\/v2\/media?parent=112"}],"curies":[{"name":"wp","href":"https:\/\/api.w.org\/{rel}","templated":true}]}}