{"id":125,"date":"2021-01-20T13:11:23","date_gmt":"2021-01-20T11:11:23","guid":{"rendered":"https:\/\/monikkoperheet.fi\/rauma\/?page_id=125"},"modified":"2021-08-30T15:07:51","modified_gmt":"2021-08-30T12:07:51","slug":"tietosuojaseloste","status":"publish","type":"page","link":"https:\/\/monikkoperheet.fi\/rauma\/tietosuojaseloste\/","title":{"rendered":"Tietosuojaseloste"},"content":{"rendered":"\n<p>Rauman Seudun Monikkoperheet ry:n tietosuojaselosteen l\u00f6yd\u00e4t alla olevasta linkist\u00e4.<\/p>\n\n\n\n<div class=\"wp-block-file\"><a href=\"https:\/\/monikkoperheet.fi\/rauma\/wp-content\/uploads\/sites\/20\/2021\/08\/Tietosuojaseloste_Rauman-seudun-monikkoperheet-ry.docx.pdf\">Tietosuojaseloste_Rauman-seudun-monikkoperheet-ry<\/a><a href=\"https:\/\/monikkoperheet.fi\/rauma\/wp-content\/uploads\/sites\/20\/2021\/08\/Tietosuojaseloste_Rauman-seudun-monikkoperheet-ry.docx.pdf\" class=\"wp-block-file__button\" download>Lataa<\/a><\/div>\n","protected":false},"excerpt":{"rendered":"<p>Rauman Seudun Monikkoperheet ry:n tietosuojaselosteen l\u00f6yd\u00e4t alla olevasta linkist\u00e4.<\/p>\n","protected":false},"author":2,"featured_media":0,"parent":0,"menu_order":0,"comment_status":"closed","ping_status":"closed","template":"","meta":{"_acf_changed":false,"footnotes":""},"class_list":["post-125","page","type-page","status-publish","hentry"],"acf":[],"aioseo_notices":[],"_links":{"self":[{"href":"https:\/\/monikkoperheet.fi\/rauma\/wp-json\/wp\/v2\/pages\/125","targetHints":{"allow":["GET"]}}],"collection":[{"href":"https:\/\/monikkoperheet.fi\/rauma\/wp-json\/wp\/v2\/pages"}],"about":[{"href":"https:\/\/monikkoperheet.fi\/rauma\/wp-json\/wp\/v2\/types\/page"}],"author":[{"embeddable":true,"href":"https:\/\/monikkoperheet.fi\/rauma\/wp-json\/wp\/v2\/users\/2"}],"replies":[{"embeddable":true,"href":"https:\/\/monikkoperheet.fi\/rauma\/wp-json\/wp\/v2\/comments?post=125"}],"version-history":[{"count":3,"href":"https:\/\/monikkoperheet.fi\/rauma\/wp-json\/wp\/v2\/pages\/125\/revisions"}],"predecessor-version":[{"id":178,"href":"https:\/\/monikkoperheet.fi\/rauma\/wp-json\/wp\/v2\/pages\/125\/revisions\/178"}],"wp:attachment":[{"href":"https:\/\/monikkoperheet.fi\/rauma\/wp-json\/wp\/v2\/media?parent=125"}],"curies":[{"name":"wp","href":"https:\/\/api.w.org\/{rel}","templated":true}]}}