{"id":67,"date":"2021-01-12T07:47:44","date_gmt":"2021-01-12T05:47:44","guid":{"rendered":"https:\/\/monikkoperheet.fi\/paijat-hameen-monikkoperheet\/?page_id=67"},"modified":"2026-01-12T09:45:05","modified_gmt":"2026-01-12T07:45:05","slug":"jaseneksi","status":"publish","type":"page","link":"https:\/\/monikkoperheet.fi\/rauma\/jaseneksi\/","title":{"rendered":"J\u00e4seneksi"},"content":{"rendered":"\n<h3 class=\"wp-block-heading\">TIETOA J\u00c4SENYYDEST\u00c4<\/h3>\n\n\n\n<h4 class=\"wp-block-heading\">Tietoa alueellisen monikkoperheyhdistyksen j\u00e4senyydest\u00e4<\/h4>\n\n\n\n<p>J\u00e4seneksi haluava henkil\u00f6\/ perhe liittyy j\u00e4seneksi omalla alueellaan toimivaan monikkoperheyhdistykseen.&nbsp;<\/p>\n\n\n\n<p><strong>Tervetuloa mukaan Rauman Seudun Monikkoperheet ry:n toimintaan!<\/strong><\/p>\n\n\n\n<p>Tapahtumia ja vertaistukea.<\/p>\n\n\n\n<p>J\u00e4senmaksumme on\u00a0<strong>25 \u20ac<\/strong>.<\/p>\n\n\n\n<div class=\"wp-block-buttons is-layout-flex wp-block-buttons-is-layout-flex\">\n<div class=\"wp-block-button\"><a class=\"wp-block-button__link wp-element-button\" href=\"https:\/\/monikkoperheet.fi\/jaseneksi\/liittymislomake\/\">T\u00e4yt\u00e4 liittymislomake<\/a><\/div>\n<\/div>\n\n\n\n<hr class=\"wp-block-separator has-alpha-channel-opacity\"\/>\n\n\n\n<h4 class=\"wp-block-heading\">J\u00e4senetuja saatavilla ymp\u00e4ri Suomen<\/h4>\n\n\n\n<p>Koko Suomen etuliikkeet l\u00f6yd\u00e4t p\u00e4\u00e4sivuston, Suomen Monikkoperheet ry:n sivulta&nbsp;<a href=\"https:\/\/monikkoperheet.fi\/jaseneksi\/jasenetuliikkeet\/\">J\u00e4senetuliikkeet<\/a><\/p>\n\n\n\n<hr class=\"wp-block-separator has-alpha-channel-opacity\"\/>\n\n\n\n<p><strong>J\u00e4senedut saat k\u00e4ytt\u00f6\u00f6si, kun maksat yhdistyksen j\u00e4senmaksun ja saat sitten itsellesi k\u00e4ytt\u00f6\u00f6n j\u00e4senkortin (pdf-tiedosto s\u00e4hk\u00f6postiisi).<\/strong><\/p>\n","protected":false},"excerpt":{"rendered":"<p>TIETOA J\u00c4SENYYDEST\u00c4 Tietoa alueellisen monikkoperheyhdistyksen j\u00e4senyydest\u00e4 J\u00e4seneksi haluava henkil\u00f6\/ perhe liittyy j\u00e4seneksi omalla alueellaan toimivaan monikkoperheyhdistykseen.&nbsp; Tervetuloa mukaan Rauman Seudun Monikkoperheet ry:n toimintaan! Tapahtumia ja vertaistukea. J\u00e4senmaksumme on\u00a025 \u20ac. J\u00e4senetuja saatavilla ymp\u00e4ri Suomen Koko Suomen etuliikkeet l\u00f6yd\u00e4t p\u00e4\u00e4sivuston, Suomen Monikkoperheet ry:n sivulta&nbsp;J\u00e4senetuliikkeet J\u00e4senedut saat k\u00e4ytt\u00f6\u00f6si, kun maksat yhdistyksen j\u00e4senmaksun ja saat sitten itsellesi k\u00e4ytt\u00f6\u00f6n j\u00e4senkortin [&hellip;]<\/p>\n","protected":false},"author":1,"featured_media":0,"parent":0,"menu_order":0,"comment_status":"closed","ping_status":"closed","template":"","meta":{"_acf_changed":false,"footnotes":""},"class_list":["post-67","page","type-page","status-publish","hentry"],"acf":[],"aioseo_notices":[],"_links":{"self":[{"href":"https:\/\/monikkoperheet.fi\/rauma\/wp-json\/wp\/v2\/pages\/67","targetHints":{"allow":["GET"]}}],"collection":[{"href":"https:\/\/monikkoperheet.fi\/rauma\/wp-json\/wp\/v2\/pages"}],"about":[{"href":"https:\/\/monikkoperheet.fi\/rauma\/wp-json\/wp\/v2\/types\/page"}],"author":[{"embeddable":true,"href":"https:\/\/monikkoperheet.fi\/rauma\/wp-json\/wp\/v2\/users\/1"}],"replies":[{"embeddable":true,"href":"https:\/\/monikkoperheet.fi\/rauma\/wp-json\/wp\/v2\/comments?post=67"}],"version-history":[{"count":5,"href":"https:\/\/monikkoperheet.fi\/rauma\/wp-json\/wp\/v2\/pages\/67\/revisions"}],"predecessor-version":[{"id":288,"href":"https:\/\/monikkoperheet.fi\/rauma\/wp-json\/wp\/v2\/pages\/67\/revisions\/288"}],"wp:attachment":[{"href":"https:\/\/monikkoperheet.fi\/rauma\/wp-json\/wp\/v2\/media?parent=67"}],"curies":[{"name":"wp","href":"https:\/\/api.w.org\/{rel}","templated":true}]}}