{"id":99,"date":"2021-01-15T14:54:31","date_gmt":"2021-01-15T12:54:31","guid":{"rendered":"https:\/\/monikkoperheet.fi\/rauma\/?page_id=99"},"modified":"2025-12-09T10:58:35","modified_gmt":"2025-12-09T08:58:35","slug":"yhteystiedot","status":"publish","type":"page","link":"https:\/\/monikkoperheet.fi\/rauma\/yhteystiedot\/","title":{"rendered":"Yhteystiedot"},"content":{"rendered":"\n<p><strong>Rauman Seudun Monikkoperheet ry toimii t\u00e4ysin vapaaehtoisvoimin. <\/strong><br>Yhdistyksen hallituksen\/vapaaehtoistoimijat tavoitat s\u00e4hk\u00f6postitse.<\/p>\n\n\n\n<div style=\"height:20px\" aria-hidden=\"true\" class=\"wp-block-spacer\"><\/div>\n\n\n\n<div class=\"wp-block-columns is-layout-flex wp-container-core-columns-is-layout-9d6595d7 wp-block-columns-is-layout-flex\">\n<div class=\"wp-block-column is-layout-flow wp-block-column-is-layout-flow\">\n<figure class=\"wp-block-image size-large is-resized\"><img loading=\"lazy\" decoding=\"async\" width=\"88\" height=\"95\" src=\"https:\/\/monikkoperheet.fi\/rauma\/wp-content\/uploads\/sites\/20\/2021\/01\/otayhteytta.png\" alt=\"\" class=\"wp-image-62\"\/><\/figure>\n<\/div>\n\n\n\n<div class=\"wp-block-column is-layout-flow wp-block-column-is-layout-flow\">\n<figure class=\"wp-block-image size-large is-resized\"><img loading=\"lazy\" decoding=\"async\" width=\"1024\" height=\"576\" src=\"https:\/\/monikkoperheet.fi\/rauma\/wp-content\/uploads\/sites\/20\/2021\/01\/somelogot-1024x576.jpg\" alt=\"\" class=\"wp-image-132\" style=\"aspect-ratio:1.7778172012489355;width:309px;height:auto\" srcset=\"https:\/\/monikkoperheet.fi\/rauma\/wp-content\/uploads\/sites\/20\/2021\/01\/somelogot-1024x576.jpg 1024w, https:\/\/monikkoperheet.fi\/rauma\/wp-content\/uploads\/sites\/20\/2021\/01\/somelogot-300x169.jpg 300w, https:\/\/monikkoperheet.fi\/rauma\/wp-content\/uploads\/sites\/20\/2021\/01\/somelogot-768x432.jpg 768w, https:\/\/monikkoperheet.fi\/rauma\/wp-content\/uploads\/sites\/20\/2021\/01\/somelogot-1200x675.jpg 1200w, https:\/\/monikkoperheet.fi\/rauma\/wp-content\/uploads\/sites\/20\/2021\/01\/somelogot.jpg 1280w\" sizes=\"auto, (max-width: 1024px) 100vw, 1024px\" \/><\/figure>\n<\/div>\n<\/div>\n\n\n\n<div class=\"wp-block-columns is-layout-flex wp-container-core-columns-is-layout-9d6595d7 wp-block-columns-is-layout-flex\">\n<div class=\"wp-block-column is-layout-flow wp-block-column-is-layout-flow\">\n<h4 class=\"wp-block-heading\">Yhdistyksen s\u00e4hk\u00f6postiosoitteet:<\/h4>\n\n\n\n<p><strong>Yleiss\u00e4hk\u00f6postiosoite:<\/strong> <a href=\"mailto:raumanmonikkoperheet@gmail.com\">raumanmonikkoperheet@gmail.com<\/a><\/p>\n\n\n\n<p><strong>J\u00e4senasiat:<\/strong> <a href=\"mailto:raumanmonikkoperheet@gmail.com\">raumanmonikkoperheet@gmail.com<\/a><\/p>\n\n\n\n<p><strong>Monikkoperhevalmennus:<\/strong> Kysy lis\u00e4\u00e4: <a href=\"mailto:raumanmonikkoperheet@gmail.com\">raumanmonikkoperheet@gmail.com<\/a><\/p>\n<\/div>\n\n\n\n<div class=\"wp-block-column is-layout-flow wp-block-column-is-layout-flow\">\n<h4 class=\"wp-block-heading\">Yhdistys sosiaalisessa mediassa:<\/h4>\n\n\n\n<p><strong>Facebook: <\/strong> <a href=\"https:\/\/www.facebook.com\/Rauman-Seudun-Monikkoperheet-ry-107013882742806\" data-type=\"URL\" data-id=\"https:\/\/www.facebook.com\/Rauman-Seudun-Monikkoperheet-ry-107013882742806\" target=\"_blank\" rel=\"noreferrer noopener\">Rauman Seudun Monikkoperheet ry<\/a><\/p>\n\n\n\n<p><strong>Instagram: <\/strong> <a href=\"https:\/\/www.instagram.com\/raumanmonikkoperheet\/\" data-type=\"URL\" data-id=\"https:\/\/www.instagram.com\/raumanmonikkoperheet\/\" target=\"_blank\" rel=\"noreferrer noopener\">raumanmonikkoperheet<\/a><\/p>\n<\/div>\n<\/div>\n\n\n\n<hr class=\"wp-block-separator has-css-opacity\"\/>\n\n\n\n<h4 class=\"wp-block-heading\">Yhdistyksen hallitus 2025:<\/h4>\n\n\n\n<div style=\"height:15px\" aria-hidden=\"true\" class=\"wp-block-spacer\"><\/div>\n\n\n\n<p><strong>Puheenjohtaja, monikkoperhevalmennukset, etuliikkeet:<\/strong> Sannika Oksanen<\/p>\n\n\n\n<p><strong>Varapuheenjohtaja, tiedotus, perhevalmennukset: <\/strong>Eeva Anni<\/p>\n\n\n\n<p><strong>Rahastonhoitaja:<\/strong> Moona Iltanen<\/p>\n\n\n\n<p><strong>J\u00e4senvastaava:<\/strong> Susanna Honkaheimo<\/p>\n\n\n\n<p><strong>Sosiaalinen media:<\/strong> Sari Evomaa<\/p>\n\n\n\n<p><strong>Sihteeri, Toimintatonnivastaava: <\/strong>Heikki Palom\u00e4ki<\/p>\n\n\n\n<p>Kaikki hallituksen j\u00e4senet osallistuvat tapahtumien suunnitteluun ja toteutukseen. <\/p>\n\n\n\n<p><em>Yhteydenotot hallitukseen yhdistyksen s\u00e4hk\u00f6postiosoitteen kautta. <\/em><\/p>\n\n\n\n<hr class=\"wp-block-separator has-css-opacity\"\/>\n\n\n\n<h5 class=\"wp-block-heading\">Yhdistyksen s\u00e4\u00e4nn\u00f6t:<\/h5>\n\n\n\n<p>Yhdistyksemme s\u00e4\u00e4nn\u00f6t l\u00f6yd\u00e4t alla olevasta linkist\u00e4.<\/p>\n\n\n\n<div style=\"height:15px\" aria-hidden=\"true\" class=\"wp-block-spacer\"><\/div>\n\n\n\n<div class=\"wp-block-file\"><a id=\"wp-block-file--media-2587592d-1f41-40d3-bb09-785d80ba42cc\" href=\"https:\/\/monikkoperheet.fi\/rauma\/wp-content\/uploads\/sites\/20\/2021\/08\/Raumanseudunmonikkoyhdistyksensaannot.pdf\">Rauman Seudun Monikkoperheet ry:n yhdistyss\u00e4\u00e4nn\u00f6t<\/a><a href=\"https:\/\/monikkoperheet.fi\/rauma\/wp-content\/uploads\/sites\/20\/2021\/08\/Raumanseudunmonikkoyhdistyksensaannot.pdf\" class=\"wp-block-file__button wp-element-button\" download aria-describedby=\"wp-block-file--media-2587592d-1f41-40d3-bb09-785d80ba42cc\">Lataa<\/a><\/div>\n\n\n\n<div style=\"height:20px\" aria-hidden=\"true\" class=\"wp-block-spacer\"><\/div>\n\n\n\n<p><\/p>\n","protected":false},"excerpt":{"rendered":"<p>Rauman Seudun Monikkoperheet ry toimii t\u00e4ysin vapaaehtoisvoimin. Yhdistyksen hallituksen\/vapaaehtoistoimijat tavoitat s\u00e4hk\u00f6postitse. Yhdistyksen s\u00e4hk\u00f6postiosoitteet: Yleiss\u00e4hk\u00f6postiosoite: raumanmonikkoperheet@gmail.com J\u00e4senasiat: raumanmonikkoperheet@gmail.com Monikkoperhevalmennus: Kysy lis\u00e4\u00e4: raumanmonikkoperheet@gmail.com Yhdistys sosiaalisessa mediassa: Facebook: Rauman Seudun Monikkoperheet ry Instagram: raumanmonikkoperheet Yhdistyksen hallitus 2025: Puheenjohtaja, monikkoperhevalmennukset, etuliikkeet: Sannika Oksanen Varapuheenjohtaja, tiedotus, perhevalmennukset: Eeva Anni Rahastonhoitaja: Moona Iltanen J\u00e4senvastaava: Susanna Honkaheimo Sosiaalinen media: Sari Evomaa Sihteeri, [&hellip;]<\/p>\n","protected":false},"author":2,"featured_media":0,"parent":0,"menu_order":0,"comment_status":"closed","ping_status":"closed","template":"","meta":{"_acf_changed":false,"footnotes":""},"class_list":["post-99","page","type-page","status-publish","hentry"],"acf":[],"aioseo_notices":[],"_links":{"self":[{"href":"https:\/\/monikkoperheet.fi\/rauma\/wp-json\/wp\/v2\/pages\/99","targetHints":{"allow":["GET"]}}],"collection":[{"href":"https:\/\/monikkoperheet.fi\/rauma\/wp-json\/wp\/v2\/pages"}],"about":[{"href":"https:\/\/monikkoperheet.fi\/rauma\/wp-json\/wp\/v2\/types\/page"}],"author":[{"embeddable":true,"href":"https:\/\/monikkoperheet.fi\/rauma\/wp-json\/wp\/v2\/users\/2"}],"replies":[{"embeddable":true,"href":"https:\/\/monikkoperheet.fi\/rauma\/wp-json\/wp\/v2\/comments?post=99"}],"version-history":[{"count":18,"href":"https:\/\/monikkoperheet.fi\/rauma\/wp-json\/wp\/v2\/pages\/99\/revisions"}],"predecessor-version":[{"id":286,"href":"https:\/\/monikkoperheet.fi\/rauma\/wp-json\/wp\/v2\/pages\/99\/revisions\/286"}],"wp:attachment":[{"href":"https:\/\/monikkoperheet.fi\/rauma\/wp-json\/wp\/v2\/media?parent=99"}],"curies":[{"name":"wp","href":"https:\/\/api.w.org\/{rel}","templated":true}]}}