{"id":114,"date":"2023-01-22T21:21:48","date_gmt":"2023-01-22T19:21:48","guid":{"rendered":"https:\/\/monikkoperheet.fi\/savo\/?page_id=114"},"modified":"2026-03-17T15:21:48","modified_gmt":"2026-03-17T13:21:48","slug":"tapahtumat","status":"publish","type":"page","link":"https:\/\/monikkoperheet.fi\/savo\/tapahtumat\/","title":{"rendered":"Tapahtumat"},"content":{"rendered":"\n<h3 class=\"wp-block-heading\">Savon Monikkoperheet ry:n tapahtumat<\/h3>\n\n\n\n<div style=\"height:20px\" aria-hidden=\"true\" class=\"wp-block-spacer\"><\/div>\n\n\n\n<p>Yhdistys j\u00e4rjest\u00e4\u00e4 monenlaista toimintaa, mm. monikkoarki-iltap\u00e4ivi\u00e4, erilaisia tapahtumia ja pikkujoulut.<br>Tilaisuudet ovat vapaamuotoisia. Tarkoituksena on &nbsp;kahvitella yhdess\u00e4, vaihtaa ajatuksia ja kuulumisia sek\u00e4 saada vertaistukea muilta samanlaista arjen hullunmylly\u00e4 py\u00f6ritt\u00e4vilt\u00e4 perheilt\u00e4. Ehk\u00e4 porukasta l\u00f6ytyy my\u00f6s uusia tuttavuuksia!<\/p>\n\n\n\n<p>L\u00e4mpim\u00e4sti tervetuloa tutustumaan toimintaamme. Lis\u00e4tietoja saa s\u00e4hk\u00f6postiosoitteesta: savon.monikkoperheet.ry@gmail.com<\/p>\n\n\n\n<hr class=\"wp-block-separator has-css-opacity\" \/>\n\n\n\n<h2 class=\"wp-block-heading\">Tapahtumat 2026<\/h2>\n\n\n\n<p>Tulevista tapahtumista saat tietoa my\u00f6s yhdistyksen <a data-type=\"URL\" data-id=\"https:\/\/www.facebook.com\/savonmonikkoperheet\" href=\"https:\/\/www.facebook.com\/savonmonikkoperheet\" target=\"_blank\" rel=\"noreferrer noopener\">Facebook-sivuilta<\/a>, Instagramista <a data-type=\"URL\" data-id=\"https:\/\/www.instagram.com\/savonmonikkoperheet\/\" href=\"https:\/\/www.instagram.com\/savonmonikkoperheet\/\" target=\"_blank\" rel=\"noreferrer noopener\">@savonmonikkoperheet<\/a> sek\u00e4 s\u00e4hk\u00f6postitse.<\/p>\n\n\n\n<p>Tulossa:<\/p>\n\n\n\n<ul class=\"wp-block-list\">\n<li><strong>Alkukes\u00e4np\u00e4iv\u00e4t la 13.6.2026 klo 14-15 Valkeisen puistossa (Valkeisenkatu 10, Kuopio), tervetuloa!<\/strong><\/li>\n<\/ul>\n\n\n\n<ul class=\"wp-block-list\">\n<li>Loppukes\u00e4np\u00e4iv\u00e4t elokuussa<\/li>\n<\/ul>\n\n\n\n<ul class=\"wp-block-list\">\n<li>Monikkoarki-iltap\u00e4iv\u00e4<\/li>\n<\/ul>\n\n\n\n<ul class=\"wp-block-list\">\n<li>Koululaisten tapahtuma<\/li>\n<\/ul>\n\n\n\n<ul class=\"wp-block-list\">\n<li>\u00c4itien ja isien ilta<\/li>\n<\/ul>\n\n\n\n<ul class=\"wp-block-list\">\n<li>Pikkujoulut<\/li>\n<\/ul>\n\n\n\n<ul class=\"wp-block-list\"><\/ul>\n\n\n\n<ul class=\"wp-block-list\"><\/ul>\n\n\n\n<div style=\"height:72px\" aria-hidden=\"true\" class=\"wp-block-spacer\"><\/div>\n\n\n\n<figure class=\"wp-block-image size-large is-resized\"><img loading=\"lazy\" decoding=\"async\" width=\"1024\" height=\"576\" src=\"https:\/\/monikkoperheet.fi\/savo\/wp-content\/uploads\/sites\/21\/2022\/04\/kaksoset-tytto-potkulauteilee-poika-polkupyorailee_-1024x576.jpg\" alt=\"\" class=\"wp-image-253\" style=\"width:878px;height:494px\" srcset=\"https:\/\/monikkoperheet.fi\/savo\/wp-content\/uploads\/sites\/21\/2022\/04\/kaksoset-tytto-potkulauteilee-poika-polkupyorailee_-1024x576.jpg 1024w, https:\/\/monikkoperheet.fi\/savo\/wp-content\/uploads\/sites\/21\/2022\/04\/kaksoset-tytto-potkulauteilee-poika-polkupyorailee_-300x169.jpg 300w, https:\/\/monikkoperheet.fi\/savo\/wp-content\/uploads\/sites\/21\/2022\/04\/kaksoset-tytto-potkulauteilee-poika-polkupyorailee_-768x432.jpg 768w, https:\/\/monikkoperheet.fi\/savo\/wp-content\/uploads\/sites\/21\/2022\/04\/kaksoset-tytto-potkulauteilee-poika-polkupyorailee_-1536x864.jpg 1536w, https:\/\/monikkoperheet.fi\/savo\/wp-content\/uploads\/sites\/21\/2022\/04\/kaksoset-tytto-potkulauteilee-poika-polkupyorailee_-1200x675.jpg 1200w, https:\/\/monikkoperheet.fi\/savo\/wp-content\/uploads\/sites\/21\/2022\/04\/kaksoset-tytto-potkulauteilee-poika-polkupyorailee_.jpg 1920w\" sizes=\"auto, (max-width: 1024px) 100vw, 1024px\" \/><\/figure>\n","protected":false},"excerpt":{"rendered":"<p>Savon Monikkoperheet ry:n tapahtumat Yhdistys j\u00e4rjest\u00e4\u00e4 monenlaista toimintaa, mm. monikkoarki-iltap\u00e4ivi\u00e4, erilaisia tapahtumia ja pikkujoulut.Tilaisuudet ovat vapaamuotoisia. Tarkoituksena on &nbsp;kahvitella yhdess\u00e4, vaihtaa ajatuksia ja kuulumisia sek\u00e4 saada vertaistukea muilta samanlaista arjen hullunmylly\u00e4 py\u00f6ritt\u00e4vilt\u00e4 perheilt\u00e4. Ehk\u00e4 porukasta l\u00f6ytyy my\u00f6s uusia tuttavuuksia! L\u00e4mpim\u00e4sti tervetuloa tutustumaan toimintaamme. Lis\u00e4tietoja saa s\u00e4hk\u00f6postiosoitteesta: savon.monikkoperheet.ry@gmail.com Tapahtumat 2026 Tulevista tapahtumista saat tietoa my\u00f6s yhdistyksen [&hellip;]<\/p>\n","protected":false},"author":2,"featured_media":0,"parent":0,"menu_order":0,"comment_status":"closed","ping_status":"closed","template":"","meta":{"_acf_changed":false,"footnotes":""},"class_list":["post-114","page","type-page","status-publish","hentry"],"acf":[],"aioseo_notices":[],"_links":{"self":[{"href":"https:\/\/monikkoperheet.fi\/savo\/wp-json\/wp\/v2\/pages\/114","targetHints":{"allow":["GET"]}}],"collection":[{"href":"https:\/\/monikkoperheet.fi\/savo\/wp-json\/wp\/v2\/pages"}],"about":[{"href":"https:\/\/monikkoperheet.fi\/savo\/wp-json\/wp\/v2\/types\/page"}],"author":[{"embeddable":true,"href":"https:\/\/monikkoperheet.fi\/savo\/wp-json\/wp\/v2\/users\/2"}],"replies":[{"embeddable":true,"href":"https:\/\/monikkoperheet.fi\/savo\/wp-json\/wp\/v2\/comments?post=114"}],"version-history":[{"count":63,"href":"https:\/\/monikkoperheet.fi\/savo\/wp-json\/wp\/v2\/pages\/114\/revisions"}],"predecessor-version":[{"id":567,"href":"https:\/\/monikkoperheet.fi\/savo\/wp-json\/wp\/v2\/pages\/114\/revisions\/567"}],"wp:attachment":[{"href":"https:\/\/monikkoperheet.fi\/savo\/wp-json\/wp\/v2\/media?parent=114"}],"curies":[{"name":"wp","href":"https:\/\/api.w.org\/{rel}","templated":true}]}}