{"id":2,"date":"2020-11-12T12:41:50","date_gmt":"2020-11-12T10:41:50","guid":{"rendered":"https:\/\/monikkoperheet.fi\/paijat-hameen-monikkoperheet\/?page_id=2"},"modified":"2026-02-28T19:28:23","modified_gmt":"2026-02-28T17:28:23","slug":"esimerkkisivu","status":"publish","type":"page","link":"https:\/\/monikkoperheet.fi\/turku\/","title":{"rendered":"Etusivu"},"content":{"rendered":"\n<div style=\"height:15px\" aria-hidden=\"true\" class=\"wp-block-spacer\"><\/div>\n\n\n\n<div class=\"wp-block-columns is-layout-flex wp-container-core-columns-is-layout-9d6595d7 wp-block-columns-is-layout-flex\">\n<div class=\"wp-block-column is-layout-flow wp-block-column-is-layout-flow\"><div class=\"wp-block-image is-resized\">\n<figure class=\"aligncenter size-full\"><img loading=\"lazy\" decoding=\"async\" width=\"168\" height=\"147\" src=\"https:\/\/monikkoperheet.fi\/turku\/wp-content\/uploads\/sites\/22\/2025\/04\/Turun-Seudun-Monikkoperheet-ry-logo-2025-.png\" alt=\"\" class=\"wp-image-480\" style=\"width:195px;height:auto\" \/><\/figure>\n<\/div><\/div>\n\n\n\n<div class=\"wp-block-column is-layout-flow wp-block-column-is-layout-flow\"><div class=\"wp-block-image\">\n<figure class=\"aligncenter size-large\"><img loading=\"lazy\" decoding=\"async\" width=\"100\" height=\"95\" src=\"https:\/\/monikkoperheet.fi\/paijat-hameen-monikkoperheet\/wp-content\/uploads\/sites\/2\/2021\/01\/jaseneksi.png\" alt=\"\" class=\"wp-image-61\" \/><\/figure>\n<\/div>\n\n\n<h4 class=\"wp-block-heading has-text-align-center\">Liity j\u00e4seneksi<\/h4>\n\n\n\n<p class=\"has-text-align-center\">26 euron j\u00e4senmaksulla saat j\u00e4senetuja,<br>tapahtumia sek\u00e4 vertaistukea.<\/p>\n\n\n\n<div class=\"wp-block-buttons is-horizontal is-content-justification-center is-layout-flex wp-container-core-buttons-is-layout-499968f5 wp-block-buttons-is-layout-flex\">\n<div class=\"wp-block-button\"><a class=\"wp-block-button__link wp-element-button\" href=\"https:\/\/monikkoperheet.fi\/turku\/jaseneksi\/\">Haluan j\u00e4seneksi!<\/a><\/div>\n<\/div>\n<\/div>\n\n\n\n<div class=\"wp-block-column is-layout-flow wp-block-column-is-layout-flow\"><div class=\"wp-block-image\">\n<figure class=\"aligncenter size-large\"><img loading=\"lazy\" decoding=\"async\" width=\"88\" height=\"95\" src=\"https:\/\/monikkoperheet.fi\/paijat-hameen-monikkoperheet\/wp-content\/uploads\/sites\/2\/2021\/01\/otayhteytta.png\" alt=\"\" class=\"wp-image-62\" \/><\/figure>\n<\/div>\n\n\n<h4 class=\"wp-block-heading has-text-align-center\">Ota yhteytt\u00e4<\/h4>\n\n\n\n<p class=\"has-text-align-center\">Ota meihin yhteytt\u00e4 ja kysy lis\u00e4\u00e4 <strong><a href=\"mailto:turunseudunmonikkoperheet@gmail.com\">turunseudunmonikkoperheet@gmail.com<\/a><\/strong><\/p>\n\n\n\n<div class=\"wp-block-buttons is-horizontal is-content-justification-center is-layout-flex wp-container-core-buttons-is-layout-499968f5 wp-block-buttons-is-layout-flex\">\n<div class=\"wp-block-button\"><a class=\"wp-block-button__link wp-element-button\" href=\"https:\/\/monikkoperheet.fi\/turku\/yhteystiedot\/\">Yhteystietoihin<\/a><\/div>\n<\/div>\n<\/div>\n<\/div>\n\n\n\n<p><\/p>\n","protected":false},"excerpt":{"rendered":"<p>Liity j\u00e4seneksi 26 euron j\u00e4senmaksulla saat j\u00e4senetuja,tapahtumia sek\u00e4 vertaistukea. Ota yhteytt\u00e4 Ota meihin yhteytt\u00e4 ja kysy lis\u00e4\u00e4 turunseudunmonikkoperheet@gmail.com<\/p>\n","protected":false},"author":1,"featured_media":276,"parent":0,"menu_order":0,"comment_status":"closed","ping_status":"open","template":"templates\/frontpage.php","meta":{"_acf_changed":false,"footnotes":""},"class_list":["post-2","page","type-page","status-publish","has-post-thumbnail","hentry"],"acf":[],"aioseo_notices":[],"_links":{"self":[{"href":"https:\/\/monikkoperheet.fi\/turku\/wp-json\/wp\/v2\/pages\/2","targetHints":{"allow":["GET"]}}],"collection":[{"href":"https:\/\/monikkoperheet.fi\/turku\/wp-json\/wp\/v2\/pages"}],"about":[{"href":"https:\/\/monikkoperheet.fi\/turku\/wp-json\/wp\/v2\/types\/page"}],"author":[{"embeddable":true,"href":"https:\/\/monikkoperheet.fi\/turku\/wp-json\/wp\/v2\/users\/1"}],"replies":[{"embeddable":true,"href":"https:\/\/monikkoperheet.fi\/turku\/wp-json\/wp\/v2\/comments?post=2"}],"version-history":[{"count":62,"href":"https:\/\/monikkoperheet.fi\/turku\/wp-json\/wp\/v2\/pages\/2\/revisions"}],"predecessor-version":[{"id":598,"href":"https:\/\/monikkoperheet.fi\/turku\/wp-json\/wp\/v2\/pages\/2\/revisions\/598"}],"wp:featuredmedia":[{"embeddable":true,"href":"https:\/\/monikkoperheet.fi\/turku\/wp-json\/wp\/v2\/media\/276"}],"wp:attachment":[{"href":"https:\/\/monikkoperheet.fi\/turku\/wp-json\/wp\/v2\/media?parent=2"}],"curies":[{"name":"wp","href":"https:\/\/api.w.org\/{rel}","templated":true}]}}