{"id":112,"date":"2021-01-15T15:07:03","date_gmt":"2021-01-15T13:07:03","guid":{"rendered":"https:\/\/monikkoperheet.fi\/vaasa\/?page_id=112"},"modified":"2026-04-27T10:53:49","modified_gmt":"2026-04-27T07:53:49","slug":"monikkoperhevalmennus","status":"publish","type":"page","link":"https:\/\/monikkoperheet.fi\/vaasa\/monikkoperhevalmennus\/","title":{"rendered":"Monikkoperhevalmennus"},"content":{"rendered":"\n<h3 class=\"wp-block-heading\">Yhdistyksemme toiminta-alueella j\u00e4rjestet\u00e4\u00e4n monikkoperhevalmennusta<\/h3>\n\n\n\n<h4 class=\"wp-block-heading\">Vaasan Seudun Monikkoperheet ry:n monikkoperhevalmennus<\/h4>\n\n\n\n<p>Yhdistyksemme j\u00e4rjest\u00e4\u00e4 odottajille maksutonta kaksikielist\u00e4 monikkoperhevalmennusta. <br>F\u00f6reningen ordnar tv\u00e5spr\u00e5kiga flerlingsf\u00f6rberedelsekurser som \u00e4r gratis f\u00f6r blivande flerlingsf\u00f6r\u00e4ldrar.<\/p>\n\n\n\n<hr class=\"wp-block-separator has-css-opacity\"\/>\n\n\n\n<h4 class=\"wp-block-heading\"><strong>Valmennukset 2026 \/ F\u00f6rberedelsekurser 2026:<\/strong><\/h4>\n\n\n\n<div style=\"height:20px\" aria-hidden=\"true\" class=\"wp-block-spacer\"><\/div>\n\n\n\n<ul class=\"wp-block-list\">\n<li><strong>Talvi \/ Vinter:&nbsp;&nbsp;&nbsp;<\/strong>\n<ul class=\"wp-block-list\">\n<li><strong>Osa \/Del 1: <\/strong><br><strong>Su 22.2.2026&nbsp; klo 16.00-18.00: <\/strong>Voimavarainen monikkovanhemmuus &amp; monikkoarki \/ Styrkor i flerlingsf\u00f6r\u00e4ldrarskap &amp; flerlingsvardag&nbsp;<br><strong>Paikka\/Plats:<\/strong> Korsholmanpuistikko 44\/ Korsholmsesplanaden 44 (Pohjanmaan yhdistykset ry)<br>\n<ul class=\"wp-block-list\"><\/ul>\n<\/li>\n\n\n\n<li><strong>Osa \/Del 2: <\/strong><br><strong>Ti 24.2.2026 klo 14-16:<\/strong> Raskaus ja synnytys \/ Graviditet och f\u00f6rlossning<br>P<strong>aikka\/Plats: <\/strong>Vaasan keskussairaala \/ Vasa centralsjukhus&nbsp;\n<ul class=\"wp-block-list\"><\/ul>\n<\/li>\n<\/ul>\n<\/li>\n<\/ul>\n\n\n\n<hr class=\"wp-block-separator has-alpha-channel-opacity\"\/>\n\n\n\n<ul class=\"wp-block-list\">\n<li><strong>Kev\u00e4t \/ V\u00e5r:&nbsp;<\/strong>\n<ul class=\"wp-block-list\">\n<li><strong>Osa\/ Del 1:<\/strong><br><strong>La 23.5.2026 klo 12.00-14.00:<\/strong> Voimavarainen monikkovanhemmuus &amp; monikkoarki \/ Styrkor i flerlingsf\u00f6r\u00e4ldrarskap &amp; flerlingsvardag\u00a0<br><strong>Paikka\/Plats: <\/strong>Korsholmanpuistikko 44\/ Korsholmsesplanaden 44 (Pohjanmaan yhdistykset ry)<br><\/li>\n\n\n\n<li><strong>Osa\/Del 2:<\/strong><br><strong>Ti 26.5.2026&nbsp; klo 14-16: <\/strong>Raskaus ja synnytys \/ Graviditet och f\u00f6rlossning<br>P<strong>aikka\/Plats: <\/strong>Vaasan keskussairaala\/ Vasa centralsjukhus\n<ul class=\"wp-block-list\"><\/ul>\n<\/li>\n<\/ul>\n<\/li>\n<\/ul>\n\n\n\n<hr class=\"wp-block-separator has-alpha-channel-opacity\"\/>\n\n\n\n<ul class=\"wp-block-list\">\n<li><strong>Syksy \/ H\u00f6st:&nbsp;<\/strong>\n<ul class=\"wp-block-list\">\n<li><strong>Osa\/ Del 1:<\/strong><br><strong>La 24.10.2026&nbsp; klo 12.00-14.00: <\/strong>Voimavarainen monikkovanhemmuus &amp; monikkoarki \/ Styrkor i flerlingsf\u00f6r\u00e4ldrarskap &amp; flerlingsvardag<br><strong>Paikka\/Plats: <\/strong>Korsholmanpuistikko 44\/ Korsholmsesplanaden 44 (Pohjanmaan yhdistykset ry)<br>\n<ul class=\"wp-block-list\"><\/ul>\n<\/li>\n\n\n\n<li><strong>Osa \/ Del 2:<\/strong><br><strong>Ti 27.10.2026 klo 14-16:<\/strong> Raskaus ja synnytys \/ Graviditet och f\u00f6rlossning<br><strong>Paikka\/Plats: <\/strong>Vaasan keskussairaala\/ Vasa centralsjukhus<\/li>\n<\/ul>\n<\/li>\n<\/ul>\n\n\n\n<div style=\"height:15px\" aria-hidden=\"true\" class=\"wp-block-spacer\"><\/div>\n\n\n\n<h5 class=\"wp-block-heading\">Ilmoittautuminen ja lis\u00e4tiedot \/ anm\u00e4lningar och till\u00e4ggsinformation:<\/h5>\n\n\n\n<p><a href=\"mailto:vaasanseudunmonikkoperheet@gmail.com\">vaasanseudunmonikkoperheet@gmail.com<\/a> tai\/eller Sanna Musakka, 040 830 5840<\/p>\n","protected":false},"excerpt":{"rendered":"<p>Yhdistyksemme toiminta-alueella j\u00e4rjestet\u00e4\u00e4n monikkoperhevalmennusta Vaasan Seudun Monikkoperheet ry:n monikkoperhevalmennus Yhdistyksemme j\u00e4rjest\u00e4\u00e4 odottajille maksutonta kaksikielist\u00e4 monikkoperhevalmennusta. F\u00f6reningen ordnar tv\u00e5spr\u00e5kiga flerlingsf\u00f6rberedelsekurser som \u00e4r gratis f\u00f6r blivande flerlingsf\u00f6r\u00e4ldrar. Valmennukset 2026 \/ F\u00f6rberedelsekurser 2026: Ilmoittautuminen ja lis\u00e4tiedot \/ anm\u00e4lningar och till\u00e4ggsinformation: vaasanseudunmonikkoperheet@gmail.com tai\/eller Sanna Musakka, 040 830 5840<\/p>\n","protected":false},"author":2,"featured_media":0,"parent":0,"menu_order":0,"comment_status":"closed","ping_status":"closed","template":"templates\/page-narrow.php","meta":{"_acf_changed":false,"footnotes":""},"class_list":["post-112","page","type-page","status-publish","hentry"],"acf":[],"aioseo_notices":[],"_links":{"self":[{"href":"https:\/\/monikkoperheet.fi\/vaasa\/wp-json\/wp\/v2\/pages\/112","targetHints":{"allow":["GET"]}}],"collection":[{"href":"https:\/\/monikkoperheet.fi\/vaasa\/wp-json\/wp\/v2\/pages"}],"about":[{"href":"https:\/\/monikkoperheet.fi\/vaasa\/wp-json\/wp\/v2\/types\/page"}],"author":[{"embeddable":true,"href":"https:\/\/monikkoperheet.fi\/vaasa\/wp-json\/wp\/v2\/users\/2"}],"replies":[{"embeddable":true,"href":"https:\/\/monikkoperheet.fi\/vaasa\/wp-json\/wp\/v2\/comments?post=112"}],"version-history":[{"count":21,"href":"https:\/\/monikkoperheet.fi\/vaasa\/wp-json\/wp\/v2\/pages\/112\/revisions"}],"predecessor-version":[{"id":281,"href":"https:\/\/monikkoperheet.fi\/vaasa\/wp-json\/wp\/v2\/pages\/112\/revisions\/281"}],"wp:attachment":[{"href":"https:\/\/monikkoperheet.fi\/vaasa\/wp-json\/wp\/v2\/media?parent=112"}],"curies":[{"name":"wp","href":"https:\/\/api.w.org\/{rel}","templated":true}]}}