{"id":114,"date":"2021-01-15T15:07:30","date_gmt":"2021-01-15T13:07:30","guid":{"rendered":"https:\/\/monikkoperheet.fi\/vaasa\/?page_id=114"},"modified":"2023-09-27T08:48:04","modified_gmt":"2023-09-27T05:48:04","slug":"tapahtumat","status":"publish","type":"page","link":"https:\/\/monikkoperheet.fi\/vaasa\/tapahtumat\/","title":{"rendered":"Tapahtumat"},"content":{"rendered":"\n<h3 class=\"wp-block-heading\">Vaasan Seudun Monikkoperheet ry:n tapahtumat<\/h3>\n\n\n\n<p>Tulevien tapahtumien yksityiskohdat sek\u00e4 mahdolliset muutokset ilmoitamme toistaiseksi <a rel=\"noreferrer noopener\" href=\"https:\/\/www.facebook.com\/groups\/129243613849349\" data-type=\"URL\" data-id=\"https:\/\/www.facebook.com\/groups\/129243613849349\" target=\"_blank\">Facebook-ryhm\u00e4ss\u00e4 Vaasan Seudun Monikkoperheet ry (vain j\u00e4senille)<\/a>.<\/p>\n\n\n\n<p> <\/p>\n","protected":false},"excerpt":{"rendered":"<p>Vaasan Seudun Monikkoperheet ry:n tapahtumat Tulevien tapahtumien yksityiskohdat sek\u00e4 mahdolliset muutokset ilmoitamme toistaiseksi Facebook-ryhm\u00e4ss\u00e4 Vaasan Seudun Monikkoperheet ry (vain j\u00e4senille).<\/p>\n","protected":false},"author":2,"featured_media":0,"parent":0,"menu_order":0,"comment_status":"closed","ping_status":"closed","template":"templates\/page-narrow.php","meta":{"_acf_changed":false,"footnotes":""},"class_list":["post-114","page","type-page","status-publish","hentry"],"acf":[],"aioseo_notices":[],"_links":{"self":[{"href":"https:\/\/monikkoperheet.fi\/vaasa\/wp-json\/wp\/v2\/pages\/114","targetHints":{"allow":["GET"]}}],"collection":[{"href":"https:\/\/monikkoperheet.fi\/vaasa\/wp-json\/wp\/v2\/pages"}],"about":[{"href":"https:\/\/monikkoperheet.fi\/vaasa\/wp-json\/wp\/v2\/types\/page"}],"author":[{"embeddable":true,"href":"https:\/\/monikkoperheet.fi\/vaasa\/wp-json\/wp\/v2\/users\/2"}],"replies":[{"embeddable":true,"href":"https:\/\/monikkoperheet.fi\/vaasa\/wp-json\/wp\/v2\/comments?post=114"}],"version-history":[{"count":3,"href":"https:\/\/monikkoperheet.fi\/vaasa\/wp-json\/wp\/v2\/pages\/114\/revisions"}],"predecessor-version":[{"id":224,"href":"https:\/\/monikkoperheet.fi\/vaasa\/wp-json\/wp\/v2\/pages\/114\/revisions\/224"}],"wp:attachment":[{"href":"https:\/\/monikkoperheet.fi\/vaasa\/wp-json\/wp\/v2\/media?parent=114"}],"curies":[{"name":"wp","href":"https:\/\/api.w.org\/{rel}","templated":true}]}}