{"id":125,"date":"2021-01-20T13:11:23","date_gmt":"2021-01-20T11:11:23","guid":{"rendered":"https:\/\/monikkoperheet.fi\/vaasa\/?page_id=125"},"modified":"2024-02-26T13:39:15","modified_gmt":"2024-02-26T11:39:15","slug":"tietosuojaseloste","status":"publish","type":"page","link":"https:\/\/monikkoperheet.fi\/vaasa\/tietosuojaseloste\/","title":{"rendered":"Tietosuojaseloste"},"content":{"rendered":"\n<div style=\"height:15px\" aria-hidden=\"true\" class=\"wp-block-spacer\"><\/div>\n\n\n\n<h4 class=\"wp-block-heading\">Vaasan Seudun Monikkoperheet ry:n tietosuojaseloste<\/h4>\n\n\n\n<p>P\u00e4ivitetty 19.02.2024<strong><\/strong><\/p>\n\n\n\n<p><strong>Rekisterinpit\u00e4j\u00e4:<\/strong><br>Vaasan Seudun Monikkoperheet ry<strong><\/strong><\/p>\n\n\n\n<p><strong>Yhteys rekisteri\u00e4 koskevissa asioissa:<\/strong><br>vaasanseudunmonikkoperheet@gmail.com<\/p>\n\n\n\n<h5 class=\"wp-block-heading\">Yhdistyksen j\u00e4senrekisteri<\/h5>\n\n\n\n<p>Tiedot saadaan henkil\u00f6lt\u00e4 itselt\u00e4\u00e4n nettilomakkeella tai s\u00e4hk\u00f6postiviestiss\u00e4.<\/p>\n\n\n\n<p>Rekisteri sis\u00e4lt\u00e4\u00e4 seuraavat tiedot: nimi, puolison nimi, postiosoite, s\u00e4hk\u00f6postiosoite, puhelinnumero, monikkolasten syntym\u00e4vuosi tai laskettu aika. Halutessaan j\u00e4seneksi hakeva voi my\u00f6s antaa lis\u00e4tietoa perhetaustasta sek\u00e4 toiveita toiminnalle\/j\u00e4senyydelle.<\/p>\n\n\n\n<p>Rekisterin henkil\u00f6tietoja k\u00e4ytet\u00e4\u00e4n yhdistyksen j\u00e4senyyden k\u00e4ynnist\u00e4miseksi, j\u00e4senyysasioista tiedotukseen ja yhteydenpitoon sek\u00e4 toiminnasta tiedottamiseen. Tiedot voidaan luovuttaa tarpeenmukaiseen k\u00e4ytt\u00f6\u00f6n Suomen Monikkoperheet ry:lle tai muille yhteisty\u00f6kumppaneille tiedotusta ja markkinointia varten (erillinen lupapyynt\u00f6). Nimi- ja osoitetiedot toimitetaan lis\u00e4ksi Suomen Monikkoperheet ry:lle. Lis\u00e4ksi tiedot voidaan luovuttaa muuhun tarpeenmukaiseen k\u00e4ytt\u00f6\u00f6n Suomen Monikkoperheet ry:lle tai muille yhteisty\u00f6kumppaneille tiedotusta ja markkinointia varten (erillinen lupapyynt\u00f6).<\/p>\n\n\n\n<p>Tietoja s\u00e4ilytet\u00e4\u00e4n niin kauan, kuin henkil\u00f6n j\u00e4senyys on yhdistykseen voimassa.<\/p>\n\n\n\n<h5 class=\"wp-block-heading\">Yhdistyksen valmennuksiin\/tilaisuuksiin\/tapahtumiin osallistumisen rekisterit<\/h5>\n\n\n\n<p>Yhdistyksen koulutuksiin\/tilaisuuksiin osallistuneet -listat yhdistyksen tapahtumaj\u00e4rjest\u00e4jien k\u00e4ytt\u00f6\u00f6n (Word- tai Excel-tiedosto, s\u00e4hk\u00f6postiryhm\u00e4 tai Google Sheets -taulukko) tilaisuutta koskevaa tiedottamista ja yhteydenpitoa varten. Yhdistyksen tilaisuuksiin osallistuneiden tiedot saadaan ilmoittautumisen yhteydess\u00e4 henkil\u00f6ilt\u00e4 itselt\u00e4\u00e4n s\u00e4hk\u00f6postin kautta.<\/p>\n\n\n\n<p>Listat sis\u00e4lt\u00e4v\u00e4t seuraavia tietoja: nimi, puhelinnumero, s\u00e4hk\u00f6postiosoite, tapahtumaan osallistuvien aikuisten ja lasten lukum\u00e4\u00e4r\u00e4 sek\u00e4 lasten ik\u00e4. Ik\u00e4-tieto tarvitaan mahdollisen p\u00e4\u00e4symaksun suuruuden m\u00e4\u00e4ritt\u00e4miseen tapahtumapaikan oman hinnaston mukaan.<\/p>\n\n\n\n<p>Osallistujarekisterit s\u00e4ilytet\u00e4\u00e4n maksimissaan 2,5 vuotta (tietoja k\u00e4ytet\u00e4\u00e4n osallistujam\u00e4\u00e4r\u00e4tilastointeihin, rahoittajan raportteihin yms.). Kun kaikki tarpeellinen raportointi on tehty, tiedot h\u00e4vitet\u00e4\u00e4n.<\/p>\n\n\n\n<p>Tapahtumiin\/tilaisuuksiin osallistuneiden tietoja ei luovuteta ulkopuolisille tahoille.<\/p>\n\n\n\n<h5 class=\"wp-block-heading\">Tietojen siirto EU:n tai ETA:n ulkopuolelle<\/h5>\n\n\n\n<p>Rekistereihimme ker\u00e4ttyj\u00e4 tietoja ei luovuteta EU:n tai ETA:n ulkopuolelle.<\/p>\n\n\n\n<p>K\u00e4yt\u00e4mme Google Drive -pilvipalvelua sek\u00e4 Gmail-s\u00e4hk\u00f6postia. Tiedot on suojattu salasanalla, joka on vain yhdistyksen hallituksen j\u00e4senten ja monikkoperhevalmennusta koskien valmentajien tiedossa.<\/p>\n\n\n\n<h5 class=\"wp-block-heading\">Rekisterien suojausten periaatteet<\/h5>\n\n\n\n<p>Manuaalista aineistoa k\u00e4ytet\u00e4\u00e4n ainoastaan tapahtumissa osallistujien kirjaamiseen. Manuaalinen aineisto h\u00e4vitet\u00e4\u00e4n heti tapahtuman p\u00e4\u00e4tytty\u00e4. Tallennetut rekisterit l\u00f6ytyv\u00e4t tietokoneilta ja\/tai pilvipalvelusta. Ulkopuolisilla ei ole p\u00e4\u00e4sy\u00e4 tietoihin ja koneet\/tiedostot on suojattu salasanoin, jotka vain koneen omistajan tiedossa.<\/p>\n\n\n\n<h5 class=\"wp-block-heading\">Tarkastusoikeus<\/h5>\n\n\n\n<p>Jokaisella on oikeus tarkistaa henkil\u00f6rekisteriin tallennetut tiedot. Pyynt\u00f6 tulee tehd\u00e4 s\u00e4hk\u00f6postitse osoitteeseen vaasanseudunmonikkoperheet@gmail.com. Tietopyynt\u00f6\u00f6n vastataan kahden viikon kuluessa, paitsi loma-aikana vastausaika voi olla pidempi. Pyynn\u00f6n esitt\u00e4j\u00e4n tulee pyydett\u00e4ess\u00e4 pysty\u00e4 vahvistamaan henkil\u00f6llisyytens\u00e4 j\u00e4rjest\u00f6lle.<\/p>\n\n\n\n<h5 class=\"wp-block-heading\">Oikeus vaatia tiedon korjausta<\/h5>\n\n\n\n<p>Jokaisella on oikeus vaatia henkil\u00f6rekisteriss\u00e4 olevan virheellisen tiedon korjaamista. Korjauspyynt\u00f6 tulee tehd\u00e4 s\u00e4hk\u00f6postitse osoitteeseen vaasanseudunmonikkoperheet@gmail.com. Pyynn\u00f6n esitt\u00e4j\u00e4n tulee pyydett\u00e4ess\u00e4 pysty\u00e4 vahvistamaan henkil\u00f6llisyytens\u00e4 j\u00e4rjest\u00f6lle.<\/p>\n\n\n\n<h5 class=\"wp-block-heading\">Muut henkil\u00f6tietojen k\u00e4sittelyyn liittyv\u00e4t oikeudet<\/h5>\n\n\n\n<p>Rekister\u00f6idyll\u00e4 on oikeus kielt\u00e4\u00e4 rekisterinpit\u00e4j\u00e4\u00e4 k\u00e4sittelem\u00e4st\u00e4 h\u00e4nt\u00e4 itse\u00e4\u00e4n koskevia tietoja suoramainontaa, et\u00e4myynti\u00e4 ja muuta suoramarkkinointia sek\u00e4 markkina- ja mielipidetutkimusta.<\/p>\n\n\n\n<p>Rekister\u00f6idyn oikeuksista on s\u00e4\u00e4detty my\u00f6s Yhdistyslaissa (J\u00e4senluettelo 11\u00a7).<\/p>\n","protected":false},"excerpt":{"rendered":"<p>Vaasan Seudun Monikkoperheet ry:n tietosuojaseloste P\u00e4ivitetty 19.02.2024 Rekisterinpit\u00e4j\u00e4:Vaasan Seudun Monikkoperheet ry Yhteys rekisteri\u00e4 koskevissa asioissa:vaasanseudunmonikkoperheet@gmail.com Yhdistyksen j\u00e4senrekisteri Tiedot saadaan henkil\u00f6lt\u00e4 itselt\u00e4\u00e4n nettilomakkeella tai s\u00e4hk\u00f6postiviestiss\u00e4. Rekisteri sis\u00e4lt\u00e4\u00e4 seuraavat tiedot: nimi, puolison nimi, postiosoite, s\u00e4hk\u00f6postiosoite, puhelinnumero, monikkolasten syntym\u00e4vuosi tai laskettu aika. Halutessaan j\u00e4seneksi hakeva voi my\u00f6s antaa lis\u00e4tietoa perhetaustasta sek\u00e4 toiveita toiminnalle\/j\u00e4senyydelle. Rekisterin henkil\u00f6tietoja k\u00e4ytet\u00e4\u00e4n yhdistyksen j\u00e4senyyden [&hellip;]<\/p>\n","protected":false},"author":2,"featured_media":0,"parent":0,"menu_order":0,"comment_status":"closed","ping_status":"closed","template":"","meta":{"_acf_changed":false,"footnotes":""},"class_list":["post-125","page","type-page","status-publish","hentry"],"acf":[],"aioseo_notices":[],"_links":{"self":[{"href":"https:\/\/monikkoperheet.fi\/vaasa\/wp-json\/wp\/v2\/pages\/125","targetHints":{"allow":["GET"]}}],"collection":[{"href":"https:\/\/monikkoperheet.fi\/vaasa\/wp-json\/wp\/v2\/pages"}],"about":[{"href":"https:\/\/monikkoperheet.fi\/vaasa\/wp-json\/wp\/v2\/types\/page"}],"author":[{"embeddable":true,"href":"https:\/\/monikkoperheet.fi\/vaasa\/wp-json\/wp\/v2\/users\/2"}],"replies":[{"embeddable":true,"href":"https:\/\/monikkoperheet.fi\/vaasa\/wp-json\/wp\/v2\/comments?post=125"}],"version-history":[{"count":2,"href":"https:\/\/monikkoperheet.fi\/vaasa\/wp-json\/wp\/v2\/pages\/125\/revisions"}],"predecessor-version":[{"id":252,"href":"https:\/\/monikkoperheet.fi\/vaasa\/wp-json\/wp\/v2\/pages\/125\/revisions\/252"}],"wp:attachment":[{"href":"https:\/\/monikkoperheet.fi\/vaasa\/wp-json\/wp\/v2\/media?parent=125"}],"curies":[{"name":"wp","href":"https:\/\/api.w.org\/{rel}","templated":true}]}}