{"id":99,"date":"2021-01-15T14:54:31","date_gmt":"2021-01-15T12:54:31","guid":{"rendered":"https:\/\/monikkoperheet.fi\/vaasa\/?page_id=99"},"modified":"2025-12-09T11:18:11","modified_gmt":"2025-12-09T09:18:11","slug":"yhteystiedot","status":"publish","type":"page","link":"https:\/\/monikkoperheet.fi\/vaasa\/yhteystiedot\/","title":{"rendered":"Yhteystiedot"},"content":{"rendered":"\n<p><strong>Vaasan Seudun Monikkoperheet ry toimii t\u00e4ysin vapaaehtoisvoimin. <\/strong><br>Yhdistyksen hallituksen\/vapaaehtoistoimijat tavoitat s\u00e4hk\u00f6postitse.<\/p>\n\n\n\n<div style=\"height:20px\" aria-hidden=\"true\" class=\"wp-block-spacer\"><\/div>\n\n\n\n<div class=\"wp-block-columns is-layout-flex wp-container-core-columns-is-layout-9d6595d7 wp-block-columns-is-layout-flex\">\n<div class=\"wp-block-column is-layout-flow wp-block-column-is-layout-flow\"><div class=\"wp-block-image is-resized\">\n<figure class=\"aligncenter size-large\"><img loading=\"lazy\" decoding=\"async\" width=\"88\" height=\"95\" src=\"https:\/\/monikkoperheet.fi\/vaasa\/wp-content\/uploads\/sites\/23\/2021\/01\/otayhteytta.png\" alt=\"\" class=\"wp-image-62\"\/><\/figure>\n<\/div><\/div>\n\n\n\n<div class=\"wp-block-column is-layout-flow wp-block-column-is-layout-flow\"><div class=\"wp-block-image is-resized\">\n<figure class=\"aligncenter size-large\"><img loading=\"lazy\" decoding=\"async\" width=\"1024\" height=\"576\" src=\"https:\/\/monikkoperheet.fi\/vaasa\/wp-content\/uploads\/sites\/23\/2021\/01\/somelogot-1024x576.jpg\" alt=\"\" class=\"wp-image-132\" style=\"width:229px;height:auto\" srcset=\"https:\/\/monikkoperheet.fi\/vaasa\/wp-content\/uploads\/sites\/23\/2021\/01\/somelogot-1024x576.jpg 1024w, https:\/\/monikkoperheet.fi\/vaasa\/wp-content\/uploads\/sites\/23\/2021\/01\/somelogot-300x169.jpg 300w, https:\/\/monikkoperheet.fi\/vaasa\/wp-content\/uploads\/sites\/23\/2021\/01\/somelogot-768x432.jpg 768w, https:\/\/monikkoperheet.fi\/vaasa\/wp-content\/uploads\/sites\/23\/2021\/01\/somelogot-1200x675.jpg 1200w, https:\/\/monikkoperheet.fi\/vaasa\/wp-content\/uploads\/sites\/23\/2021\/01\/somelogot.jpg 1280w\" sizes=\"auto, (max-width: 1024px) 100vw, 1024px\" \/><\/figure>\n<\/div><\/div>\n<\/div>\n\n\n\n<div class=\"wp-block-columns is-layout-flex wp-container-core-columns-is-layout-9d6595d7 wp-block-columns-is-layout-flex\">\n<div class=\"wp-block-column is-layout-flow wp-block-column-is-layout-flow\">\n<h4 class=\"wp-block-heading\">Yhdistyksen s\u00e4hk\u00f6postiosoitteet:<\/h4>\n\n\n\n<p><strong>Yleiss\u00e4hk\u00f6postiosoite:<\/strong> <a href=\"mailto:vaasanseudunmonikkoperheet@gmail.com\">vaasanseudunmonikkoperheet@gmail.com<\/a><\/p>\n\n\n\n<p><strong>J\u00e4senasiat:<\/strong> <a href=\"mailto:vaasanseudunmonikkoperheet@gmail.com\">vaasanseudunmonikkoperheet@gmail.com<\/a><\/p>\n\n\n\n<p><strong>Monikkoperhevalmennus:<\/strong> <a href=\"mailto:vaasanseudunmonikkoperheet@gmail.com\">vaasanseudunmonikkoperheet@gmail.com<\/a><\/p>\n<\/div>\n\n\n\n<div class=\"wp-block-column is-layout-flow wp-block-column-is-layout-flow\">\n<h4 class=\"wp-block-heading\">Yhdistys sosiaalisessa mediassa:<\/h4>\n\n\n\n<p><strong>Facebook: <\/strong><a href=\"https:\/\/www.facebook.com\/vaasanseudunmonikkoperheet\" data-type=\"URL\" data-id=\"https:\/\/www.facebook.com\/vaasanseudunmonikkoperheet\" target=\"_blank\" rel=\"noreferrer noopener\">Vaasan Seudun Monikkoperheet ry<\/a><\/p>\n\n\n\n<p><strong>Instagram: <\/strong>&#8212;<\/p>\n<\/div>\n<\/div>\n\n\n\n<hr class=\"wp-block-separator has-css-opacity\"\/>\n\n\n\n<h4 class=\"wp-block-heading\">Yhdistyksen hallitus 2025:<\/h4>\n\n\n\n<div style=\"height:15px\" aria-hidden=\"true\" class=\"wp-block-spacer\"><\/div>\n\n\n\n<p><strong>Puheenjohtaja:<\/strong> Pasi Saastamoinen<\/p>\n\n\n\n<p><strong>Varapuheenjohtaja: <\/strong>Anna Tr\u00e4skb\u00e4ck<\/p>\n\n\n\n<p><strong>Rahastonhoitaja, Toimintatonnivastaava, J\u00e4senvastaava:<\/strong> Sanna-Sofia Heir<\/p>\n\n\n\n<p><strong>Tiedotusvastaava, some, internetsivut: <\/strong>Noora Jantunen<\/p>\n\n\n\n<p><strong>Monikkoperhevalmennusvastaava:<\/strong> Josefina Ingves-Mangs<\/p>\n\n\n\n<p><strong>Monikkoperhevalmennukset, vertaistukitapaamiset: <\/strong>Sanna Musakka<\/p>\n\n\n\n<p><em>Yhdistyksen vapaaehtoistoimijat tavoitat yhdistyksen s\u00e4hk\u00f6postiosoitteesta.<\/em><\/p>\n\n\n\n<hr class=\"wp-block-separator has-css-opacity\"\/>\n\n\n\n<h5 class=\"wp-block-heading\">Yhdistyksen s\u00e4\u00e4nn\u00f6t:<\/h5>\n\n\n\n<p><strong>&nbsp;NIMI JA KOTIPAIKKA, TARKOITUS JA TOIMINTA<\/strong><\/p>\n\n\n\n<p>1. Yhdistyksen nimi on Vaasan Seudun Monikkoperheet. Sen kotipaikka on Vaasan kaupunki ja toiminta-alue on Pohjanmaa. Yhdistys on suomenkielinen.<\/p>\n\n\n\n<p>2. Tarkoituksensa toteuttamiseksi yhdistys toimeenpanee keskustelu-, luennointi-, yms. tilaisuuksia, harjoittaa koulutus- sek\u00e4 julkaisutoimintaa ja liittyy tarpeellisiksi katsomiinsa yhdistyksiin.<\/p>\n\n\n\n<p>3. Toimintansa tukemiseksi yhdistys voi ottaa vastaan lahjoituksia, toimeenpanna asianomaisen luvan hankittuaan arpajaisia ja rahanker\u00e4yksi\u00e4 sek\u00e4 j\u00e4rjest\u00e4\u00e4 myyj\u00e4isi\u00e4.<\/p>\n\n\n\n<p><strong>J\u00c4SENET<\/strong><\/p>\n\n\n\n<p>4. Yhdistyksen j\u00e4senet ovat vuosij\u00e4seni\u00e4 ja kannatusj\u00e4seni\u00e4. Yhdistyksen vuosij\u00e4seneksi voi liitty\u00e4 monikkoperheen vanhempi tai monikkolapsi tai -aikuinen. Monikkoperheell\u00e4 tarkoitetaan perhett\u00e4, jossa on kaksoset, kolmoset, neloset jne. Kannatusj\u00e4seneksi voi liitty\u00e4 joko yksityinen henkil\u00f6 tai oikeuskelpoinen yhteis\u00f6. Kannatusj\u00e4senill\u00e4 ei ole \u00e4\u00e4nioikeutta.<\/p>\n\n\n\n<p>5. J\u00e4senilt\u00e4 edellytet\u00e4\u00e4n j\u00e4senmaksun suorittamista vuosittain. J\u00e4senmaksun suuruus vahvistetaan vuosittain vuosikokouksessa, erikseen vuosi- ja kannatusj\u00e4senille. Lis\u00e4ksi j\u00e4seneksi haluavan on hyv\u00e4ksytt\u00e4v\u00e4 j\u00e4senehdot.<\/p>\n\n\n\n<p>6. J\u00e4sen voi halutessaan erota ilmoittamalla siit\u00e4 hallitukselle kirjallisesti taikka ilmoittamalla eroamisesta yhdistyksen kokouksessa, jolloin eroaminen merkit\u00e4\u00e4n p\u00f6yt\u00e4kirjaan. Maksettuja j\u00e4senmaksuja ei palauteta erotessa. Hallitus voi my\u00f6s erottaa j\u00e4senen, ellei vuotuista j\u00e4senmaksua makseta m\u00e4\u00e4r\u00e4p\u00e4iv\u00e4\u00e4n menness\u00e4.<\/p>\n\n\n\n<p><strong>HALLITUS<\/strong><\/p>\n\n\n\n<p>7. Yhdistyksen asioita hoitaa hallitus, johon kuuluvat vuosikokouksessa valitut puheenjohtaja ja nelj\u00e4 &#8211; kuusi (4 &#8211; 6) muuta j\u00e4sent\u00e4. Hallituksen j\u00e4senten toimikausi on vuosikokousten v\u00e4linen aika. Hallitus valitsee keskuudestaan varapuheenjohtajan, sihteerin, rahastonhoitajan ja muut tarvittavat toimihenkil\u00f6t. Hallitus kokoontuu puheenjohtajan tai h\u00e4nen ollessaan estyneen\u00e4 varapuheenjohtajan kutsusta tai kun v\u00e4hint\u00e4\u00e4n kaksi (2) hallituksen j\u00e4sent\u00e4 sit\u00e4 vaatii. Hallitus on p\u00e4\u00e4t\u00f6svaltainen kun puolet sen j\u00e4senist\u00e4 ja lis\u00e4ksi puheenjohtaja tai varapuheenjohtaja on l\u00e4sn\u00e4. Et\u00e4osallistuminen hallituksen kokoukseen on mahdollista. Hallituksen kokouksissa asiat ratkaistaan yksinkertaisella \u00e4\u00e4nten enemmist\u00f6ll\u00e4. \u00c4\u00e4nten menness\u00e4 tasan ratkaisee puheenjohtajan mielipide, vaaleissa arpa.<\/p>\n\n\n\n<p>8. Hallituksen teht\u00e4v\u00e4t ovat:<\/p>\n\n\n\n<ul class=\"wp-block-list\">\n<li>edustaa yhdistyst\u00e4 ja tehd\u00e4 yhdistyksen puolesta sitoumuksia<\/li>\n\n\n\n<li>kutsua koolle yhdistyksen kokoukset ja valmistella niiss\u00e4 esitett\u00e4v\u00e4t asiat<\/li>\n\n\n\n<li>valvoa yhdistyksen kokouksissa tehtyjen p\u00e4\u00e4t\u00f6sten noudattamista<\/li>\n\n\n\n<li>hoitaa taloutta<\/li>\n\n\n\n<li>laatia yhdistyksen toiminta- ja tilikertomukset<\/li>\n\n\n\n<li>laatia ehdotukset yhdistyksen toimintasuunnitelmaksi ja talousarvioksi<\/li>\n\n\n\n<li>hyv\u00e4ksyy yhdistyksen j\u00e4senet ja pit\u00e4\u00e4 j\u00e4senluetteloa<\/li>\n\n\n\n<li>toteuttaa muut yhdistyksen asioiden hoitamiseksi tarpeelliset teht\u00e4v\u00e4t<\/li>\n<\/ul>\n\n\n\n<p>9. Yhdistyksen nimen kirjoittaa hallituksen puheenjohtaja, varapuheenjohtaja, sihteeri tai rahastonhoitaja, kaksi (2) yhdess\u00e4.<\/p>\n\n\n\n<p>10. Yhdistyksen tilikausi on kalenterivuosi. Tilinp\u00e4\u00e4t\u00f6s on annettava tilintarkastajille viimeist\u00e4\u00e4n kolme (3) viikkoa ennen vuosikokousta. Tilintarkastajien on j\u00e4tett\u00e4v\u00e4 tilintarkastuskertomuksensa hallitukselle viimeist\u00e4\u00e4n nelj\u00e4toista (14) p\u00e4iv\u00e4\u00e4 ennen vuosikokousta.<\/p>\n\n\n\n<p><strong>KOKOUKSET<\/strong><\/p>\n\n\n\n<p>11. Yhdistyksen vuosikokous pidet\u00e4\u00e4n marraskuussa. Ylim\u00e4\u00e4r\u00e4inen kokous pidet\u00e4\u00e4n, kun yhdistyksen kokous niin p\u00e4\u00e4tt\u00e4\u00e4 tai kun hallitus katsoo siihen olevan aihetta taikka kun v\u00e4hint\u00e4\u00e4n 1\/10 yhdistyksen \u00e4\u00e4nioikeutetuista j\u00e4senist\u00e4 sit\u00e4 hallitukselta erityisesti ilmoitettua asiaa varten kirjallisesti vaatii.<\/p>\n\n\n\n<p>12. Yhdistyksen ylim\u00e4\u00e4r\u00e4iset kokoukset kutsutaan koolle viimeist\u00e4\u00e4n seitsem\u00e4n (7) vuorokautta ennen kokousta yhdistyksen suljetun Facebook-ryhm\u00e4n kautta sek\u00e4 s\u00e4hk\u00f6postitse. Yhdistyksen vuosikokous kutsutaan koolle v\u00e4hint\u00e4\u00e4n kaksi (2) viikkoa ennen kokousta jokaiselle j\u00e4senelle l\u00e4hetetyll\u00e4 kirjeell\u00e4.<\/p>\n\n\n\n<p>13. Yhdistyksen vuosikokouksessa k\u00e4sitelt\u00e4v\u00e4t asiat:<\/p>\n\n\n\n<ol class=\"wp-block-list\">\n<li>Kokouksen avaus<\/li>\n\n\n\n<li>Valitaan kokouksen puheenjohtaja, sihteeri, p\u00f6yt\u00e4kirjantarkastaja ja tarvittaessa kaksi (2) \u00e4\u00e4ntenlaskijaa.<\/li>\n\n\n\n<li>Todetaan kokouksen laillisuus ja p\u00e4\u00e4t\u00f6svaltaisuus<\/li>\n\n\n\n<li>Esitet\u00e4\u00e4n tilinp\u00e4\u00e4t\u00f6s, vuosikertomus ja tilintarkastajan lausunto<\/li>\n\n\n\n<li>P\u00e4\u00e4tet\u00e4\u00e4n tilinp\u00e4\u00e4t\u00f6ksen vahvistamisesta ja vastuuvapauden my\u00f6nt\u00e4misest\u00e4 vastuuvelvollisille<\/li>\n\n\n\n<li>Vahvistetaan j\u00e4senmaksujen suuruus<\/li>\n\n\n\n<li>Toimintasuunnitelman hyv\u00e4ksyminen<\/li>\n\n\n\n<li>Valitaan hallituksen puheenjohtaja ja muut j\u00e4senet<\/li>\n\n\n\n<li>Valitaan yksi (1) tilintarkastaja ja varatilintarkastaja<\/li>\n\n\n\n<li>Toimihenkil\u00f6iden palkkioiden ja kulujen korvaamisesta p\u00e4\u00e4tt\u00e4minen<\/li>\n\n\n\n<li>K\u00e4sitell\u00e4\u00e4n muut kokouskutsussa mainitut asiat<\/li>\n\n\n\n<li>Kokouksen p\u00e4\u00e4tt\u00e4minen<\/li>\n<\/ol>\n\n\n\n<p><strong>P\u00c4\u00c4T\u00d6KSET<\/strong><\/p>\n\n\n\n<p>14. P\u00e4\u00e4t\u00f6kset yhdistyksen kokouksissa tehd\u00e4\u00e4n \u00e4\u00e4nten enemmist\u00f6ll\u00e4, paitsi milloin on kyse s\u00e4\u00e4nt\u00f6jen muuttamisesta tai yhdistyksen purkamisesta. Yhdistyksen vuosij\u00e4senill\u00e4 on kullakin yksi \u00e4\u00e4ni ja t\u00e4t\u00e4 \u00e4\u00e4nivaltaa voi j\u00e4senen sijasta valtakirjalla k\u00e4ytt\u00e4\u00e4 j\u00e4senen viisitoista (15) vuotta t\u00e4ytt\u00e4nyt perheenj\u00e4sen.<\/p>\n\n\n\n<p><strong>S\u00c4\u00c4NT\u00d6JEN MUUTTAMINEN JA YHDISTYKSEN PURKAMINEN<\/strong><\/p>\n\n\n\n<p>15. P\u00e4\u00e4t\u00f6s s\u00e4\u00e4nt\u00f6jen muuttamisesta tai yhdistyksen purkamisesta on teht\u00e4v\u00e4 yhdistyksen kahdessa (2) per\u00e4tt\u00e4isess\u00e4 kokouksessa v\u00e4hint\u00e4\u00e4n kolme nelj\u00e4sosan (3\/4) enemmist\u00f6ll\u00e4 annetuista \u00e4\u00e4nist\u00e4. Kokouskutsussa on mainittava s\u00e4\u00e4nt\u00f6jen muuttamisesta tai yhdistyksen purkamisesta. Yhdistyksen purkautuessa varat lahjoitetaan Vaasan keskussairaalan vastasyntyneiden tehovalvontayksik\u00f6lle.<\/p>\n\n\n\n<p>16. Yhdistys kuuluu Suomen Monikkoperheet ry:n alaisuuteen ja suorittaa Suomen Monikkoperheet ry:lle j\u00e4senmaksun, joka sis\u00e4ltyy j\u00e4senen maksamaan j\u00e4senmaksuun.<\/p>\n","protected":false},"excerpt":{"rendered":"<p>Vaasan Seudun Monikkoperheet ry toimii t\u00e4ysin vapaaehtoisvoimin. Yhdistyksen hallituksen\/vapaaehtoistoimijat tavoitat s\u00e4hk\u00f6postitse. Yhdistyksen s\u00e4hk\u00f6postiosoitteet: Yleiss\u00e4hk\u00f6postiosoite: vaasanseudunmonikkoperheet@gmail.com J\u00e4senasiat: vaasanseudunmonikkoperheet@gmail.com Monikkoperhevalmennus: vaasanseudunmonikkoperheet@gmail.com Yhdistys sosiaalisessa mediassa: Facebook: Vaasan Seudun Monikkoperheet ry Instagram: &#8212; Yhdistyksen hallitus 2025: Puheenjohtaja: Pasi Saastamoinen Varapuheenjohtaja: Anna Tr\u00e4skb\u00e4ck Rahastonhoitaja, Toimintatonnivastaava, J\u00e4senvastaava: Sanna-Sofia Heir Tiedotusvastaava, some, internetsivut: Noora Jantunen Monikkoperhevalmennusvastaava: Josefina Ingves-Mangs Monikkoperhevalmennukset, vertaistukitapaamiset: Sanna Musakka [&hellip;]<\/p>\n","protected":false},"author":2,"featured_media":0,"parent":0,"menu_order":0,"comment_status":"closed","ping_status":"closed","template":"","meta":{"_acf_changed":false,"footnotes":""},"class_list":["post-99","page","type-page","status-publish","hentry"],"acf":[],"aioseo_notices":[],"_links":{"self":[{"href":"https:\/\/monikkoperheet.fi\/vaasa\/wp-json\/wp\/v2\/pages\/99","targetHints":{"allow":["GET"]}}],"collection":[{"href":"https:\/\/monikkoperheet.fi\/vaasa\/wp-json\/wp\/v2\/pages"}],"about":[{"href":"https:\/\/monikkoperheet.fi\/vaasa\/wp-json\/wp\/v2\/types\/page"}],"author":[{"embeddable":true,"href":"https:\/\/monikkoperheet.fi\/vaasa\/wp-json\/wp\/v2\/users\/2"}],"replies":[{"embeddable":true,"href":"https:\/\/monikkoperheet.fi\/vaasa\/wp-json\/wp\/v2\/comments?post=99"}],"version-history":[{"count":18,"href":"https:\/\/monikkoperheet.fi\/vaasa\/wp-json\/wp\/v2\/pages\/99\/revisions"}],"predecessor-version":[{"id":272,"href":"https:\/\/monikkoperheet.fi\/vaasa\/wp-json\/wp\/v2\/pages\/99\/revisions\/272"}],"wp:attachment":[{"href":"https:\/\/monikkoperheet.fi\/vaasa\/wp-json\/wp\/v2\/media?parent=99"}],"curies":[{"name":"wp","href":"https:\/\/api.w.org\/{rel}","templated":true}]}}